{"id":109,"date":"2024-06-12T04:24:09","date_gmt":"2024-06-12T04:24:09","guid":{"rendered":"https:\/\/rfid-laundry-tag.com\/?post_type=product&#038;p=109"},"modified":"2024-06-12T04:31:34","modified_gmt":"2024-06-12T04:31:34","slug":"nfc-laundry-tag-pps-icode-slix","status":"publish","type":"product","link":"https:\/\/rfid-laundry-tag.com\/fi\/nfc-laundry-tag-pps-icode-slix\/","title":{"rendered":"NFC Pesulatunniste \u2013 PPS-ICODE SLIX"},"content":{"rendered":"<div class=\"J_module\">\n<div class=\"ife-detail-decorate-table\">\n<table class=\"has-title all magic-6\">\n<tbody>\n<tr>\n<td colspan=\"1\" rowspan=\"1\">\n<div class=\"magic-7\" data-spm-anchor-id=\"a2700.details.0.i45.77607d98vZbcDU\"><span class=\"magic-8\" style=\"color: #363535;\">Tuotteen nimi<\/span><\/div>\n<\/td>\n<td colspan=\"1\" rowspan=\"1\">\n<div class=\"magic-9\">NFC Pesulatunniste \u2013 PPS-ICODE SLIX<\/div>\n<\/td>\n<\/tr>\n<tr>\n<td colspan=\"1\" rowspan=\"1\">\n<div class=\"magic-7\"><span class=\"magic-10\" data-spm-anchor-id=\"a2700.pc-decorate.0.i10.28d333330XLbTD\"><span class=\"magic-8\">Materiaali<\/span><\/span><\/div>\n<\/td>\n<td colspan=\"1\" rowspan=\"1\">\n<div class=\"magic-9\"><span class=\"magic-8\">PPS<\/span><\/div>\n<\/td>\n<\/tr>\n<tr>\n<td colspan=\"1\" rowspan=\"1\">\n<div class=\"magic-7\"><span class=\"magic-8\">V\u00e4ri<\/span><\/div>\n<\/td>\n<td colspan=\"1\" rowspan=\"1\">\n<div class=\"magic-9\"><span class=\"magic-8\">Musta jne<\/span><\/div>\n<\/td>\n<\/tr>\n<tr>\n<td colspan=\"1\" rowspan=\"1\">MOQ<\/td>\n<td colspan=\"1\" rowspan=\"1\">500 kpl<\/td>\n<\/tr>\n<tr>\n<td colspan=\"1\" rowspan=\"1\">\n<div class=\"magic-7\"><span class=\"magic-8\">Valmistaja\/siru<\/span><\/div>\n<\/td>\n<td colspan=\"1\" rowspan=\"1\">\n<div class=\"magic-9\"><span class=\"magic-8\">NXP I Code Slix ; muut vaihtoehdot: Ntag213,Ntag215,Ntag216,Mifare Ultralight ev1 jne<\/span><\/div>\n<\/td>\n<\/tr>\n<tr>\n<td colspan=\"1\" rowspan=\"1\">\n<div class=\"magic-7\"><span class=\"magic-8\">Taajuus<\/span><\/div>\n<\/td>\n<td colspan=\"1\" rowspan=\"1\">\n<div class=\"magic-9\"><span class=\"magic-8\">13,56 MHz<\/span><\/div>\n<\/td>\n<\/tr>\n<tr>\n<td colspan=\"1\" rowspan=\"1\">\n<div class=\"magic-7\"><span class=\"magic-8\">Muisti<\/span><\/div>\n<\/td>\n<td colspan=\"1\" rowspan=\"1\">\n<div class=\"magic-9\"><span class=\"magic-8\">1k tavu ; muun sirun muisti: 144 tavua, 504 tavua, 888 tavua, 64 tavua jne<\/span><\/div>\n<\/td>\n<\/tr>\n<tr>\n<td colspan=\"1\" rowspan=\"1\">\n<div class=\"magic-7\"><span class=\"magic-8\">Lue Et\u00e4isyys<\/span><\/div>\n<\/td>\n<td colspan=\"1\" rowspan=\"1\">\n<div class=\"magic-9\"><span class=\"magic-8\">1-5 cm<\/span><\/div>\n<\/td>\n<\/tr>\n<tr>\n<td colspan=\"1\" rowspan=\"1\">\n<div class=\"magic-7\"><span class=\"magic-8\">Ty\u00f6tila<\/span><\/div>\n<\/td>\n<td colspan=\"1\" rowspan=\"1\">\n<div class=\"magic-9\"><span class=\"magic-8\">passiivinen<\/span><\/div>\n<\/td>\n<\/tr>\n<tr>\n<td colspan=\"1\" rowspan=\"1\">\n<div class=\"magic-7\"><span class=\"magic-8\">Ty\u00f6skentelyl\u00e4mp\u00f6tila<\/span><\/div>\n<\/td>\n<td colspan=\"1\" rowspan=\"1\">\n<div class=\"magic-9\"><span class=\"magic-8\">-25 \u2103 ~ +110 \u2103<\/span><\/div>\n<\/td>\n<\/tr>\n<tr>\n<td colspan=\"1\" rowspan=\"1\">\n<div class=\"magic-7\"><span class=\"magic-8\">S\u00e4ilytysl\u00e4mp\u00f6tila<\/span><\/div>\n<\/td>\n<td colspan=\"1\" rowspan=\"1\">\n<div class=\"magic-9\"><span class=\"magic-8\">-40 \u2103 ~ +85 \u2103<\/span><\/div>\n<\/td>\n<\/tr>\n<tr>\n<td colspan=\"1\" rowspan=\"1\">\n<div class=\"magic-7\">\n<div><span class=\"magic-8\">\u00a0<\/span><\/div>\n<p><span class=\"magic-8\">Lyhytaikainen l\u00e4mm\u00f6nkest\u00e4vyys<\/span><\/p>\n<\/div>\n<\/td>\n<td colspan=\"1\" rowspan=\"1\">\n<div class=\"magic-9\"><span class=\"magic-8\">pesu: 90 \u2103, 15 minuuttia; muuntimen esikuivaus: 180 \u2103, 30 minuuttia, 200 kertaa; silitys: 180 \u2103, 10 sekuntia, 200 kertaa; korkea<br \/>\nl\u00e4mp\u00f6tilasterilointi: 135 \u2103, 20 minuuttia<\/span><\/div>\n<\/td>\n<\/tr>\n<tr>\n<td colspan=\"1\" rowspan=\"1\">\n<div class=\"magic-7\"><span class=\"magic-8\">ominaisuudet<\/span><\/div>\n<\/td>\n<td colspan=\"1\" rowspan=\"1\">\n<div class=\"magic-9\"><span class=\"magic-8\">vedenpit\u00e4v\u00e4, pest\u00e4v\u00e4, korkeita l\u00e4mp\u00f6tiloja kest\u00e4v\u00e4<\/span><\/div>\n<\/td>\n<\/tr>\n<tr>\n<td colspan=\"1\" rowspan=\"1\">\n<div class=\"magic-7\"><span class=\"magic-8\">El\u00e4m\u00e4<\/span><\/div>\n<\/td>\n<td colspan=\"1\" rowspan=\"1\">\n<div class=\"magic-9\"><span class=\"magic-8\">pesu 200 kertaa tai 3 vuotta<\/span><\/div>\n<\/td>\n<\/tr>\n<tr>\n<td colspan=\"1\" rowspan=\"1\">\n<div class=\"magic-7\"><span class=\"magic-8\">Sovellukset<\/span><\/div>\n<\/td>\n<td colspan=\"1\" rowspan=\"1\">\n<div class=\"magic-9\"><span class=\"magic-8\">pyykin hallinta ja seuranta<\/span><\/div>\n<\/td>\n<\/tr>\n<\/tbody>\n<\/table>\n<\/div>\n<\/div>\n<div class=\"J_module\">\n<div class=\"detail-decorate-json-renderer-container\">\n<div class=\"magic-1\">\n<div>\n<div><\/div>\n<\/div>\n<div class=\"magic-2\">\n<div class=\"auto-hide-last-sibling-br paragraph_1252f paragraph-element\">\n<div class=\"auto-hide-last-sibling-br paragraph_1252f paragraph-element\"><b>NFC-pesutunniste \u2013 PPS-I Code Slix -asennus:<\/b><br \/>\nKun yritys p\u00e4\u00e4tt\u00e4\u00e4, ett\u00e4 an <b>NFC Pesula<\/b> seurantaj\u00e4rjestelm\u00e4 voi hy\u00f6dytt\u00e4\u00e4 heit\u00e4, seuraava vaihe on p\u00e4\u00e4tt\u00e4\u00e4 <b>NFC pesulatunniste<\/b>.<br \/>\nThe <b>NFC pesulatunniste<\/b> voidaan my\u00f6s ommella vaatteisiisi, jolloin NFC- tai UHF-toiminnot ovat k\u00e4ytett\u00e4viss\u00e4 miss\u00e4 tahansa.<\/div>\n<div class=\"auto-hide-last-sibling-br paragraph_1252f paragraph-element\">\n<p>&nbsp;<\/p>\n<p><b>NFC-pesutunnisteen sovellus \u2013 PPS-I Code Slix:<\/b><br \/>\n\u2013 Teollinen pesu.<br \/>\n\u2013 Univormujen hallinta.<br \/>\n\u2013 L\u00e4\u00e4kint\u00e4vaatteiden hallinta.<br \/>\n\u2013 PPE-vaatteiden hallinta.<br \/>\n\u2013 Henkil\u00f6st\u00f6n partiojohtaminen.<br \/>\n\u2013 Palontorjuntalaitteiden hallinta.<br \/>\n\u2013 Hiihtov\u00e4lineiden hallinta.<\/p>\n<\/div>\n<div><\/div>\n<\/div>\n<\/div>\n<div>\n<p>The <strong>ICODE SLIX IC<\/strong> on omistettu siru \u00e4lykk\u00e4isiin tarrasovelluksiin, kuten kirjastoihin, tuotteiden autentikointiin eri toimialoilla, kuten l\u00e4\u00e4keteollisuudessa, l\u00e4\u00e4ketieteellisiss\u00e4 laitteissa ja alkoholissa, sek\u00e4 tuotannon hallintaan teollisuuden eri alueilla. T\u00e4m\u00e4 IC on ISO-standardeihin ISO\/IEC 15693 ja ISO\/IEC 18000-3 perustuvien \u00e4lykk\u00e4iden tarrapiirien tuoteperheen kolmas sukupolvi, joka jatkaa NXP:n menestystarinaa.<sup>\u00ae<\/sup>\u00a0l\u00e4hitunnistusj\u00e4rjestelmien alalla.<\/p>\n<h3>Kontaktiton energia- ja tiedonsiirto<\/h3>\n<p>Aina kun se liitet\u00e4\u00e4n hyvin yksinkertaiseen ja helposti valmistettavaan antennityyppiin (13,56 MHz:n kantoaaltotaajuuden ansiosta), joka on valmistettu muutamasta painetusta, k\u00e4\u00e4mityst\u00e4, sy\u00f6vytyst\u00e4 tai rei&#039;itetyst\u00e4 kelasta, ICODE SLIX IC:t\u00e4 voidaan k\u00e4ytt\u00e4\u00e4 ilman n\u00e4k\u00f6yhteys 1,5 m et\u00e4isyydelle (portin leveys). Akkua ei tarvita. Kun \u00e4lytarra sijoitetaan kyselyantennin kentt\u00e4\u00e4n, nopea RF-viestint\u00e4liit\u00e4nt\u00e4 mahdollistaa tiedonsiirron jopa 53 kbit\/s nopeudella.<\/p>\n<h3>T\u00f6rm\u00e4yksenesto<\/h3>\n<p>\u00c4lyk\u00e4s t\u00f6rm\u00e4yksenestotoiminto mahdollistaa useiden tunnisteiden k\u00e4yt\u00f6n pellolla samanaikaisesti. T\u00f6rm\u00e4yksenesto-algoritmi valitsee jokaisen tunnisteen yksitellen ja varmistaa, ett\u00e4 tapahtuman suorittaminen valitulla tunnisteella suoritetaan oikein ilman kent\u00e4n muista tunnisteista johtuvaa tietojen korruptiota.<\/p>\n<h3>ominaisuudet<\/h3>\n<div id=\"featuresXsp\" class=\"features-list\">\n<div class=\"features-xsp\">\n<div class=\"collapse-mobile ste-list\">\n<h3>ICODE SLIX RF -liit\u00e4nt\u00e4 (ISO\/IEC 15693)<\/h3>\n<ul class=\"boxes\">\n<li>Tietojen ja energian kontaktiton siirto (paristoa ei tarvita)<\/li>\n<li>Toimintaet\u00e4isyys: jopa 1,5 m (riippuen antennin geometriasta)<\/li>\n<li>Toimintataajuus: 13,56 MHz (ISM, maailmanlaajuinen lisenssi vapaasti saatavilla)<\/li>\n<li>Nopea tiedonsiirto: jopa 53 kbit\/s<\/li>\n<li>Korkea tiedon eheys: 16-bittinen CRC, kehystys<\/li>\n<li>Todellinen t\u00f6rm\u00e4yksenesto<\/li>\n<li>Salasanasuojattu s\u00e4hk\u00f6inen artikkelivalvonta (EAS)<\/li>\n<li>Salasanasuojattu sovellusperhetunniste (AFI)<\/li>\n<li>Data Storage Format Identifier (DSFID)<\/li>\n<li>Lis\u00e4ksi nopea t\u00f6rm\u00e4yksenestoluku<\/li>\n<li>Kirjoita et\u00e4isyys yht\u00e4 suuri kuin lukuet\u00e4isyys<\/li>\n<\/ul>\n<\/div>\n<div class=\"collapse-mobile ste-list\">\n<h3>EEPROM<\/h3>\n<ul class=\"boxes\">\n<li>1024 bitti\u00e4, j\u00e4rjestetty 32 lohkoon, joista kukin on 4 tavua<\/li>\n<li>50 vuoden tietojen s\u00e4ilytys<\/li>\n<li>Kirjoita 100 000 syklin kest\u00e4vyys<\/li>\n<\/ul>\n<\/div>\n<div class=\"collapse-mobile ste-list\">\n<h3>Turvallisuus<\/h3>\n<ul class=\"boxes\">\n<li>Ainutlaatuinen tunniste jokaiselle laitteelle<\/li>\n<li>Lukitusmekanismi jokaiselle k\u00e4ytt\u00e4j\u00e4n muistilohkolle (kirjoitussuojaus)<\/li>\n<li>Lukitusmekanismi DSFID:lle, AFI:lle, EAS:lle<\/li>\n<li>Salasanalla (32-bittinen) suojattu EAS- ja AFI-toiminto<\/li>\n<\/ul>\n<\/div>\n<\/div>\n<\/div>\n<\/div>\n<div class=\"magic-2\">\n<div class=\"auto-hide-last-sibling-br paragraph_1252f paragraph-element\">\n<p>&nbsp;<\/p>\n<div class=\"auto-hide-last-sibling-br paragraph_1252f paragraph-element\"><\/div>\n<div class=\"auto-hide-last-sibling-br paragraph_1252f paragraph-element\"><\/div>\n<\/div>\n<\/div>\n<\/div>\n<\/div>\n<\/div>","protected":false},"excerpt":{"rendered":"<p>ICODE SLIX NFC -pesutunnisteet, jotka on suunniteltu t\u00f6rm\u00e4yksenesto- ja EAS-ominaisuuksilla, sopivat erinomaisesti pyykinpesualoihin. N\u00e4m\u00e4 NFC-pesutunnisteet on suunniteltu kest\u00e4m\u00e4\u00e4n kuumuutta, painetta ja kemikaaleja, joita tyypillisesti kohdataan pesula- ja tekstiilivuokrausteollisuudessa. N\u00e4m\u00e4 ominaisuudet huomioon ottaen ne toimivat \u00e4\u00e4rimm\u00e4isen\u00e4 ratkaisuna vaatteiden saumattomaan, kosketuksettomaan seurantaan n\u00e4ill\u00e4 aloilla.<\/p>","protected":false},"featured_media":110,"template":"","meta":{"_kad_post_transparent":"default","_kad_post_title":"","_kad_post_layout":"default","_kad_post_sidebar_id":"","_kad_post_content_style":"default","_kad_post_vertical_padding":"default","_kad_post_feature":"","_kad_post_feature_position":"","_kad_post_header":false,"_kad_post_footer":false,"_kad_post_classname":""},"product_brand":[],"product_cat":[21,17],"product_tag":[37,39,56,45],"class_list":{"0":"post-109","1":"product","2":"type-product","3":"status-publish","4":"has-post-thumbnail","6":"product_cat-pps-rfid-laundry-tag","7":"product_cat-nfc-rfid-laundry-tag","8":"product_tag-nfc-button","9":"product_tag-nfc-laundry-tag","10":"product_tag-nfc-laundry-tag-pps-icode-slix","11":"product_tag-pps-washable-nfc-tags","13":"first","14":"instock","15":"shipping-taxable","16":"product-type-simple","17":"entry","18":"content-bg","19":"loop-entry"},"_links":{"self":[{"href":"https:\/\/rfid-laundry-tag.com\/fi\/wp-json\/wp\/v2\/product\/109","targetHints":{"allow":["GET"]}}],"collection":[{"href":"https:\/\/rfid-laundry-tag.com\/fi\/wp-json\/wp\/v2\/product"}],"about":[{"href":"https:\/\/rfid-laundry-tag.com\/fi\/wp-json\/wp\/v2\/types\/product"}],"version-history":[{"count":0,"href":"https:\/\/rfid-laundry-tag.com\/fi\/wp-json\/wp\/v2\/product\/109\/revisions"}],"wp:featuredmedia":[{"embeddable":true,"href":"https:\/\/rfid-laundry-tag.com\/fi\/wp-json\/wp\/v2\/media\/110"}],"wp:attachment":[{"href":"https:\/\/rfid-laundry-tag.com\/fi\/wp-json\/wp\/v2\/media?parent=109"}],"wp:term":[{"taxonomy":"product_brand","embeddable":true,"href":"https:\/\/rfid-laundry-tag.com\/fi\/wp-json\/wp\/v2\/product_brand?post=109"},{"taxonomy":"product_cat","embeddable":true,"href":"https:\/\/rfid-laundry-tag.com\/fi\/wp-json\/wp\/v2\/product_cat?post=109"},{"taxonomy":"product_tag","embeddable":true,"href":"https:\/\/rfid-laundry-tag.com\/fi\/wp-json\/wp\/v2\/product_tag?post=109"}],"curies":[{"name":"wp","href":"https:\/\/api.w.org\/{rel}","templated":true}]}}