{"id":86,"date":"2024-06-11T17:44:19","date_gmt":"2024-06-11T17:44:19","guid":{"rendered":"https:\/\/rfid-laundry-tag.com\/?post_type=product&#038;p=86"},"modified":"2024-06-11T17:52:29","modified_gmt":"2024-06-11T17:52:29","slug":"125khz-pps-rfid-laundry-tag","status":"publish","type":"product","link":"https:\/\/rfid-laundry-tag.com\/es\/125khz-pps-rfid-laundry-tag\/","title":{"rendered":"Etiqueta de lavander\u00eda RFID PPS de 125 kHz"},"content":{"rendered":"<div class=\"J_module\">\n<div class=\"ife-detail-decorate-table\">\n<table style=\"border-collapse: collapse; width: 451.23pt;\" border=\"0\" width=\"752\" cellspacing=\"0\" cellpadding=\"0\">\n<tbody>\n<tr style=\"height: 28.00pt;\">\n<td class=\"et2\" style=\"height: 28.00pt; width: 138.60pt;\" width=\"231\" height=\"46\">Nombre del \u00e1rticulo<\/td>\n<td class=\"et3\" style=\"width: 312.60pt;\" width=\"521\">Etiqueta de lavander\u00eda RFID PPS de 125 kHz<\/td>\n<\/tr>\n<tr style=\"height: 14.40pt;\">\n<td class=\"et3\" style=\"height: 14.40pt; width: 138.60pt;\" width=\"231\" height=\"24\">Material<\/td>\n<td class=\"et3\" style=\"width: 312.60pt;\" width=\"521\">PPP<\/td>\n<\/tr>\n<tr style=\"height: 14.40pt;\">\n<td class=\"et3\" style=\"height: 14.40pt; width: 138.60pt;\" width=\"231\" height=\"24\">Color<\/td>\n<td class=\"et3\" style=\"width: 312.60pt;\" width=\"521\">Negro<\/td>\n<\/tr>\n<tr style=\"height: 14.40pt;\">\n<td class=\"et3\" style=\"height: 14.40pt; width: 138.60pt;\" width=\"231\" height=\"24\">Cantidad m\u00ednima de pedido<\/td>\n<td class=\"et3\" style=\"width: 312.60pt;\" width=\"521\">500 piezas<\/td>\n<\/tr>\n<tr style=\"height: 42.00pt;\">\n<td class=\"et3\" style=\"height: 42.00pt; width: 138.60pt;\" width=\"231\" height=\"70\">Fabricante\/chip<\/td>\n<td class=\"et3\" style=\"width: 312.60pt;\" width=\"521\">EM4200, TK4100, EM4305, T5577, etc.<\/td>\n<\/tr>\n<tr style=\"height: 14.40pt;\">\n<td class=\"et3\" style=\"height: 14.40pt; width: 138.60pt;\" width=\"231\" height=\"24\">Frecuencia<\/td>\n<td class=\"et3\" style=\"width: 312.60pt;\" width=\"521\">125 kHz<\/td>\n<\/tr>\n<tr style=\"height: 70.00pt;\">\n<td class=\"et3\" style=\"height: 70.00pt; width: 138.60pt;\" width=\"231\" height=\"116\">Tama\u00f1o<\/td>\n<td class=\"et3\" style=\"width: 312.60pt;\" width=\"521\">Dia14mm, Dia15mm, Dia18mm, Dia20mm, Dia22mm, Dia24mm, Dia30mm, etc.<\/td>\n<\/tr>\n<tr style=\"height: 14.40pt;\">\n<td class=\"et3\" style=\"height: 14.40pt; width: 138.60pt;\" width=\"231\" height=\"24\">Leer distancia<\/td>\n<td class=\"et3\" style=\"width: 312.60pt;\" width=\"521\">1~5cm<\/td>\n<\/tr>\n<tr style=\"height: 14.40pt;\">\n<td class=\"et3\" style=\"height: 14.40pt; width: 138.60pt;\" width=\"231\" height=\"24\">Modo de trabajo<\/td>\n<td class=\"et3\" style=\"width: 312.60pt;\" width=\"521\">pasivo<\/td>\n<\/tr>\n<tr style=\"height: 14.40pt;\">\n<td class=\"et3\" style=\"height: 14.40pt; width: 138.60pt;\" width=\"231\" height=\"24\">Temperatura de trabajo<\/td>\n<td class=\"et3\" style=\"width: 312.60pt;\" width=\"521\">-25<span class=\"font0\">\u2103<\/span><span class=\"font2\">~+110<\/span><span class=\"font0\">\u2103<\/span><\/td>\n<\/tr>\n<tr style=\"height: 14.40pt;\">\n<td class=\"et3\" style=\"height: 14.40pt; width: 138.60pt;\" width=\"231\" height=\"24\">Temperatura de almacenamiento<\/td>\n<td class=\"et3\" style=\"width: 312.60pt;\" width=\"521\">-40<span class=\"font0\">\u2103<\/span><span class=\"font2\">~+85<\/span><span class=\"font0\">\u2103<\/span><\/td>\n<\/tr>\n<tr style=\"height: 73.00pt;\">\n<td class=\"et4\" style=\"height: 73.00pt;\" height=\"121\">Especificaciones de funcionamiento<\/td>\n<td class=\"et3\" style=\"width: 312.60pt;\" width=\"521\">Impermeable; resistente a la inmersi\u00f3n en agua salada, alcohol, aceite, 10%HCL; Amon\u00edaco; choque y vibraci\u00f3n<\/td>\n<\/tr>\n<tr style=\"height: 14.40pt;\">\n<td class=\"et3\" style=\"height: 14.40pt; width: 138.60pt;\" width=\"231\" height=\"24\">Caracter\u00edsticas<\/td>\n<td class=\"et3\" style=\"width: 312.60pt;\" width=\"521\">resistente al agua, lavable, resistente a altas temperaturas<\/td>\n<\/tr>\n<tr style=\"height: 14.40pt;\">\n<td class=\"et3\" style=\"height: 14.40pt; width: 138.60pt;\" width=\"231\" height=\"24\">Aplicaciones<\/td>\n<td class=\"et3\" style=\"width: 312.60pt;\" width=\"521\">gesti\u00f3n y seguimiento de lavander\u00eda<\/td>\n<\/tr>\n<\/tbody>\n<\/table>\n<\/div>\n<\/div>\n<div class=\"J_module\">\n<div class=\"detail-decorate-json-renderer-container\">\n<div class=\"magic-1\">\n<div>\n<div><\/div>\n<\/div>\n<div class=\"magic-2\">\n<div>\n<div class=\"auto-hide-last-sibling-br paragraph_1252f paragraph-element\">\n<div class=\"auto-hide-last-sibling-br paragraph_1252f paragraph-element\">Las etiquetas para lavander\u00eda RFID PPS de 125 kHz ofrecen numerosos beneficios cuando se integran en soluciones de etiquetas para lavander\u00eda RFID.<\/div>\n<div class=\"auto-hide-last-sibling-br paragraph_1252f paragraph-element\">Entre estos beneficios se encuentran:<\/div>\n<p>&nbsp;<\/p>\n<ol class=\"auto-hide-last-sibling-br\">\n<li>Los precios directos de f\u00e1brica garantizan soluciones rentables.<\/li>\n<li>Calidad garantizada, con pruebas 100% realizadas antes del env\u00edo.<\/li>\n<li>Fiabilidad duradera, certificada para superar los 200 ciclos de lavado o con una garant\u00eda de vida \u00fatil de 2 a\u00f1os despu\u00e9s del env\u00edo.<\/li>\n<li>Durabilidad excepcional, con resistencia al agua, calor, presi\u00f3n y exposici\u00f3n qu\u00edmica.<\/li>\n<li>Tambi\u00e9n proporcionamos una muestra gratuita para pruebas y control de calidad.<\/li>\n<\/ol>\n<div class=\"auto-hide-last-sibling-br paragraph_1252f paragraph-element\">Aplicaciones de etiquetas de botones RFID:<\/div>\n<p>&nbsp;<\/p>\n<ol class=\"auto-hide-last-sibling-br\">\n<li>\n<div class=\"auto-hide-last-sibling-br paragraph_1252f paragraph-element\">Lavander\u00edas industriales: en el \u00e1mbito industrial, el uso de botones de etiquetas de lavander\u00eda RFID facilita el seguimiento de cantidades masivas de ropa.<\/div>\n<\/li>\n<li>\n<div class=\"auto-hide-last-sibling-br paragraph_1252f paragraph-element\">Hospitales y hoteles: estas instituciones a menudo manejan tareas de lavander\u00eda de gran volumen donde estas etiquetas han demostrado ser esenciales para mejorar la eficiencia y agilizar la gesti\u00f3n de inventario.<\/div>\n<\/li>\n<li>\n<div class=\"auto-hide-last-sibling-br paragraph_1252f paragraph-element\">Alquiler de ropa blanca: las empresas que ofrecen servicios de alquiler de ropa blanca adoptan estas etiquetas para ayudar a simplificar la gesti\u00f3n de inventario y garantizar el control de calidad.<\/div>\n<\/li>\n<\/ol>\n<\/div>\n<\/div>\n<\/div>\n<\/div>\n<\/div>\n<\/div>","protected":false},"excerpt":{"rendered":"<div class=\"auto-hide-last-sibling-br paragraph_1252f paragraph-element\">La etiqueta RFID de bot\u00f3n PPS de 125 kHz, ampliamente conocida como etiqueta de bot\u00f3n RFID, es un dispositivo de construcci\u00f3n densa dise\u00f1ado para aplicaciones que exigen etiquetas resistentes a condiciones dif\u00edciles. Ofrecemos una variedad de etiquetas RFID para lavander\u00eda que utilizan frecuencias LF de 125 kHz y HF de 13,56 MHz, adem\u00e1s de frecuencias UHF Gen 2.<\/div>\n<div class=\"auto-hide-last-sibling-br paragraph_1252f paragraph-element\">Estas etiquetas RFID para lavander\u00eda est\u00e1n dise\u00f1adas para durar en exigentes flujos de trabajo de lavander\u00eda institucional y hotelera, y ofrecen resistencia y adaptabilidad a diversos m\u00e9todos como lavado, secado, limpieza en seco y planchado.<\/div>","protected":false},"featured_media":87,"template":"","meta":{"_kad_post_transparent":"default","_kad_post_title":"","_kad_post_layout":"default","_kad_post_sidebar_id":"","_kad_post_content_style":"default","_kad_post_vertical_padding":"default","_kad_post_feature":"","_kad_post_feature_position":"","_kad_post_header":false,"_kad_post_footer":false,"_kad_post_classname":""},"product_brand":[],"product_cat":[21,18],"product_tag":[52,51,49],"class_list":{"0":"post-86","1":"product","2":"type-product","3":"status-publish","4":"has-post-thumbnail","6":"product_cat-pps-rfid-laundry-tag","7":"product_cat-125khz-rfid-laundry-tag","8":"product_tag-125khz-pps-rfid-laundry-tag","9":"product_tag-125khz-rfid-laundry-tag","10":"product_tag-button-rfid-tag","12":"first","13":"instock","14":"shipping-taxable","15":"product-type-simple","16":"entry","17":"content-bg","18":"loop-entry"},"_links":{"self":[{"href":"https:\/\/rfid-laundry-tag.com\/es\/wp-json\/wp\/v2\/product\/86","targetHints":{"allow":["GET"]}}],"collection":[{"href":"https:\/\/rfid-laundry-tag.com\/es\/wp-json\/wp\/v2\/product"}],"about":[{"href":"https:\/\/rfid-laundry-tag.com\/es\/wp-json\/wp\/v2\/types\/product"}],"version-history":[{"count":0,"href":"https:\/\/rfid-laundry-tag.com\/es\/wp-json\/wp\/v2\/product\/86\/revisions"}],"wp:featuredmedia":[{"embeddable":true,"href":"https:\/\/rfid-laundry-tag.com\/es\/wp-json\/wp\/v2\/media\/87"}],"wp:attachment":[{"href":"https:\/\/rfid-laundry-tag.com\/es\/wp-json\/wp\/v2\/media?parent=86"}],"wp:term":[{"taxonomy":"product_brand","embeddable":true,"href":"https:\/\/rfid-laundry-tag.com\/es\/wp-json\/wp\/v2\/product_brand?post=86"},{"taxonomy":"product_cat","embeddable":true,"href":"https:\/\/rfid-laundry-tag.com\/es\/wp-json\/wp\/v2\/product_cat?post=86"},{"taxonomy":"product_tag","embeddable":true,"href":"https:\/\/rfid-laundry-tag.com\/es\/wp-json\/wp\/v2\/product_tag?post=86"}],"curies":[{"name":"wp","href":"https:\/\/api.w.org\/{rel}","templated":true}]}}