{"id":731,"date":"2024-07-16T17:14:51","date_gmt":"2024-07-16T17:14:51","guid":{"rendered":"https:\/\/rfid-laundry-tag.com\/?post_type=product&#038;p=731"},"modified":"2024-08-14T16:37:34","modified_gmt":"2024-08-14T16:37:34","slug":"uhf-rfid-dry-inlays-with-nxp-ucode-9","status":"publish","type":"product","link":"https:\/\/rfid-laundry-tag.com\/es\/uhf-rfid-dry-inlays-with-nxp-ucode-9\/","title":{"rendered":"Incrustaciones secas RFID UHF con NXP Ucode 9"},"content":{"rendered":"<h2>Incrustaciones secas RFID UHF con NXP-Ucode 9<\/h2>\n<ul>\n<li><strong>Frecuencia:<\/strong>\u00a0860-960 MHz<\/li>\n<li><strong>Protocolo:<\/strong>\u00a0ISO18000-6C<\/li>\n<li><strong>Rango de lectura:<\/strong>\u00a0Largo alcance de lectura (hasta 10 metros)<\/li>\n<li><strong>Opciones de chips:<\/strong>\n<ul>\n<li><strong>C\u00f3digo NXP-U9:<\/strong>\u00a0Chip de alto rendimiento con funciones de seguridad mejoradas.<\/li>\n<li><strong>Otras opciones:<\/strong>\u00a0Alien H3, Monza R6, NXP-Ucode8, NXP-Ucode7<\/li>\n<\/ul>\n<\/li>\n<\/ul>\n<p><strong>Opciones de personalizaci\u00f3n:<\/strong><\/p>\n<p>Ofrecemos una gama de opciones de personalizaci\u00f3n para incrustaciones RFID, que incluyen:<\/p>\n<ul>\n<li><strong>Materiales:<\/strong>\u00a0Papel estucado, PVC, PET, papel fr\u00e1gil, etc.<\/li>\n<li><strong>Tama\u00f1o:<\/strong>\u00a0Tama\u00f1o personalizado para adaptarse a las dimensiones espec\u00edficas del producto.<\/li>\n<li><strong>Impresi\u00f3n:<\/strong>\u00a0Impresi\u00f3n de logotipos, impresi\u00f3n de n\u00fameros, impresi\u00f3n de c\u00f3digos de barras.<\/li>\n<li><strong>Codificaci\u00f3n y cifrado:<\/strong>\u00a0Almacenamiento y comunicaci\u00f3n de datos seguros.<\/li>\n<\/ul>\n<p><strong>Incrustaciones RFID<\/strong>\u00a0Son el coraz\u00f3n de un sistema RFID y contienen el microchip (IC) y la antena que permiten la comunicaci\u00f3n con un lector. Se clasifican en dos tipos principales seg\u00fan su construcci\u00f3n:<\/p>\n<p><strong>1. Incrustaciones secas RFID:<\/strong><\/p>\n<ul>\n<li><strong>Descripci\u00f3n:<\/strong>\u00a0Las incrustaciones secas est\u00e1n dise\u00f1adas para su integraci\u00f3n directa en materiales o sustratos. No tienen respaldo adhesivo, lo que las hace ideales para aplicaciones que requieren una fijaci\u00f3n permanente. Suelen tener una superficie laminada.<\/li>\n<li><strong>Caracter\u00edsticas clave:<\/strong>\n<ul>\n<li><strong>Sin adhesivo:<\/strong>\u00a0Elimina la necesidad de pasos adhesivos adicionales.<\/li>\n<li><strong>Integraci\u00f3n directa:<\/strong>\u00a0Se incorpora f\u00e1cilmente a productos, embalajes u otros materiales.<\/li>\n<li><strong>Construcci\u00f3n duradera:<\/strong>\u00a0Resistentes al desgaste, lo que los hace adecuados para entornos exigentes.<\/li>\n<\/ul>\n<\/li>\n<\/ul>\n<p><strong>2. Incrustaciones h\u00famedas RFID:<\/strong><\/p>\n<ul>\n<li><strong>Descripci\u00f3n:<\/strong>\u00a0Las etiquetas h\u00famedas tienen un reverso adhesivo, lo que permite aplicarlas directamente a un producto o convertirlas en etiquetas inteligentes. Esto las convierte en una soluci\u00f3n rentable para el etiquetado de grandes vol\u00famenes.<\/li>\n<li><strong>Caracter\u00edsticas clave:<\/strong>\n<ul>\n<li><strong>Respaldo adhesivo:<\/strong>\u00a0Permite una f\u00e1cil aplicaci\u00f3n en diversas superficies.<\/li>\n<li><strong>Rentable:<\/strong>\u00a0Ideal para proyectos de etiquetado de gran volumen.<\/li>\n<li><strong>Aplicaciones vers\u00e1tiles:<\/strong>\u00a0Adecuado para productos que requieren etiquetado temporal o permanente.<\/li>\n<\/ul>\n<\/li>\n<\/ul>","protected":false},"excerpt":{"rendered":"<p>Incrustaciones secas RFID UHF con NXP Ucode 9 para mayor seguridad y almacenamiento de datos. Integraci\u00f3n directa en los materiales.<\/p>","protected":false},"featured_media":732,"template":"","meta":{"_kad_post_transparent":"default","_kad_post_title":"","_kad_post_layout":"default","_kad_post_sidebar_id":"","_kad_post_content_style":"default","_kad_post_vertical_padding":"default","_kad_post_feature":"","_kad_post_feature_position":"","_kad_post_header":false,"_kad_post_footer":false,"_kad_post_classname":""},"product_brand":[],"product_cat":[189,54],"product_tag":[192,191],"class_list":{"0":"post-731","1":"product","2":"type-product","3":"status-publish","4":"has-post-thumbnail","6":"product_cat-rfid-inlay","7":"product_cat-hot-selling-rfid-tags","8":"product_tag-uhf-rfid-dry-inlays","9":"product_tag-uhf-rfid-dry-inlays-with-nxp-ucode-9","11":"first","12":"instock","13":"shipping-taxable","14":"product-type-simple","15":"entry","16":"content-bg","17":"loop-entry"},"_links":{"self":[{"href":"https:\/\/rfid-laundry-tag.com\/es\/wp-json\/wp\/v2\/product\/731","targetHints":{"allow":["GET"]}}],"collection":[{"href":"https:\/\/rfid-laundry-tag.com\/es\/wp-json\/wp\/v2\/product"}],"about":[{"href":"https:\/\/rfid-laundry-tag.com\/es\/wp-json\/wp\/v2\/types\/product"}],"version-history":[{"count":4,"href":"https:\/\/rfid-laundry-tag.com\/es\/wp-json\/wp\/v2\/product\/731\/revisions"}],"predecessor-version":[{"id":1329,"href":"https:\/\/rfid-laundry-tag.com\/es\/wp-json\/wp\/v2\/product\/731\/revisions\/1329"}],"wp:featuredmedia":[{"embeddable":true,"href":"https:\/\/rfid-laundry-tag.com\/es\/wp-json\/wp\/v2\/media\/732"}],"wp:attachment":[{"href":"https:\/\/rfid-laundry-tag.com\/es\/wp-json\/wp\/v2\/media?parent=731"}],"wp:term":[{"taxonomy":"product_brand","embeddable":true,"href":"https:\/\/rfid-laundry-tag.com\/es\/wp-json\/wp\/v2\/product_brand?post=731"},{"taxonomy":"product_cat","embeddable":true,"href":"https:\/\/rfid-laundry-tag.com\/es\/wp-json\/wp\/v2\/product_cat?post=731"},{"taxonomy":"product_tag","embeddable":true,"href":"https:\/\/rfid-laundry-tag.com\/es\/wp-json\/wp\/v2\/product_tag?post=731"}],"curies":[{"name":"wp","href":"https:\/\/api.w.org\/{rel}","templated":true}]}}