{"id":727,"date":"2024-07-16T17:02:27","date_gmt":"2024-07-16T17:02:27","guid":{"rendered":"https:\/\/rfid-laundry-tag.com\/?post_type=product&#038;p=727"},"modified":"2024-09-16T05:10:50","modified_gmt":"2024-09-16T05:10:50","slug":"alien-h9-9662-rfid-inlay-sticker","status":"publish","type":"product","link":"https:\/\/rfid-laundry-tag.com\/es\/alien-h9-9662-rfid-inlay-sticker\/","title":{"rendered":"Adhesivo RFID con incrustaci\u00f3n H9 9662 de Alien"},"content":{"rendered":"<h2>Adhesivo RFID con incrustaci\u00f3n H9 9662 de Alien<\/h2>\n<p><strong>Frecuencia:<\/strong>\u00a0UHF 860-960 MHz<br \/>\n<strong>Chip:<\/strong> ALIEN\u00cdGENA Higgs-3, Alien\u00edgena H9<br \/>\n<strong>Protocolo:<\/strong>\u00a0EPC Clase 1 Gen2, ISO18000-6C<br \/>\n<strong>Memoria:<\/strong><\/p>\n<ul>\n<li>EPC: 96 bits<\/li>\n<li>TID: 32 bits<\/li>\n<li>Usuario: 512 bits<br \/>\n<strong>Distancia de lectura:<\/strong>\u00a01~8 metros (dependiendo del lector)<\/li>\n<\/ul>\n<p><strong>Dimensiones:<\/strong> 82,50 x 25,40 mm<br \/>\n<strong>Formatos:<\/strong> Incrustaci\u00f3n seca, Incrustaci\u00f3n h\u00fameda<br \/>\nFabricaci\u00f3n de alta calidad para un rendimiento confiable en entornos complejos.<\/p>\n<h4 class=\"alternative\">Caracter\u00edsticas destacadas de los chips Alien H9<\/h4>\n<ul>\n<li>Cumple con GS1 Clase 1 Gen 2 e ISO\/IEC 18000-6C<\/li>\n<li>Operaci\u00f3n mundial en las bandas RFID UHF (840-960 MHz)<\/li>\n<li>1024 bits de memoria NVM\/RAM<\/li>\n<li>Hasta 496 bits EPC (nominalmente 96 bits)<\/li>\n<li>Hasta 688 bits de usuario<\/li>\n<li>TID \u00fanico de 48 bits<\/li>\n<li>Acceso de 32 bits y contrase\u00f1a de eliminaci\u00f3n de 32 bits<br \/>\npalabras<\/li>\n<li>Preprogramado con un dise\u00f1o \u00fanico e inalterable.<br \/>\nN\u00famero de serie de 48 bits<\/li>\n<li>La memoria del usuario puede ser de bloque permanente.<br \/>\nContrase\u00f1a bloqueada y de lectura protegida<br \/>\nProtegido en bloques de 256 bits<\/li>\n<li>Operaci\u00f3n de bajo consumo tanto para lectura como para<br \/>\nprograma<\/li>\n<li>QuickWrite\u2122 \/ BlastWrite\u2122 \u2013 Alta velocidad<br \/>\nProgramaci\u00f3n de chips y masas<\/li>\n<li>Autenticaci\u00f3n din\u00e1micaTM anti-clonaci\u00f3n \/<br \/>\nTecnolog\u00eda anti-falsificaci\u00f3n<\/li>\n<li>Alcance operativo excepcional, hasta 13 m<br \/>\ncon antena adecuada.<\/li>\n<\/ul>\n<p><strong>Aplicaciones:<\/strong><\/p>\n<ul>\n<li>Gesti\u00f3n de la cadena de suministro<\/li>\n<li>Log\u00edstica de distribuci\u00f3n<\/li>\n<li>Autenticaci\u00f3n del producto<\/li>\n<li>Inventario y seguimiento de activos<\/li>\n<li>Manejo y seguimiento de equipaje<\/li>\n<\/ul>\n<p><strong>Caracter\u00edsticas clave:<\/strong><\/p>\n<ul>\n<li>Adhesivo con incrustaci\u00f3n RFID UHF de alto rendimiento<\/li>\n<li>Amplio rango de lectura y rendimiento confiable<\/li>\n<li>Adecuado para diversas aplicaciones que requieren un seguimiento RFID robusto<\/li>\n<li>Utiliza el protocolo EPC Clase 1 Gen2 est\u00e1ndar de la industria<\/li>\n<\/ul>\n<p><strong>Nota:<\/strong>\u00a0La distancia de lectura real puede variar dependiendo de factores como la potencia del lector, el dise\u00f1o de la antena, las condiciones ambientales y la orientaci\u00f3n de la etiqueta.<\/p>\n<h2>Preguntas frecuentes: Etiqueta adhesiva RFID para la etiqueta Alien H9 9662<\/h2>\n<p><strong>General<\/strong><\/p>\n<ol>\n<li><strong>\u00bfCu\u00e1l es el rango de lectura de la etiqueta adhesiva RFID con incrustaci\u00f3n Alien H9 9662?<\/strong><br \/>\nEl rango de lectura de la etiqueta adhesiva RFID Alien H9 9662 puede variar dependiendo de factores como el lector utilizado, la configuraci\u00f3n de la antena y las condiciones ambientales.<\/li>\n<li><strong>\u00bfCu\u00e1l es la frecuencia de funcionamiento de la pegatina RFID con incrustaci\u00f3n Alien H9 9662?<\/strong><br \/>\nLa etiqueta adhesiva RFID Alien H9 9662 funciona en el rango de frecuencia UHF de 865 a 868 MHz.<\/li>\n<li><strong>\u00bfLa incrustaci\u00f3n es compatible con el protocolo EPC Clase 1 Gen2?<\/strong><br \/>\nS\u00ed, la etiqueta adhesiva RFID Alien H9 9662 es compatible con el protocolo EPC Clase 1 Gen2.<\/li>\n<li><strong>\u00bfCu\u00e1les son las dimensiones de la pegatina RFID Inlay Alien H9 9662?<\/strong><br \/>\nSe puede personalizar cualquier tama\u00f1o.<\/li>\n<li><strong>\u00bfLa incrustaci\u00f3n viene en diferentes formatos, como incrustaci\u00f3n seca o h\u00fameda?<\/strong><br \/>\nS\u00ed, la incrustaci\u00f3n est\u00e1 disponible en formatos de incrustaci\u00f3n seca o h\u00fameda.<\/li>\n<li><strong>\u00bfC\u00f3mo funciona la etiqueta adhesiva RFID Alien H9 9662 en entornos complejos?<\/strong><br \/>\nLa etiqueta adhesiva RFID H9 9662 de Alien est\u00e1 dise\u00f1ada para funcionar bien en entornos complejos. Sin embargo, factores como la interferencia de metales, la humedad y la temperatura pueden afectar el rango de lectura.<\/li>\n<\/ol>\n<p><strong>Pedidos y disponibilidad<\/strong><\/p>\n<ol>\n<li><strong>\u00bfD\u00f3nde puedo comprar la pegatina RFID con incrustaci\u00f3n Alien H9 9662?<\/strong><br \/>\nS\u00ed, podemos vender la incrustaci\u00f3n RFID, tenemos m\u00e1s de 12 a\u00f1os de experiencia en la fabricaci\u00f3n.<\/li>\n<li><strong>\u00bfCu\u00e1l es el plazo de entrega de los pedidos?<\/strong><br \/>\nMencione el tiempo de entrega t\u00edpico para procesar pedidos. Como es habitual, son aproximadamente 10 d\u00edas.<\/li>\n<li><strong>\u00bfExisten cantidades m\u00ednimas de pedido?<\/strong><br \/>\n1000 piezas<\/li>\n<li><strong>\u00bfEs posible obtener una muestra de la pegatina RFID con incrustaci\u00f3n Alien H9 9662?<\/strong><br \/>\nS\u00ed, muestras gratis<\/li>\n<\/ol>\n<p>&nbsp;<\/p>","protected":false},"excerpt":{"rendered":"<p>Adhesivo con incrustaci\u00f3n RFID Alien H9 9662: incrustaci\u00f3n RFID UHF de alto rendimiento para gesti\u00f3n de la cadena de suministro, seguimiento de activos y m\u00e1s.<\/p>","protected":false},"featured_media":728,"template":"","meta":{"_kad_post_transparent":"default","_kad_post_title":"","_kad_post_layout":"default","_kad_post_sidebar_id":"","_kad_post_content_style":"default","_kad_post_vertical_padding":"default","_kad_post_feature":"","_kad_post_feature_position":"","_kad_post_header":false,"_kad_post_footer":false,"_kad_post_classname":""},"product_brand":[],"product_cat":[189,54],"product_tag":[266,267,108],"class_list":{"0":"post-727","1":"product","2":"type-product","3":"status-publish","4":"has-post-thumbnail","6":"product_cat-rfid-inlay","7":"product_cat-hot-selling-rfid-tags","8":"product_tag-9662-rfid-inlay-sticker","9":"product_tag-h9-rfid-inlay","10":"product_tag-rfid-inlay","12":"first","13":"instock","14":"shipping-taxable","15":"product-type-simple","16":"entry","17":"content-bg","18":"loop-entry"},"_links":{"self":[{"href":"https:\/\/rfid-laundry-tag.com\/es\/wp-json\/wp\/v2\/product\/727","targetHints":{"allow":["GET"]}}],"collection":[{"href":"https:\/\/rfid-laundry-tag.com\/es\/wp-json\/wp\/v2\/product"}],"about":[{"href":"https:\/\/rfid-laundry-tag.com\/es\/wp-json\/wp\/v2\/types\/product"}],"version-history":[{"count":2,"href":"https:\/\/rfid-laundry-tag.com\/es\/wp-json\/wp\/v2\/product\/727\/revisions"}],"predecessor-version":[{"id":730,"href":"https:\/\/rfid-laundry-tag.com\/es\/wp-json\/wp\/v2\/product\/727\/revisions\/730"}],"wp:featuredmedia":[{"embeddable":true,"href":"https:\/\/rfid-laundry-tag.com\/es\/wp-json\/wp\/v2\/media\/728"}],"wp:attachment":[{"href":"https:\/\/rfid-laundry-tag.com\/es\/wp-json\/wp\/v2\/media?parent=727"}],"wp:term":[{"taxonomy":"product_brand","embeddable":true,"href":"https:\/\/rfid-laundry-tag.com\/es\/wp-json\/wp\/v2\/product_brand?post=727"},{"taxonomy":"product_cat","embeddable":true,"href":"https:\/\/rfid-laundry-tag.com\/es\/wp-json\/wp\/v2\/product_cat?post=727"},{"taxonomy":"product_tag","embeddable":true,"href":"https:\/\/rfid-laundry-tag.com\/es\/wp-json\/wp\/v2\/product_tag?post=727"}],"curies":[{"name":"wp","href":"https:\/\/api.w.org\/{rel}","templated":true}]}}