{"id":723,"date":"2024-07-16T16:29:22","date_gmt":"2024-07-16T16:29:22","guid":{"rendered":"https:\/\/rfid-laundry-tag.com\/?post_type=product&#038;p=723"},"modified":"2024-08-14T16:40:29","modified_gmt":"2024-08-14T16:40:29","slug":"uhf-rfid-inlay-monza-m4-chips","status":"publish","type":"product","link":"https:\/\/rfid-laundry-tag.com\/es\/uhf-rfid-inlay-monza-m4-chips\/","title":{"rendered":"Chips Monza M4 con incrustaciones RFID UHF"},"content":{"rendered":"<div>\n<ul>\n<li><strong>Nombre del producto:<\/strong>\u00a0Chips Monza M4\/M5 con incrustaciones RFID UHF<\/li>\n<li><strong>Material:<\/strong>\u00a0Papel estucado, PET, etc.<\/li>\n<li><strong>Chip:<\/strong>\u00a0Monza M4\/M5<\/li>\n<li><strong>Color:<\/strong>\u00a0Blanco<\/li>\n<li><strong>Protocolo:<\/strong>\u00a0EPC global Clase 1 Gen2 ISO\/IEC 18000-6C<\/li>\n<li><strong>Frecuencia:<\/strong>\u00a0860-960 mhz<\/li>\n<li><strong>Rango de lectores:<\/strong>\u00a06M~12M (dependiendo del entorno y la distancia de lectura y escritura)<\/li>\n<li><strong>M\u00e9todo de trabajo:<\/strong>\u00a0Pasivo<\/li>\n<li><strong>Trabajando Reciclando:<\/strong>\u00a0&gt;100000 veces<\/li>\n<li><strong>Solicitud:<\/strong>\u00a0Trazabilidad anti-falsificaci\u00f3n, transmisi\u00f3n de datos.<\/li>\n<\/ul>\n<p><strong>Descripci\u00f3n de los chips Monza M4 con incrustaciones RFID UHF:<\/strong><\/p>\n<p>Estas incrustaciones RFID UHF, con chips Monza M4\/M5, est\u00e1n dise\u00f1adas para una variedad de aplicaciones que exigen una transmisi\u00f3n de datos confiable y medidas contra la falsificaci\u00f3n.<\/p>\n<p><strong>Caracter\u00edsticas clave:<\/strong><\/p>\n<ul>\n<li><strong>Durable:<\/strong>\u00a0Construido con materiales de alta calidad para una vida \u00fatil prolongada.<\/li>\n<li><strong>Confiable:<\/strong>\u00a0Ofrece un rendimiento s\u00f3lido para una captura de datos precisa.<\/li>\n<li><strong>Vers\u00e1til:<\/strong>\u00a0Adecuado para diversas aplicaciones, incluido el seguimiento de inventario, la gesti\u00f3n de activos y el monitoreo de la cadena de suministro.<\/li>\n<li><strong>Seguro:<\/strong>\u00a0Contribuye a los esfuerzos contra la falsificaci\u00f3n y garantiza la autenticidad del producto.<\/li>\n<\/ul>\n<h2>Preguntas frecuentes sobre chips Monza M4\/M5 con incrustaciones RFID UHF<\/h2>\n<p><strong>1. \u00bfCu\u00e1l es la diferencia entre los chips Monza M4 y Monza M5?<\/strong><\/p>\n<p>Los chips Monza M4 y M5 son chips RFID UHF de alto rendimiento. La principal diferencia radica en su capacidad de memoria:<\/p>\n<ul>\n<li><strong>Monza M4:<\/strong>\u00a0Ofrece 128 bits de memoria de usuario.<\/li>\n<li><strong>Monza M5:<\/strong>\u00a0Ofrece 512 bits de memoria de usuario.<\/li>\n<\/ul>\n<p>Esto significa que el Monza M5 puede almacenar muchos m\u00e1s datos, lo que lo hace ideal para aplicaciones que requieren un amplio almacenamiento de datos.<\/p>\n<p><strong>2. \u00bfCu\u00e1les son las ventajas de utilizar chips Monza M4 con incrustaciones RFID UHF?<\/strong><\/p>\n<p>Los chips Monza M4\/M5 ofrecen numerosas ventajas:<\/p>\n<ul>\n<li><strong>Alto rango de lectura:<\/strong>\u00a0Ofrecen excelentes rangos de lectura, que se extienden hasta los 12 metros en condiciones \u00f3ptimas.<\/li>\n<li><strong>Velocidades r\u00e1pidas de lectura y escritura:<\/strong>\u00a0Estos chips permiten un acceso r\u00e1pido a los datos, agilizando las operaciones.<\/li>\n<li><strong>Rendimiento mejorado:<\/strong>\u00a0Ofrecen un rendimiento confiable y consistente en entornos desafiantes.<\/li>\n<li><strong>Seguridad de datos:<\/strong>\u00a0Los chips incorporan funciones de seguridad para proteger datos confidenciales.<\/li>\n<\/ul>\n<p><strong>3. \u00bfQu\u00e9 tipos de aplicaciones son adecuadas para las incrustaciones RFID Monza M4\/M5?<\/strong><\/p>\n<p>Estas incrustaciones son adecuadas para una amplia gama de aplicaciones, que incluyen:<\/p>\n<ul>\n<li><strong>Gesti\u00f3n de inventario:<\/strong>\u00a0Seguimiento de los niveles de inventario y del movimiento de productos dentro de almacenes y tiendas minoristas.<\/li>\n<li><strong>Seguimiento de activos:<\/strong>\u00a0Monitoreo de activos, equipos y herramientas en diversos entornos.<\/li>\n<li><strong>Gesti\u00f3n de la cadena de suministro:<\/strong>\u00a0Mejorar la visibilidad y la transparencia de la cadena de suministro.<\/li>\n<li><strong>Lucha contra la falsificaci\u00f3n:<\/strong>\u00a0Prevenir la falsificaci\u00f3n de productos y garantizar la autenticidad.<\/li>\n<li><strong>Control de acceso:<\/strong>\u00a0Gestionar el acceso a \u00e1reas seguras o espacios restringidos.<\/li>\n<\/ul>\n<p><strong>4. \u00bfC\u00f3mo puedo elegir la incrustaci\u00f3n RFID adecuada para mi aplicaci\u00f3n espec\u00edfica?<\/strong><\/p>\n<p>La elecci\u00f3n \u00f3ptima de la incrustaci\u00f3n RFID depende de los requisitos espec\u00edficos de su aplicaci\u00f3n:<\/p>\n<ul>\n<li><strong>Necesidades de almacenamiento de datos:<\/strong>\u00a0Si necesita almacenar una gran cantidad de datos, considere el Monza M5 con su mayor capacidad de memoria.<\/li>\n<li><strong>Rango de lectura:<\/strong>\u00a0Determine el rango de lectura requerido para garantizar la identificaci\u00f3n adecuada de la etiqueta.<\/li>\n<li><strong>Condiciones ambientales:<\/strong>\u00a0Tenga en cuenta el entorno operativo (temperatura, humedad, etc.) para seleccionar una incrustaci\u00f3n robusta.<\/li>\n<li><strong>Tipo de aplicaci\u00f3n:<\/strong>\u00a0La aplicaci\u00f3n espec\u00edfica (por ejemplo, seguimiento de inventario, gesti\u00f3n de activos) influir\u00e1 en la elecci\u00f3n de la incrustaci\u00f3n.<\/li>\n<\/ul>\n<p><strong>5. \u00bfCu\u00e1les son los costos t\u00edpicos asociados con las incrustaciones RFID que utilizan chips Monza M4\/M5?<\/strong><\/p>\n<p>El costo de las incrustaciones RFID var\u00eda seg\u00fan factores como el tipo de chip, el dise\u00f1o de la incrustaci\u00f3n, la cantidad solicitada y las caracter\u00edsticas adicionales. Comun\u00edquese con los fabricantes o proveedores de RFID para obtener informaci\u00f3n precisa sobre los precios.<\/p>\n<p><strong>6. \u00bfLas incrustaciones Monza M4\/M5 son compatibles con los lectores RFID est\u00e1ndar?<\/strong><\/p>\n<p>S\u00ed, estas incrustaciones est\u00e1n dise\u00f1adas para funcionar con lectores RFID est\u00e1ndar de la industria que operan en el rango de frecuencia UHF.<\/p>\n<p><strong>7. \u00bfD\u00f3nde puedo comprar inserciones RFID Monza M4\/M5?<\/strong><\/p>\n<p>Las incrustaciones RFID con chips Monza M4\/M5 est\u00e1n ampliamente disponibles de varios fabricantes y proveedores especializados en tecnolog\u00eda RFID.<\/p>\n<p><strong>8. \u00bfHay recursos disponibles que me ayuden a aprender m\u00e1s sobre la tecnolog\u00eda RFID?<\/strong><\/p>\n<p>S\u00ed, puede encontrar numerosos recursos en l\u00ednea y a trav\u00e9s de asociaciones de la industria RFID:<\/p>\n<ul>\n<li><strong>Revista RFID:<\/strong>\u00a0Una fuente l\u00edder de noticias e informaci\u00f3n sobre RFID.<\/li>\n<li><strong>Asociaci\u00f3n de la Industria RFID (RFIDIA):<\/strong>\u00a0Una organizaci\u00f3n global que promueve el uso de la tecnolog\u00eda RFID.<\/li>\n<li><strong>Sitios web de fabricantes:<\/strong>\u00a0Consulte los sitios web de los principales fabricantes de chips RFID para obtener documentaci\u00f3n t\u00e9cnica y soporte.<\/li>\n<\/ul>\n<\/div>\n<div class=\"auto-hide-last-sibling-br paragraph_9dc5f paragraph-element\"><\/div>\n<div class=\"auto-hide-last-sibling-br paragraph_9dc5f paragraph-element\"><\/div>","protected":false},"excerpt":{"rendered":"<p>Chips Monza M4 con incrustaciones RFID UHF para inventario, seguimiento de activos y lucha contra la falsificaci\u00f3n. Altos rangos de lectura, acceso r\u00e1pido a los datos y rendimiento robusto.<\/p>","protected":false},"featured_media":724,"template":"","meta":{"_kad_post_transparent":"default","_kad_post_title":"","_kad_post_layout":"default","_kad_post_sidebar_id":"","_kad_post_content_style":"default","_kad_post_vertical_padding":"default","_kad_post_feature":"","_kad_post_feature_position":"","_kad_post_header":false,"_kad_post_footer":false,"_kad_post_classname":""},"product_brand":[],"product_cat":[54,189],"product_tag":[108,190],"class_list":{"0":"post-723","1":"product","2":"type-product","3":"status-publish","4":"has-post-thumbnail","6":"product_cat-hot-selling-rfid-tags","7":"product_cat-rfid-inlay","8":"product_tag-rfid-inlay","9":"product_tag-uhf-rfid-inlay-monza-m4-m5-chips","11":"first","12":"instock","13":"shipping-taxable","14":"product-type-simple","15":"entry","16":"content-bg","17":"loop-entry"},"_links":{"self":[{"href":"https:\/\/rfid-laundry-tag.com\/es\/wp-json\/wp\/v2\/product\/723","targetHints":{"allow":["GET"]}}],"collection":[{"href":"https:\/\/rfid-laundry-tag.com\/es\/wp-json\/wp\/v2\/product"}],"about":[{"href":"https:\/\/rfid-laundry-tag.com\/es\/wp-json\/wp\/v2\/types\/product"}],"version-history":[{"count":4,"href":"https:\/\/rfid-laundry-tag.com\/es\/wp-json\/wp\/v2\/product\/723\/revisions"}],"predecessor-version":[{"id":1331,"href":"https:\/\/rfid-laundry-tag.com\/es\/wp-json\/wp\/v2\/product\/723\/revisions\/1331"}],"wp:featuredmedia":[{"embeddable":true,"href":"https:\/\/rfid-laundry-tag.com\/es\/wp-json\/wp\/v2\/media\/724"}],"wp:attachment":[{"href":"https:\/\/rfid-laundry-tag.com\/es\/wp-json\/wp\/v2\/media?parent=723"}],"wp:term":[{"taxonomy":"product_brand","embeddable":true,"href":"https:\/\/rfid-laundry-tag.com\/es\/wp-json\/wp\/v2\/product_brand?post=723"},{"taxonomy":"product_cat","embeddable":true,"href":"https:\/\/rfid-laundry-tag.com\/es\/wp-json\/wp\/v2\/product_cat?post=723"},{"taxonomy":"product_tag","embeddable":true,"href":"https:\/\/rfid-laundry-tag.com\/es\/wp-json\/wp\/v2\/product_tag?post=723"}],"curies":[{"name":"wp","href":"https:\/\/api.w.org\/{rel}","templated":true}]}}