{"id":64,"date":"2024-06-10T16:33:33","date_gmt":"2024-06-10T16:33:33","guid":{"rendered":"https:\/\/rfid-laundry-tag.com\/?post_type=product&#038;p=64"},"modified":"2024-06-11T16:36:19","modified_gmt":"2024-06-11T16:36:19","slug":"nfc-button-ntag213","status":"publish","type":"product","link":"https:\/\/rfid-laundry-tag.com\/es\/nfc-button-ntag213\/","title":{"rendered":"Bot\u00f3n NFC | ntag213"},"content":{"rendered":"<div class=\"J_module\">\n<div class=\"ife-detail-decorate-table\">\n<table class=\"has-title all magic-6\">\n<tbody>\n<tr>\n<td colspan=\"1\" rowspan=\"1\">\n<div class=\"magic-7\" data-spm-anchor-id=\"a2700.details.0.i45.77607d98vZbcDU\"><span class=\"magic-8\" style=\"color: #363535;\">Nombre del \u00e1rticulo<\/span><\/div>\n<\/td>\n<td colspan=\"1\" rowspan=\"1\">\n<div class=\"magic-9\">Bot\u00f3n NFC | ntag213<\/div>\n<\/td>\n<\/tr>\n<tr>\n<td colspan=\"1\" rowspan=\"1\">\n<div class=\"magic-7\"><span class=\"magic-10\" data-spm-anchor-id=\"a2700.pc-decorate.0.i10.28d333330XLbTD\"><span class=\"magic-8\">Material<\/span><\/span><\/div>\n<\/td>\n<td colspan=\"1\" rowspan=\"1\">\n<div class=\"magic-9\"><span class=\"magic-8\">PPP<\/span><\/div>\n<\/td>\n<\/tr>\n<tr>\n<td colspan=\"1\" rowspan=\"1\">\n<div class=\"magic-7\"><span class=\"magic-8\">Color<\/span><\/div>\n<\/td>\n<td colspan=\"1\" rowspan=\"1\">\n<div class=\"magic-9\"><span class=\"magic-8\">Negro, amarillo, etc.<\/span><\/div>\n<\/td>\n<\/tr>\n<tr>\n<td colspan=\"1\" rowspan=\"1\">Cantidad m\u00ednima de pedido<\/td>\n<td colspan=\"1\" rowspan=\"1\">500 piezas<\/td>\n<\/tr>\n<tr>\n<td colspan=\"1\" rowspan=\"1\">\n<div class=\"magic-7\"><span class=\"magic-8\">Fabricante\/chip<\/span><\/div>\n<\/td>\n<td colspan=\"1\" rowspan=\"1\">\n<div class=\"magic-9\"><span class=\"magic-8\">NXP Ntag213 <\/span><\/div>\n<\/td>\n<\/tr>\n<tr>\n<td colspan=\"1\" rowspan=\"1\">\n<div class=\"magic-7\"><span class=\"magic-8\">Frecuencia<\/span><\/div>\n<\/td>\n<td colspan=\"1\" rowspan=\"1\">\n<div class=\"magic-9\"><span class=\"magic-8\">13,56MHz<\/span><\/div>\n<\/td>\n<\/tr>\n<tr>\n<td colspan=\"1\" rowspan=\"1\">\n<div class=\"magic-7\"><span class=\"magic-8\">Memoria<\/span><\/div>\n<\/td>\n<td colspan=\"1\" rowspan=\"1\">\n<div class=\"magic-9\"><span class=\"magic-8\">144 bytes<\/span><\/div>\n<\/td>\n<\/tr>\n<tr>\n<td colspan=\"1\" rowspan=\"1\">\n<div class=\"magic-7\"><span class=\"magic-8\">Leer distancia<\/span><\/div>\n<\/td>\n<td colspan=\"1\" rowspan=\"1\">\n<div class=\"magic-9\"><span class=\"magic-8\">1~5cm<\/span><\/div>\n<\/td>\n<\/tr>\n<tr>\n<td colspan=\"1\" rowspan=\"1\">\n<div class=\"magic-7\"><span class=\"magic-8\">Modo de trabajo<\/span><\/div>\n<\/td>\n<td colspan=\"1\" rowspan=\"1\">\n<div class=\"magic-9\"><span class=\"magic-8\">pasivo<\/span><\/div>\n<\/td>\n<\/tr>\n<tr>\n<td colspan=\"1\" rowspan=\"1\">\n<div class=\"magic-7\"><span class=\"magic-8\">Temperatura de trabajo<\/span><\/div>\n<\/td>\n<td colspan=\"1\" rowspan=\"1\">\n<div class=\"magic-9\"><span class=\"magic-8\">-25\u2103~+110\u2103<\/span><\/div>\n<\/td>\n<\/tr>\n<tr>\n<td colspan=\"1\" rowspan=\"1\">\n<div class=\"magic-7\"><span class=\"magic-8\">Temperatura de almacenamiento<\/span><\/div>\n<\/td>\n<td colspan=\"1\" rowspan=\"1\">\n<div class=\"magic-9\"><span class=\"magic-8\">-40\u2103~+85\u2103<\/span><\/div>\n<\/td>\n<\/tr>\n<tr>\n<td colspan=\"1\" rowspan=\"1\">\n<div class=\"magic-7\">\n<div><span class=\"magic-8\">\u00a0<\/span><\/div>\n<p><span class=\"magic-8\">Resistencia a la temperatura a corto plazo<\/span><\/p>\n<\/div>\n<\/td>\n<td colspan=\"1\" rowspan=\"1\">\n<div class=\"magic-9\"><span class=\"magic-8\">lavado: 90 \u2103, 15 minutos; presecado del convertidor: 180 \u2103, 30 minutos, 200 veces; planchado: 180 \u2103, 10 segundos, 200 veces; alto<br \/>\nesterilizaci\u00f3n a temperatura: 135 \u2103, 20 minutos<\/span><\/div>\n<\/td>\n<\/tr>\n<tr>\n<td colspan=\"1\" rowspan=\"1\">\n<div class=\"magic-7\"><span class=\"magic-8\">Caracter\u00edsticas<\/span><\/div>\n<\/td>\n<td colspan=\"1\" rowspan=\"1\">\n<div class=\"magic-9\"><span class=\"magic-8\">resistente al agua, lavable, resistente a altas temperaturas<\/span><\/div>\n<\/td>\n<\/tr>\n<tr>\n<td colspan=\"1\" rowspan=\"1\">\n<div class=\"magic-7\"><span class=\"magic-8\">Vida<\/span><\/div>\n<\/td>\n<td colspan=\"1\" rowspan=\"1\">\n<div class=\"magic-9\"><span class=\"magic-8\">lavado 200 veces o 3 a\u00f1os<\/span><\/div>\n<\/td>\n<\/tr>\n<tr>\n<td colspan=\"1\" rowspan=\"1\">\n<div class=\"magic-7\"><span class=\"magic-8\">Aplicaciones<\/span><\/div>\n<\/td>\n<td colspan=\"1\" rowspan=\"1\">\n<div class=\"magic-9\"><span class=\"magic-8\">gesti\u00f3n y seguimiento de lavander\u00eda<\/span><\/div>\n<\/td>\n<\/tr>\n<\/tbody>\n<\/table>\n<\/div>\n<\/div>\n<div class=\"J_module\">\n<div class=\"detail-decorate-json-renderer-container\">\n<div class=\"magic-1\">\n<div>\n<div><\/div>\n<div class=\"auto-hide-last-sibling-br paragraph_1252f paragraph-element\"><strong>Chip NTAG213 de la hoja de datos del bot\u00f3n NFC:<\/strong><\/div>\n<ul class=\"auto-hide-last-sibling-br\">\n<li>Fabricante: Semiconductores NXP<\/li>\n<li>Tipo de chip: NTAG213 (ISO\/IEC 14443 A)<\/li>\n<li>Memoria: 144 bytes de memoria total, divididos en 42 p\u00e1ginas (4 bytes cada una)<\/li>\n<li>Permitir lectura y escritura<\/li>\n<li>Funci\u00f3n de espejo UID ASCII<\/li>\n<li>Firma de originalidad integrada<\/li>\n<li>Compatible con etiqueta NFC Forum tipo 2<\/li>\n<\/ul>\n<\/div>\n<div class=\"magic-2\">\n<div>\n<div class=\"auto-hide-last-sibling-br paragraph_1252f paragraph-element\">\n<div class=\"auto-hide-last-sibling-br paragraph_1252f paragraph-element\">Las etiquetas NFC para lavander\u00eda con chips NTAG213 son una excelente opci\u00f3n para entornos que requieren alta durabilidad y seguimiento confiable, como lavander\u00edas comerciales e industriales, almacenes y empresas de log\u00edstica. Con su robusta carcasa de pl\u00e1stico PPS, pueden resistir eficazmente desaf\u00edos ambientales como humedad, aceites, productos qu\u00edmicos, altas presiones y altas temperaturas.<\/div>\n<p>&nbsp;<\/p>\n<div class=\"auto-hide-last-sibling-br paragraph_1252f paragraph-element\"><strong>Las ventajas clave de las etiquetas NFC PPS para lavander\u00eda con chips NTAG213 incluyen:<\/strong><\/div>\n<div><\/div>\n<div class=\"auto-hide-last-sibling-br paragraph_1252f paragraph-element\"><strong>Memoria protegida por contrase\u00f1a:<\/strong>\u00a0Con la funci\u00f3n de protecci\u00f3n con contrase\u00f1a de NTAG213, puede proteger los datos almacenados en la etiqueta, agregando una capa adicional de seguridad para evitar accesos o cambios no autorizados.<\/div>\n<div class=\"auto-hide-last-sibling-br paragraph_1252f paragraph-element\"><strong>Excelente distancia de escaneo:<\/strong>\u00a0Aunque NFC est\u00e1 dise\u00f1ado para comunicaciones de corto alcance, el chip NTAG213 se ha desarrollado para proporcionar una distancia de escaneo excelente, lo que permite un seguimiento de art\u00edculos m\u00e1s r\u00e1pido y preciso.<\/div>\n<div class=\"auto-hide-last-sibling-br paragraph_1252f paragraph-element\"><strong>Verdadera caracter\u00edstica anticolisi\u00f3n:<\/strong>\u00a0Esta caracter\u00edstica permite que el dispositivo lector escanee e interact\u00fae con m\u00faltiples etiquetas simult\u00e1neamente. Esto resulta \u00fatil en situaciones en las que es necesario rastrear una gran cantidad de art\u00edculos a la vez, como en lotes de ropa sucia o paletas en almacenes.<\/div>\n<p>&nbsp;<\/p>\n<div class=\"auto-hide-last-sibling-br paragraph_1252f paragraph-element\"><strong>Aplicaci\u00f3n flexible:<\/strong>\u00a0Las etiquetas NFC PPS Laundry se pueden coser sobre tela o adherir a varias superficies, lo que las hace vers\u00e1tiles para rastrear no solo ropa de cama, sino tambi\u00e9n herramientas, equipos o cualquier otro art\u00edculo que deba soportar condiciones dif\u00edciles.<\/div>\n<p>&nbsp;<\/p>\n<div class=\"auto-hide-last-sibling-br paragraph_1252f paragraph-element\">En general, el uso de estas etiquetas NFC PPS para lavander\u00eda duraderas, vers\u00e1tiles y eficientes ayuda a optimizar significativamente las operaciones y la gesti\u00f3n de inventario de diversas industrias que manejan operaciones de gran volumen y alta frecuencia.<\/div>\n<\/div>\n<\/div>\n<\/div>\n<\/div>\n<\/div>\n<\/div>","protected":false},"excerpt":{"rendered":"<div class=\"auto-hide-last-sibling-br paragraph_1252f paragraph-element\">El bot\u00f3n NFC, o m\u00e1s com\u00fanmente conocido como etiqueta de lavander\u00eda PPS RFID, est\u00e1 dise\u00f1ado espec\u00edficamente para atender aplicaciones que exigen una etiqueta duradera capaz de soportar condiciones de trabajo severas.<\/div>\n<div class=\"auto-hide-last-sibling-br paragraph_1252f paragraph-element\">Actualmente, la mayor parte del mercado se inclina hacia el uso de transpondedores de lavander\u00eda UHF. Sin embargo, ciertos escenarios tambi\u00e9n requieren el uso de etiquetas de lavander\u00eda NFC que admitan aplicaciones m\u00f3viles. Los transpondedores de lavander\u00eda RFID con botones satisfacen eficazmente estas necesidades.<\/div>\n<div class=\"auto-hide-last-sibling-br paragraph_1252f paragraph-element\"><\/div>","protected":false},"featured_media":65,"template":"","meta":{"_kad_post_transparent":"default","_kad_post_title":"","_kad_post_layout":"default","_kad_post_sidebar_id":"","_kad_post_content_style":"default","_kad_post_vertical_padding":"default","_kad_post_feature":"","_kad_post_feature_position":"","_kad_post_header":false,"_kad_post_footer":false,"_kad_post_classname":""},"product_brand":[],"product_cat":[21,17],"product_tag":[37,36,35,33],"class_list":{"0":"post-64","1":"product","2":"type-product","3":"status-publish","4":"has-post-thumbnail","6":"product_cat-pps-rfid-laundry-tag","7":"product_cat-nfc-rfid-laundry-tag","8":"product_tag-nfc-button","9":"product_tag-nfc-button-ntag213","10":"product_tag-rfid-button","11":"product_tag-rfid-laundry-tag-button","13":"first","14":"instock","15":"shipping-taxable","16":"product-type-simple","17":"entry","18":"content-bg","19":"loop-entry"},"_links":{"self":[{"href":"https:\/\/rfid-laundry-tag.com\/es\/wp-json\/wp\/v2\/product\/64","targetHints":{"allow":["GET"]}}],"collection":[{"href":"https:\/\/rfid-laundry-tag.com\/es\/wp-json\/wp\/v2\/product"}],"about":[{"href":"https:\/\/rfid-laundry-tag.com\/es\/wp-json\/wp\/v2\/types\/product"}],"version-history":[{"count":0,"href":"https:\/\/rfid-laundry-tag.com\/es\/wp-json\/wp\/v2\/product\/64\/revisions"}],"wp:featuredmedia":[{"embeddable":true,"href":"https:\/\/rfid-laundry-tag.com\/es\/wp-json\/wp\/v2\/media\/65"}],"wp:attachment":[{"href":"https:\/\/rfid-laundry-tag.com\/es\/wp-json\/wp\/v2\/media?parent=64"}],"wp:term":[{"taxonomy":"product_brand","embeddable":true,"href":"https:\/\/rfid-laundry-tag.com\/es\/wp-json\/wp\/v2\/product_brand?post=64"},{"taxonomy":"product_cat","embeddable":true,"href":"https:\/\/rfid-laundry-tag.com\/es\/wp-json\/wp\/v2\/product_cat?post=64"},{"taxonomy":"product_tag","embeddable":true,"href":"https:\/\/rfid-laundry-tag.com\/es\/wp-json\/wp\/v2\/product_tag?post=64"}],"curies":[{"name":"wp","href":"https:\/\/api.w.org\/{rel}","templated":true}]}}