{"id":54,"date":"2024-06-10T14:55:28","date_gmt":"2024-06-10T14:55:28","guid":{"rendered":"https:\/\/rfid-laundry-tag.com\/?post_type=product&#038;p=54"},"modified":"2024-09-26T04:26:47","modified_gmt":"2024-09-26T04:26:47","slug":"rfid-tag-for-linen-laundry","status":"publish","type":"product","link":"https:\/\/rfid-laundry-tag.com\/es\/rfid-tag-for-linen-laundry\/","title":{"rendered":"Etiqueta RFID para lavander\u00eda de ropa"},"content":{"rendered":"<div>\n<div class=\"auto-hide-last-sibling-br paragraph_1252f paragraph-element\">\n<h1><strong>Etiqueta RFID para lavander\u00eda de ropa<\/strong><\/h1>\n<p><strong>F\u00edsico:<\/strong><\/p>\n<p>Material: poli\u00e9ster 100%<\/p>\n<p>Tama\u00f1o: 70 mm \u00d7 15 mm x 1,5 mm<\/p>\n<p>Chip: NXP U C\u00d3DIGO U8,U9, etc.<\/p>\n<p>M\u00e9todo de instalaci\u00f3n de la etiqueta: Tipo de costura, Planchado<\/p>\n<p>Protocolo: ISO18ooo-6C<\/p>\n<p>Planchado: 15 segundos a 210 \u2103<\/p>\n<p>Exposici\u00f3n: 2,5 bar<\/p>\n<p>Secado: 15 minutos a 180\u00b0C<\/p>\n<p>Lavado: 15 minutos a 90\u2103<\/p>\n<p>Ciclos de lavado: m\u00e1s de 200 ciclos o 3 a\u00f1os.<\/p>\n<p>Condiciones de almacenamiento: -20-80 \u2103, 5-95%RH<\/p>\n<p>&nbsp;<\/p>\n<\/div>\n<div class=\"auto-hide-last-sibling-br paragraph_1252f paragraph-element\">Lo que distingue a nuestras etiquetas RFID UHF para lavander\u00eda de la variedad de otras etiquetas para ropa blanca del mercado es su apariencia elegante y l\u00facida. Son incre\u00edblemente delgadas, con un grosor imperceptible de 0,55 mm, lo que las convierte en las etiquetas m\u00e1s delgadas disponibles en el mercado. En resumen, nuestras etiquetas ofrecen una soluci\u00f3n RFID UHF progresiva para ropa, presentando una combinaci\u00f3n ideal de asequibilidad, robustez y sutileza.<\/div>\n<\/div>\n<div><\/div>\n<div class=\"auto-hide-last-sibling-br paragraph_1252f paragraph-element\">\n<div data-spm-anchor-id=\"a2700.details.0.i57.23b419c7xXORP0\"><span data-spm-anchor-id=\"a2700.details.0.i75.23b419c7xXORP0\"><b>Caracter\u00edstica:<\/b><br \/>\n1) Tecnolog\u00eda UHF para leer cientos de etiquetas simult\u00e1neamente.<br \/>\n2) Distancia de lectura de m\u00e1s de 8 pies.<br \/>\n3) Nuevo dise\u00f1o mec\u00e1nico para mejorar el rendimiento de la ropa plana.<br \/>\n4) Apto para extractores de alta presi\u00f3n hasta 60 bar.<br \/>\n5) Adecuado para esterilizaci\u00f3n en Autoclave.<br \/>\n6) Material peque\u00f1o, suave y flexible ideal para textiles, ropa de cama, prendas y accesorios.<\/span><\/div>\n<\/div>\n<div data-spm-anchor-id=\"a2700.details.0.i57.23b419c7xXORP0\"><\/div>\n<div data-spm-anchor-id=\"a2700.details.0.i57.23b419c7xXORP0\">\n<p><img fetchpriority=\"high\" decoding=\"async\" class=\"wp-image-55\" src=\"https:\/\/rfid-laundry-tag.com\/wp-content\/uploads\/2024\/06\/4-300x275.png\" alt=\"RFID Tag for linen laundry\" width=\"605\" height=\"555\" srcset=\"https:\/\/rfid-laundry-tag.com\/wp-content\/uploads\/2024\/06\/4-300x275.png 300w, https:\/\/rfid-laundry-tag.com\/wp-content\/uploads\/2024\/06\/4-600x550.png 600w, https:\/\/rfid-laundry-tag.com\/wp-content\/uploads\/2024\/06\/4-13x12.png 13w, https:\/\/rfid-laundry-tag.com\/wp-content\/uploads\/2024\/06\/4.png 750w\" sizes=\"(max-width: 605px) 100vw, 605px\" \/><\/p>\n<\/div>\n<h3 class=\"wp-block-heading\">Instalaci\u00f3n<\/h3>\n<p><strong>Etiquetado de puntadas<\/strong>: Para ser cosido en el dobladillo de un textil. Cose la etiqueta de lavander\u00eda lejos de las l\u00edneas de plegado.<br \/>\n<strong>Termosellado<\/strong>: Para termosellar directamente sobre el textil a +200\u00b0C (392\u00b0F), durante 12~14s.<br \/>\n<strong>En bolsa<\/strong>: Para coser como una etiqueta de cuidado est\u00e1ndar. Cose la etiqueta de lavander\u00eda lejos de las l\u00edneas de plegado.<\/p>\n<h3>Beneficios del uso de etiquetas RFID en la gesti\u00f3n de lavander\u00edas<\/h3>\n<p>La incorporaci\u00f3n de etiquetas RFID en las operaciones de lavander\u00eda permite una mayor eficiencia. El seguimiento autom\u00e1tico permite la gesti\u00f3n del inventario en tiempo real, lo que minimiza las p\u00e9rdidas y libera tiempo a los empleados.\u00a0<strong>etiquetas RFID textiles<\/strong>\u00a0Ofrecer a empresas y hogares la posibilidad de gestionar y rastrear ropa de cama, prendas y otros art\u00edculos de lavander\u00eda con una precisi\u00f3n sin precedentes, mejorando tanto la calidad del servicio como la satisfacci\u00f3n del cliente.<\/p>\n<div class=\"auto-hide-last-sibling-br paragraph_1252f paragraph-element\">\n<div class=\"auto-hide-last-sibling-br paragraph_1252f paragraph-element\">Las etiquetas RFID para lavander\u00eda son indispensables en innumerables industrias, ya que impulsan de manera crucial el seguimiento eficiente de activos, la gesti\u00f3n de inventario y aumentan la eficiencia operativa general. He aqu\u00ed un vistazo a su aplicaci\u00f3n en varios sectores:<\/div>\n<ul class=\"auto-hide-last-sibling-br\">\n<li>\n<div class=\"auto-hide-last-sibling-br paragraph_1252f paragraph-element\">Atenci\u00f3n sanitaria: los hospitales y otras instalaciones m\u00e9dicas utilizan etiquetas RFID para ropa para gestionar grandes inventarios de ropa de cama, toallas, batas, uniformes y ropa quir\u00fargica. Esto ayuda a minimizar las p\u00e9rdidas, gestionar los ciclos de lavado y garantizar que haya ropa de cama limpia y fresca disponible constantemente seg\u00fan las necesidades.<\/div>\n<\/li>\n<li>\n<div class=\"auto-hide-last-sibling-br paragraph_1252f paragraph-element\">Hoteles: En la industria hotelera, la gesti\u00f3n de la ropa de cama es una tarea colosal, con miles de art\u00edculos como ropa de cama, toallas, cortinas y batas en circulaci\u00f3n. Las etiquetas RFID para ropa ayudan a agilizar esta tarea, garantizando una limpieza y sustituci\u00f3n oportunas y ayudando en la detecci\u00f3n y prevenci\u00f3n de robos.<\/div>\n<\/li>\n<li>\n<div class=\"auto-hide-last-sibling-br paragraph_1252f paragraph-element\">Restaurantes: dentro de la industria de servicios de alimentos, las etiquetas RFID ayudan a monitorear la utilizaci\u00f3n y limpieza de uniformes, manteles, servilletas y delantales de chef. Esto puede mejorar los est\u00e1ndares de limpieza y ayudar a mantener una apariencia ordenada y profesional.<\/div>\n<\/li>\n<li>\n<div class=\"auto-hide-last-sibling-br paragraph_1252f paragraph-element\">Industrias de la moda: en el auge de la moda, las etiquetas RFID desempe\u00f1an un papel importante en el seguimiento de los art\u00edculos a lo largo de la cadena de suministro, desde la producci\u00f3n hasta la exhibici\u00f3n minorista. Pueden ofrecer informaci\u00f3n valiosa como origen, historial de viajes e incluso detalles complejos sobre la tela y las instrucciones de cuidado.<\/div>\n<\/li>\n<li>\n<div class=\"auto-hide-last-sibling-br paragraph_1252f paragraph-element\">Ropa de trabajo\/ropa ign\u00edfuga: las empresas utilizan etiquetas RFID para rastrear y gestionar prendas de vestir especiales. Esto incluye garantizar que la ropa ign\u00edfuga u otra protecci\u00f3n se revise peri\u00f3dicamente, se limpie adecuadamente y se reemplace cuando sea necesario.<\/div>\n<\/li>\n<li>\n<div class=\"auto-hide-last-sibling-br paragraph_1252f paragraph-element\">Calzado y m\u00e1scaras: de gran importancia en industrias como la atenci\u00f3n m\u00e9dica y la construcci\u00f3n, donde la seguridad no puede verse comprometida, el seguimiento del uso, la limpieza y el mantenimiento de art\u00edculos como m\u00e1scaras y zapatos de seguridad se simplifica con el uso de etiquetas RFID.<\/div>\n<\/li>\n<li>\n<div class=\"auto-hide-last-sibling-br paragraph_1252f paragraph-element\">Tapetes y trapeadores: las empresas que brindan servicios de limpieza o administran grandes instalaciones pueden beneficiarse de las etiquetas RFID en tapetes y trapeadores. Podr\u00e1n realizar un seguimiento del uso y el mantenimiento, garantizando herramientas limpias y eficientes en todo momento.<\/div>\n<\/li>\n<\/ul>\n<h3>Compras respetuosas con el medio ambiente<\/h3>\n<p>Nuestras etiquetas RFID est\u00e1n dise\u00f1adas teniendo en cuenta el respeto al medio ambiente. Al minimizar la manipulaci\u00f3n manual y reducir los art\u00edculos extraviados, puede ayudar a reducir la huella de carbono asociada con las operaciones de lavander\u00eda.\u00a0<strong>Etiquetas RFID para lavander\u00eda<\/strong>\u00a0Pueden reciclarse al final de su ciclo de vida, contribuyendo as\u00ed a pr\u00e1cticas sostenibles.<\/p>\n<h3>\u00bfQu\u00e9 es la tecnolog\u00eda RFID UHF?<\/h3>\n<p>La tecnolog\u00eda RFID (identificaci\u00f3n por radiofrecuencia) utiliza campos electromagn\u00e9ticos para identificar y rastrear autom\u00e1ticamente las etiquetas adheridas a los objetos. La tecnolog\u00eda RFID UHF opera dentro del rango de frecuencia ultraalta, lo que permite distancias de lectura m\u00e1s largas e identificaci\u00f3n m\u00e1s r\u00e1pida, lo que la hace ideal para aplicaciones de lavander\u00eda. Las etiquetas RFID UHF se pueden coser o adherir a prendas y ropa de cama, lo que permite un seguimiento eficiente durante todo el proceso de lavado.<\/p>\n<h3>Preguntas frecuentes (FAQ)<\/h3>\n<p><strong>P1: \u00bfLas etiquetas de lavander\u00eda RFID son compatibles con todos los sistemas de lavander\u00eda?<\/strong><br \/>\n<strong>A1:<\/strong>\u00a0S\u00ed, nuestras etiquetas RFID est\u00e1n dise\u00f1adas para funcionar perfectamente con los lectores RFID est\u00e1ndar utilizados en instalaciones de lavander\u00eda.<\/p>\n<p><strong>P2: \u00bfC\u00f3mo puedo reciclar etiquetas RFID usadas?<\/strong><br \/>\n<strong>A2:<\/strong>\u00a0Despu\u00e9s de su ciclo de vida, puede devolvernos las etiquetas para reciclarlas o consultar las instalaciones locales que manejan desechos electr\u00f3nicos.<\/p>\n<p><strong>P3: \u00bfPuedo etiquetar art\u00edculos de lavander\u00eda para uso personal?<\/strong><br \/>\n<strong>A3:<\/strong>\u00a0\u00a1Por supuesto! Estas etiquetas tambi\u00e9n se pueden utilizar en los hogares para controlar de manera eficiente la ropa lavada en familia.<\/p>\n<h3>\u00bfPor qu\u00e9 elegirnos para sus soluciones RFID?<\/h3>\n<p>Con a\u00f1os de experiencia en tecnolog\u00eda RFID, ofrecemos soluciones innovadoras, duraderas y de alta calidad dise\u00f1adas para la industria de la lavander\u00eda. Nuestros productos est\u00e1n dise\u00f1ados para satisfacer diversas necesidades operativas, manteniendo la asequibilidad y la responsabilidad ambiental.<\/p>\n<p>Lo invitamos a transformar sus operaciones de lavander\u00eda hoy mismo invirtiendo en nuestras etiquetas RFID UHF para ropa blanca. Con resultados comprobados en la mejora de la eficiencia, la gesti\u00f3n de textiles y la garant\u00eda de la responsabilidad, estas etiquetas no son solo una inversi\u00f3n en tecnolog\u00eda, sino una inversi\u00f3n en tranquilidad.<\/p>\n<h3>Conclusi\u00f3n<\/h3>\n<p>Al adoptar el futuro de la gesti\u00f3n de lavander\u00eda, la integraci\u00f3n de la tecnolog\u00eda RFID UHF en sus operaciones mejorar\u00e1 significativamente su eficiencia y confiabilidad. No pierda la oportunidad de mejorar sus capacidades de procesamiento de lavander\u00eda.<\/p>\n<\/div>","protected":false},"excerpt":{"rendered":"<div class=\"auto-hide-last-sibling-br paragraph_1252f paragraph-element\">Mejore la eficiencia de la lavander\u00eda con nuestras etiquetas RFID UHF duraderas, dise\u00f1adas para ropa blanca y prendas de vestir. Lavables, resistentes a la temperatura e ideales para el seguimiento.<\/div>\n<div><\/div>\n<div class=\"auto-hide-last-sibling-br paragraph_1252f paragraph-element\"><\/div>","protected":false},"featured_media":58,"template":"","meta":{"_kad_post_transparent":"default","_kad_post_title":"","_kad_post_layout":"default","_kad_post_sidebar_id":"","_kad_post_content_style":"default","_kad_post_vertical_padding":"default","_kad_post_feature":"","_kad_post_feature_position":"","_kad_post_header":false,"_kad_post_footer":false,"_kad_post_classname":""},"product_brand":[],"product_cat":[19],"product_tag":[25,285,30,28],"class_list":{"0":"post-54","1":"product","2":"type-product","3":"status-publish","4":"has-post-thumbnail","6":"product_cat-textile-rfid-laundry-tag","7":"product_tag-rfid-laundrytags","8":"product_tag-rfid-tag","9":"product_tag-uhf-rfid-laundry-tag","10":"product_tag-washable-rfid-tags","12":"first","13":"instock","14":"shipping-taxable","15":"product-type-simple","16":"entry","17":"content-bg","18":"loop-entry"},"_links":{"self":[{"href":"https:\/\/rfid-laundry-tag.com\/es\/wp-json\/wp\/v2\/product\/54","targetHints":{"allow":["GET"]}}],"collection":[{"href":"https:\/\/rfid-laundry-tag.com\/es\/wp-json\/wp\/v2\/product"}],"about":[{"href":"https:\/\/rfid-laundry-tag.com\/es\/wp-json\/wp\/v2\/types\/product"}],"version-history":[{"count":3,"href":"https:\/\/rfid-laundry-tag.com\/es\/wp-json\/wp\/v2\/product\/54\/revisions"}],"predecessor-version":[{"id":2684,"href":"https:\/\/rfid-laundry-tag.com\/es\/wp-json\/wp\/v2\/product\/54\/revisions\/2684"}],"wp:featuredmedia":[{"embeddable":true,"href":"https:\/\/rfid-laundry-tag.com\/es\/wp-json\/wp\/v2\/media\/58"}],"wp:attachment":[{"href":"https:\/\/rfid-laundry-tag.com\/es\/wp-json\/wp\/v2\/media?parent=54"}],"wp:term":[{"taxonomy":"product_brand","embeddable":true,"href":"https:\/\/rfid-laundry-tag.com\/es\/wp-json\/wp\/v2\/product_brand?post=54"},{"taxonomy":"product_cat","embeddable":true,"href":"https:\/\/rfid-laundry-tag.com\/es\/wp-json\/wp\/v2\/product_cat?post=54"},{"taxonomy":"product_tag","embeddable":true,"href":"https:\/\/rfid-laundry-tag.com\/es\/wp-json\/wp\/v2\/product_tag?post=54"}],"curies":[{"name":"wp","href":"https:\/\/api.w.org\/{rel}","templated":true}]}}