{"id":52,"date":"2024-06-09T15:52:43","date_gmt":"2024-06-09T15:52:43","guid":{"rendered":"https:\/\/rfid-laundry-tag.com\/?post_type=product&#038;p=52"},"modified":"2024-09-08T05:29:20","modified_gmt":"2024-09-08T05:29:20","slug":"uhf-rfid-laundry-tag","status":"publish","type":"product","link":"https:\/\/rfid-laundry-tag.com\/es\/uhf-rfid-laundry-tag\/","title":{"rendered":"Etiqueta de lavander\u00eda UHF RFID"},"content":{"rendered":"<div class=\"auto-hide-last-sibling-br paragraph_1252f paragraph-element\">\n<div>\n<div class=\"auto-hide-last-sibling-br paragraph_1252f paragraph-element\">\n<div class=\"auto-hide-last-sibling-br paragraph_1252f paragraph-element\">Nuestras etiquetas RFID UHF para lavander\u00eda, bajo la marca Apparel Washing RFID Laundry Tags, ofrecen una flexibilidad considerable en comparaci\u00f3n con las etiquetas RFID para lavander\u00eda tradicionales. Estas etiquetas est\u00e1n dise\u00f1adas magistralmente para soportar m\u00e1s de 50 ciclos de lavado dom\u00e9stico, experimentando solo una ligera disminuci\u00f3n de 10%-15% en el rendimiento RFID. Sirven como la soluci\u00f3n perfecta y rentable para escenarios de alquiler y venta minorista que involucran prendas de vestir, zapatos y ropa de cama.<\/div>\n<p>&nbsp;<\/p>\n<div class=\"auto-hide-last-sibling-br paragraph_1252f paragraph-element\">Cabe destacar que estas etiquetas tienen una estructura \u00fanica y un chip RFID protegido, lo que demuestra su resistencia al sobrevivir a m\u00e1s de 50 ciclos de lavado dom\u00e9stico. Est\u00e1n dise\u00f1adas para ocultarse discretamente dentro de una costura o deslizarse dentro de una etiqueta de cuidado, lo que las hace pr\u00e1cticamente invisibles.<\/div>\n<p>&nbsp;<\/p>\n<div class=\"auto-hide-last-sibling-br paragraph_1252f paragraph-element\">Lo que diferencia a nuestras etiquetas RFID UHF para lavander\u00eda de otras etiquetas lavables para ropa es su dise\u00f1o elegante y transparente. Con un grosor de tan solo 0,55 mm, son las m\u00e1s delgadas del mercado. En conclusi\u00f3n, nuestras etiquetas ofrecen una soluci\u00f3n RFID UHF de vanguardia para prendas de vestir, que combina rentabilidad, resistencia y discreci\u00f3n en un solo paquete.<\/div>\n<\/div>\n<div><\/div>\n<\/div>\n<div data-spm-anchor-id=\"a2700.details.0.i57.23b419c7xXORP0\"><span data-spm-anchor-id=\"a2700.details.0.i75.23b419c7xXORP0\"><b>Caracter\u00edstica:<\/b><br \/>\n1) Tecnolog\u00eda UHF para leer cientos de etiquetas simult\u00e1neamente.<br \/>\n2) Distancia de lectura de m\u00e1s de 8 pies.<br \/>\n3) Nuevo dise\u00f1o mec\u00e1nico para mejorar el rendimiento de la ropa plana.<br \/>\n4) Apto para extractores de alta presi\u00f3n hasta 60 bar.<br \/>\n5) Adecuado para esterilizaci\u00f3n en Autoclave.<br \/>\n6) Material peque\u00f1o, suave y flexible ideal para textiles, ropa de cama, prendas y accesorios.<\/span><\/div>\n<\/div>\n<div data-spm-anchor-id=\"a2700.details.0.i57.23b419c7xXORP0\"><\/div>\n<div data-spm-anchor-id=\"a2700.details.0.i57.23b419c7xXORP0\">\n<div class=\"text-title\"><span data-spm-anchor-id=\"a2700.details.0.i77.23b419c7xXORP0\">F\u00edsico:<\/span><\/div>\n<div class=\"text-content\" data-spm-anchor-id=\"a2700.details.0.i54.23b419c7xXORP0\">\n<div>Tama\u00f1o: 70 mm \u00d7 15 mm x 1,5 mm<\/div>\n<div>Chip: UHF<\/div>\n<div>M\u00e9todo de instalaci\u00f3n de la etiqueta: costura, planchado<\/div>\n<div>Protocolo: ISO18ooo-6C EPC C1G2<\/div>\n<div>Planchado: 15 segundos a 210 \u2103<\/div>\n<div>Exposici\u00f3n: 2,5 bar<\/div>\n<div>Secado: 15 minutos a 180\u00b0C<\/div>\n<div><span data-spm-anchor-id=\"a2700.details.0.i78.23b419c7xXORP0\">Lavado: 15 minutos a 90\u2103<\/span><\/div>\n<div>Ciclos de lavado: m\u00e1s de 200 ciclos o 3 a\u00f1os.<br \/>\nCondiciones de almacenamiento: -20-80 \u2103, 5-95%RH<\/div>\n<\/div>\n<\/div>\n<h3 class=\"wp-block-heading\">Instalaci\u00f3n<\/h3>\n<p><strong>Etiquetado de puntadas<\/strong>: Para ser cosido en el dobladillo de un textil. Cose la etiqueta de lavander\u00eda lejos de las l\u00edneas de plegado.<br \/>\n<strong>Termosellado<\/strong>: Para termosellar directamente sobre el textil a +200\u00b0C (392\u00b0F), durante 12~14s.<br \/>\n<strong>En bolsa<\/strong>: Para coser como una etiqueta de cuidado est\u00e1ndar. Cose la etiqueta de lavander\u00eda lejos de las l\u00edneas de plegado.<\/p>\n<div class=\"auto-hide-last-sibling-br paragraph_1252f paragraph-element\">Las etiquetas RFID lavables para lavander\u00eda son fundamentales para diversas industrias, ya que permiten un seguimiento eficiente de los activos, la gesti\u00f3n del inventario y la mejora de la productividad operativa general. Estas son algunas de sus aplicaciones en diferentes sectores:<\/div>\n<ol class=\"auto-hide-last-sibling-br\">\n<li>\n<div class=\"auto-hide-last-sibling-br paragraph_1252f paragraph-element\"><strong>Cuidado de la salud<\/strong>:Los hospitales y otras instalaciones m\u00e9dicas utilizan etiquetas RFID para ropa blanca para gestionar grandes inventarios de s\u00e1banas, toallas, uniformes y ropa quir\u00fargica. Esto ayuda a reducir las p\u00e9rdidas, gestionar los ciclos de lavado y garantizar que siempre haya ropa blanca limpia y fresca disponible cuando se la necesite.<\/div>\n<\/li>\n<li>\n<div class=\"auto-hide-last-sibling-br paragraph_1252f paragraph-element\"><strong>Hoteles<\/strong>:La gesti\u00f3n de la ropa de cama es una tarea enorme en el sector hotelero, donde circulan miles de art\u00edculos, desde ropa de cama hasta toallas, cortinas y albornoces. Las etiquetas RFID para ropa de cama simplifican el seguimiento, garantizan una limpieza y un reemplazo oportunos y ayudan a detectar y prevenir robos.<\/div>\n<\/li>\n<li>\n<div class=\"auto-hide-last-sibling-br paragraph_1252f paragraph-element\"><strong>Restaurantes<\/strong>:En la industria de servicios de alimentos, las etiquetas RFID pueden monitorear el uso y la limpieza de uniformes, manteles, servilletas y delantales de chef. Esto puede mejorar los est\u00e1ndares de limpieza y ayudar a mantener una apariencia profesional y refinada.<\/div>\n<\/li>\n<li>\n<div class=\"auto-hide-last-sibling-br paragraph_1252f paragraph-element\"><strong>Industrias de la moda y la confecci\u00f3n<\/strong>:Las etiquetas RFID desempe\u00f1an un papel fundamental en el seguimiento de los art\u00edculos a lo largo de la cadena de suministro, desde la producci\u00f3n hasta la venta minorista. Pueden proporcionar informaci\u00f3n valiosa, como el origen, el historial de viajes e incluso detalles sobre la tela y las instrucciones de cuidado.<\/div>\n<\/li>\n<li>\n<div class=\"auto-hide-last-sibling-br paragraph_1252f paragraph-element\"><strong>Ropa de trabajo\/ropa ign\u00edfuga<\/strong>:Las empresas pueden utilizar etiquetas RFID para rastrear y gestionar prendas especiales. Esto puede incluir la inspecci\u00f3n peri\u00f3dica de prendas ign\u00edfugas u otras prendas de protecci\u00f3n, su limpieza adecuada y su sustituci\u00f3n seg\u00fan sea necesario.<\/div>\n<\/li>\n<li>\n<div class=\"auto-hide-last-sibling-br paragraph_1252f paragraph-element\"><strong>Calzado y mascarillas<\/strong>:Especialmente importante en industrias como la atenci\u00f3n m\u00e9dica y la construcci\u00f3n, donde la seguridad es fundamental, el seguimiento del uso, la limpieza y el mantenimiento de art\u00edculos como m\u00e1scaras y zapatos de seguridad se puede simplificar con el uso de etiquetas RFID.<\/div>\n<\/li>\n<li>\n<div class=\"auto-hide-last-sibling-br paragraph_1252f paragraph-element\"><strong>Alfombrillas y fregonas<\/strong>:Para las empresas que brindan servicios de limpieza o administran grandes instalaciones, las etiquetas RFID en tapetes y trapeadores pueden ayudar a rastrear el uso y el mantenimiento, garantizando herramientas limpias y efectivas en todo momento.<\/div>\n<\/li>\n<\/ol>","protected":false},"excerpt":{"rendered":"<div class=\"auto-hide-last-sibling-br paragraph_1252f paragraph-element\">Nuestras etiquetas RFID UHF para lavander\u00eda, m\u00e1s conocidas como etiquetas RFID para ropa, destacan por su combinaci\u00f3n de flexibilidad y durabilidad. Est\u00e1n fabricados con un exterior de goma resistente, que encarna el concepto de resistencia tierna. Estas etiquetas para prendas est\u00e1n dise\u00f1adas espec\u00edficamente para ser flexibles y resistentes, capaces de soportar hasta 200 ciclos de lavado y presiones de hasta 60 bares sin sufrir da\u00f1os.<\/div>\n<div class=\"auto-hide-last-sibling-br paragraph_1252f paragraph-element\">Conocidas por sus extraordinarias capacidades de lectura masiva, nuestras etiquetas de lavander\u00eda UHF RFID se pueden detectar eficazmente desde una distancia de varios metros. La adaptabilidad es clave, ya que sus dimensiones var\u00edan de 1,5 a 3 pulgadas de largo y de media pulgada a 1 pulgada de ancho, convenientemente adaptadas a diversas necesidades.<\/div>\n<div class=\"auto-hide-last-sibling-br paragraph_1252f paragraph-element\">Con frecuencia, estas etiquetas RFID lavables se utilizan en el mundo de la salud, com\u00fanmente adheridas a las batas de m\u00e9dicos y enfermeras. M\u00e1s all\u00e1 de eso, se utilizan para otros atuendos profesionales, disfraces e incluso art\u00edculos rentables como tapetes. Esta combinaci\u00f3n de versatilidad y calidad duradera los convierte en una opci\u00f3n valiosa en una variedad de entornos.<\/div>","protected":false},"featured_media":53,"template":"","meta":{"_kad_post_transparent":"default","_kad_post_title":"","_kad_post_layout":"default","_kad_post_sidebar_id":"","_kad_post_content_style":"default","_kad_post_vertical_padding":"default","_kad_post_feature":"","_kad_post_feature_position":"","_kad_post_header":false,"_kad_post_footer":false,"_kad_post_classname":""},"product_brand":[],"product_cat":[19,16],"product_tag":[25,30,29,28],"class_list":{"0":"post-52","1":"product","2":"type-product","3":"status-publish","4":"has-post-thumbnail","6":"product_cat-textile-rfid-laundry-tag","7":"product_cat-uhf-rfid-laundry-tags","8":"product_tag-rfid-laundrytags","9":"product_tag-uhf-rfid-laundry-tag","10":"product_tag-washable-rfid-laundry-tags","11":"product_tag-washable-rfid-tags","13":"first","14":"instock","15":"shipping-taxable","16":"product-type-simple","17":"entry","18":"content-bg","19":"loop-entry"},"_links":{"self":[{"href":"https:\/\/rfid-laundry-tag.com\/es\/wp-json\/wp\/v2\/product\/52","targetHints":{"allow":["GET"]}}],"collection":[{"href":"https:\/\/rfid-laundry-tag.com\/es\/wp-json\/wp\/v2\/product"}],"about":[{"href":"https:\/\/rfid-laundry-tag.com\/es\/wp-json\/wp\/v2\/types\/product"}],"version-history":[{"count":1,"href":"https:\/\/rfid-laundry-tag.com\/es\/wp-json\/wp\/v2\/product\/52\/revisions"}],"predecessor-version":[{"id":1951,"href":"https:\/\/rfid-laundry-tag.com\/es\/wp-json\/wp\/v2\/product\/52\/revisions\/1951"}],"wp:featuredmedia":[{"embeddable":true,"href":"https:\/\/rfid-laundry-tag.com\/es\/wp-json\/wp\/v2\/media\/53"}],"wp:attachment":[{"href":"https:\/\/rfid-laundry-tag.com\/es\/wp-json\/wp\/v2\/media?parent=52"}],"wp:term":[{"taxonomy":"product_brand","embeddable":true,"href":"https:\/\/rfid-laundry-tag.com\/es\/wp-json\/wp\/v2\/product_brand?post=52"},{"taxonomy":"product_cat","embeddable":true,"href":"https:\/\/rfid-laundry-tag.com\/es\/wp-json\/wp\/v2\/product_cat?post=52"},{"taxonomy":"product_tag","embeddable":true,"href":"https:\/\/rfid-laundry-tag.com\/es\/wp-json\/wp\/v2\/product_tag?post=52"}],"curies":[{"name":"wp","href":"https:\/\/api.w.org\/{rel}","templated":true}]}}