{"id":40,"date":"2024-06-03T15:49:08","date_gmt":"2024-06-03T15:49:08","guid":{"rendered":"https:\/\/rfid-laundry-tag.com\/?post_type=product&#038;p=40"},"modified":"2024-09-08T05:31:52","modified_gmt":"2024-09-08T05:31:52","slug":"washable-uhf-rfid-laundry-tag","status":"publish","type":"product","link":"https:\/\/rfid-laundry-tag.com\/es\/washable-uhf-rfid-laundry-tag\/","title":{"rendered":"Etiqueta de lavander\u00eda UHF RFID lavable"},"content":{"rendered":"<h2>Lavable <strong>UHF<\/strong> Etiqueta de lavander\u00eda RFID<\/h2>\n<p>La etiqueta de lavander\u00eda RFID hecha de material textil con dimensiones de 70*15 mm y equipada con un chip NXP U CODE 9 es una herramienta optimizada dise\u00f1ada para el seguimiento y la gesti\u00f3n eficiente de textiles como ropa de cama, uniformes, toallas y m\u00e1s.<\/p>\n<div class=\"auto-hide-last-sibling-br paragraph_1252f paragraph-element\">Caracter\u00edsticas clave:<\/div>\n<ol class=\"auto-hide-last-sibling-br\">\n<li>\n<div class=\"auto-hide-last-sibling-br paragraph_1252f paragraph-element\"><strong>Material y tama\u00f1o<\/strong>: Esta etiqueta RFID est\u00e1 fabricada con un material respetuoso con los textiles y mide 70 mm por 15 mm, un tama\u00f1o ideal para etiquetar discretamente varios tipos de tejidos sin afectar sus cualidades est\u00e9ticas o t\u00e1ctiles.<\/div>\n<\/li>\n<li>\n<div class=\"auto-hide-last-sibling-br paragraph_1252f paragraph-element\"><strong>Chip RFID<\/strong>: El chip NXP U CODE 9 integrado garantiza un alto rendimiento y una funcionalidad confiable. Este microchip facilita la transmisi\u00f3n de datos a larga distancia y posee una amplia capacidad de memoria para almacenar informaci\u00f3n del art\u00edculo.<\/div>\n<\/li>\n<li>\n<div class=\"auto-hide-last-sibling-br paragraph_1252f paragraph-element\"><strong>Durabilidad<\/strong>: A pesar de la construcci\u00f3n textil suave y flexible, esta etiqueta RFID para lavander\u00eda est\u00e1 dise\u00f1ada para soportar procesos intensos de lavado, planchado y prensado. Puede resistir el agua, el calor y la presi\u00f3n, manteniendo su integridad y funcionamiento a pesar de los ciclos repetitivos de lavado industrial.<\/div>\n<\/li>\n<li>\n<div class=\"auto-hide-last-sibling-br paragraph_1252f paragraph-element\"><strong>Eficiencia<\/strong>: La tecnolog\u00eda de chip NXP U CODE 9 permite un escaneo r\u00e1pido y preciso de la etiqueta incluso en escenarios de lectura masiva. Esto da como resultado un procesamiento r\u00e1pido, reduciendo el tiempo de operaci\u00f3n y mejorando la productividad en la gesti\u00f3n textil.<\/div>\n<\/li>\n<li>\n<div class=\"auto-hide-last-sibling-br paragraph_1252f paragraph-element\"><strong>Solicitud<\/strong>: Principalmente, estas etiquetas RFID se cosen o se sellan t\u00e9rmicamente en los textiles antes de ponerlos en servicio. Una vez conectadas, la gesti\u00f3n automatizada de inventario, el control de procesos y la prevenci\u00f3n de p\u00e9rdidas se pueden facilitar f\u00e1cilmente gracias a la capacidad de seguimiento inal\u00e1mbrico que proporcionan estas etiquetas.<\/div>\n<\/li>\n<\/ol>\n<h3 class=\"wp-block-heading\">Instalaci\u00f3n<\/h3>\n<p><strong>Etiquetado de puntadas<\/strong>: Para ser cosido en el dobladillo de un textil. Cose la etiqueta de lavander\u00eda lejos de las l\u00edneas de plegado.<br \/>\n<strong>Termosellado<\/strong>: Para termosellar directamente sobre el textil a +200\u00b0C (392\u00b0F), durante 12~14s.<br \/>\n<strong>En bolsa<\/strong>: Para coser como una etiqueta de cuidado est\u00e1ndar. Cose la etiqueta de lavander\u00eda lejos de las l\u00edneas de plegado.<\/p>\n<figure id=\"attachment_42\" aria-describedby=\"caption-attachment-42\" style=\"width: 718px\" class=\"wp-caption alignnone\"><img fetchpriority=\"high\" decoding=\"async\" class=\"wp-image-42\" src=\"https:\/\/rfid-laundry-tag.com\/wp-content\/uploads\/2024\/06\/srchttp___cbu01.alicdn.com_img_ibank_2019_649_165_12443561946_2073715636.jpgreferhttp___cbu01.alicdn-300x160.webp\" alt=\"Washable UHF RFID Laundry Tag\" width=\"718\" height=\"383\" srcset=\"https:\/\/rfid-laundry-tag.com\/wp-content\/uploads\/2024\/06\/srchttp___cbu01.alicdn.com_img_ibank_2019_649_165_12443561946_2073715636.jpgreferhttp___cbu01.alicdn-300x160.webp 300w, https:\/\/rfid-laundry-tag.com\/wp-content\/uploads\/2024\/06\/srchttp___cbu01.alicdn.com_img_ibank_2019_649_165_12443561946_2073715636.jpgreferhttp___cbu01.alicdn-600x320.webp 600w, https:\/\/rfid-laundry-tag.com\/wp-content\/uploads\/2024\/06\/srchttp___cbu01.alicdn.com_img_ibank_2019_649_165_12443561946_2073715636.jpgreferhttp___cbu01.alicdn-18x10.webp 18w, https:\/\/rfid-laundry-tag.com\/wp-content\/uploads\/2024\/06\/srchttp___cbu01.alicdn.com_img_ibank_2019_649_165_12443561946_2073715636.jpgreferhttp___cbu01.alicdn.webp 750w\" sizes=\"(max-width: 718px) 100vw, 718px\" \/><figcaption id=\"caption-attachment-42\" class=\"wp-caption-text\">Etiqueta de lavander\u00eda UHF RFID lavable<\/figcaption><\/figure>\n<div class=\"auto-hide-last-sibling-br paragraph_1252f paragraph-element\"><strong>Etiquetas RFID para ropa<\/strong> Son fundamentales para una serie de industrias, ya que permiten un seguimiento eficiente de los activos, la gesti\u00f3n de inventarios y la mejora de la productividad operativa general. Estas son algunas de sus aplicaciones en diferentes sectores:<\/div>\n<ol class=\"auto-hide-last-sibling-br\">\n<li>\n<div class=\"auto-hide-last-sibling-br paragraph_1252f paragraph-element\"><strong>Cuidado de la salud<\/strong>:Los hospitales y otras instalaciones m\u00e9dicas utilizan etiquetas RFID para ropa blanca para gestionar grandes inventarios de s\u00e1banas, toallas, uniformes y ropa quir\u00fargica. Esto ayuda a reducir las p\u00e9rdidas, gestionar los ciclos de lavado y garantizar que siempre haya ropa blanca limpia y fresca disponible cuando se la necesite.<\/div>\n<\/li>\n<li>\n<div class=\"auto-hide-last-sibling-br paragraph_1252f paragraph-element\"><strong>Hoteles<\/strong>:La gesti\u00f3n de la ropa de cama es una tarea enorme en el sector hotelero, donde circulan miles de art\u00edculos, desde ropa de cama hasta toallas, cortinas y albornoces. Las etiquetas RFID para ropa de cama simplifican el seguimiento, garantizan una limpieza y un reemplazo oportunos y ayudan a detectar y prevenir robos.<\/div>\n<\/li>\n<li>\n<div class=\"auto-hide-last-sibling-br paragraph_1252f paragraph-element\"><strong>Restaurantes<\/strong>:En la industria de servicios de alimentos, las etiquetas RFID pueden monitorear el uso y la limpieza de uniformes, manteles, servilletas y delantales de chef. Esto puede mejorar los est\u00e1ndares de limpieza y ayudar a mantener una apariencia profesional y refinada.<\/div>\n<\/li>\n<li>\n<div class=\"auto-hide-last-sibling-br paragraph_1252f paragraph-element\"><strong>Industrias de la moda y la confecci\u00f3n<\/strong>:Las etiquetas RFID desempe\u00f1an un papel fundamental en el seguimiento de los art\u00edculos a lo largo de la cadena de suministro, desde la producci\u00f3n hasta la venta minorista. Pueden proporcionar informaci\u00f3n valiosa, como el origen, el historial de viajes e incluso detalles sobre la tela y las instrucciones de cuidado.<\/div>\n<\/li>\n<li>\n<div class=\"auto-hide-last-sibling-br paragraph_1252f paragraph-element\"><strong>Ropa de trabajo\/ropa ign\u00edfuga<\/strong>:Las empresas pueden utilizar etiquetas RFID para rastrear y gestionar prendas especiales. Esto puede incluir la inspecci\u00f3n peri\u00f3dica de prendas ign\u00edfugas u otras prendas de protecci\u00f3n, su limpieza adecuada y su sustituci\u00f3n seg\u00fan sea necesario.<\/div>\n<\/li>\n<li>\n<div class=\"auto-hide-last-sibling-br paragraph_1252f paragraph-element\"><strong>Calzado y mascarillas<\/strong>:Especialmente importante en industrias como la atenci\u00f3n m\u00e9dica y la construcci\u00f3n, donde la seguridad es fundamental, el seguimiento del uso, la limpieza y el mantenimiento de art\u00edculos como m\u00e1scaras y zapatos de seguridad se puede simplificar con el uso de etiquetas RFID.<\/div>\n<\/li>\n<li>\n<div class=\"auto-hide-last-sibling-br paragraph_1252f paragraph-element\"><strong>Alfombrillas y fregonas<\/strong>:Para las empresas que brindan servicios de limpieza o administran grandes instalaciones, las etiquetas RFID en tapetes y trapeadores pueden ayudar a rastrear el uso y el mantenimiento, garantizando herramientas limpias y efectivas en todo momento.<\/div>\n<\/li>\n<\/ol>","protected":false},"excerpt":{"rendered":"<h3 class=\"wp-block-heading\">Etiqueta de lavander\u00eda UHF RFID lavable<\/h3>\n<p>1, Flexible, fino, liso y robusto.<br \/>\n2, largo alcance de lectura y rendimiento de lectura masiva.<br \/>\n3. Garantizado para 200 ciclos de lavado mediante esterilizaci\u00f3n, deshidrataci\u00f3n, procesador de planchado a presi\u00f3n de 60 bares, calentamiento a 200 \u00b0C.<br \/>\n4. Apto para coser, sellar t\u00e9rmicamente, embolsar o colgar.<br \/>\n5, Servicio On Demand: logotipo l\u00e1ser con codificaci\u00f3n EPC en chip RFID.<\/p>","protected":false},"featured_media":41,"template":"","meta":{"_kad_post_transparent":"default","_kad_post_title":"","_kad_post_layout":"default","_kad_post_sidebar_id":"","_kad_post_content_style":"default","_kad_post_vertical_padding":"default","_kad_post_feature":"","_kad_post_feature_position":"","_kad_post_header":false,"_kad_post_footer":false,"_kad_post_classname":""},"product_brand":[],"product_cat":[19,16],"product_tag":[25,23,26],"class_list":{"0":"post-40","1":"product","2":"type-product","3":"status-publish","4":"has-post-thumbnail","6":"product_cat-textile-rfid-laundry-tag","7":"product_cat-uhf-rfid-laundry-tags","8":"product_tag-rfid-laundrytags","9":"product_tag-rfid-linen-tags","10":"product_tag-washable-uhf-rfid-laundry-tag","12":"first","13":"instock","14":"shipping-taxable","15":"product-type-simple","16":"entry","17":"content-bg","18":"loop-entry"},"_links":{"self":[{"href":"https:\/\/rfid-laundry-tag.com\/es\/wp-json\/wp\/v2\/product\/40","targetHints":{"allow":["GET"]}}],"collection":[{"href":"https:\/\/rfid-laundry-tag.com\/es\/wp-json\/wp\/v2\/product"}],"about":[{"href":"https:\/\/rfid-laundry-tag.com\/es\/wp-json\/wp\/v2\/types\/product"}],"version-history":[{"count":1,"href":"https:\/\/rfid-laundry-tag.com\/es\/wp-json\/wp\/v2\/product\/40\/revisions"}],"predecessor-version":[{"id":1957,"href":"https:\/\/rfid-laundry-tag.com\/es\/wp-json\/wp\/v2\/product\/40\/revisions\/1957"}],"wp:featuredmedia":[{"embeddable":true,"href":"https:\/\/rfid-laundry-tag.com\/es\/wp-json\/wp\/v2\/media\/41"}],"wp:attachment":[{"href":"https:\/\/rfid-laundry-tag.com\/es\/wp-json\/wp\/v2\/media?parent=40"}],"wp:term":[{"taxonomy":"product_brand","embeddable":true,"href":"https:\/\/rfid-laundry-tag.com\/es\/wp-json\/wp\/v2\/product_brand?post=40"},{"taxonomy":"product_cat","embeddable":true,"href":"https:\/\/rfid-laundry-tag.com\/es\/wp-json\/wp\/v2\/product_cat?post=40"},{"taxonomy":"product_tag","embeddable":true,"href":"https:\/\/rfid-laundry-tag.com\/es\/wp-json\/wp\/v2\/product_tag?post=40"}],"curies":[{"name":"wp","href":"https:\/\/api.w.org\/{rel}","templated":true}]}}