{"id":356,"date":"2024-06-28T11:08:54","date_gmt":"2024-06-28T11:08:54","guid":{"rendered":"https:\/\/rfid-laundry-tag.com\/?post_type=product&#038;p=356"},"modified":"2024-08-14T15:55:26","modified_gmt":"2024-08-14T15:55:26","slug":"rfid-windshield-sticker-for-vehicle-tracking","status":"publish","type":"product","link":"https:\/\/rfid-laundry-tag.com\/es\/rfid-windshield-sticker-for-vehicle-tracking\/","title":{"rendered":"Adhesivo RFID para parabrisas para seguimiento de veh\u00edculos"},"content":{"rendered":"<h2>Adhesivo RFID para parabrisas para seguimiento de veh\u00edculos<\/h2>\n<div class=\"J_module\">\n<div class=\"ife-detail-decorate-table\">\n<table class=\"all magic-10\">\n<tbody>\n<tr>\n<td colspan=\"1\" rowspan=\"1\">\n<div class=\"magic-11\">Chip<\/div>\n<\/td>\n<td colspan=\"1\" rowspan=\"1\">\n<div class=\"magic-12\">Extraterrestres H9, H10, U9, etc.<\/div>\n<\/td>\n<\/tr>\n<tr>\n<td colspan=\"1\" rowspan=\"1\">\n<div class=\"magic-11\">Frecuencia<\/div>\n<\/td>\n<td colspan=\"1\" rowspan=\"1\">\n<div class=\"magic-12\">860\uff5e960 MHz<\/div>\n<\/td>\n<\/tr>\n<tr>\n<td colspan=\"1\" rowspan=\"1\">\n<div class=\"magic-11\">Material<\/div>\n<\/td>\n<td colspan=\"1\" rowspan=\"1\">\n<div class=\"magic-12\">Papel estucado\/PET\/Papel sint\u00e9tico\/Papel t\u00e9rmico\/Personalizaci\u00f3n<\/div>\n<\/td>\n<\/tr>\n<tr>\n<td colspan=\"1\" rowspan=\"1\">\n<div class=\"magic-11\">Modo de trabajo<\/div>\n<\/td>\n<td colspan=\"1\" rowspan=\"1\">\n<div class=\"magic-12\">Pasivo<\/div>\n<\/td>\n<\/tr>\n<tr>\n<td colspan=\"1\" rowspan=\"1\">\n<div class=\"magic-11\">Vida IC<\/div>\n<\/td>\n<td colspan=\"1\" rowspan=\"1\">\n<div class=\"magic-12\">100.000 ciclos de programaci\u00f3n, 10 a\u00f1os de retenci\u00f3n de datos<\/div>\n<\/td>\n<\/tr>\n<tr>\n<td colspan=\"1\" rowspan=\"1\">\n<div class=\"magic-11\">Temperatura\/humedad de funcionamiento<\/div>\n<\/td>\n<td colspan=\"1\" rowspan=\"1\">\n<div class=\"magic-12\">-25 ~ 50 \u2103\/20% ~ 80% humedad relativa<\/div>\n<\/td>\n<\/tr>\n<tr>\n<td colspan=\"1\" rowspan=\"1\">\n<div class=\"magic-11\">Temperatura\/humedad de almacenamiento<\/div>\n<\/td>\n<td colspan=\"1\" rowspan=\"1\">\n<div class=\"magic-12\">+23\u00b0C\u00b15\u00b0C\/ 50%\u00b110% RH (sin condensaci\u00f3n).<\/div>\n<\/td>\n<\/tr>\n<tr>\n<td colspan=\"1\" rowspan=\"1\">\n<div class=\"magic-11\">Antena<\/div>\n<\/td>\n<td colspan=\"1\" rowspan=\"1\">\n<div class=\"magic-12\">Grabado en aluminio, 94,8 x 8,1 mm<\/div>\n<\/td>\n<\/tr>\n<tr>\n<td colspan=\"1\" rowspan=\"1\">\n<div class=\"magic-11\">Incrustaci\u00f3n h\u00fameda\/Tama\u00f1o de la etiqueta<\/div>\n<\/td>\n<td colspan=\"1\" rowspan=\"1\">\n<div class=\"magic-12\">98*15 mm o personalizaci\u00f3n<\/div>\n<\/td>\n<\/tr>\n<tr>\n<td colspan=\"1\" rowspan=\"1\">\n<div class=\"magic-11\">Impresi\u00f3n<\/div>\n<\/td>\n<td colspan=\"1\" rowspan=\"1\">\n<div class=\"magic-12\">Impresi\u00f3n a todo color, logotipo, c\u00f3digo de barras, c\u00f3digo QR, etc.<\/div>\n<\/td>\n<\/tr>\n<tr>\n<td colspan=\"1\" rowspan=\"1\">\n<div class=\"magic-11\">Muestra<\/div>\n<\/td>\n<td colspan=\"1\" rowspan=\"1\">\n<div class=\"magic-12\">La muestra es gratuita para su prueba de calidad.<\/div>\n<\/td>\n<\/tr>\n<tr>\n<td colspan=\"1\" rowspan=\"1\">\n<div class=\"magic-11\">Protocolo<\/div>\n<\/td>\n<td colspan=\"1\" rowspan=\"1\">\n<div class=\"magic-12\">ISO\/IEC 18000-6C EPC Clase 1 Gen2<\/div>\n<\/td>\n<\/tr>\n<tr>\n<td colspan=\"1\" rowspan=\"1\">\n<div class=\"magic-11\">Embalaje<\/div>\n<\/td>\n<td colspan=\"1\" rowspan=\"1\">\n<div class=\"magic-12\">1000-5000 piezas\/rollo, 4 rollos\/caja<\/div>\n<\/td>\n<\/tr>\n<tr>\n<td colspan=\"1\" rowspan=\"1\">\n<div class=\"magic-11\">Lugar de origen<\/div>\n<\/td>\n<td colspan=\"1\" rowspan=\"1\">\n<div class=\"magic-12\">Chengdu, China<\/div>\n<\/td>\n<\/tr>\n<tr>\n<td colspan=\"1\" rowspan=\"4\">\n<div class=\"magic-11\">Aplicaci\u00f3n\/Soluci\u00f3n<\/div>\n<\/td>\n<td colspan=\"1\" rowspan=\"1\">\n<div class=\"magic-12\">Control de admisi\u00f3n seguro\/Pago sin efectivo Programas de membres\u00eda y fidelizaci\u00f3n<\/div>\n<\/td>\n<\/tr>\n<tr>\n<td colspan=\"1\" rowspan=\"1\">\n<div class=\"magic-12\" data-spm-anchor-id=\"a2700.details.0.i80.59c943e8HVzkHD\">Acceso a eventos y marca\/redes sociales\/venta minorista<\/div>\n<\/td>\n<\/tr>\n<tr>\n<td colspan=\"1\" rowspan=\"1\">\n<div class=\"magic-12\">Medio ambiente\/Juegos y juguetes Ubicaci\u00f3n\/Electr\u00f3nica\/Ferias<\/div>\n<\/td>\n<\/tr>\n<tr>\n<td colspan=\"1\" rowspan=\"1\">\n<div class=\"magic-12\">Eventos\/Solicitud de llamada\/Tarjetas de presentaci\u00f3n<\/div>\n<\/td>\n<\/tr>\n<\/tbody>\n<\/table>\n<p>&nbsp;<\/p>\n<\/div>\n<\/div>\n<div class=\"J_module\">\n<div class=\"auto-hide-last-sibling-br paragraph_9dc5f paragraph-element\">\n<p><strong>Las aplicaciones de las pegatinas RFID para parabrisas incluyen:<\/strong><\/p>\n<ol>\n<li><strong>Control de acceso de veh\u00edculos<\/strong>:Las pegatinas RFID para parabrisas se pueden utilizar para la entrada y salida automatizadas en estacionamientos, comunidades cerradas, cabinas de peaje y otras \u00e1reas de acceso controlado.<\/li>\n<li><strong>Seguimiento de veh\u00edculos<\/strong>:Las pegatinas RFID para parabrisas se pueden utilizar para rastrear y administrar veh\u00edculos dentro de una instalaci\u00f3n, como en agencias de alquiler de autom\u00f3viles o estacionamientos.<\/li>\n<li><strong>Cobro electr\u00f3nico de peaje<\/strong>:Las pegatinas RFID para parabrisas se pueden utilizar en sistemas de cobro de peajes electr\u00f3nicos, lo que permite que los veh\u00edculos pasen por las cabinas de peaje de forma r\u00e1pida y eficiente sin necesidad de detenerse y pagar en efectivo.<\/li>\n<li><strong>Gesti\u00f3n de flotas<\/strong>:Las pegatinas RFID para parabrisas se pueden utilizar para rastrear y administrar flotas de veh\u00edculos, lo que permite a las empresas monitorear y optimizar sus operaciones.<\/li>\n<li><strong>Gesti\u00f3n de estacionamientos<\/strong>:Las pegatinas RFID para parabrisas se pueden utilizar para rastrear y administrar espacios de estacionamiento en estacionamientos o estructuras, brindando informaci\u00f3n en tiempo real sobre los lugares de estacionamiento disponibles.<\/li>\n<li><strong>Identificaci\u00f3n del veh\u00edculo<\/strong>:Las pegatinas RFID para parabrisas se pueden utilizar para la identificaci\u00f3n de veh\u00edculos en eventos, carreras u otras situaciones donde se requiere una identificaci\u00f3n r\u00e1pida y precisa.<\/li>\n<\/ol>\n<p>En general, las pegatinas RFID para parabrisas ofrecen una forma c\u00f3moda y eficiente de rastrear y administrar veh\u00edculos en una variedad de aplicaciones, proporcionando mayor seguridad, conveniencia y automatizaci\u00f3n en los procesos relacionados con los veh\u00edculos.<\/p>\n<\/div>\n<div><\/div>\n<div class=\"auto-hide-last-sibling-br paragraph_9dc5f paragraph-element\"><\/div>\n<div><\/div>\n<\/div>\n<div><\/div>\n<div><strong>\u00bfPor qu\u00e9 elegirnos?<\/strong><\/div>\n<div><\/div>\n<div>Somos el proveedor l\u00edder de tecnolog\u00eda RFID con m\u00e1s de 11 a\u00f1os de experiencia, que aporta eficiencia, confiabilidad y precisi\u00f3n avanzadas a las cadenas de suministro globales de los clientes con productos, soluciones y tecnolog\u00edas l\u00edderes en la industria. Como fabricante a nivel mundial, ofrecemos a los clientes una plataforma de tecnolog\u00edas fundamentales, que incluyen control de acceso, etiquetado de animales, comunicaci\u00f3n de campo cercano (NFC), varios lectores y soluciones RFID. Nuestras soluciones cuentan con marcos de aplicaci\u00f3n altamente configurables e interfaces de usuario elegantes con an\u00e1lisis avanzados, lo que permite inteligencia empresarial de extremo a extremo y visibilidad de datos en m\u00faltiples industrias.<\/div>","protected":false},"excerpt":{"rendered":"<p>Las pegatinas RFID para parabrisas son etiquetas RFID que est\u00e1n dise\u00f1adas para colocarse en el parabrisas de un veh\u00edculo con diversos fines de seguimiento e identificaci\u00f3n.<\/p>","protected":false},"featured_media":357,"template":"","meta":{"_kad_post_transparent":"default","_kad_post_title":"","_kad_post_layout":"default","_kad_post_sidebar_id":"","_kad_post_content_style":"default","_kad_post_vertical_padding":"default","_kad_post_feature":"","_kad_post_feature_position":"","_kad_post_header":false,"_kad_post_footer":false,"_kad_post_classname":""},"product_brand":[],"product_cat":[54],"product_tag":[157,98],"class_list":{"0":"post-356","1":"product","2":"type-product","3":"status-publish","4":"has-post-thumbnail","6":"product_cat-hot-selling-rfid-tags","7":"product_tag-rfid-windshield-sticker-for-vehicle-tracking","8":"product_tag-uhf-rfid-label","10":"first","11":"instock","12":"shipping-taxable","13":"product-type-simple","14":"entry","15":"content-bg","16":"loop-entry"},"_links":{"self":[{"href":"https:\/\/rfid-laundry-tag.com\/es\/wp-json\/wp\/v2\/product\/356","targetHints":{"allow":["GET"]}}],"collection":[{"href":"https:\/\/rfid-laundry-tag.com\/es\/wp-json\/wp\/v2\/product"}],"about":[{"href":"https:\/\/rfid-laundry-tag.com\/es\/wp-json\/wp\/v2\/types\/product"}],"version-history":[{"count":1,"href":"https:\/\/rfid-laundry-tag.com\/es\/wp-json\/wp\/v2\/product\/356\/revisions"}],"predecessor-version":[{"id":1306,"href":"https:\/\/rfid-laundry-tag.com\/es\/wp-json\/wp\/v2\/product\/356\/revisions\/1306"}],"wp:featuredmedia":[{"embeddable":true,"href":"https:\/\/rfid-laundry-tag.com\/es\/wp-json\/wp\/v2\/media\/357"}],"wp:attachment":[{"href":"https:\/\/rfid-laundry-tag.com\/es\/wp-json\/wp\/v2\/media?parent=356"}],"wp:term":[{"taxonomy":"product_brand","embeddable":true,"href":"https:\/\/rfid-laundry-tag.com\/es\/wp-json\/wp\/v2\/product_brand?post=356"},{"taxonomy":"product_cat","embeddable":true,"href":"https:\/\/rfid-laundry-tag.com\/es\/wp-json\/wp\/v2\/product_cat?post=356"},{"taxonomy":"product_tag","embeddable":true,"href":"https:\/\/rfid-laundry-tag.com\/es\/wp-json\/wp\/v2\/product_tag?post=356"}],"curies":[{"name":"wp","href":"https:\/\/api.w.org\/{rel}","templated":true}]}}