{"id":352,"date":"2024-06-28T10:26:38","date_gmt":"2024-06-28T10:26:38","guid":{"rendered":"https:\/\/rfid-laundry-tag.com\/?post_type=product&#038;p=352"},"modified":"2024-06-28T10:52:24","modified_gmt":"2024-06-28T10:52:24","slug":"custom-paper-nfc-sticker-ntag213","status":"publish","type":"product","link":"https:\/\/rfid-laundry-tag.com\/es\/custom-paper-nfc-sticker-ntag213\/","title":{"rendered":"Etiqueta adhesiva NFC de papel personalizada Ntag213"},"content":{"rendered":"<div>\n<div><strong>Pegatinas NFC con NXP NTAG213<\/strong> Los chips son populares para diversas aplicaciones, como marketing, control de acceso y autenticaci\u00f3n de productos. Las opciones personalizables de acabado, forma, tama\u00f1o e impresi\u00f3n los hacen vers\u00e1tiles para diferentes necesidades.<\/div>\n<\/div>\n<div>El chip y la antena se encuentran boca arriba debajo de una capa superficial de papel blanco o pl\u00e1stico resistente al agua para una mayor durabilidad y resistencia a la exposici\u00f3n breve al agua. La etiqueta NFC tiene una capa adhesiva opcional en la parte posterior para montarla en superficies planas no met\u00e1licas.<\/div>\n<div>\n<div><\/div>\n<div><\/div>\n<div class=\"auto-hide-last-sibling-br paragraph_9dc5f paragraph-element\">El chip NTAG213 ofrece una variedad de ventajas, tales como:<\/div>\n<ul class=\"auto-hide-last-sibling-br\">\n<li>Transferencia de energ\u00eda y datos sin contacto<\/li>\n<li>Capacidad de lectura r\u00e1pida<\/li>\n<li>Rendimiento de RF mejorado<\/li>\n<li>Funciones de seguridad, incluidas protecci\u00f3n con contrase\u00f1a y funciones anticolisi\u00f3n.<\/li>\n<li>Cumplimiento total de las especificaciones de NFC Forum Tag Type 2<\/li>\n<\/ul>\n<\/div>\n<div>\n<table class=\"all magic-9\">\n<tbody>\n<tr>\n<td colspan=\"1\" rowspan=\"1\">\n<div class=\"magic-10\">Material<\/div>\n<\/td>\n<td colspan=\"1\" rowspan=\"1\">\n<div class=\"magic-11\" data-spm-anchor-id=\"a2700.details.0.i85.504d267eS1Hb6u\">PET, PVC, papel estucado, etc.<\/div>\n<\/td>\n<\/tr>\n<tr>\n<td colspan=\"1\" rowspan=\"1\">\n<div class=\"magic-10\">Chip<\/div>\n<\/td>\n<td colspan=\"1\" rowspan=\"1\">\n<div class=\"magic-11\">Ntag213\/Ntag215\/Ntag216 etc<\/div>\n<\/td>\n<\/tr>\n<tr>\n<td colspan=\"1\" rowspan=\"1\">\n<div class=\"magic-10\">Frecuencia<\/div>\n<\/td>\n<td colspan=\"1\" rowspan=\"1\">\n<div class=\"magic-11\">13,56 MHz<\/div>\n<\/td>\n<\/tr>\n<tr>\n<td colspan=\"1\" rowspan=\"1\">\n<div class=\"magic-10\">Protocolo<\/div>\n<\/td>\n<td colspan=\"1\" rowspan=\"1\">\n<div class=\"magic-11\">ISO 14443A<\/div>\n<\/td>\n<\/tr>\n<tr>\n<td colspan=\"1\" rowspan=\"1\">\n<div class=\"magic-10\">Tama\u00f1o<\/div>\n<\/td>\n<td colspan=\"1\" rowspan=\"1\">\n<div class=\"magic-11\">Di\u00e1metro 25, 30, 35 mm o tama\u00f1o personalizado.<\/div>\n<\/td>\n<\/tr>\n<tr>\n<td colspan=\"1\" rowspan=\"1\">\n<div class=\"magic-10\">Caracter\u00edstica<\/div>\n<\/td>\n<td colspan=\"1\" rowspan=\"1\">\n<div class=\"magic-11\">Resistente al agua, resistente, impresi\u00f3n personalizada.<\/div>\n<\/td>\n<\/tr>\n<tr>\n<td colspan=\"1\" rowspan=\"1\">\n<div class=\"magic-10\">Muestra<\/div>\n<\/td>\n<td colspan=\"1\" rowspan=\"1\">\n<div class=\"magic-11\">disponible gratis<\/div>\n<\/td>\n<\/tr>\n<tr>\n<td colspan=\"1\" rowspan=\"1\">\n<div class=\"magic-10\">Distancia de lectura<\/div>\n<\/td>\n<td colspan=\"1\" rowspan=\"1\">\n<div class=\"magic-11\" data-spm-anchor-id=\"a2700.details.0.i84.504d267eS1Hb6u\">0-10 cm<\/div>\n<\/td>\n<\/tr>\n<\/tbody>\n<\/table>\n<\/div>\n<div><\/div>\n<div>\n<p>Algunas preguntas frecuentes sobre las pegatinas NFC de papel personalizadas que utilizan la tecnolog\u00eda Ntag213:<\/p>\n<ol>\n<li>\u00bfQu\u00e9 es una pegatina NFC?\n<ul>\n<li>Una etiqueta NFC es una peque\u00f1a etiqueta adhesiva que contiene un chip NFC (Near Field Communication), como el NXP NTAG213, integrado en su interior. Estas etiquetas pueden ser escaneadas por dispositivos habilitados con NFC para activar diversas acciones o transmitir informaci\u00f3n.<\/li>\n<\/ul>\n<\/li>\n<li>\u00bfC\u00f3mo se pueden utilizar las pegatinas NFC de papel personalizadas?\n<ul>\n<li>Las etiquetas NFC de papel personalizadas se pueden utilizar para una variedad de prop\u00f3sitos, incluida la gesti\u00f3n de seguimiento, el control de acceso en instalaciones como f\u00e1bricas, almacenes, hoteles, hospitales y parques de atracciones, aplicaciones minoristas, publicidad, autenticaci\u00f3n de productos y boletos electr\u00f3nicos.<\/li>\n<\/ul>\n<\/li>\n<li>\u00bfQu\u00e9 opciones de personalizaci\u00f3n est\u00e1n disponibles para las pegatinas NFC de papel?\n<ul>\n<li>Las etiquetas adhesivas NFC de papel personalizadas se pueden imprimir con un acabado brillante o mate, en varias formas y tama\u00f1os. Pueden incluir logotipos, letras, n\u00fameros y c\u00f3digos de barras en colores CMYK y negro. Adem\u00e1s, una capa adhesiva en la parte posterior permite un montaje sencillo en superficies planas no met\u00e1licas.<\/li>\n<\/ul>\n<\/li>\n<li>\u00bfSon duraderas las pegatinas NFC de papel?\n<ul>\n<li>Las etiquetas adhesivas NFC de papel con chips Ntag213 est\u00e1n dise\u00f1adas con una capa protectora que cubre el chip NFC y la antena, lo que proporciona mayor durabilidad y resistencia a la exposici\u00f3n breve al agua. Tambi\u00e9n hay opciones de pl\u00e1stico resistentes al agua disponibles para una mayor durabilidad.<\/li>\n<\/ul>\n<\/li>\n<li>\u00bfCu\u00e1l es la ventaja de utilizar la tecnolog\u00eda NFC en las pegatinas?\n<ul>\n<li>El uso de la tecnolog\u00eda NFC en las pegatinas permite una interacci\u00f3n c\u00f3moda y sin contacto con dispositivos compatibles con NFC. Esto permite compartir informaci\u00f3n, autenticar o activar acciones de forma r\u00e1pida y sencilla sin necesidad de contacto f\u00edsico entre dispositivos.<\/li>\n<\/ul>\n<\/li>\n<\/ol>\n<\/div>\n<div class=\"text-content\">\n<div data-spm-anchor-id=\"a2700.details.0.i46.6f4d7d7dnursE7\"><\/div>\n<\/div>\n<div>\n<div class=\"text-content\">\n<div><\/div>\n<div data-spm-anchor-id=\"a2700.details.0.i48.6f4d7d7dnursE7\"><\/div>\n<\/div>\n<\/div>","protected":false},"excerpt":{"rendered":"<p><strong>Etiqueta adhesiva NFC de papel personalizada Ntag213<\/strong> es un tipo espec\u00edfico de CI compatible con la etiqueta tipo 2 del NFC Forum, que cuenta con 144 bytes de memoria de usuario. Est\u00e1 dise\u00f1ado teniendo en cuenta la versatilidad y es adecuado para diversas aplicaciones en industrias como la venta minorista, los juegos y la electr\u00f3nica de consumo, entre otras.<\/p>","protected":false},"featured_media":353,"template":"","meta":{"_kad_post_transparent":"default","_kad_post_title":"","_kad_post_layout":"default","_kad_post_sidebar_id":"","_kad_post_content_style":"default","_kad_post_vertical_padding":"default","_kad_post_feature":"","_kad_post_feature_position":"","_kad_post_header":false,"_kad_post_footer":false,"_kad_post_classname":""},"product_brand":[],"product_cat":[54],"product_tag":[153,154],"class_list":{"0":"post-352","1":"product","2":"type-product","3":"status-publish","4":"has-post-thumbnail","6":"product_cat-hot-selling-rfid-tags","7":"product_tag-custom-paper-nfc-sticker-ntag213","8":"product_tag-nfc-sticker-ntag213","10":"first","11":"instock","12":"shipping-taxable","13":"product-type-simple","14":"entry","15":"content-bg","16":"loop-entry"},"_links":{"self":[{"href":"https:\/\/rfid-laundry-tag.com\/es\/wp-json\/wp\/v2\/product\/352","targetHints":{"allow":["GET"]}}],"collection":[{"href":"https:\/\/rfid-laundry-tag.com\/es\/wp-json\/wp\/v2\/product"}],"about":[{"href":"https:\/\/rfid-laundry-tag.com\/es\/wp-json\/wp\/v2\/types\/product"}],"version-history":[{"count":0,"href":"https:\/\/rfid-laundry-tag.com\/es\/wp-json\/wp\/v2\/product\/352\/revisions"}],"wp:featuredmedia":[{"embeddable":true,"href":"https:\/\/rfid-laundry-tag.com\/es\/wp-json\/wp\/v2\/media\/353"}],"wp:attachment":[{"href":"https:\/\/rfid-laundry-tag.com\/es\/wp-json\/wp\/v2\/media?parent=352"}],"wp:term":[{"taxonomy":"product_brand","embeddable":true,"href":"https:\/\/rfid-laundry-tag.com\/es\/wp-json\/wp\/v2\/product_brand?post=352"},{"taxonomy":"product_cat","embeddable":true,"href":"https:\/\/rfid-laundry-tag.com\/es\/wp-json\/wp\/v2\/product_cat?post=352"},{"taxonomy":"product_tag","embeddable":true,"href":"https:\/\/rfid-laundry-tag.com\/es\/wp-json\/wp\/v2\/product_tag?post=352"}],"curies":[{"name":"wp","href":"https:\/\/api.w.org\/{rel}","templated":true}]}}