{"id":346,"date":"2024-06-28T09:57:16","date_gmt":"2024-06-28T09:57:16","guid":{"rendered":"https:\/\/rfid-laundry-tag.com\/?post_type=product&#038;p=346"},"modified":"2024-08-14T16:42:15","modified_gmt":"2024-08-14T16:42:15","slug":"iso14443a-on-duty-rfid-token","status":"publish","type":"product","link":"https:\/\/rfid-laundry-tag.com\/es\/iso14443a-on-duty-rfid-token\/","title":{"rendered":"Token RFID de servicio ISO14443A con chip Mifare 1k"},"content":{"rendered":"<h2>Token RFID de servicio ISO14443A<\/h2>\n<h4>Etiqueta robusta de 13,56 MHz para seguimiento de activos<\/h4>\n<p>Esta etiqueta de disco ABS negra es una opci\u00f3n confiable para el seguimiento de activos y ofrece un dise\u00f1o robusto para entornos exigentes.<\/p>\n<p><strong>Personalizaci\u00f3n:<\/strong><\/p>\n<ul>\n<li>Ofrecemos serigraf\u00eda personalizada con los detalles que usted especifique. Cont\u00e1ctenos para consultar precios y disponibilidad.<\/li>\n<\/ul>\n<p><strong>Caracter\u00edsticas del chip On Duty RFID Token Mifare 1k:<\/strong><\/p>\n<ul>\n<li><strong>Di\u00e1metro:<\/strong> 25 mm, 30 mm, 35 mm<\/li>\n<li><strong>Espesor:<\/strong> 2,3 mm, 2,5 mm, 3 mm, 4,5 mm, etc. (+\/- 0,1 mm)<\/li>\n<li><strong>Agujero:<\/strong>\u00a03,3 mm (+\/- 0,1 mm)<\/li>\n<li><strong>Material:<\/strong>\u00a0ABS, soldado por ultrasonidos<\/li>\n<li><strong>Peso:<\/strong>\u00a02,0 g<\/li>\n<li><strong>Temperatura de funcionamiento:<\/strong>\u00a0-25\u00b0C a +70\u00b0C<\/li>\n<li><strong>Sensibilidad:<\/strong>\u00a027 microT. RMS a temperatura ambiente para modo de lectura a 125 kHz<\/li>\n<\/ul>\n<p><strong>Caracter\u00edsticas de Mifare 1k S50 Classic \/ ISO14443A:<\/strong><\/p>\n<ul>\n<li><strong>Frecuencia de funcionamiento:<\/strong>\u00a013,56 MHz<\/li>\n<li><strong>Memoria:<\/strong>\u00a0Lectura\/escritura de EEPROM de 1 KB, organizada en 16 sectores de 4 bloques (16 bytes cada uno)<\/li>\n<li><strong>Tiempo t\u00edpico de transacci\u00f3n:<\/strong>\u00a0&lt;100 ms<\/li>\n<li><strong>N\u00famero de serie fijo:<\/strong>\u00a0\u00danico, 4 bytes<\/li>\n<li><strong>Escribe Resistencia:<\/strong>\u00a0M\u00ednimo 100.000 ciclos<\/li>\n<\/ul>","protected":false},"excerpt":{"rendered":"<p>Este chip RFID Token Mifare 1k de servicio ISO14443A de color negro y duradero forma parte de una serie de transpondedores pasivos sin contacto dise\u00f1ados para el seguimiento confiable de activos. Cumple con el est\u00e1ndar Mifare 1k S50 Classic \/ ISO14443A e incluye un n\u00famero de identificaci\u00f3n \u00fanico de 4 bytes.<\/p>","protected":false},"featured_media":347,"template":"","meta":{"_kad_post_transparent":"default","_kad_post_title":"","_kad_post_layout":"default","_kad_post_sidebar_id":"","_kad_post_content_style":"default","_kad_post_vertical_padding":"default","_kad_post_feature":"","_kad_post_feature_position":"","_kad_post_header":false,"_kad_post_footer":false,"_kad_post_classname":""},"product_brand":[],"product_cat":[54],"product_tag":[150,126],"class_list":{"0":"post-346","1":"product","2":"type-product","3":"status-publish","4":"has-post-thumbnail","6":"product_cat-hot-selling-rfid-tags","7":"product_tag-iso14443a-on-duty-rfid-token-mifare-1k-chip","8":"product_tag-rfid-patrol-disc-tag","10":"first","11":"instock","12":"shipping-taxable","13":"product-type-simple","14":"entry","15":"content-bg","16":"loop-entry"},"_links":{"self":[{"href":"https:\/\/rfid-laundry-tag.com\/es\/wp-json\/wp\/v2\/product\/346","targetHints":{"allow":["GET"]}}],"collection":[{"href":"https:\/\/rfid-laundry-tag.com\/es\/wp-json\/wp\/v2\/product"}],"about":[{"href":"https:\/\/rfid-laundry-tag.com\/es\/wp-json\/wp\/v2\/types\/product"}],"version-history":[{"count":1,"href":"https:\/\/rfid-laundry-tag.com\/es\/wp-json\/wp\/v2\/product\/346\/revisions"}],"predecessor-version":[{"id":1332,"href":"https:\/\/rfid-laundry-tag.com\/es\/wp-json\/wp\/v2\/product\/346\/revisions\/1332"}],"wp:featuredmedia":[{"embeddable":true,"href":"https:\/\/rfid-laundry-tag.com\/es\/wp-json\/wp\/v2\/media\/347"}],"wp:attachment":[{"href":"https:\/\/rfid-laundry-tag.com\/es\/wp-json\/wp\/v2\/media?parent=346"}],"wp:term":[{"taxonomy":"product_brand","embeddable":true,"href":"https:\/\/rfid-laundry-tag.com\/es\/wp-json\/wp\/v2\/product_brand?post=346"},{"taxonomy":"product_cat","embeddable":true,"href":"https:\/\/rfid-laundry-tag.com\/es\/wp-json\/wp\/v2\/product_cat?post=346"},{"taxonomy":"product_tag","embeddable":true,"href":"https:\/\/rfid-laundry-tag.com\/es\/wp-json\/wp\/v2\/product_tag?post=346"}],"curies":[{"name":"wp","href":"https:\/\/api.w.org\/{rel}","templated":true}]}}