{"id":344,"date":"2024-06-28T09:45:28","date_gmt":"2024-06-28T09:45:28","guid":{"rendered":"https:\/\/rfid-laundry-tag.com\/?post_type=product&#038;p=344"},"modified":"2024-06-28T09:50:44","modified_gmt":"2024-06-28T09:50:44","slug":"13-56mhz-rfid-1k-token-coin-tag","status":"publish","type":"product","link":"https:\/\/rfid-laundry-tag.com\/es\/13-56mhz-rfid-1k-token-coin-tag\/","title":{"rendered":"Etiqueta de moneda con token RFID de 1K y 13,56 Mhz"},"content":{"rendered":"<p><strong>Etiqueta de moneda con token RFID de 1K y 13,56 Mhz<\/strong><\/p>\n<p style=\"text-align: left;\">Informaci\u00f3n clave: Resistente a las obleas y duradero.<\/p>\n<p style=\"text-align: left;\">Se aceptan tama\u00f1os y logotipos personalizados.<\/p>\n<p style=\"text-align: left;\">Impresi\u00f3n: color blanco o logotipo personalizado.<\/p>\n<p style=\"text-align: left;\">Tama\u00f1o: Di\u00e1metro 25 mm, 30 mm<\/p>\n<p style=\"text-align: left;\">Cantidad m\u00ednima: 1000 piezas<\/p>\n<p style=\"text-align: left;\">Chips: RFID 1K, etc.<\/p>\n<p style=\"text-align: left;\">Caracter\u00edsticas adicionales: logotipo, n\u00famero de serie impreso, c\u00f3digo QR, c\u00f3digos de barras, datos variables y serializaci\u00f3n, etc.<\/p>\n<table border=\"1\" cellspacing=\"0\" cellpadding=\"0\">\n<tbody>\n<tr>\n<td colspan=\"2\">\n<p align=\"left\">Presupuesto<\/p>\n<\/td>\n<\/tr>\n<tr>\n<td>\n<p align=\"left\">Tipo de etiqueta\/chip<\/p>\n<\/td>\n<td>\n<p align=\"left\">RFID 1K<\/p>\n<\/td>\n<\/tr>\n<tr>\n<td>\n<p align=\"left\">Frecuencia de funcionamiento<\/p>\n<\/td>\n<td>\n<p align=\"left\">13,56 MHz<\/p>\n<\/td>\n<\/tr>\n<tr>\n<td>\n<p align=\"left\">Rango de lectura probado<\/p>\n<\/td>\n<td>\n<p align=\"left\">0 \u2013 100 mm dependiendo de la potencia proporcionada por el lector<\/p>\n<\/td>\n<\/tr>\n<tr>\n<td>\n<p align=\"left\">Detecci\u00f3n m\u00faltiple<\/p>\n<\/td>\n<td>\n<p align=\"left\">S\u00ed<\/p>\n<\/td>\n<\/tr>\n<tr>\n<td>\n<p align=\"left\">Tama\u00f1o<\/p>\n<\/td>\n<td>Di\u00e1metro 25 mm, di\u00e1metro 30 mm, etc.<\/td>\n<\/tr>\n<tr>\n<td>\n<p align=\"left\">Material<\/p>\n<\/td>\n<td>\n<p align=\"left\">PVC \/ PET \/ Antena etc.<\/p>\n<\/td>\n<\/tr>\n<tr>\n<td>\n<p align=\"left\">Protocolo:<\/p>\n<\/td>\n<td>\n<p align=\"left\">ISO14443A<\/p>\n<\/td>\n<\/tr>\n<tr>\n<td>\n<p align=\"left\">Especificaci\u00f3n ambiental<\/p>\n<\/td>\n<td>\n<p align=\"left\">Vida \u00fatil 5 a\u00f1os<\/p>\n<p align=\"left\">Recomendado: -25 \u00b0C a +50 \u00b0C<\/p>\n<p align=\"left\">Estado de almacenamiento: 20% a 90%RH<\/p>\n<p align=\"left\">Temperatura de funcionamiento: -40 \u00b0C a +65 \u00b0C<\/p>\n<\/td>\n<\/tr>\n<tr>\n<td>\n<p align=\"left\">Tiempos de lectura\/escritura:<\/p>\n<\/td>\n<td>\n<p align=\"left\">100000 veces<\/p>\n<\/td>\n<\/tr>\n<tr>\n<td>\n<p align=\"left\">Solicitud:<\/p>\n<\/td>\n<td>\n<p align=\"left\" data-spm-anchor-id=\"a2700.wholesale.0.i54.a0d8206fLph15n\">Transporte p\u00fablico, gesti\u00f3n de accesos, billetes electr\u00f3nicos, gesti\u00f3n log\u00edstica y de suministros, fabricaci\u00f3n y montaje de productos, etiquetado de parabrisas, seguimiento de documentos, gesti\u00f3n de lavander\u00edas, gesti\u00f3n de bibliotecas, identificaci\u00f3n de animales, etc.<\/p>\n<\/td>\n<\/tr>\n<\/tbody>\n<\/table>\n<p>&nbsp;<\/p>\n<p>Esta etiqueta RFID NFC para monedas con adhesivo parece un producto robusto y confiable, especialmente con las caracter\u00edsticas que mencionaste. La incorporaci\u00f3n de materiales antimetal, adhesivo 3M y soldadura ultras\u00f3nica mejora su rendimiento en superficies met\u00e1licas y garantiza capacidades a prueba de agua y antidesplazamiento. El uso de una bobina de alambre de cobre puro para la estabilidad de la frecuencia es una excelente opci\u00f3n, ya que permite distancias de lectura de tarjetas consistentes incluso en entornos dif\u00edciles. En general, esta tecnolog\u00eda deber\u00eda proporcionar un rendimiento confiable y constante, lo que la hace adecuada para condiciones dif\u00edciles.<\/p>\n<p>&nbsp;<\/p>","protected":false},"excerpt":{"rendered":"<p>La etiqueta de moneda con token RFID de 13,56 Mhz y 1K es una opci\u00f3n s\u00f3lida para el seguimiento de activos debido a su peque\u00f1o tama\u00f1o, facilidad de instalaci\u00f3n y durabilidad. Con material de PVC o PET, la memoria del chip es de 1K Byte.<\/p>","protected":false},"featured_media":345,"template":"","meta":{"_kad_post_transparent":"default","_kad_post_title":"","_kad_post_layout":"default","_kad_post_sidebar_id":"","_kad_post_content_style":"default","_kad_post_vertical_padding":"default","_kad_post_feature":"","_kad_post_feature_position":"","_kad_post_header":false,"_kad_post_footer":false,"_kad_post_classname":""},"product_brand":[],"product_cat":[54],"product_tag":[149,145],"class_list":{"0":"post-344","1":"product","2":"type-product","3":"status-publish","4":"has-post-thumbnail","6":"product_cat-hot-selling-rfid-tags","7":"product_tag-13-56mhz-rfid-1k-token-coin-tag","8":"product_tag-anti-metal-nfc-tag","10":"first","11":"instock","12":"shipping-taxable","13":"product-type-simple","14":"entry","15":"content-bg","16":"loop-entry"},"_links":{"self":[{"href":"https:\/\/rfid-laundry-tag.com\/es\/wp-json\/wp\/v2\/product\/344","targetHints":{"allow":["GET"]}}],"collection":[{"href":"https:\/\/rfid-laundry-tag.com\/es\/wp-json\/wp\/v2\/product"}],"about":[{"href":"https:\/\/rfid-laundry-tag.com\/es\/wp-json\/wp\/v2\/types\/product"}],"version-history":[{"count":0,"href":"https:\/\/rfid-laundry-tag.com\/es\/wp-json\/wp\/v2\/product\/344\/revisions"}],"wp:featuredmedia":[{"embeddable":true,"href":"https:\/\/rfid-laundry-tag.com\/es\/wp-json\/wp\/v2\/media\/345"}],"wp:attachment":[{"href":"https:\/\/rfid-laundry-tag.com\/es\/wp-json\/wp\/v2\/media?parent=344"}],"wp:term":[{"taxonomy":"product_brand","embeddable":true,"href":"https:\/\/rfid-laundry-tag.com\/es\/wp-json\/wp\/v2\/product_brand?post=344"},{"taxonomy":"product_cat","embeddable":true,"href":"https:\/\/rfid-laundry-tag.com\/es\/wp-json\/wp\/v2\/product_cat?post=344"},{"taxonomy":"product_tag","embeddable":true,"href":"https:\/\/rfid-laundry-tag.com\/es\/wp-json\/wp\/v2\/product_tag?post=344"}],"curies":[{"name":"wp","href":"https:\/\/api.w.org\/{rel}","templated":true}]}}