{"id":338,"date":"2024-06-28T08:41:45","date_gmt":"2024-06-28T08:41:45","guid":{"rendered":"https:\/\/rfid-laundry-tag.com\/?post_type=product&#038;p=338"},"modified":"2024-07-16T16:20:17","modified_gmt":"2024-07-16T16:20:17","slug":"nxp-mifare-1k-rfid-nfc-inlay-sticker","status":"publish","type":"product","link":"https:\/\/rfid-laundry-tag.com\/es\/nxp-mifare-1k-rfid-nfc-inlay-sticker\/","title":{"rendered":"Etiqueta adhesiva NFC RFID Mifare 1k de NXP"},"content":{"rendered":"<table class=\"has-title all magic-13\">\n<tbody>\n<tr>\n<td colspan=\"1\" rowspan=\"1\">\n<div class=\"magic-14\" data-spm-anchor-id=\"a2700.details.0.i37.2ec61361oDo4aX\">Nombre del producto<\/div>\n<\/td>\n<td colspan=\"1\" rowspan=\"1\">\n<div class=\"magic-15\">Etiqueta adhesiva NFC RFID Mifare 1k de NXP<\/div>\n<\/td>\n<\/tr>\n<tr>\n<td colspan=\"1\" rowspan=\"1\">\n<div class=\"magic-14\">Chip<\/div>\n<\/td>\n<td colspan=\"1\" rowspan=\"1\">\n<div class=\"magic-15\">MIFARE Classic\u00ae 1K<\/div>\n<\/td>\n<\/tr>\n<tr>\n<td colspan=\"1\" rowspan=\"1\">\n<div class=\"magic-14\">Frecuencia<\/div>\n<\/td>\n<td colspan=\"1\" rowspan=\"1\">\n<div class=\"magic-15\">13,56 MHz<\/div>\n<\/td>\n<\/tr>\n<tr>\n<td colspan=\"1\" rowspan=\"1\">\n<div class=\"magic-14\">Distancia de lectura<\/div>\n<\/td>\n<td colspan=\"1\" rowspan=\"1\">\n<div class=\"magic-15\">1-5 cent\u00edmetros<\/div>\n<\/td>\n<\/tr>\n<tr>\n<td colspan=\"1\" rowspan=\"1\">\n<div class=\"magic-14\">Material<\/div>\n<\/td>\n<td colspan=\"1\" rowspan=\"1\">\n<div class=\"magic-15\">Papel cuch\u00e9<\/div>\n<\/td>\n<\/tr>\n<tr>\n<td colspan=\"1\" rowspan=\"1\">\n<div class=\"magic-14\">Sustrato<\/div>\n<\/td>\n<td colspan=\"1\" rowspan=\"1\">\n<div class=\"magic-15\">MASCOTA<\/div>\n<\/td>\n<\/tr>\n<tr>\n<td colspan=\"1\" rowspan=\"1\">\n<div class=\"magic-14\">Di\u00e1metro 50 mm Tama\u00f1o<\/div>\n<\/td>\n<td colspan=\"1\" rowspan=\"1\">\n<div class=\"magic-15\">Di\u00e1metro 25 mm o personalizaci\u00f3n.<\/div>\n<\/td>\n<\/tr>\n<tr>\n<td colspan=\"1\" rowspan=\"1\">\n<div class=\"magic-14\">Modo de trabajo<\/div>\n<\/td>\n<td colspan=\"1\" rowspan=\"1\">\n<div class=\"magic-15\">Pasivo<\/div>\n<\/td>\n<\/tr>\n<tr>\n<td colspan=\"1\" rowspan=\"1\">\n<div class=\"magic-14\">Ciclos de escritura<\/div>\n<\/td>\n<td colspan=\"1\" rowspan=\"1\">\n<div class=\"magic-15\">100000<\/div>\n<\/td>\n<\/tr>\n<tr>\n<td colspan=\"1\" rowspan=\"1\">\n<div class=\"magic-14\">Temperatura \/ humedad de funcionamiento<\/div>\n<\/td>\n<td colspan=\"1\" rowspan=\"1\">\n<div class=\"magic-15\">-40~70\u2103\/20%~90% humedad relativa<\/div>\n<\/td>\n<\/tr>\n<tr>\n<td colspan=\"1\" rowspan=\"1\">\n<div class=\"magic-14\">Temperatura \/ humedad de almacenamiento<\/div>\n<\/td>\n<td colspan=\"1\" rowspan=\"1\">\n<div class=\"magic-15\">-20~50\u2103 \/ 20%~90% RH (sin condensaci\u00f3n).<\/div>\n<\/td>\n<\/tr>\n<tr>\n<td colspan=\"1\" rowspan=\"1\">\n<div class=\"magic-14\">Disponibilidad de muestra<\/div>\n<\/td>\n<td colspan=\"1\" rowspan=\"1\">\n<div class=\"magic-15\">Muestras gratuitas disponibles a pedido.<\/div>\n<\/td>\n<\/tr>\n<tr>\n<td colspan=\"1\" rowspan=\"1\">\n<div class=\"magic-14\">Embalaje<\/div>\n<\/td>\n<td colspan=\"1\" rowspan=\"1\">\n<div class=\"magic-15\">1000-5000 piezas\/rollo, 4 rollos\/caja<\/div>\n<\/td>\n<\/tr>\n<tr>\n<td colspan=\"1\" rowspan=\"1\">\n<div class=\"magic-14\">\n<p>Solicitud<\/p>\n<div><\/div>\n<\/div>\n<\/td>\n<td colspan=\"1\" rowspan=\"1\">\n<div class=\"magic-15\" data-spm-anchor-id=\"a2700.details.0.i47.2ec61361oDo4aX\">Control de admisi\u00f3n seguro\/Pago sin efectivo Programas de membres\u00eda y fidelizaci\u00f3n Acceso a eventos y marca\/Redes sociales\/Venta minorista<br \/>\nMedio ambiente\/Juegos y juguetes Ubicaci\u00f3n\/Electr\u00f3nica\/Ferias\/Eventos\/Solicitud de llamada\/Tarjetas de presentaci\u00f3n<\/div>\n<\/td>\n<\/tr>\n<\/tbody>\n<\/table>\n<p>&nbsp;<\/p>\n<p><strong>NXP<sup>\u00ae<\/sup>\u00a0Ha desarrollado el MIFARE<sup>\u00ae<\/sup>\u00a0MF1ICS50 para ser utilizado en una tarjeta inteligente sin contacto seg\u00fan ISO\/IEC 14443 Tipo A.<\/strong><\/p>\n<p>El IC MIFARE MF1ICS50 se utiliza en aplicaciones como emisi\u00f3n de billetes de transporte p\u00fablico, donde las principales ciudades han adoptado MIFARE como su soluci\u00f3n de emisi\u00f3n de billetes electr\u00f3nicos preferida.<\/p>\n<p>Una funci\u00f3n anticolisi\u00f3n inteligente permite operar m\u00e1s de una tarjeta en el campo simult\u00e1neamente. El algoritmo anticolisi\u00f3n selecciona cada tarjeta individualmente y garantiza que la ejecuci\u00f3n de una transacci\u00f3n con una tarjeta seleccionada se realice correctamente sin que se produzcan da\u00f1os en los datos debido a otras tarjetas en el campo.<\/p>\n<p>El MF1ICS50 est\u00e1 dise\u00f1ado para una integraci\u00f3n sencilla y la comodidad del usuario, lo que podr\u00eda permitir que las transacciones de emisi\u00f3n de billetes se realicen en menos de 100 ms. De este modo, el usuario de la tarjeta MF1ICS50 no se ve obligado a detenerse en el lector, lo que genera un alto rendimiento en las puertas de embarque y reduce los tiempos de embarque en los autobuses. La tarjeta basada en producto MIFARE tambi\u00e9n puede permanecer en la billetera durante la transacci\u00f3n, incluso si hay monedas en ella.<\/p>\n<p>Algunas preguntas frecuentes relacionadas con las etiquetas adhesivas RFID NFC Mifare 1k de NXP:<\/p>\n<ol>\n<li>\u00bfQu\u00e9 es una etiqueta adhesiva RFID NFC NXP Mifare 1k?<\/li>\n<\/ol>\n<ul>\n<li>Una etiqueta adhesiva suele estar formada por un peque\u00f1o chip RFID\/NFC y una antena incrustados en una fina capa adhesiva. El NXP Mifare 1k hace referencia al tipo espec\u00edfico de chip utilizado en la etiqueta adhesiva.<\/li>\n<\/ul>\n<ol start=\"2\">\n<li>\u00bfCu\u00e1les son las caracter\u00edsticas de las pegatinas con incrustaciones RFID NFC Mifare 1k de NXP?<\/li>\n<\/ol>\n<ul>\n<li>El chip Mifare 1k de NXP se utiliza habitualmente en aplicaciones como control de acceso, transporte y programas de fidelizaci\u00f3n. Ofrece 1 kilobyte de memoria y admite m\u00faltiples m\u00e9todos de autenticaci\u00f3n para el almacenamiento seguro de datos.<\/li>\n<\/ul>\n<ol start=\"3\">\n<li>\u00bfC\u00f3mo se pueden programar las pegatinas de incrustaci\u00f3n RFID NFC Mifare 1k de NXP?<\/li>\n<\/ol>\n<ul>\n<li>Estas etiquetas adhesivas se pueden programar mediante dispositivos habilitados para NFC, como tel\u00e9fonos inteligentes o lectores RFID\/NFC especializados. Esto permite personalizar los datos almacenados en el chip, como identificadores \u00fanicos o claves de seguridad.<\/li>\n<\/ul>\n<ol start=\"4\">\n<li>\u00bfCu\u00e1les son los casos de uso t\u00edpicos de las pegatinas con incrustaciones RFID NFC Mifare 1k de NXP?<\/li>\n<\/ol>\n<ul>\n<li>Estas etiquetas adhesivas se utilizan habitualmente en sistemas de pago sin contacto, tarjetas de control de acceso, soluciones de emisi\u00f3n de billetes y seguimiento de inventario. Son vers\u00e1tiles y se pueden integrar en diversas aplicaciones que requieren tecnolog\u00eda RFID\/NFC.<\/li>\n<\/ul>\n<ol start=\"5\">\n<li>\u00bfSon seguras las pegatinas con incrustaciones RFID NFC Mifare 1k de NXP?<\/li>\n<\/ol>\n<ul>\n<li>El chip Mifare 1k de NXP ofrece funciones de seguridad integradas, como protocolos de cifrado y autenticaci\u00f3n, para evitar el acceso no autorizado a los datos almacenados en el chip. Sin embargo, la implementaci\u00f3n adecuada de medidas de seguridad es importante para garantizar la seguridad general del sistema.<\/li>\n<\/ul>","protected":false},"excerpt":{"rendered":"<p>Incrustaciones NFC con un chip NFC MIFARE Classic EV1 1K (MF1S503yX). Estas incrustaciones est\u00e1n dise\u00f1adas para ser delgadas y econ\u00f3micas, con el chip y la antena colocados boca abajo sobre el adhesivo. La incrustaci\u00f3n tiene un NUID de 4 bytes y la antena suele detectarse al pasar un dedo por la superficie.<\/p>","protected":false},"featured_media":339,"template":"","meta":{"_kad_post_transparent":"default","_kad_post_title":"","_kad_post_layout":"default","_kad_post_sidebar_id":"","_kad_post_content_style":"default","_kad_post_vertical_padding":"default","_kad_post_feature":"","_kad_post_feature_position":"","_kad_post_header":false,"_kad_post_footer":false,"_kad_post_classname":""},"product_brand":[],"product_cat":[54,189],"product_tag":[112,147],"class_list":{"0":"post-338","1":"product","2":"type-product","3":"status-publish","4":"has-post-thumbnail","6":"product_cat-hot-selling-rfid-tags","7":"product_cat-rfid-inlay","8":"product_tag-13-56mhz-rfid-inlay","9":"product_tag-nxp-mifare-1k-rfid-nfc-inlay-sticker","11":"first","12":"instock","13":"shipping-taxable","14":"product-type-simple","15":"entry","16":"content-bg","17":"loop-entry"},"_links":{"self":[{"href":"https:\/\/rfid-laundry-tag.com\/es\/wp-json\/wp\/v2\/product\/338","targetHints":{"allow":["GET"]}}],"collection":[{"href":"https:\/\/rfid-laundry-tag.com\/es\/wp-json\/wp\/v2\/product"}],"about":[{"href":"https:\/\/rfid-laundry-tag.com\/es\/wp-json\/wp\/v2\/types\/product"}],"version-history":[{"count":1,"href":"https:\/\/rfid-laundry-tag.com\/es\/wp-json\/wp\/v2\/product\/338\/revisions"}],"predecessor-version":[{"id":717,"href":"https:\/\/rfid-laundry-tag.com\/es\/wp-json\/wp\/v2\/product\/338\/revisions\/717"}],"wp:featuredmedia":[{"embeddable":true,"href":"https:\/\/rfid-laundry-tag.com\/es\/wp-json\/wp\/v2\/media\/339"}],"wp:attachment":[{"href":"https:\/\/rfid-laundry-tag.com\/es\/wp-json\/wp\/v2\/media?parent=338"}],"wp:term":[{"taxonomy":"product_brand","embeddable":true,"href":"https:\/\/rfid-laundry-tag.com\/es\/wp-json\/wp\/v2\/product_brand?post=338"},{"taxonomy":"product_cat","embeddable":true,"href":"https:\/\/rfid-laundry-tag.com\/es\/wp-json\/wp\/v2\/product_cat?post=338"},{"taxonomy":"product_tag","embeddable":true,"href":"https:\/\/rfid-laundry-tag.com\/es\/wp-json\/wp\/v2\/product_tag?post=338"}],"curies":[{"name":"wp","href":"https:\/\/api.w.org\/{rel}","templated":true}]}}