{"id":334,"date":"2024-06-28T08:07:22","date_gmt":"2024-06-28T08:07:22","guid":{"rendered":"https:\/\/rfid-laundry-tag.com\/?post_type=product&#038;p=334"},"modified":"2024-06-28T08:17:53","modified_gmt":"2024-06-28T08:17:53","slug":"rfid-ntag213-nfc-coin-tag","status":"publish","type":"product","link":"https:\/\/rfid-laundry-tag.com\/es\/rfid-ntag213-nfc-coin-tag\/","title":{"rendered":"Etiqueta para monedas RFID Ntag213 NFC"},"content":{"rendered":"<p><strong>Etiqueta para monedas RFID Ntag213 NFC<\/strong><\/p>\n<p style=\"text-align: left;\">Informaci\u00f3n clave: Resistente a las obleas y duradero.<\/p>\n<p style=\"text-align: left;\">Se aceptan tama\u00f1os y logotipos personalizados.<\/p>\n<p style=\"text-align: left;\">Impresi\u00f3n: color blanco o logotipo personalizado.<\/p>\n<p style=\"text-align: left;\">Tama\u00f1o: Di\u00e1metro 25 mm, 30 mm<\/p>\n<p style=\"text-align: left;\">Cantidad m\u00ednima: 1000 piezas<\/p>\n<p style=\"text-align: left;\">Chips: Ntag213, Ntag215, Ntag216, etc.<\/p>\n<p style=\"text-align: left;\">Caracter\u00edsticas adicionales: logotipo, n\u00famero de serie impreso, c\u00f3digo QR, c\u00f3digos de barras, datos variables y serializaci\u00f3n, etc.<\/p>\n<table border=\"1\" cellspacing=\"0\" cellpadding=\"0\">\n<tbody>\n<tr>\n<td colspan=\"2\">\n<p align=\"left\">Presupuesto<\/p>\n<\/td>\n<\/tr>\n<tr>\n<td>\n<p align=\"left\">Tipo de etiqueta\/chip<\/p>\n<\/td>\n<td>\n<p align=\"left\">NXP Ntag213<\/p>\n<\/td>\n<\/tr>\n<tr>\n<td>\n<p align=\"left\">Frecuencia de funcionamiento<\/p>\n<\/td>\n<td>\n<p align=\"left\">13,56 MHz<\/p>\n<\/td>\n<\/tr>\n<tr>\n<td>\n<p align=\"left\">Rango de lectura probado<\/p>\n<\/td>\n<td>\n<p align=\"left\">0 \u2013 100 mm dependiendo de la potencia proporcionada por el lector<\/p>\n<\/td>\n<\/tr>\n<tr>\n<td>\n<p align=\"left\">Detecci\u00f3n m\u00faltiple<\/p>\n<\/td>\n<td>\n<p align=\"left\">S\u00ed<\/p>\n<\/td>\n<\/tr>\n<tr>\n<td>\n<p align=\"left\">Tama\u00f1o<\/p>\n<\/td>\n<td>Di\u00e1metro 25 mm<\/td>\n<\/tr>\n<tr>\n<td>\n<p align=\"left\">Material<\/p>\n<\/td>\n<td>\n<p align=\"left\">PVC \/ PET \/ Antena etc.<\/p>\n<\/td>\n<\/tr>\n<tr>\n<td>\n<p align=\"left\">Protocolo:<\/p>\n<\/td>\n<td>\n<p align=\"left\">ISO14443A<\/p>\n<\/td>\n<\/tr>\n<tr>\n<td>\n<p align=\"left\">Especificaci\u00f3n ambiental<\/p>\n<\/td>\n<td>\n<p align=\"left\">Vida \u00fatil 5 a\u00f1os<\/p>\n<p align=\"left\">Recomendado: -25 \u00b0C a +50 \u00b0C<\/p>\n<p align=\"left\">Estado de almacenamiento: 20% a 90%RH<\/p>\n<p align=\"left\">Temperatura de funcionamiento: -40 \u00b0C a +65 \u00b0C<\/p>\n<\/td>\n<\/tr>\n<tr>\n<td>\n<p align=\"left\">Tiempos de lectura\/escritura:<\/p>\n<\/td>\n<td>\n<p align=\"left\">100000 veces<\/p>\n<\/td>\n<\/tr>\n<tr>\n<td>\n<p align=\"left\">Solicitud:<\/p>\n<\/td>\n<td>\n<p align=\"left\" data-spm-anchor-id=\"a2700.wholesale.0.i54.a0d8206fLph15n\">Transporte p\u00fablico, gesti\u00f3n de accesos, billetes electr\u00f3nicos, gesti\u00f3n log\u00edstica y de suministros, fabricaci\u00f3n y montaje de productos, etiquetado de parabrisas, seguimiento de documentos, gesti\u00f3n de lavander\u00edas, gesti\u00f3n de bibliotecas, identificaci\u00f3n de animales, etc.<\/p>\n<\/td>\n<\/tr>\n<\/tbody>\n<\/table>\n<p>&nbsp;<\/p>\n<p>Esta etiqueta RFID NFC para monedas con adhesivo parece un producto robusto y confiable, especialmente con las caracter\u00edsticas que mencionaste. La incorporaci\u00f3n de materiales antimetal, adhesivo 3M y soldadura ultras\u00f3nica mejora su rendimiento en superficies met\u00e1licas y garantiza capacidades a prueba de agua y antidesplazamiento. El uso de una bobina de alambre de cobre puro para la estabilidad de la frecuencia es una excelente opci\u00f3n, ya que permite distancias de lectura de tarjetas consistentes incluso en entornos dif\u00edciles. En general, esta tecnolog\u00eda deber\u00eda proporcionar un rendimiento confiable y constante, lo que la hace adecuada para condiciones dif\u00edciles.<\/p>\n<p>La etiqueta para monedas RFID Ntag213 NFC es una opci\u00f3n popular para diversas aplicaciones, como el seguimiento de activos, el control de acceso y los pagos sin contacto. Combina los beneficios de la tecnolog\u00eda RFID con las capacidades de comunicaci\u00f3n de campo cercano (NFC), lo que permite una comunicaci\u00f3n fluida con dispositivos compatibles a corta distancia.<\/p>\n<p>El chip Ntag213 integrado en la etiqueta para monedas ofrece funciones como anticolisi\u00f3n, velocidades de transferencia de datos r\u00e1pidas y compatibilidad con una amplia gama de dispositivos habilitados para NFC. El tama\u00f1o peque\u00f1o de la etiqueta para monedas, generalmente hecha de PVC o PVC transparente, facilita su instalaci\u00f3n en activos y brinda durabilidad para uso en interiores y exteriores. Adem\u00e1s, su construcci\u00f3n resistente al agua garantiza un rendimiento confiable en diversas condiciones ambientales.<\/p>\n<p>En general, la etiqueta para monedas RFID Ntag213 NFC es una soluci\u00f3n vers\u00e1til y confiable para implementar la tecnolog\u00eda RFID y NFC en el seguimiento de activos y otras aplicaciones que requieren un intercambio de datos seguro y eficiente.<\/p>","protected":false},"excerpt":{"rendered":"<p>La etiqueta NFC para monedas Ntag213 es una opci\u00f3n s\u00f3lida para el seguimiento de activos debido a su peque\u00f1o tama\u00f1o, facilidad de instalaci\u00f3n y durabilidad. Con material de PVC o PET, la memoria del chip es de 144 bytes.<\/p>","protected":false},"featured_media":335,"template":"","meta":{"_kad_post_transparent":"default","_kad_post_title":"","_kad_post_layout":"default","_kad_post_sidebar_id":"","_kad_post_content_style":"default","_kad_post_vertical_padding":"default","_kad_post_feature":"","_kad_post_feature_position":"","_kad_post_header":false,"_kad_post_footer":false,"_kad_post_classname":""},"product_brand":[],"product_cat":[54],"product_tag":[145,144],"class_list":{"0":"post-334","1":"product","2":"type-product","3":"status-publish","4":"has-post-thumbnail","6":"product_cat-hot-selling-rfid-tags","7":"product_tag-anti-metal-nfc-tag","8":"product_tag-anti-metal-rfid-nfc-sticker","10":"first","11":"instock","12":"shipping-taxable","13":"product-type-simple","14":"entry","15":"content-bg","16":"loop-entry"},"_links":{"self":[{"href":"https:\/\/rfid-laundry-tag.com\/es\/wp-json\/wp\/v2\/product\/334","targetHints":{"allow":["GET"]}}],"collection":[{"href":"https:\/\/rfid-laundry-tag.com\/es\/wp-json\/wp\/v2\/product"}],"about":[{"href":"https:\/\/rfid-laundry-tag.com\/es\/wp-json\/wp\/v2\/types\/product"}],"version-history":[{"count":0,"href":"https:\/\/rfid-laundry-tag.com\/es\/wp-json\/wp\/v2\/product\/334\/revisions"}],"wp:featuredmedia":[{"embeddable":true,"href":"https:\/\/rfid-laundry-tag.com\/es\/wp-json\/wp\/v2\/media\/335"}],"wp:attachment":[{"href":"https:\/\/rfid-laundry-tag.com\/es\/wp-json\/wp\/v2\/media?parent=334"}],"wp:term":[{"taxonomy":"product_brand","embeddable":true,"href":"https:\/\/rfid-laundry-tag.com\/es\/wp-json\/wp\/v2\/product_brand?post=334"},{"taxonomy":"product_cat","embeddable":true,"href":"https:\/\/rfid-laundry-tag.com\/es\/wp-json\/wp\/v2\/product_cat?post=334"},{"taxonomy":"product_tag","embeddable":true,"href":"https:\/\/rfid-laundry-tag.com\/es\/wp-json\/wp\/v2\/product_tag?post=334"}],"curies":[{"name":"wp","href":"https:\/\/api.w.org\/{rel}","templated":true}]}}