{"id":332,"date":"2024-06-28T07:49:21","date_gmt":"2024-06-28T07:49:21","guid":{"rendered":"https:\/\/rfid-laundry-tag.com\/?post_type=product&#038;p=332"},"modified":"2024-06-28T08:02:32","modified_gmt":"2024-06-28T08:02:32","slug":"waterproof-pvc-ntag215-coin-nfc-tag","status":"publish","type":"product","link":"https:\/\/rfid-laundry-tag.com\/es\/waterproof-pvc-ntag215-coin-nfc-tag\/","title":{"rendered":"Etiqueta NFC para monedas Ntag215 de PVC resistente al agua"},"content":{"rendered":"<p><strong>Etiqueta NFC para monedas Ntag215 de PVC resistente al agua<\/strong><\/p>\n<p>El <strong>Etiqueta NFC para monedas Ntag215<\/strong>, fabricado en PVC (o PVC transparente), es una excelente opci\u00f3n para el seguimiento de activos debido a su:<\/p>\n<ul>\n<li><strong>Tama\u00f1o peque\u00f1o:<\/strong>\u00a0F\u00e1cil de instalar en varios activos sin agregar volumen.<\/li>\n<li><strong>Dise\u00f1o resistente al agua:<\/strong>\u00a0Adecuado para aplicaciones tanto interiores como exteriores, incluso en entornos hostiles.<\/li>\n<li><strong>Chip NFC de 13,56 MHz integrado:<\/strong>\u00a0Permite la transferencia de datos confiable y la comunicaci\u00f3n con lectores RFID.<\/li>\n<\/ul>\n<p><strong>Caracter\u00edsticas clave:<\/strong><\/p>\n<ul>\n<li><strong>Material:<\/strong>\u00a0PVC (o PVC transparente)<\/li>\n<li><strong>Chip:<\/strong>\u00a0Ntag215<\/li>\n<li><strong>Frecuencia:<\/strong>\u00a013,56 MHz<\/li>\n<li><strong>Impermeable:<\/strong>\u00a0S\u00ed<\/li>\n<li><strong>Aplicaciones:<\/strong>\u00a0Seguimiento de activos, gesti\u00f3n de inventario, control de acceso y m\u00e1s.<\/li>\n<\/ul>\n<table border=\"1\" cellspacing=\"0\" cellpadding=\"0\">\n<tbody>\n<tr>\n<td colspan=\"2\">\n<p align=\"left\">Presupuesto<\/p>\n<\/td>\n<\/tr>\n<tr>\n<td>\n<p align=\"left\">Tipo de etiqueta\/chip<\/p>\n<\/td>\n<td>\n<p align=\"left\">NXP Ntag215<\/p>\n<\/td>\n<\/tr>\n<tr>\n<td>\n<p align=\"left\">Frecuencia de funcionamiento<\/p>\n<\/td>\n<td>\n<p align=\"left\">13,56 MHz<\/p>\n<\/td>\n<\/tr>\n<tr>\n<td>\n<p align=\"left\">Rango de lectura probado<\/p>\n<\/td>\n<td>\n<p align=\"left\">0 \u2013 100 mm dependiendo de la potencia proporcionada por el lector<\/p>\n<\/td>\n<\/tr>\n<tr>\n<td>\n<p align=\"left\">Detecci\u00f3n m\u00faltiple<\/p>\n<\/td>\n<td>\n<p align=\"left\">S\u00ed<\/p>\n<\/td>\n<\/tr>\n<tr>\n<td>\n<p align=\"left\">Tama\u00f1o<\/p>\n<\/td>\n<td>Di\u00e1metro 25 mm<\/td>\n<\/tr>\n<tr>\n<td>\n<p align=\"left\">Material<\/p>\n<\/td>\n<td>\n<p align=\"left\">PVC \/ PET \/ Antena etc.<\/p>\n<\/td>\n<\/tr>\n<tr>\n<td>\n<p align=\"left\">Protocolo:<\/p>\n<\/td>\n<td>\n<p align=\"left\">ISO14443A<\/p>\n<\/td>\n<\/tr>\n<tr>\n<td>\n<p align=\"left\">Especificaci\u00f3n ambiental<\/p>\n<\/td>\n<td>\n<p align=\"left\">Vida \u00fatil 5 a\u00f1os<\/p>\n<p align=\"left\">Recomendado: -25 \u00b0C a +50 \u00b0C<\/p>\n<p align=\"left\">Estado de almacenamiento: 20% a 90%RH<\/p>\n<p align=\"left\">Temperatura de funcionamiento: -40 \u00b0C a +65 \u00b0C<\/p>\n<\/td>\n<\/tr>\n<tr>\n<td>\n<p align=\"left\">Tiempos de lectura\/escritura:<\/p>\n<\/td>\n<td>\n<p align=\"left\">100000 veces<\/p>\n<\/td>\n<\/tr>\n<tr>\n<td>\n<p align=\"left\">Solicitud:<\/p>\n<\/td>\n<td>\n<p align=\"left\" data-spm-anchor-id=\"a2700.wholesale.0.i54.a0d8206fLph15n\">Transporte p\u00fablico, gesti\u00f3n de accesos, billetes electr\u00f3nicos, gesti\u00f3n log\u00edstica y de suministros, fabricaci\u00f3n y montaje de productos, etiquetado de parabrisas, seguimiento de documentos, gesti\u00f3n de lavander\u00edas, gesti\u00f3n de bibliotecas, identificaci\u00f3n de animales, etc.<\/p>\n<\/td>\n<\/tr>\n<\/tbody>\n<\/table>\n<p>&nbsp;<\/p>\n<p><strong>Beneficios:<\/strong><\/p>\n<ul>\n<li><strong>Seguridad mejorada:<\/strong>\u00a0La tecnolog\u00eda RFID ayuda a proteger contra el robo y el acceso no autorizado.<\/li>\n<li><strong>Eficiencia mejorada:<\/strong>\u00a0El seguimiento en tiempo real permite una gesti\u00f3n eficiente de activos y el control del inventario.<\/li>\n<li><strong>Rentabilidad:<\/strong>\u00a0La construcci\u00f3n duradera y el dise\u00f1o impermeable minimizan los costos de reemplazo.<\/li>\n<li><strong>Aplicaciones vers\u00e1tiles:<\/strong>\u00a0Adecuado para una amplia gama de industrias y casos de uso.<\/li>\n<\/ul>","protected":false},"excerpt":{"rendered":"<p>La etiqueta NFC para monedas Ntag215 de PVC resistente al agua ofrece una soluci\u00f3n confiable y vers\u00e1til para las necesidades de seguimiento de activos. Su tama\u00f1o compacto, dise\u00f1o resistente al agua y chip NFC integrado la convierten en una herramienta valiosa para las organizaciones que buscan optimizar sus procesos de gesti\u00f3n de activos.<\/p>","protected":false},"featured_media":333,"template":"","meta":{"_kad_post_transparent":"default","_kad_post_title":"","_kad_post_layout":"default","_kad_post_sidebar_id":"","_kad_post_content_style":"default","_kad_post_vertical_padding":"default","_kad_post_feature":"","_kad_post_feature_position":"","_kad_post_header":false,"_kad_post_footer":false,"_kad_post_classname":""},"product_brand":[],"product_cat":[54],"product_tag":[145,144],"class_list":{"0":"post-332","1":"product","2":"type-product","3":"status-publish","4":"has-post-thumbnail","6":"product_cat-hot-selling-rfid-tags","7":"product_tag-anti-metal-nfc-tag","8":"product_tag-anti-metal-rfid-nfc-sticker","10":"first","11":"instock","12":"shipping-taxable","13":"product-type-simple","14":"entry","15":"content-bg","16":"loop-entry"},"_links":{"self":[{"href":"https:\/\/rfid-laundry-tag.com\/es\/wp-json\/wp\/v2\/product\/332","targetHints":{"allow":["GET"]}}],"collection":[{"href":"https:\/\/rfid-laundry-tag.com\/es\/wp-json\/wp\/v2\/product"}],"about":[{"href":"https:\/\/rfid-laundry-tag.com\/es\/wp-json\/wp\/v2\/types\/product"}],"version-history":[{"count":0,"href":"https:\/\/rfid-laundry-tag.com\/es\/wp-json\/wp\/v2\/product\/332\/revisions"}],"wp:featuredmedia":[{"embeddable":true,"href":"https:\/\/rfid-laundry-tag.com\/es\/wp-json\/wp\/v2\/media\/333"}],"wp:attachment":[{"href":"https:\/\/rfid-laundry-tag.com\/es\/wp-json\/wp\/v2\/media?parent=332"}],"wp:term":[{"taxonomy":"product_brand","embeddable":true,"href":"https:\/\/rfid-laundry-tag.com\/es\/wp-json\/wp\/v2\/product_brand?post=332"},{"taxonomy":"product_cat","embeddable":true,"href":"https:\/\/rfid-laundry-tag.com\/es\/wp-json\/wp\/v2\/product_cat?post=332"},{"taxonomy":"product_tag","embeddable":true,"href":"https:\/\/rfid-laundry-tag.com\/es\/wp-json\/wp\/v2\/product_tag?post=332"}],"curies":[{"name":"wp","href":"https:\/\/api.w.org\/{rel}","templated":true}]}}