{"id":330,"date":"2024-06-28T07:38:56","date_gmt":"2024-06-28T07:38:56","guid":{"rendered":"https:\/\/rfid-laundry-tag.com\/?post_type=product&#038;p=330"},"modified":"2024-09-05T08:39:15","modified_gmt":"2024-09-05T08:39:15","slug":"anti-metal-rfid-nfc-sticker","status":"publish","type":"product","link":"https:\/\/rfid-laundry-tag.com\/es\/anti-metal-rfid-nfc-sticker\/","title":{"rendered":"Adhesivo anti-metal RFID NFC"},"content":{"rendered":"<p><strong>Adhesivo anti-metal RFID NFC<\/strong><\/p>\n<p>NTAG213, NTAG215 y NTAG216 han sido desarrollados por NXP Semiconductors como circuitos integrados de etiquetas NFC est\u00e1ndar para su uso en aplicaciones del mercado masivo, como comercio minorista, juegos y productos electr\u00f3nicos de consumo, en combinaci\u00f3n con dispositivos NFC o dispositivos de acoplamiento de proximidad compatibles con NFC. NTAG213, NTAG215 y NTAG216 (de ahora en adelante, generalmente denominados NTAG21x) est\u00e1n dise\u00f1ados para cumplir totalmente con las especificaciones NFC Forum Type 2 Tag y ISO\/IEC14443 Type A.<\/p>\n<table class=\"hight-light-first-column all magic-11\">\n<tbody>\n<tr>\n<td colspan=\"1\" rowspan=\"1\">\n<div class=\"magic-12\" data-spm-anchor-id=\"a2700.details.0.i57.12287cd6Tl6d8d\">Tama\u00f1o<\/div>\n<\/td>\n<td colspan=\"4\" rowspan=\"1\">\n<div class=\"magic-13\">Di\u00e1metro 25 mm<\/div>\n<\/td>\n<\/tr>\n<tr>\n<td colspan=\"1\" rowspan=\"1\">\n<div class=\"magic-12\">Color<\/div>\n<\/td>\n<td colspan=\"4\" rowspan=\"1\">\n<div class=\"magic-16\">Negro, blanco, amarillo, rojo o personalizado<\/div>\n<\/td>\n<\/tr>\n<tr>\n<td colspan=\"1\" rowspan=\"1\">\n<div class=\"magic-12\">Chip<\/div>\n<\/td>\n<td colspan=\"4\" rowspan=\"1\">\n<div class=\"magic-13\">NTAG213, NTAG215, NTAG216<\/div>\n<\/td>\n<\/tr>\n<tr>\n<td colspan=\"1\" rowspan=\"1\">\n<div class=\"magic-12\">Frecuencia<\/div>\n<\/td>\n<td colspan=\"4\" rowspan=\"1\">\n<div class=\"magic-13\">13,56 MHz<\/div>\n<\/td>\n<\/tr>\n<tr>\n<td colspan=\"1\" rowspan=\"1\">\n<div class=\"magic-12\">Protocolo<\/div>\n<\/td>\n<td colspan=\"4\" rowspan=\"1\">\n<div class=\"magic-13\">ISO14443A, Foro NFC Tipo 2<\/div>\n<\/td>\n<\/tr>\n<tr>\n<td colspan=\"1\" rowspan=\"1\">\n<div class=\"magic-12\">Material<\/div>\n<\/td>\n<td colspan=\"4\" rowspan=\"1\">\n<div class=\"magic-13\">abdominales<\/div>\n<\/td>\n<\/tr>\n<tr>\n<td colspan=\"1\" rowspan=\"1\">\n<div class=\"magic-12\">Temperatura de funcionamiento<\/div>\n<\/td>\n<td colspan=\"4\" rowspan=\"1\">\n<div class=\"magic-13\">-20 a 85 grados C<\/div>\n<\/td>\n<\/tr>\n<tr>\n<td colspan=\"1\" rowspan=\"1\">\n<div class=\"magic-12\">Solicitud<\/div>\n<\/td>\n<td colspan=\"4\" rowspan=\"1\">\n<div class=\"magic-16\">Cadena de lavander\u00eda, productos qu\u00edmicos agresivos, dispositivo de pago, uso al aire libre, productos qu\u00edmicos, industria, log\u00edstica, guardia de patrulla, membres\u00eda, contenedor de env\u00edo, paletas, etc.<\/div>\n<\/td>\n<\/tr>\n<tr>\n<td colspan=\"1\" rowspan=\"1\">\n<div class=\"magic-12\">Clasificaci\u00f3n de impermeabilidad<\/div>\n<\/td>\n<td colspan=\"4\" rowspan=\"1\">\n<div class=\"magic-16\">IP67<\/div>\n<\/td>\n<\/tr>\n<tr>\n<td colspan=\"1\" rowspan=\"1\">\n<div class=\"magic-12\">Rango de lectura<\/div>\n<\/td>\n<td colspan=\"4\" rowspan=\"1\">\n<div class=\"magic-16\">5-10cm, depende del lector<\/div>\n<\/td>\n<\/tr>\n<tr>\n<td colspan=\"1\" rowspan=\"1\">\n<div class=\"magic-12\">Manualidades<\/div>\n<\/td>\n<td colspan=\"4\" rowspan=\"1\">\n<div class=\"magic-16\">N\u00famero de serie grabado con l\u00e1ser, c\u00f3digo de barras, etc.<\/div>\n<\/td>\n<\/tr>\n<tr>\n<td colspan=\"1\" rowspan=\"1\">\n<div class=\"magic-12\">Montaje<\/div>\n<\/td>\n<td colspan=\"4\" rowspan=\"1\">\n<div class=\"magic-16\">Mediante adhesivo o tornillo, o remaches<\/div>\n<\/td>\n<\/tr>\n<\/tbody>\n<\/table>\n<p>&nbsp;<\/p>\n<div class=\"auto-hide-last-sibling-br paragraph_9dc5f paragraph-element\">Las etiquetas RFID NFC antimetal tienen una amplia gama de aplicaciones en diversos campos debido a su flexibilidad y capacidad para funcionar en superficies met\u00e1licas. A continuaci\u00f3n, se muestra c\u00f3mo se utilizan en diferentes sectores:<\/div>\n<ul class=\"auto-hide-last-sibling-br\">\n<li>\n<div class=\"auto-hide-last-sibling-br paragraph_9dc5f paragraph-element\"><strong>Gesti\u00f3n log\u00edstica<\/strong>:Estas etiquetas adhesivas se pueden utilizar para realizar un seguimiento eficiente y localizar en tiempo real las mercanc\u00edas durante el transporte. Mejoran la eficiencia de la cadena de suministro y simplifican la gesti\u00f3n log\u00edstica al ofrecer una visibilidad continua de los env\u00edos.<\/div>\n<\/li>\n<li>\n<div class=\"auto-hide-last-sibling-br paragraph_9dc5f paragraph-element\"><strong>Gesti\u00f3n de activos<\/strong>:Desempe\u00f1an un papel esencial en el seguimiento y la gesti\u00f3n de los activos de la empresa, como maquinaria, herramientas y equipos de oficina. Permiten la identificaci\u00f3n y verificaci\u00f3n r\u00e1pida y precisa de los activos, lo que reduce el riesgo de p\u00e9rdida, robo o extrav\u00edo.<\/div>\n<\/li>\n<li>\n<div class=\"auto-hide-last-sibling-br paragraph_9dc5f paragraph-element\"><strong>Gesti\u00f3n de la cadena de suministro<\/strong>:Las etiquetas NFC se utilizan para rastrear productos en cada etapa de la cadena de suministro, lo que garantiza la transparencia y evita eficazmente que productos falsificados ingresen al mercado.<\/div>\n<\/li>\n<li>\n<div class=\"auto-hide-last-sibling-br paragraph_9dc5f paragraph-element\"><strong>Gesti\u00f3n de veh\u00edculos<\/strong>:Utilizadas en la gesti\u00f3n de veh\u00edculos de flotas, las pegatinas ofrecen una forma sencilla de rastrear y monitorear los movimientos del veh\u00edculo, garantizando una optimizaci\u00f3n eficiente de la ruta.<\/div>\n<\/li>\n<li>\n<div class=\"auto-hide-last-sibling-br paragraph_9dc5f paragraph-element\"><strong>Gesti\u00f3n de almacenes<\/strong>:Agilizan las operaciones al permitir el seguimiento en tiempo real del inventario, haciendo muy eficiente el proceso de gesti\u00f3n del almac\u00e9n.<\/div>\n<\/li>\n<li>\n<div class=\"auto-hide-last-sibling-br paragraph_9dc5f paragraph-element\"><strong>Verificaci\u00f3n del producto<\/strong>:Las pegatinas NFC se pueden utilizar para autenticar productos, proporcionando una forma sencilla de determinar si un producto es aut\u00e9ntico o falsificado.<\/div>\n<\/li>\n<li>\n<div class=\"auto-hide-last-sibling-br paragraph_9dc5f paragraph-element\"><strong>Seguimiento de activos<\/strong>:Simplifican el proceso de seguimiento de activos en tiempo real, lo que es especialmente \u00fatil para art\u00edculos de alto valor o equipos importantes que se mueven con frecuencia.<\/div>\n<\/li>\n<li>\n<div class=\"auto-hide-last-sibling-br paragraph_9dc5f paragraph-element\"><strong>Gesti\u00f3n de inventario<\/strong>:Las pegatinas ayudan a gestionar el inventario en almacenes o tiendas minoristas al reducir los controles manuales y garantizar un recuento preciso.<\/div>\n<\/li>\n<li>\n<div class=\"auto-hide-last-sibling-br paragraph_9dc5f paragraph-element\"><strong>Pago<\/strong>:Las pegatinas NFC se utilizan en transacciones sin efectivo, lo que permite pagos r\u00e1pidos y seguros con solo un toque, como en los sistemas de pago con pulsera.<\/div>\n<\/li>\n<li>\n<div class=\"auto-hide-last-sibling-br paragraph_9dc5f paragraph-element\"><strong>Redes sociales<\/strong>:Las pegatinas NFC se pueden programar para iniciar cuentas de redes sociales o hashtags, lo que proporciona una experiencia de redes sociales fluida y con un solo toque.<\/div>\n<\/li>\n<li>\n<div class=\"auto-hide-last-sibling-br paragraph_9dc5f paragraph-element\"><strong>Pulseras<\/strong>:Se utiliza en eventos donde son necesarios un acceso f\u00e1cil y pagos seguros, como festivales de m\u00fasica, ferias comerciales y eventos deportivos.<\/div>\n<\/li>\n<\/ul>\n<div class=\"auto-hide-last-sibling-br paragraph_9dc5f paragraph-element\">Lo mencionado anteriormente es solo una muestra de la versatilidad de las etiquetas NFC RFID antimetal. Las posibilidades son infinitas y cada aplicaci\u00f3n est\u00e1 dise\u00f1ada para brindar mayor eficiencia, seguridad y conveniencia.<\/div>","protected":false},"excerpt":{"rendered":"<p>Las pegatinas NFC RFID antimetal, con chips NTAG21x, son duraderas, resistentes al agua y perfectas para log\u00edstica, gesti\u00f3n de activos, pagos y m\u00e1s.<\/p>","protected":false},"featured_media":331,"template":"","meta":{"_kad_post_transparent":"default","_kad_post_title":"","_kad_post_layout":"default","_kad_post_sidebar_id":"","_kad_post_content_style":"default","_kad_post_vertical_padding":"default","_kad_post_feature":"","_kad_post_feature_position":"","_kad_post_header":false,"_kad_post_footer":false,"_kad_post_classname":""},"product_brand":[],"product_cat":[54],"product_tag":[145,144],"class_list":{"0":"post-330","1":"product","2":"type-product","3":"status-publish","4":"has-post-thumbnail","6":"product_cat-hot-selling-rfid-tags","7":"product_tag-anti-metal-nfc-tag","8":"product_tag-anti-metal-rfid-nfc-sticker","10":"first","11":"instock","12":"shipping-taxable","13":"product-type-simple","14":"entry","15":"content-bg","16":"loop-entry"},"_links":{"self":[{"href":"https:\/\/rfid-laundry-tag.com\/es\/wp-json\/wp\/v2\/product\/330","targetHints":{"allow":["GET"]}}],"collection":[{"href":"https:\/\/rfid-laundry-tag.com\/es\/wp-json\/wp\/v2\/product"}],"about":[{"href":"https:\/\/rfid-laundry-tag.com\/es\/wp-json\/wp\/v2\/types\/product"}],"version-history":[{"count":1,"href":"https:\/\/rfid-laundry-tag.com\/es\/wp-json\/wp\/v2\/product\/330\/revisions"}],"predecessor-version":[{"id":1854,"href":"https:\/\/rfid-laundry-tag.com\/es\/wp-json\/wp\/v2\/product\/330\/revisions\/1854"}],"wp:featuredmedia":[{"embeddable":true,"href":"https:\/\/rfid-laundry-tag.com\/es\/wp-json\/wp\/v2\/media\/331"}],"wp:attachment":[{"href":"https:\/\/rfid-laundry-tag.com\/es\/wp-json\/wp\/v2\/media?parent=330"}],"wp:term":[{"taxonomy":"product_brand","embeddable":true,"href":"https:\/\/rfid-laundry-tag.com\/es\/wp-json\/wp\/v2\/product_brand?post=330"},{"taxonomy":"product_cat","embeddable":true,"href":"https:\/\/rfid-laundry-tag.com\/es\/wp-json\/wp\/v2\/product_cat?post=330"},{"taxonomy":"product_tag","embeddable":true,"href":"https:\/\/rfid-laundry-tag.com\/es\/wp-json\/wp\/v2\/product_tag?post=330"}],"curies":[{"name":"wp","href":"https:\/\/api.w.org\/{rel}","templated":true}]}}