{"id":329,"date":"2024-06-28T07:30:57","date_gmt":"2024-06-28T07:30:57","guid":{"rendered":"https:\/\/rfid-laundry-tag.com\/?post_type=product&#038;p=329"},"modified":"2024-06-28T07:37:14","modified_gmt":"2024-06-28T07:37:14","slug":"mifare-ultralight-ev1-inlay-sticker","status":"publish","type":"product","link":"https:\/\/rfid-laundry-tag.com\/es\/mifare-ultralight-ev1-inlay-sticker\/","title":{"rendered":"Adhesivo de inserci\u00f3n para Mifare Ultralight ev1"},"content":{"rendered":"<div>\n<div class=\"auto-hide-last-sibling-br paragraph_9dc5f paragraph-element\"><strong>Adhesivos para incrustaciones de MIFARE Ultralight EV1<\/strong> Son bastante populares y ampliamente utilizados, dada su practicidad y compatibilidad con una amplia gama de dispositivos. A continuaci\u00f3n, se muestran algunas opciones disponibles:<\/div>\n<p><br class=\"container_21264 wrapper_661ac undefined\" \/><\/p>\n<ol class=\"auto-hide-last-sibling-br\">\n<li>\n<div class=\"auto-hide-last-sibling-br paragraph_9dc5f paragraph-element\"><strong>Pegatinas de papel NFC MIFARE Ultralight\u00ae EV1 35x35mm<\/strong>:Estas etiquetas NFC de papel adhesivo cuentan con un chip NFC NXP MIFARE Ultralight\u00ae integrado, compatible con tel\u00e9fonos inteligentes y tabletas Android y BlackBerry. Su capacidad es de 41 bytes. Estas etiquetas funcionan seg\u00fan los est\u00e1ndares ISO\/IEC 14443 Tipo A, pero lamentablemente parecen estar agotadas en este momento.<\/div>\n<\/li>\n<li><strong>Etiqueta RFID NXP Mifare\u00ae Ultralight EV1 50pf 56x18 mm | ISO14443A<\/strong>:Esta etiqueta RFID de alta calidad cuenta con el chip NXP Mifare\u00ae Ultralight EV1, que tiene una capacidad de 50 pF que garantiza un rango de lectura y un rendimiento \u00f3ptimos. Es totalmente compatible con la norma ISO14443A y es perfecta para su uso en aplicaciones que van desde el transporte p\u00fablico y los programas de fidelizaci\u00f3n hasta la venta de entradas para eventos y soluciones para ciudades inteligentes.<\/li>\n<\/ol>\n<\/div>\n<div class=\"text-title\"><strong><span class=\"magic-26\" style=\"font-family: Arial;\" data-spm-anchor-id=\"a2700.details.0.i47.6f4d7d7dnursE7\">Incrustaci\u00f3n seca<\/span><\/strong><\/div>\n<div class=\"text-content\">\n<p><span class=\"magic-6\" style=\"font-family: Arial;\">En t\u00e9rminos simples, la incrustaci\u00f3n seca RFID es una combinaci\u00f3n de chip RFID y antena. Se puede utilizar para fabricar calcoman\u00edas NFC, etiquetas RFID, boletos RFID y varias etiquetas RFID. <\/span><\/p>\n<div data-spm-anchor-id=\"a2700.details.0.i46.6f4d7d7dnursE7\">\n<p><span class=\"magic-6\" style=\"font-family: Arial;\"> La antena de incrustaci\u00f3n seca est\u00e1 hecha de aluminio grabado, que es m\u00e1s delgado en comparaci\u00f3n con la bobina de cobre. La forma de la antena se puede personalizar y redise\u00f1ar a pedido.<\/span><\/p>\n<p>&nbsp;<\/p>\n<\/div>\n<\/div>\n<div>\n<div class=\"text-title\"><strong><span class=\"magic-26\" style=\"font-family: Arial;\">Incrustaci\u00f3n h\u00fameda<\/span><\/strong><\/div>\n<div class=\"text-content\">\n<p><span class=\"magic-6\" style=\"font-family: Arial;\" data-spm-anchor-id=\"a2700.details.0.i49.6f4d7d7dnursE7\">La incrustaci\u00f3n seca RFID agregada con un adhesivo se llama incrustaci\u00f3n h\u00fameda. Se puede usar como etiqueta RFID o calcoman\u00eda NFC directamente si no necesita ninguna impresi\u00f3n en la superficie. Al pegarse en los objetos se pueden ahorrar costos y lograr el mismo prop\u00f3sito. Tambi\u00e9n se aplica ampliamente en la fabricaci\u00f3n de etiquetas RFID. La antena de incrustaci\u00f3n h\u00fameda est\u00e1 grabada en aluminio, que es m\u00e1s delgada en comparaci\u00f3n con la bobina de cobre. La forma de la antena se puede personalizar y redise\u00f1ar a pedido.<\/span><\/p>\n<div><strong>Adhesivo de inserci\u00f3n para Mifare Ultralight ev1<\/strong><\/div>\n<div><\/div>\n<div data-spm-anchor-id=\"a2700.details.0.i48.6f4d7d7dnursE7\">\n<table class=\"hight-light-first-column all magic-14\">\n<tbody>\n<tr>\n<td colspan=\"1\" rowspan=\"1\">\n<div class=\"magic-15\"><b>Material<\/b><\/div>\n<\/td>\n<td colspan=\"1\" rowspan=\"1\">\n<div class=\"magic-16\" data-spm-anchor-id=\"a2700.details.0.i34.21f6414cWQ4Zrf\">Papel \/ Papel t\u00e9rmico \/ Tela \/ PVC \/ PET<\/div>\n<\/td>\n<\/tr>\n<tr>\n<td colspan=\"1\" rowspan=\"1\">\n<div class=\"magic-15\"><b>Tama\u00f1o<\/b><\/div>\n<\/td>\n<td colspan=\"1\" rowspan=\"1\">\n<div class=\"magic-16\">18*56 mm, 25*25 mm, 30*30 mm, 40*40 mm, di\u00e1metro 18 mm, di\u00e1metro 20 mm, di\u00e1metro 22 mm, di\u00e1metro 25 mm o tama\u00f1o personalizado.<\/div>\n<\/td>\n<\/tr>\n<tr>\n<td colspan=\"1\" rowspan=\"1\">\n<div class=\"magic-15\"><b>Impresi\u00f3n<\/b><\/div>\n<\/td>\n<td colspan=\"1\" rowspan=\"1\">\n<div class=\"magic-16\">No es necesario imprimir<\/div>\n<\/td>\n<\/tr>\n<tr>\n<td colspan=\"1\" rowspan=\"1\">\n<div class=\"magic-15\"><b>Chip disponible<\/b><\/div>\n<\/td>\n<td colspan=\"1\" rowspan=\"1\">\n<div class=\"magic-16\">\n<p><strong>Mifare Ultralight EV1 <\/strong><\/p>\n<\/div>\n<\/td>\n<\/tr>\n<tr>\n<td colspan=\"1\" rowspan=\"1\">\n<div class=\"magic-21\"><b>Protocolo:<\/b><\/div>\n<\/td>\n<td colspan=\"4\" rowspan=\"1\">\n<div class=\"magic-22\">ISO\/IEC 14443 Tipo A<\/div>\n<\/td>\n<\/tr>\n<tr>\n<td colspan=\"1\" rowspan=\"1\">\n<div class=\"magic-26\"><b>Artesan\u00eda:<\/b><\/div>\n<\/td>\n<td colspan=\"4\" rowspan=\"1\">\n<div class=\"magic-22\" data-spm-anchor-id=\"a2700.details.0.i33.21f6414cWQ4Zrf\">Impresi\u00f3n, c\u00f3digo de barras, c\u00f3digo QR, etc.<\/div>\n<\/td>\n<\/tr>\n<\/tbody>\n<\/table>\n<\/div>\n<\/div>\n<\/div>","protected":false},"excerpt":{"rendered":"<p>La etiqueta adhesiva o transpondedor Mifare Ultralight ev1, un tipo de componente sin terminar, se puede transformar en varios art\u00edculos, como boletos, credenciales, etiquetas o tarjetas. Al mismo tiempo, estas incrustaciones RFID NFC HF se pueden producir en una variedad de tama\u00f1os, personalizadas para satisfacer sus necesidades espec\u00edficas.<\/p>","protected":false},"featured_media":328,"template":"","meta":{"_kad_post_transparent":"default","_kad_post_title":"","_kad_post_layout":"default","_kad_post_sidebar_id":"","_kad_post_content_style":"default","_kad_post_vertical_padding":"default","_kad_post_feature":"","_kad_post_feature_position":"","_kad_post_header":false,"_kad_post_footer":false,"_kad_post_classname":""},"product_brand":[],"product_cat":[54],"product_tag":[112,142,143],"class_list":{"0":"post-329","1":"product","2":"type-product","3":"status-publish","4":"has-post-thumbnail","6":"product_cat-hot-selling-rfid-tags","7":"product_tag-13-56mhz-rfid-inlay","8":"product_tag-mifare-ultralight-ev1-inlay-sticker","9":"product_tag-ultralight-ev1-nfc-inlay-sticker","11":"first","12":"instock","13":"shipping-taxable","14":"product-type-simple","15":"entry","16":"content-bg","17":"loop-entry"},"_links":{"self":[{"href":"https:\/\/rfid-laundry-tag.com\/es\/wp-json\/wp\/v2\/product\/329","targetHints":{"allow":["GET"]}}],"collection":[{"href":"https:\/\/rfid-laundry-tag.com\/es\/wp-json\/wp\/v2\/product"}],"about":[{"href":"https:\/\/rfid-laundry-tag.com\/es\/wp-json\/wp\/v2\/types\/product"}],"version-history":[{"count":0,"href":"https:\/\/rfid-laundry-tag.com\/es\/wp-json\/wp\/v2\/product\/329\/revisions"}],"wp:featuredmedia":[{"embeddable":true,"href":"https:\/\/rfid-laundry-tag.com\/es\/wp-json\/wp\/v2\/media\/328"}],"wp:attachment":[{"href":"https:\/\/rfid-laundry-tag.com\/es\/wp-json\/wp\/v2\/media?parent=329"}],"wp:term":[{"taxonomy":"product_brand","embeddable":true,"href":"https:\/\/rfid-laundry-tag.com\/es\/wp-json\/wp\/v2\/product_brand?post=329"},{"taxonomy":"product_cat","embeddable":true,"href":"https:\/\/rfid-laundry-tag.com\/es\/wp-json\/wp\/v2\/product_cat?post=329"},{"taxonomy":"product_tag","embeddable":true,"href":"https:\/\/rfid-laundry-tag.com\/es\/wp-json\/wp\/v2\/product_tag?post=329"}],"curies":[{"name":"wp","href":"https:\/\/api.w.org\/{rel}","templated":true}]}}