{"id":327,"date":"2024-06-28T07:06:49","date_gmt":"2024-06-28T07:06:49","guid":{"rendered":"https:\/\/rfid-laundry-tag.com\/?post_type=product&#038;p=327"},"modified":"2024-07-16T16:21:25","modified_gmt":"2024-07-16T16:21:25","slug":"rfid-1k-f08-inlay-sticker","status":"publish","type":"product","link":"https:\/\/rfid-laundry-tag.com\/es\/rfid-1k-f08-inlay-sticker\/","title":{"rendered":"Etiqueta adhesiva RFID 1K F08"},"content":{"rendered":"<div><strong>Incrustaciones RFID NFC<\/strong> Las etiquetas RFID NFC se presentan en dos tipos: h\u00famedas y secas. Una etiqueta RFID NFC h\u00fameda viene con un respaldo adhesivo, mientras que una seca no. Ofrecen una opci\u00f3n de etiqueta que funciona a 13,56 MHz dise\u00f1ada espec\u00edficamente para fabricantes de equipos originales (OEM). Hay chips de memoria NFC ISO 15693 y 14443 disponibles para estas etiquetas.<\/div>\n<div><\/div>\n<div class=\"text-title\"><strong><span class=\"magic-26\" style=\"font-family: Arial;\" data-spm-anchor-id=\"a2700.details.0.i47.6f4d7d7dnursE7\">Incrustaci\u00f3n seca<\/span><\/strong><\/div>\n<div class=\"text-content\">\n<p><span class=\"magic-6\" style=\"font-family: Arial;\">En t\u00e9rminos simples, la incrustaci\u00f3n seca RFID es una combinaci\u00f3n de chip RFID y antena. Se puede utilizar para fabricar calcoman\u00edas NFC, etiquetas RFID, boletos RFID y varias etiquetas RFID. <\/span><\/p>\n<div data-spm-anchor-id=\"a2700.details.0.i46.6f4d7d7dnursE7\">\n<p><span class=\"magic-6\" style=\"font-family: Arial;\"> La antena de incrustaci\u00f3n seca est\u00e1 hecha de aluminio grabado, que es m\u00e1s delgado en comparaci\u00f3n con la bobina de cobre. La forma de la antena se puede personalizar y redise\u00f1ar a pedido.<\/span><\/p>\n<p>&nbsp;<\/p>\n<\/div>\n<\/div>\n<div>\n<div class=\"text-title\"><strong><span class=\"magic-26\" style=\"font-family: Arial;\">Incrustaci\u00f3n h\u00fameda<\/span><\/strong><\/div>\n<div class=\"text-content\">\n<p><span class=\"magic-6\" style=\"font-family: Arial;\" data-spm-anchor-id=\"a2700.details.0.i49.6f4d7d7dnursE7\">La incrustaci\u00f3n seca RFID agregada con un adhesivo se llama incrustaci\u00f3n h\u00fameda. Se puede usar como etiqueta RFID o calcoman\u00eda NFC directamente si no necesita ninguna impresi\u00f3n en la superficie. Al pegarse en los objetos se pueden ahorrar costos y lograr el mismo prop\u00f3sito. Tambi\u00e9n se aplica ampliamente en la fabricaci\u00f3n de etiquetas RFID. La antena de incrustaci\u00f3n h\u00fameda est\u00e1 grabada en aluminio, que es m\u00e1s delgada en comparaci\u00f3n con la bobina de cobre. La forma de la antena se puede personalizar y redise\u00f1ar a pedido.<\/span><\/p>\n<div><\/div>\n<div data-spm-anchor-id=\"a2700.details.0.i48.6f4d7d7dnursE7\">\n<table class=\"hight-light-first-column all magic-14\">\n<tbody>\n<tr>\n<td colspan=\"1\" rowspan=\"1\">\n<div class=\"magic-15\"><b>Material<\/b><\/div>\n<\/td>\n<td colspan=\"1\" rowspan=\"1\">\n<div class=\"magic-16\" data-spm-anchor-id=\"a2700.details.0.i34.21f6414cWQ4Zrf\">Papel \/ Papel t\u00e9rmico \/ Tela \/ PVC \/ PET<\/div>\n<\/td>\n<\/tr>\n<tr>\n<td colspan=\"1\" rowspan=\"1\">\n<div class=\"magic-15\"><b>Tama\u00f1o<\/b><\/div>\n<\/td>\n<td colspan=\"1\" rowspan=\"1\">\n<div class=\"magic-16\">Di\u00e1metro 18 mm, di\u00e1metro 20 mm, di\u00e1metro 22 mm, di\u00e1metro 25 mm, 18 x 56 mm, 25 x 25 mm, 30 x 30 mm, 40 x 40 mm o tama\u00f1o personalizado.<\/div>\n<\/td>\n<\/tr>\n<tr>\n<td colspan=\"1\" rowspan=\"1\">\n<div class=\"magic-15\"><b>Impresi\u00f3n<\/b><\/div>\n<\/td>\n<td colspan=\"1\" rowspan=\"1\">\n<div class=\"magic-16\">No es necesario imprimir<\/div>\n<\/td>\n<\/tr>\n<tr>\n<td colspan=\"1\" rowspan=\"1\">\n<div class=\"magic-15\"><b>Chip disponible<\/b><\/div>\n<\/td>\n<td colspan=\"1\" rowspan=\"1\">\n<div class=\"magic-16\">\n<p>RFID 1K F08<\/p>\n<\/div>\n<\/td>\n<\/tr>\n<tr>\n<td colspan=\"1\" rowspan=\"1\">\n<div class=\"magic-21\"><b>Protocolo:<\/b><\/div>\n<\/td>\n<td colspan=\"4\" rowspan=\"1\">\n<div class=\"magic-22\">ISO\/IEC 14443 Tipo A<\/div>\n<\/td>\n<\/tr>\n<tr>\n<td colspan=\"1\" rowspan=\"1\">\n<div class=\"magic-26\"><b>Artesan\u00eda:<\/b><\/div>\n<\/td>\n<td colspan=\"4\" rowspan=\"1\">\n<div class=\"magic-22\" data-spm-anchor-id=\"a2700.details.0.i33.21f6414cWQ4Zrf\">Impresi\u00f3n, c\u00f3digo de barras, c\u00f3digo QR, etc.<\/div>\n<\/td>\n<\/tr>\n<\/tbody>\n<\/table>\n<\/div>\n<\/div>\n<\/div>","protected":false},"excerpt":{"rendered":"<p>Las etiquetas adhesivas o transpondedores RFID 1K F08, un tipo de componente sin terminar, se pueden transformar en varios art\u00edculos, como boletos, credenciales, etiquetas o tarjetas. Al mismo tiempo, estas etiquetas RFID NFC HF se pueden producir en una variedad de tama\u00f1os, personalizadas para satisfacer sus necesidades espec\u00edficas.<\/p>","protected":false},"featured_media":328,"template":"","meta":{"_kad_post_transparent":"default","_kad_post_title":"","_kad_post_layout":"default","_kad_post_sidebar_id":"","_kad_post_content_style":"default","_kad_post_vertical_padding":"default","_kad_post_feature":"","_kad_post_feature_position":"","_kad_post_header":false,"_kad_post_footer":false,"_kad_post_classname":""},"product_brand":[],"product_cat":[54,189],"product_tag":[112,141],"class_list":{"0":"post-327","1":"product","2":"type-product","3":"status-publish","4":"has-post-thumbnail","6":"product_cat-hot-selling-rfid-tags","7":"product_cat-rfid-inlay","8":"product_tag-13-56mhz-rfid-inlay","9":"product_tag-rfid-1k-f08-inlay-sticker","11":"first","12":"instock","13":"shipping-taxable","14":"product-type-simple","15":"entry","16":"content-bg","17":"loop-entry"},"_links":{"self":[{"href":"https:\/\/rfid-laundry-tag.com\/es\/wp-json\/wp\/v2\/product\/327","targetHints":{"allow":["GET"]}}],"collection":[{"href":"https:\/\/rfid-laundry-tag.com\/es\/wp-json\/wp\/v2\/product"}],"about":[{"href":"https:\/\/rfid-laundry-tag.com\/es\/wp-json\/wp\/v2\/types\/product"}],"version-history":[{"count":1,"href":"https:\/\/rfid-laundry-tag.com\/es\/wp-json\/wp\/v2\/product\/327\/revisions"}],"predecessor-version":[{"id":718,"href":"https:\/\/rfid-laundry-tag.com\/es\/wp-json\/wp\/v2\/product\/327\/revisions\/718"}],"wp:featuredmedia":[{"embeddable":true,"href":"https:\/\/rfid-laundry-tag.com\/es\/wp-json\/wp\/v2\/media\/328"}],"wp:attachment":[{"href":"https:\/\/rfid-laundry-tag.com\/es\/wp-json\/wp\/v2\/media?parent=327"}],"wp:term":[{"taxonomy":"product_brand","embeddable":true,"href":"https:\/\/rfid-laundry-tag.com\/es\/wp-json\/wp\/v2\/product_brand?post=327"},{"taxonomy":"product_cat","embeddable":true,"href":"https:\/\/rfid-laundry-tag.com\/es\/wp-json\/wp\/v2\/product_cat?post=327"},{"taxonomy":"product_tag","embeddable":true,"href":"https:\/\/rfid-laundry-tag.com\/es\/wp-json\/wp\/v2\/product_tag?post=327"}],"curies":[{"name":"wp","href":"https:\/\/api.w.org\/{rel}","templated":true}]}}