{"id":3242,"date":"2026-01-13T13:41:34","date_gmt":"2026-01-13T13:41:34","guid":{"rendered":"https:\/\/rfid-laundry-tag.com\/?post_type=product&#038;p=3242"},"modified":"2026-03-12T10:03:35","modified_gmt":"2026-03-12T10:03:35","slug":"mifare-s50-rfid-inlay","status":"publish","type":"product","link":"https:\/\/rfid-laundry-tag.com\/es\/mifare-s50-rfid-inlay\/","title":{"rendered":"Incrustaci\u00f3n RFID MIFARE S50"},"content":{"rendered":"<h2>Incrustaci\u00f3n RFID MIFARE S50<\/h2>\n<p><span class=\"ng-star-inserted\">El <a href=\"https:\/\/rfid-laundry-tag.com\/es\/rfid-inlay\/\">MIFARE S50\u00a0<\/a><\/span><strong class=\"ng-star-inserted\"><span class=\"ng-star-inserted\">Incrustaci\u00f3n RFID<\/span><\/strong><span class=\"ng-star-inserted\">\u00a0Es una soluci\u00f3n de vanguardia dise\u00f1ada para optimizar sus operaciones, mejorar la seguridad y optimizar la experiencia del usuario en una multitud de aplicaciones. Esta tecnolog\u00eda, potente y discreta, le permite gestionar f\u00e1cilmente el acceso, procesar pagos, rastrear activos e interactuar con los clientes de forma innovadora. Vale la pena adquirir este producto porque ofrece una fiabilidad, compatibilidad y facilidad de integraci\u00f3n inigualables, lo que lo convierte en la opci\u00f3n ideal para empresas que buscan aprovechar el poder de la RFID. Ya sea que busque implementar un control de acceso seguro, crear un sistema de pago sin efectivo integrado o revolucionar la gesti\u00f3n de su inventario, <a href=\"https:\/\/rfid-laundry-tag.com\/es\/rfid-inlay\/\">MIFARE S50\u00a0<\/a><\/span><strong class=\"ng-star-inserted\"><span class=\"ng-star-inserted\">Incrustaci\u00f3n RFID<\/span><\/strong><span class=\"ng-star-inserted\">\u00a0Proporciona el rendimiento y la versatilidad que necesitas para triunfar. En pocas palabras, este producto es imprescindible.<\/span><\/p>\n<table class=\"has-title all magic-13\">\n<tbody>\n<tr>\n<td colspan=\"1\" rowspan=\"1\">\n<div class=\"magic-14\" data-spm-anchor-id=\"a2700.details.0.i37.2ec61361oDo4aX\">Nombre del producto<\/div>\n<\/td>\n<td colspan=\"1\" rowspan=\"1\">\n<div class=\"magic-15\">Incrustaci\u00f3n RFID MIFARE S50<\/div>\n<\/td>\n<\/tr>\n<tr>\n<td colspan=\"1\" rowspan=\"1\">\n<div class=\"magic-14\">Chip<\/div>\n<\/td>\n<td colspan=\"1\" rowspan=\"1\">\n<div class=\"magic-15\">MIFARE Classic\u00ae 1K<\/div>\n<\/td>\n<\/tr>\n<tr>\n<td colspan=\"1\" rowspan=\"1\">\n<div class=\"magic-14\">Frecuencia<\/div>\n<\/td>\n<td colspan=\"1\" rowspan=\"1\">\n<div class=\"magic-15\">13,56 MHz<\/div>\n<\/td>\n<\/tr>\n<tr>\n<td colspan=\"1\" rowspan=\"1\">\n<div class=\"magic-14\">Distancia de lectura<\/div>\n<\/td>\n<td colspan=\"1\" rowspan=\"1\">\n<div class=\"magic-15\">1-5 cent\u00edmetros<\/div>\n<\/td>\n<\/tr>\n<tr>\n<td colspan=\"1\" rowspan=\"1\">\n<div class=\"magic-14\">Material<\/div>\n<\/td>\n<td colspan=\"1\" rowspan=\"1\">\n<div class=\"magic-15\">Papel cuch\u00e9<\/div>\n<\/td>\n<\/tr>\n<tr>\n<td colspan=\"1\" rowspan=\"1\">\n<div class=\"magic-14\">Sustrato<\/div>\n<\/td>\n<td colspan=\"1\" rowspan=\"1\">\n<div class=\"magic-15\">MASCOTA<\/div>\n<\/td>\n<\/tr>\n<tr>\n<td colspan=\"1\" rowspan=\"1\">\n<div class=\"magic-14\">Di\u00e1metro 50 mm Tama\u00f1o<\/div>\n<\/td>\n<td colspan=\"1\" rowspan=\"1\">\n<div class=\"magic-15\">Di\u00e1metro 25 mm o personalizaci\u00f3n.<\/div>\n<\/td>\n<\/tr>\n<tr>\n<td colspan=\"1\" rowspan=\"1\">\n<div class=\"magic-14\">Modo de trabajo<\/div>\n<\/td>\n<td colspan=\"1\" rowspan=\"1\">\n<div class=\"magic-15\">Pasivo<\/div>\n<\/td>\n<\/tr>\n<tr>\n<td colspan=\"1\" rowspan=\"1\">\n<div class=\"magic-14\">Ciclos de escritura<\/div>\n<\/td>\n<td colspan=\"1\" rowspan=\"1\">\n<div class=\"magic-15\">100000<\/div>\n<\/td>\n<\/tr>\n<tr>\n<td colspan=\"1\" rowspan=\"1\">\n<div class=\"magic-14\">Temperatura \/ humedad de funcionamiento<\/div>\n<\/td>\n<td colspan=\"1\" rowspan=\"1\">\n<div class=\"magic-15\">-40~70\u2103\/20%~90% humedad relativa<\/div>\n<\/td>\n<\/tr>\n<tr>\n<td colspan=\"1\" rowspan=\"1\">\n<div class=\"magic-14\">Temperatura \/ humedad de almacenamiento<\/div>\n<\/td>\n<td colspan=\"1\" rowspan=\"1\">\n<div class=\"magic-15\">-20~50\u2103 \/ 20%~90% RH (sin condensaci\u00f3n).<\/div>\n<\/td>\n<\/tr>\n<tr>\n<td colspan=\"1\" rowspan=\"1\">\n<div class=\"magic-14\">Disponibilidad de muestra<\/div>\n<\/td>\n<td colspan=\"1\" rowspan=\"1\">\n<div class=\"magic-15\">Muestras gratuitas disponibles a pedido.<\/div>\n<\/td>\n<\/tr>\n<tr>\n<td colspan=\"1\" rowspan=\"1\">\n<div class=\"magic-14\">Embalaje<\/div>\n<\/td>\n<td colspan=\"1\" rowspan=\"1\">\n<div class=\"magic-15\">1000-5000 piezas\/rollo, 4 rollos\/caja<\/div>\n<\/td>\n<\/tr>\n<tr>\n<td colspan=\"1\" rowspan=\"1\">\n<div class=\"magic-14\">\n<p>Solicitud<\/p>\n<div><\/div>\n<\/div>\n<\/td>\n<td colspan=\"1\" rowspan=\"1\">\n<div class=\"magic-15\" data-spm-anchor-id=\"a2700.details.0.i47.2ec61361oDo4aX\">Control de admisi\u00f3n seguro\/Pago sin efectivo Programas de membres\u00eda y fidelizaci\u00f3n Acceso a eventos y marca\/Redes sociales\/Venta minorista<br \/>\nMedio ambiente\/Juegos y juguetes Ubicaci\u00f3n\/Electr\u00f3nica\/Ferias\/Eventos\/Solicitud de llamada\/Tarjetas de presentaci\u00f3n<\/div>\n<\/td>\n<\/tr>\n<\/tbody>\n<\/table>\n<p>&nbsp;<\/p>\n<p>El MIFARE S50<a href=\"https:\/\/rfid-laundry-tag.com\/es\/rfid-inlay\/\"> Incrustaci\u00f3n RFID\u00a0<\/a>es una soluci\u00f3n vers\u00e1til dise\u00f1ada para satisfacer las crecientes demandas de las aplicaciones modernas. Operando a una frecuencia de 13,56 MHz, esta incrustaci\u00f3n habilitada para NFC conserva todas las caracter\u00edsticas esenciales de la tecnolog\u00eda MIFARE Classic a la vez que proporciona una funcionalidad f\u00e1cil de usar. Con su tama\u00f1o compacto de 25 mm de di\u00e1metro y 0,5 mm de grosor, est\u00e1 disponible en un c\u00f3modo formato de etiqueta adhesiva para monedas en blanco, lo que facilita su colocaci\u00f3n y uso en diversas aplicaciones. Ya sea que est\u00e9 buscando soluciones RFID para sistemas de pago, control de acceso o identificaci\u00f3n, la incrustaci\u00f3n MIFARE Classic 1K ofrece una confiabilidad y un rendimiento inigualables.<\/p>\n<h3>\u00bfPor qu\u00e9 elegir la incrustaci\u00f3n RFID MIFARE S50?<\/h3>\n<ul>\n<li><strong>F\u00e1cil integraci\u00f3n<\/strong>:Ideal para una variedad de aplicaciones, desde sistemas de pago hasta venta de entradas para eventos, esta inserci\u00f3n se integra perfectamente en las plataformas existentes.<\/li>\n<li><strong>Soluci\u00f3n rentable<\/strong>Con precios bajos, alta calidad y dise\u00f1o duradero, presenta una opci\u00f3n econ\u00f3mica sin comprometer el rendimiento.<\/li>\n<li><strong>F\u00e1cil de usar<\/strong>:El formato de etiqueta en blanco permite un etiquetado sencillo y aplicaciones personalizadas, mejorando la experiencia del usuario.<\/li>\n<\/ul>\n<h3>Explicaci\u00f3n de la tecnolog\u00eda NFC<\/h3>\n<p>La tecnolog\u00eda NFC (Near Field Communication) constituye la columna vertebral de la <strong>Incrustaci\u00f3n MIFARE Classic 1K<\/strong>. Al utilizar esta tecnolog\u00eda, la incrustaci\u00f3n permite el intercambio de datos sin contacto entre dispositivos. Esta funci\u00f3n no se limita solo a la interacci\u00f3n con la tarjeta y el lector, sino que tambi\u00e9n facilita los pagos m\u00f3viles y el control de acceso seguro.<\/p>\n<h3>Principales ventajas de MIFARE Classic 1K<\/h3>\n<ul>\n<li><strong>Seguridad mejorada<\/strong>:Con un UID \u00fanico de 4 bytes, MIFARE Classic 1K Inlay ayuda a prevenir la duplicaci\u00f3n de datos, agregando una capa adicional de seguridad a sus aplicaciones.<\/li>\n<li><strong>Versatilidad<\/strong>:Adecuado para diversas aplicaciones sin contacto, desde el comercio minorista hasta el transporte, mejorando la participaci\u00f3n del usuario.<\/li>\n<li><strong>Compatibilidad<\/strong>:Totalmente compatible con el lector\/escritor ACR122U, junto con otros dispositivos MIFARE Classic, lo que lo convierte en una herramienta universal en su arsenal NFC.<\/li>\n<\/ul>\n<h3>Instrucciones de uso<\/h3>\n<p>Para usar la incrustaci\u00f3n RFID MIFARE S50, simplemente f\u00edjela a la superficie deseada con el adhesivo incluido. Aseg\u00farese de que la superficie est\u00e9 limpia y seca para una adherencia \u00f3ptima. Una vez colocada, se puede leer y escribir en la incrustaci\u00f3n con un dispositivo con NFC o un lector compatible, como el ACR122U.<\/p>\n<h3>Impacto ambiental<\/h3>\n<p>La incrustaci\u00f3n RFID MIFARE S50 se fabrica respetando el medio ambiente. El uso de materiales duraderos y reciclables garantiza que, adem\u00e1s de contribuir a sus necesidades personales o empresariales, tambi\u00e9n participe en pr\u00e1cticas ecol\u00f3gicas.<\/p>\n<h2 class=\"ng-star-inserted\"><strong class=\"ng-star-inserted\"><span class=\"ng-star-inserted\">Etiquetas e incrustaciones RFID: posibilidades de aplicaci\u00f3n ilimitadas<\/span><\/strong><\/h2>\n<p class=\"ng-star-inserted\"><span class=\"ng-star-inserted\">La incrustaci\u00f3n RFID MIFARE S50<\/span><span class=\"ng-star-inserted\">\u00a0Es una soluci\u00f3n vers\u00e1til que se puede utilizar en una amplia gama de aplicaciones, entre las que se incluyen:<\/span><\/p>\n<ul class=\"ng-star-inserted\">\n<li class=\"ng-star-inserted\">\n<p class=\"ng-star-inserted\"><strong class=\"ng-star-inserted\"><span class=\"ng-star-inserted\">Control de admisi\u00f3n seguro:<\/span><\/strong><span class=\"ng-star-inserted\">\u00a0Permita el acceso al personal autorizado y evite la entrada no autorizada. Ideal para oficinas, eventos y \u00e1reas restringidas.<\/span><\/p>\n<\/li>\n<li class=\"ng-star-inserted\">\n<p class=\"ng-star-inserted\"><strong class=\"ng-star-inserted\"><span class=\"ng-star-inserted\">Pago sin efectivo:<\/span><\/strong><span class=\"ng-star-inserted\">\u00a0Habilite pagos seguros y sin inconvenientes en entornos de circuito cerrado como parques tem\u00e1ticos, complejos tur\u00edsticos y campus corporativos.<\/span><\/p>\n<\/li>\n<li class=\"ng-star-inserted\">\n<p class=\"ng-star-inserted\"><strong class=\"ng-star-inserted\"><span class=\"ng-star-inserted\">Programas de membres\u00eda y fidelizaci\u00f3n:<\/span><\/strong><span class=\"ng-star-inserted\">\u00a0Realice un seguimiento de la actividad de los miembros, recompense a los clientes leales y personalice las experiencias.<\/span><\/p>\n<\/li>\n<li class=\"ng-star-inserted\">\n<p class=\"ng-star-inserted\"><strong class=\"ng-star-inserted\"><span class=\"ng-star-inserted\">Acceso a eventos y marca:<\/span><\/strong><span class=\"ng-star-inserted\">\u00a0Agilice la entrada, recopile datos valiosos y mejore la participaci\u00f3n de los asistentes.<\/span><\/p>\n<\/li>\n<li class=\"ng-star-inserted\">\n<p class=\"ng-star-inserted\"><strong class=\"ng-star-inserted\"><span class=\"ng-star-inserted\">Redes sociales:<\/span><\/strong><span class=\"ng-star-inserted\">\u00a0Cree experiencias interactivas incorporando incrustaciones en materiales promocionales, lo que permitir\u00e1 a los usuarios conectarse con su marca en l\u00ednea.<\/span><\/p>\n<\/li>\n<li class=\"ng-star-inserted\">\n<p class=\"ng-star-inserted\"><strong class=\"ng-star-inserted\"><span class=\"ng-star-inserted\">Entorno minorista:<\/span><\/strong><span class=\"ng-star-inserted\">\u00a0Gestione el inventario, evite robos y obtenga informaci\u00f3n valiosa sobre el comportamiento de los clientes.<\/span><\/p>\n<\/li>\n<li class=\"ng-star-inserted\">\n<p class=\"ng-star-inserted\"><strong class=\"ng-star-inserted\"><span class=\"ng-star-inserted\">Juegos y juguetes:<\/span><\/strong><span class=\"ng-star-inserted\">\u00a0A\u00f1ade una nueva dimensi\u00f3n de interactividad y participaci\u00f3n a los juguetes y juegos.<\/span><\/p>\n<\/li>\n<li class=\"ng-star-inserted\">\n<p class=\"ng-star-inserted\"><strong class=\"ng-star-inserted\"><span class=\"ng-star-inserted\">Ubicaci\u00f3n:<\/span><\/strong><span class=\"ng-star-inserted\">\u00a0Realice un seguimiento de los activos, controle el movimiento y mejore la eficiencia log\u00edstica.<\/span><\/p>\n<\/li>\n<li class=\"ng-star-inserted\">\n<p class=\"ng-star-inserted\"><strong class=\"ng-star-inserted\"><span class=\"ng-star-inserted\">Electr\u00f3nica:<\/span><\/strong><span class=\"ng-star-inserted\">\u00a0Incrustar incrustaciones en dispositivos electr\u00f3nicos para medidas de autenticaci\u00f3n, seguimiento y lucha contra la falsificaci\u00f3n.<\/span><\/p>\n<\/li>\n<li class=\"ng-star-inserted\">\n<p class=\"ng-star-inserted\"><strong class=\"ng-star-inserted\"><span class=\"ng-star-inserted\">Ferias comerciales\/Eventos:<\/span><\/strong><span class=\"ng-star-inserted\">\u00a0Facilite la generaci\u00f3n de clientes potenciales, realice un seguimiento de los intereses de los asistentes y proporcione experiencias interactivas.<\/span><\/p>\n<\/li>\n<li class=\"ng-star-inserted\">\n<p class=\"ng-star-inserted\"><strong class=\"ng-star-inserted\"><span class=\"ng-star-inserted\">Solicitud de llamada:<\/span><\/strong><span class=\"ng-star-inserted\">\u00a0Permita que los usuarios soliciten informaci\u00f3n o asistencia con un simple toque.<\/span><\/p>\n<\/li>\n<li class=\"ng-star-inserted\">\n<p class=\"ng-star-inserted\"><strong class=\"ng-star-inserted\"><span class=\"ng-star-inserted\">Tarjetas de presentaci\u00f3n:<\/span><\/strong><span class=\"ng-star-inserted\">\u00a0Transforme las tarjetas de presentaci\u00f3n tradicionales en herramientas interactivas para establecer contactos y compartir informaci\u00f3n.<\/span><\/p>\n<\/li>\n<\/ul>\n<h2>Preguntas frecuentes<\/h2>\n<ul>\n<li><strong>\u00bfCu\u00e1l es el alcance de la incrustaci\u00f3n RFID MIFARE S50?<\/strong><br \/>\nEl alcance efectivo suele ser de unos 10 cm cuando se utilizan dispositivos lectores NFC t\u00edpicos.<\/li>\n<li><strong>\u00bfPuedo personalizar la incrustaci\u00f3n RFID del MIFARE S50?<\/strong><br \/>\nS\u00ed, las incrustaciones se pueden imprimir o codificar con datos personalizados, lo que las hace adecuadas para diversas aplicaciones.<\/li>\n<li><strong>\u00bfLa incrustaci\u00f3n RFID MIFARE S50 es resistente al agua?<\/strong><br \/>\nSi bien las incrustaciones est\u00e1n dise\u00f1adas para soportar condiciones ambientales moderadas, se recomienda evitar la exposici\u00f3n prolongada al agua para mantener una funcionalidad \u00f3ptima.<\/li>\n<\/ul>","protected":false},"excerpt":{"rendered":"<p>Inlay RFID MIFARE S50, una soluci\u00f3n NFC vers\u00e1til con memoria de 1K para aplicaciones seguras y sin contacto en diversos entornos.<\/p>","protected":false},"featured_media":3243,"template":"","meta":{"_kad_post_transparent":"default","_kad_post_title":"","_kad_post_layout":"default","_kad_post_sidebar_id":"","_kad_post_content_style":"default","_kad_post_vertical_padding":"default","_kad_post_feature":"","_kad_post_feature_position":"","_kad_post_header":false,"_kad_post_footer":false,"_kad_post_classname":""},"product_brand":[],"product_cat":[189],"product_tag":[398,111,194,393,108,399],"class_list":{"0":"post-3242","1":"product","2":"type-product","3":"status-publish","4":"has-post-thumbnail","6":"product_cat-rfid-inlay","7":"product_tag-mifare-s50-rfid-inlay","8":"product_tag-nfc-inlay","9":"product_tag-nfc-rfid-inlay","10":"product_tag-nfc-wet-inlay-sticker-tag-clear","11":"product_tag-rfid-inlay","12":"product_tag-rfid-inlay-factory","14":"first","15":"instock","16":"shipping-taxable","17":"product-type-simple","18":"entry","19":"content-bg","20":"loop-entry"},"_links":{"self":[{"href":"https:\/\/rfid-laundry-tag.com\/es\/wp-json\/wp\/v2\/product\/3242","targetHints":{"allow":["GET"]}}],"collection":[{"href":"https:\/\/rfid-laundry-tag.com\/es\/wp-json\/wp\/v2\/product"}],"about":[{"href":"https:\/\/rfid-laundry-tag.com\/es\/wp-json\/wp\/v2\/types\/product"}],"version-history":[{"count":1,"href":"https:\/\/rfid-laundry-tag.com\/es\/wp-json\/wp\/v2\/product\/3242\/revisions"}],"predecessor-version":[{"id":3247,"href":"https:\/\/rfid-laundry-tag.com\/es\/wp-json\/wp\/v2\/product\/3242\/revisions\/3247"}],"wp:featuredmedia":[{"embeddable":true,"href":"https:\/\/rfid-laundry-tag.com\/es\/wp-json\/wp\/v2\/media\/3243"}],"wp:attachment":[{"href":"https:\/\/rfid-laundry-tag.com\/es\/wp-json\/wp\/v2\/media?parent=3242"}],"wp:term":[{"taxonomy":"product_brand","embeddable":true,"href":"https:\/\/rfid-laundry-tag.com\/es\/wp-json\/wp\/v2\/product_brand?post=3242"},{"taxonomy":"product_cat","embeddable":true,"href":"https:\/\/rfid-laundry-tag.com\/es\/wp-json\/wp\/v2\/product_cat?post=3242"},{"taxonomy":"product_tag","embeddable":true,"href":"https:\/\/rfid-laundry-tag.com\/es\/wp-json\/wp\/v2\/product_tag?post=3242"}],"curies":[{"name":"wp","href":"https:\/\/api.w.org\/{rel}","templated":true}]}}