{"id":324,"date":"2024-06-28T06:46:40","date_gmt":"2024-06-28T06:46:40","guid":{"rendered":"https:\/\/rfid-laundry-tag.com\/?post_type=product&#038;p=324"},"modified":"2024-08-14T16:46:59","modified_gmt":"2024-08-14T16:46:59","slug":"nxp-ntag213-nfc-inlay-144byte","status":"publish","type":"product","link":"https:\/\/rfid-laundry-tag.com\/es\/nxp-ntag213-nfc-inlay-144byte\/","title":{"rendered":"Tarjeta NFC NXP Ntag213 de 144 bytes"},"content":{"rendered":"<div>\n<div>Tarjeta NFC NXP Ntag213 de 144 bytes<\/div>\n<div><\/div>\n<div>Las incrustaciones RFID NFC desempe\u00f1an un papel importante en el funcionamiento optimizado de los sistemas basados en radiofrecuencia.<\/div>\n<div>En el contexto del Inlay NFC NXP Ntag213 con una capacidad de 144 bytes, esto puede ser especialmente cierto.<\/div>\n<div>Estas incrustaciones vienen en dos formas, h\u00famedas y secas, cada una con un prop\u00f3sito \u00fanico.<\/div>\n<div><\/div>\n<div><\/div>\n<div class=\"auto-hide-last-sibling-br paragraph_9dc5f paragraph-element\">El chip NTAG213 ofrece una variedad de ventajas, tales como:<\/div>\n<p>&nbsp;<\/p>\n<ul class=\"auto-hide-last-sibling-br\">\n<li>Transferencia de energ\u00eda y datos sin contacto<\/li>\n<li>Capacidad de lectura r\u00e1pida<\/li>\n<li>Rendimiento de RF mejorado<\/li>\n<li>Funciones de seguridad, incluidas protecci\u00f3n con contrase\u00f1a y funciones anticolisi\u00f3n.<\/li>\n<li>Cumplimiento total de las especificaciones de NFC Forum Tag Type 2<\/li>\n<\/ul>\n<\/div>\n<div>\n<table class=\"all magic-9\">\n<tbody>\n<tr>\n<td colspan=\"1\" rowspan=\"1\">\n<div class=\"magic-10\">Material<\/div>\n<\/td>\n<td colspan=\"1\" rowspan=\"1\">\n<div class=\"magic-11\" data-spm-anchor-id=\"a2700.details.0.i85.504d267eS1Hb6u\">PET, PVC, papel estucado, etc.<\/div>\n<\/td>\n<\/tr>\n<tr>\n<td colspan=\"1\" rowspan=\"1\">\n<div class=\"magic-10\">Chip<\/div>\n<\/td>\n<td colspan=\"1\" rowspan=\"1\">\n<div class=\"magic-11\">Ntag213\/Ntag215\/Ntag216 etc<\/div>\n<\/td>\n<\/tr>\n<tr>\n<td colspan=\"1\" rowspan=\"1\">\n<div class=\"magic-10\">Frecuencia<\/div>\n<\/td>\n<td colspan=\"1\" rowspan=\"1\">\n<div class=\"magic-11\">13,56 MHz<\/div>\n<\/td>\n<\/tr>\n<tr>\n<td colspan=\"1\" rowspan=\"1\">\n<div class=\"magic-10\">Protocolo<\/div>\n<\/td>\n<td colspan=\"1\" rowspan=\"1\">\n<div class=\"magic-11\">ISO 14443A<\/div>\n<\/td>\n<\/tr>\n<tr>\n<td colspan=\"1\" rowspan=\"1\">\n<div class=\"magic-10\">Tama\u00f1o<\/div>\n<\/td>\n<td colspan=\"1\" rowspan=\"1\">\n<div class=\"magic-11\">Di\u00e1metro 25, 30, 35 mm o tama\u00f1o personalizado.<\/div>\n<\/td>\n<\/tr>\n<tr>\n<td colspan=\"1\" rowspan=\"1\">\n<div class=\"magic-10\">Caracter\u00edstica<\/div>\n<\/td>\n<td colspan=\"1\" rowspan=\"1\">\n<div class=\"magic-11\">Resistente al agua, resistente, impresi\u00f3n personalizada.<\/div>\n<\/td>\n<\/tr>\n<tr>\n<td colspan=\"1\" rowspan=\"1\">\n<div class=\"magic-10\">Muestra<\/div>\n<\/td>\n<td colspan=\"1\" rowspan=\"1\">\n<div class=\"magic-11\">disponible gratis<\/div>\n<\/td>\n<\/tr>\n<tr>\n<td colspan=\"1\" rowspan=\"1\">\n<div class=\"magic-10\">Distancia de lectura<\/div>\n<\/td>\n<td colspan=\"1\" rowspan=\"1\">\n<div class=\"magic-11\" data-spm-anchor-id=\"a2700.details.0.i84.504d267eS1Hb6u\">0-10 cm<\/div>\n<\/td>\n<\/tr>\n<\/tbody>\n<\/table>\n<\/div>\n<div><\/div>\n<div><\/div>\n<div><strong>Incrustaciones RFID NFC<\/strong> Las etiquetas RFID NFC se presentan en dos tipos: h\u00famedas y secas. Una etiqueta RFID NFC h\u00fameda viene con un respaldo adhesivo, mientras que una seca no. Ofrecen una opci\u00f3n de etiqueta que funciona a 13,56 MHz dise\u00f1ada espec\u00edficamente para fabricantes de equipos originales (OEM). Hay chips de memoria NFC ISO 15693 y 14443 disponibles para estas etiquetas.<\/div>\n<div><\/div>\n<div class=\"text-title\"><strong><span class=\"magic-26\" style=\"font-family: Arial;\" data-spm-anchor-id=\"a2700.details.0.i47.6f4d7d7dnursE7\">Incrustaci\u00f3n seca<\/span><\/strong><\/div>\n<div class=\"text-content\">\n<p><span class=\"magic-6\" style=\"font-family: Arial;\">En t\u00e9rminos simples, la incrustaci\u00f3n seca RFID es una combinaci\u00f3n de chip RFID y antena. Se puede utilizar para fabricar calcoman\u00edas NFC, etiquetas RFID, boletos RFID y varias etiquetas RFID. <\/span><\/p>\n<div data-spm-anchor-id=\"a2700.details.0.i46.6f4d7d7dnursE7\">\n<p><span class=\"magic-6\" style=\"font-family: Arial;\"> La antena de incrustaci\u00f3n seca est\u00e1 hecha de aluminio grabado, que es m\u00e1s delgado en comparaci\u00f3n con la bobina de cobre. La forma de la antena se puede personalizar y redise\u00f1ar a pedido.<\/span><\/p>\n<p>&nbsp;<\/p>\n<\/div>\n<\/div>\n<div>\n<div class=\"text-title\"><strong><span class=\"magic-26\" style=\"font-family: Arial;\">Incrustaci\u00f3n h\u00fameda<\/span><\/strong><\/div>\n<div class=\"text-content\">\n<p><span class=\"magic-6\" style=\"font-family: Arial;\" data-spm-anchor-id=\"a2700.details.0.i49.6f4d7d7dnursE7\">La incrustaci\u00f3n seca RFID agregada con un adhesivo se llama incrustaci\u00f3n h\u00fameda. Se puede usar como etiqueta RFID o calcoman\u00eda NFC directamente si no necesita ninguna impresi\u00f3n en la superficie. Al pegarse en los objetos se pueden ahorrar costos y lograr el mismo prop\u00f3sito. Tambi\u00e9n se aplica ampliamente en la fabricaci\u00f3n de etiquetas RFID. La antena de incrustaci\u00f3n h\u00fameda est\u00e1 grabada en aluminio, que es m\u00e1s delgada en comparaci\u00f3n con la bobina de cobre. La forma de la antena se puede personalizar y redise\u00f1ar a pedido.<\/span><\/p>\n<div><span class=\"magic-6\" style=\"font-family: Arial;\">\u00a0<\/span><\/div>\n<div data-spm-anchor-id=\"a2700.details.0.i48.6f4d7d7dnursE7\"><\/div>\n<\/div>\n<\/div>","protected":false},"excerpt":{"rendered":"<p>El chip NFC Inlay NXP Ntag213 de 144 bytes es un tipo espec\u00edfico de circuito integrado compatible con la etiqueta NFC Forum Type 2, que cuenta con 144 bytes de memoria de usuario. Est\u00e1 dise\u00f1ado teniendo en cuenta la versatilidad y es adecuado para diversas aplicaciones en industrias como la venta minorista, los juegos y la electr\u00f3nica de consumo, entre otras.<\/p>","protected":false},"featured_media":326,"template":"","meta":{"_kad_post_transparent":"default","_kad_post_title":"","_kad_post_layout":"default","_kad_post_sidebar_id":"","_kad_post_content_style":"default","_kad_post_vertical_padding":"default","_kad_post_feature":"","_kad_post_feature_position":"","_kad_post_header":false,"_kad_post_footer":false,"_kad_post_classname":""},"product_brand":[],"product_cat":[54,189],"product_tag":[111,140,110],"class_list":{"0":"post-324","1":"product","2":"type-product","3":"status-publish","4":"has-post-thumbnail","6":"product_cat-hot-selling-rfid-tags","7":"product_cat-rfid-inlay","8":"product_tag-nfc-inlay","9":"product_tag-nxp-ntag213-nfc-inlay-144byte","10":"product_tag-rfid-nfc-inlay","12":"first","13":"instock","14":"shipping-taxable","15":"product-type-simple","16":"entry","17":"content-bg","18":"loop-entry"},"_links":{"self":[{"href":"https:\/\/rfid-laundry-tag.com\/es\/wp-json\/wp\/v2\/product\/324","targetHints":{"allow":["GET"]}}],"collection":[{"href":"https:\/\/rfid-laundry-tag.com\/es\/wp-json\/wp\/v2\/product"}],"about":[{"href":"https:\/\/rfid-laundry-tag.com\/es\/wp-json\/wp\/v2\/types\/product"}],"version-history":[{"count":3,"href":"https:\/\/rfid-laundry-tag.com\/es\/wp-json\/wp\/v2\/product\/324\/revisions"}],"predecessor-version":[{"id":1336,"href":"https:\/\/rfid-laundry-tag.com\/es\/wp-json\/wp\/v2\/product\/324\/revisions\/1336"}],"wp:featuredmedia":[{"embeddable":true,"href":"https:\/\/rfid-laundry-tag.com\/es\/wp-json\/wp\/v2\/media\/326"}],"wp:attachment":[{"href":"https:\/\/rfid-laundry-tag.com\/es\/wp-json\/wp\/v2\/media?parent=324"}],"wp:term":[{"taxonomy":"product_brand","embeddable":true,"href":"https:\/\/rfid-laundry-tag.com\/es\/wp-json\/wp\/v2\/product_brand?post=324"},{"taxonomy":"product_cat","embeddable":true,"href":"https:\/\/rfid-laundry-tag.com\/es\/wp-json\/wp\/v2\/product_cat?post=324"},{"taxonomy":"product_tag","embeddable":true,"href":"https:\/\/rfid-laundry-tag.com\/es\/wp-json\/wp\/v2\/product_tag?post=324"}],"curies":[{"name":"wp","href":"https:\/\/api.w.org\/{rel}","templated":true}]}}