{"id":321,"date":"2024-06-28T06:45:35","date_gmt":"2024-06-28T06:45:35","guid":{"rendered":"https:\/\/rfid-laundry-tag.com\/?post_type=product&#038;p=321"},"modified":"2024-06-28T06:45:35","modified_gmt":"2024-06-28T06:45:35","slug":"i-code-slix-rfid-library-book-sticker-5050mm","status":"publish","type":"product","link":"https:\/\/rfid-laundry-tag.com\/es\/i-code-slix-rfid-library-book-sticker-5050mm\/","title":{"rendered":"Etiqueta adhesiva RFID para libros de biblioteca I CODE SLIX de 50 x 50 mm"},"content":{"rendered":"<table style=\"font-family: var(--global-body-font-family);\" width=\"772\">\n<tbody>\n<tr>\n<td width=\"153\"><strong>Nombre del producto<\/strong><\/td>\n<td width=\"619\"><strong>\u00a0Adhesivo RFID para libros de biblioteca I CODE SLIX\u00a0<\/strong><\/td>\n<\/tr>\n<tr>\n<td width=\"153\">Material<\/td>\n<td width=\"619\">PET+Al+Papel\/PVC\/PET<\/td>\n<\/tr>\n<tr>\n<td width=\"153\">Color<\/td>\n<td width=\"619\">CMYK, impresi\u00f3n a cuatro colores<\/td>\n<\/tr>\n<tr>\n<td width=\"153\">Dimensi\u00f3n de la etiqueta<\/td>\n<td width=\"619\">45*45 mm, 50*50 mm, etc.<\/td>\n<\/tr>\n<tr>\n<td width=\"153\">Chip<\/td>\n<td width=\"619\">\u00a0CODIFICADOR ICODE\u00ae SLIX, ICODE\u00ae SLIX-S, etc.<\/td>\n<\/tr>\n<tr>\n<td width=\"153\">Protocolo<\/td>\n<td width=\"619\">ISO15693<\/td>\n<\/tr>\n<tr>\n<td width=\"153\">Frecuencia<\/td>\n<td width=\"619\">13,56 MHz<\/td>\n<\/tr>\n<tr>\n<td width=\"153\">Distancia de lectura<\/td>\n<td width=\"619\">HF: 1-30 cm seg\u00fan el lector y el entorno<\/td>\n<\/tr>\n<tr>\n<td width=\"153\">Impresi\u00f3n<\/td>\n<td width=\"619\">CMYK, impresi\u00f3n personalizada, en blanco<\/td>\n<\/tr>\n<tr>\n<td width=\"153\">Paquete<\/td>\n<td width=\"619\">2000 piezas\/rollo, 16000 piezas\/caja, personalizado<\/td>\n<\/tr>\n<tr>\n<td width=\"153\">Muestra gratis<\/td>\n<td width=\"619\">S\u00ed<\/td>\n<\/tr>\n<\/tbody>\n<\/table>\n<p>&nbsp;<\/p>\n<p>El sistema, dise\u00f1ado principalmente para mejorar la eficiencia de los procedimientos de gesti\u00f3n de libros y archivos, ayuda a controlar el inventario, hacer un seguimiento de las ubicaciones, habilitar sistemas de autoservicio para la devoluci\u00f3n de libros y prevenir el robo, por nombrar algunas funciones. Su uso optimiza significativamente las operaciones de la biblioteca, lo que lo convierte en una opci\u00f3n inteligente para las bibliotecas modernas.<\/p>\n<div class=\"auto-hide-last-sibling-br paragraph_9dc5f paragraph-element\">La etiqueta adhesiva RFID para libros de biblioteca I CODE SLIX es una soluci\u00f3n eficaz para la gesti\u00f3n inteligente de los recursos de la biblioteca. A continuaci\u00f3n, se detallan sus caracter\u00edsticas y las respuestas a algunas preguntas frecuentes:<\/div>\n<p>&nbsp;<\/p>\n<div class=\"auto-hide-last-sibling-br paragraph_9dc5f paragraph-element\"><strong>Caracter\u00edsticas de la etiqueta adhesiva RFID para libros de biblioteca I CODE SLIX:<\/strong><\/div>\n<ol class=\"auto-hide-last-sibling-br\">\n<li>Esta etiqueta RFID ISO15693 est\u00e1 dise\u00f1ada espec\u00edficamente para sistemas de gesti\u00f3n de bibliotecas.<\/li>\n<li>Opera a 13,56 MHz en el rango de alta frecuencia (HF).<\/li>\n<li>Estas pegatinas vienen en varios tama\u00f1os, en particular 85*<em>50 mm y 50*<\/em>50 mil\u00edmetros.<\/li>\n<li>Cuentan con propiedades impermeables y tambi\u00e9n son autoadhesivos.<\/li>\n<li>Pueden ofrecer una distancia de lectura que va desde 1 a 15 cm, con una memoria de usuario de 896 bits.<\/li>\n<li>Son ideales para aplicaciones con limitaciones de espacio, m\u00e1s frecuentemente en sistemas de gesti\u00f3n de documentos.<\/li>\n<\/ol>\n<p>&nbsp;<\/p>\n<div class=\"auto-hide-last-sibling-br paragraph_9dc5f paragraph-element\"><strong>Preguntas frecuentes (FAQ):<\/strong><\/div>\n<ul class=\"auto-hide-last-sibling-br\">\n<li>\n<div class=\"auto-hide-last-sibling-br paragraph_9dc5f paragraph-element\"><strong>Pregunta 1:<\/strong>\u00a0\u00bfC\u00f3mo puedo realizar un pedido?<\/div>\n<ul class=\"auto-hide-last-sibling-br\">\n<li>R: Puede comunicar sus requisitos al servicio de atenci\u00f3n al cliente, finalizar las especificaciones del producto, realizar el pago y luego organizar la entrega del producto.<\/li>\n<\/ul>\n<\/li>\n<li>\n<div class=\"auto-hide-last-sibling-br paragraph_9dc5f paragraph-element\"><strong>Pregunta 2:<\/strong>\u00a0\u00bfCu\u00e1l es el tiempo de producci\u00f3n\/entrega esperado?<\/div>\n<ul class=\"auto-hide-last-sibling-br\">\n<li>R: El plazo de producci\u00f3n y entrega previsto suele ser de 20 d\u00edas. Sin embargo, esto puede variar en funci\u00f3n de las configuraciones espec\u00edficas del pedido.<\/li>\n<\/ul>\n<\/li>\n<li>\n<div class=\"auto-hide-last-sibling-br paragraph_9dc5f paragraph-element\"><strong>Pregunta 3:<\/strong>\u00a0\u00bfTodos los art\u00edculos pasan por pruebas antes del env\u00edo?<\/div>\n<ul class=\"auto-hide-last-sibling-br\">\n<li>R: De hecho, todos los art\u00edculos pasan por pruebas exhaustivas antes de ser enviados, incluidas verificaciones b\u00e1sicas del equipo.<\/li>\n<\/ul>\n<\/li>\n<li>\n<div class=\"auto-hide-last-sibling-br paragraph_9dc5f paragraph-element\"><strong>Pregunta 4:<\/strong>\u00a0\u00bfEs posible recibir un env\u00edo de muestra?<\/div>\n<ul class=\"auto-hide-last-sibling-br\">\n<li>R: S\u00ed, proporcionamos los productos reales como muestras a nuestros clientes.<\/li>\n<\/ul>\n<\/li>\n<\/ul>","protected":false},"excerpt":{"rendered":"<p>La etiqueta adhesiva RFID para libros de biblioteca I CODE SLIX, con sus dimensiones de 50 x 50 mm, desempe\u00f1a un papel crucial en la gesti\u00f3n de libros y archivos de la biblioteca. Al trabajar en conjunto con una antena y un lector RFID, contribuye a la gesti\u00f3n inteligente de los recursos de la biblioteca.<\/p>","protected":false},"featured_media":323,"template":"","meta":{"_kad_post_transparent":"default","_kad_post_title":"","_kad_post_layout":"default","_kad_post_sidebar_id":"","_kad_post_content_style":"default","_kad_post_vertical_padding":"default","_kad_post_feature":"","_kad_post_feature_position":"","_kad_post_header":false,"_kad_post_footer":false,"_kad_post_classname":""},"product_brand":[],"product_cat":[54],"product_tag":[138,139],"class_list":{"0":"post-321","1":"product","2":"type-product","3":"status-publish","4":"has-post-thumbnail","6":"product_cat-hot-selling-rfid-tags","7":"product_tag-i-code-slix-rfid-library-book-sticker","8":"product_tag-i-code-slix-rfid-sticker","10":"first","11":"instock","12":"shipping-taxable","13":"product-type-simple","14":"entry","15":"content-bg","16":"loop-entry"},"_links":{"self":[{"href":"https:\/\/rfid-laundry-tag.com\/es\/wp-json\/wp\/v2\/product\/321","targetHints":{"allow":["GET"]}}],"collection":[{"href":"https:\/\/rfid-laundry-tag.com\/es\/wp-json\/wp\/v2\/product"}],"about":[{"href":"https:\/\/rfid-laundry-tag.com\/es\/wp-json\/wp\/v2\/types\/product"}],"version-history":[{"count":0,"href":"https:\/\/rfid-laundry-tag.com\/es\/wp-json\/wp\/v2\/product\/321\/revisions"}],"wp:featuredmedia":[{"embeddable":true,"href":"https:\/\/rfid-laundry-tag.com\/es\/wp-json\/wp\/v2\/media\/323"}],"wp:attachment":[{"href":"https:\/\/rfid-laundry-tag.com\/es\/wp-json\/wp\/v2\/media?parent=321"}],"wp:term":[{"taxonomy":"product_brand","embeddable":true,"href":"https:\/\/rfid-laundry-tag.com\/es\/wp-json\/wp\/v2\/product_brand?post=321"},{"taxonomy":"product_cat","embeddable":true,"href":"https:\/\/rfid-laundry-tag.com\/es\/wp-json\/wp\/v2\/product_cat?post=321"},{"taxonomy":"product_tag","embeddable":true,"href":"https:\/\/rfid-laundry-tag.com\/es\/wp-json\/wp\/v2\/product_tag?post=321"}],"curies":[{"name":"wp","href":"https:\/\/api.w.org\/{rel}","templated":true}]}}