{"id":319,"date":"2024-06-28T06:17:02","date_gmt":"2024-06-28T06:17:02","guid":{"rendered":"https:\/\/rfid-laundry-tag.com\/?post_type=product&#038;p=319"},"modified":"2024-09-23T10:21:27","modified_gmt":"2024-09-23T10:21:27","slug":"iso15693-i-code-slix-rfid-inlay","status":"publish","type":"product","link":"https:\/\/rfid-laundry-tag.com\/es\/iso15693-i-code-slix-rfid-inlay\/","title":{"rendered":"Incrustaci\u00f3n RFID ISO15693 ICODE SLIX"},"content":{"rendered":"<table class=\"hight-light-first-column all magic-1\">\n<tbody>\n<tr>\n<td colspan=\"1\" rowspan=\"1\">\n<div class=\"magic-2\">\n<div class=\"magic-3\" data-spm-anchor-id=\"a2700.pc-decorate.0.i24.7f543333WPG8F0\"><span class=\"magic-4\" data-spm-anchor-id=\"a2700.pc-decorate.0.i23.7f543333WPG8F0\"><span class=\"magic-5\" style=\"color: #000000; font-family: Roboto;\"><b class=\"magic-4\" data-spm-anchor-id=\"a2700.pc-decorate.0.i114.7f543333WPG8F0\">Art\u00edculo<\/b><\/span><\/span><\/div>\n<\/div>\n<\/td>\n<td colspan=\"4\" rowspan=\"1\">\n<div class=\"magic-6\"><strong>Incrustaci\u00f3n RFID ISO15693 ICODE SLIX<\/strong><\/div>\n<\/td>\n<\/tr>\n<tr>\n<td colspan=\"1\" rowspan=\"1\">\n<div class=\"magic-2\">\n<div class=\"magic-3\" data-spm-anchor-id=\"a2700.pc-decorate.0.i22.7f543333WPG8F0\"><span class=\"magic-4\" data-spm-anchor-id=\"a2700.pc-decorate.0.i10.7f543333WPG8F0\"><b class=\"magic-4\"><span class=\"magic-5\" style=\"color: #000000; font-family: Roboto;\">Material<\/span><\/b><\/span><\/div>\n<\/div>\n<\/td>\n<td colspan=\"4\" rowspan=\"1\">\n<div class=\"magic-9\"><span class=\"magic-5\" style=\"color: #000000;\">Papel \/ Pel\u00edcula PP \/ PET \/ Incrustaci\u00f3n<\/span><\/div>\n<\/td>\n<\/tr>\n<tr>\n<td colspan=\"1\" rowspan=\"1\">\n<div class=\"magic-2\">\n<div class=\"magic-3\" data-spm-anchor-id=\"a2700.pc-decorate.0.i34.7f543333WPG8F0\"><b class=\"magic-13\" data-spm-anchor-id=\"a2700.pc-decorate.0.i111.7f543333WPG8F0\"><span class=\"magic-5\" style=\"color: #000000; font-family: Roboto;\">Frecuencia<\/span><\/b><\/div>\n<\/div>\n<\/td>\n<td colspan=\"4\" rowspan=\"1\">\n<div class=\"magic-6\"><span class=\"magic-5\" style=\"color: #000000; font-family: Roboto;\" data-spm-anchor-id=\"a2700.details.0.i25.244e512bmtbZH7\">13,56 MHz<\/span><\/div>\n<\/td>\n<\/tr>\n<tr>\n<td colspan=\"1\" rowspan=\"1\">\n<div class=\"magic-2\">\n<div class=\"magic-3\" data-spm-anchor-id=\"a2700.pc-decorate.0.i33.7f543333WPG8F0\"><b class=\"magic-4\"><span class=\"magic-5\" style=\"color: #000000; font-family: Roboto;\">Tama\u00f1o<\/span><\/b><\/div>\n<\/div>\n<\/td>\n<td colspan=\"4\" rowspan=\"1\">\n<div class=\"magic-9\"><span class=\"magic-5\" style=\"color: #000000;\">50*50\/45*45\/30*15\/40*25\/Di\u00e1metro 25\/30 o tama\u00f1o personalizado<\/span><\/div>\n<\/td>\n<\/tr>\n<tr>\n<td colspan=\"1\" rowspan=\"1\">\n<div class=\"magic-2\">\n<div class=\"magic-3\"><b class=\"magic-14\">Aplicaciones<\/b><\/div>\n<\/div>\n<\/td>\n<td colspan=\"4\" rowspan=\"1\">\n<div class=\"magic-6\" data-spm-anchor-id=\"a2700.details.0.i24.244e512bmtbZH7\"><span class=\"magic-5\" style=\"color: #000000; font-family: Roboto;\">Ampliamente utilizado en la gesti\u00f3n de activos, gesti\u00f3n de ropa, inventario, biblioteca, joyer\u00eda, log\u00edstica, etc.<\/span><\/div>\n<\/td>\n<\/tr>\n<\/tbody>\n<\/table>\n<p>&nbsp;<\/p>\n<p>El IC ICODE SLIX es un chip dedicado para aplicaciones de etiquetas inteligentes, como bibliotecas, autenticaci\u00f3n de productos en diferentes industrias, como la farmac\u00e9utica, dispositivos m\u00e9dicos y alcohol, as\u00ed como gesti\u00f3n de producci\u00f3n en diferentes \u00e1reas de la industria. Este IC es la tercera generaci\u00f3n de una familia de productos de IC de etiquetas inteligentes basados en las normas ISO\/IEC 15693 e ISO\/IEC 18000-3, que prolongan la historia de \u00e9xito de NXP<sup>\u00ae<\/sup>\u00a0en el \u00e1mbito de los sistemas de identificaci\u00f3n de proximidades.<\/p>\n<h3>Transferencia de energ\u00eda y datos sin contacto<\/h3>\n<p>Siempre que se conecte a un tipo de antena muy simple y f\u00e1cil de producir (como resultado de la frecuencia portadora de 13,56 MHz) hecha de unos pocos devanados impresos, enrollados, grabados o perforados, el ICODE SLIX IC puede funcionar sin l\u00ednea de visi\u00f3n hasta una distancia de 1,5 m (ancho de la puerta). No se necesita bater\u00eda. Cuando la etiqueta inteligente se coloca en el campo de una antena interrogadora, la interfaz de comunicaci\u00f3n RF de alta velocidad permite transmitir datos a una velocidad de hasta 53 kbit\/s.<\/p>\n<h3>Anti choques<\/h3>\n<p>Una funci\u00f3n anticolisi\u00f3n inteligente permite que varias etiquetas funcionen en el campo simult\u00e1neamente. El algoritmo anticolisi\u00f3n selecciona cada etiqueta individualmente y garantiza que la ejecuci\u00f3n de una transacci\u00f3n con una etiqueta seleccionada se realice correctamente sin que otras etiquetas en el campo da\u00f1en los datos.<\/p>\n<h3>Caracter\u00edsticas del chip RFID con incrustaci\u00f3n ISO15693 ICODE SLIX<\/h3>\n<div id=\"featuresXsp\" class=\"features-list\">\n<div class=\"features-xsp\">\n<div class=\"collapse-mobile ste-list\">\n<h3>Interfaz ICODE SLIX RF (ISO\/IEC 15693)<\/h3>\n<ul class=\"boxes\">\n<li>Transmisi\u00f3n de datos y suministro de energ\u00eda sin contacto (no se necesita bater\u00eda)<\/li>\n<li>Distancia de funcionamiento: hasta 1,5 m (dependiendo de la geometr\u00eda de la antena)<\/li>\n<li>Frecuencia de funcionamiento: 13,56 MHz (ISM, licencia mundial disponible gratuitamente)<\/li>\n<li>Transferencia de datos r\u00e1pida: hasta 53 kbit\/s<\/li>\n<li>Alta integridad de datos: CRC de 16 bits, encuadre<\/li>\n<li>Verdadero anticolisi\u00f3n<\/li>\n<li>Vigilancia electr\u00f3nica de art\u00edculos (EAS) protegida con contrase\u00f1a<\/li>\n<li>Identificador de familia de aplicaciones (AFI) protegido con contrase\u00f1a<\/li>\n<li>Identificador de formato de almacenamiento de datos (DSFID)<\/li>\n<li>Lectura anticolisi\u00f3n r\u00e1pida adicional<\/li>\n<li>Distancia de escritura igual a distancia de lectura<\/li>\n<\/ul>\n<\/div>\n<div class=\"collapse-mobile ste-list\">\n<h3>EEPROM<\/h3>\n<ul class=\"boxes\">\n<li>1024 bits, organizados en 32 bloques de 4 bytes cada uno<\/li>\n<li>50 a\u00f1os de retenci\u00f3n de datos<\/li>\n<li>Escribir resistencia de 100000 ciclos.<\/li>\n<\/ul>\n<\/div>\n<div class=\"collapse-mobile ste-list\">\n<h3>Seguridad<\/h3>\n<ul class=\"boxes\">\n<li>Identificador \u00fanico para cada dispositivo<\/li>\n<li>Mecanismo de bloqueo para cada bloque de memoria del usuario (protecci\u00f3n contra escritura)<\/li>\n<li>Mecanismo de bloqueo para DSFID, AFI, EAS<\/li>\n<li>Funcionalidad EAS y AFI protegida por contrase\u00f1a (32 bits)<\/li>\n<\/ul>\n<\/div>\n<\/div>\n<\/div>\n<div class=\"auto-hide-last-sibling-br paragraph_9dc5f paragraph-element\"><strong>Incrustaci\u00f3n RFID ISO15693 ICODE SLIX:<\/strong>\u00a0Una incrustaci\u00f3n RFID consta de una antena y un microchip, donde el chip almacena datos y la antena es responsable de transmitir estos datos al lector RFID.<\/div>\n<p>&nbsp;<\/p>\n<div class=\"auto-hide-last-sibling-br paragraph_9dc5f paragraph-element\"><strong>Incrustaciones h\u00famedas:<\/strong>\u00a0Se trata de inlays RFID que se colocan sobre una capa adhesiva y una capa de PET (polietileno tereftalato) transparente. La capa de PET se utiliza para la protecci\u00f3n contra da\u00f1os f\u00edsicos. Con el lado adhesivo hacia el lado opuesto a la etiqueta o material, se pueden utilizar c\u00f3modamente para construir etiquetas RFID, de ah\u00ed su amplia aplicaci\u00f3n en la creaci\u00f3n de etiquetas para diversos sectores.<\/div>\n<div><\/div>\n<div>\n<div class=\"auto-hide-last-sibling-br paragraph_9dc5f paragraph-element\">\u00a0Las etiquetas NFC ISO15693 ICODE SLIX, fabricadas con diversos materiales como papel, pel\u00edcula de PP, PET o incrustaciones y en diferentes tama\u00f1os, se utilizan ampliamente. A menudo las encontrar\u00e1 en industrias como:<\/div>\n<p>&nbsp;<\/p>\n<ul class=\"auto-hide-last-sibling-br\">\n<li><strong>Gesti\u00f3n de activos:<\/strong>\u00a0Las etiquetas se utilizan para rastrear activos f\u00edsicos en una variedad de entornos, como el monitoreo de equipos en el \u00e1mbito de la atenci\u00f3n m\u00e9dica o de TI.<\/li>\n<li><strong>Gesti\u00f3n de ropa:<\/strong>\u00a0En el comercio minorista de moda, estas etiquetas facilitan el seguimiento del inventario, las medidas antirrobo y mejoran la experiencia del cliente en la tienda.<\/li>\n<li><strong>Gesti\u00f3n de inventario:<\/strong>\u00a0En los almacenes y comercios minoristas, las etiquetas RFID se utilizan para gestionar eficazmente el inventario, reducir el trabajo manual y minimizar los errores.<\/li>\n<li><strong>Gesti\u00f3n de la biblioteca:<\/strong>\u00a0Se utilizan para automatizar procesos de pr\u00e9stamos y devoluciones, mejorar la gesti\u00f3n del inventario y ofrecer seguridad contra robos.<\/li>\n<li><strong>Gesti\u00f3n de joyas:<\/strong>\u00a0Ligeras y precisas, estas etiquetas ofrecen un control de inventario seguro y eficaz en la industria de la joyer\u00eda.<\/li>\n<li><strong>Log\u00edstica:<\/strong> Las etiquetas RFID se utilizan para rastrear mercanc\u00edas en tr\u00e1nsito, mejorar la precisi\u00f3n del env\u00edo y aumentar la visibilidad en la cadena de suministro.<\/li>\n<\/ul>\n<div class=\"auto-hide-last-sibling-br paragraph_9dc5f paragraph-element\">El tama\u00f1o y la forma de la etiqueta se pueden personalizar seg\u00fan la aplicaci\u00f3n espec\u00edfica, mejorando su flexibilidad y adaptabilidad en diversos casos de uso.<\/div>\n<\/div>\n<div><\/div>\n<div>\n<h2 class=\"AnswerParser_AnswerParserH2__SIHnF\">Comience hoy mismo a utilizar NXP ICODE SLIX RFID<\/h2>\n<p><span class=\"AnswerParser_TextContainer__z_Iiv\" data-testid=\"youchat-text\">\u00bfEst\u00e1 listo para revolucionar sus procesos de autenticaci\u00f3n y gesti\u00f3n de activos? D\u00e9 el primer paso hacia un futuro m\u00e1s eficiente:<\/span><\/p>\n<ol class=\"AnswerParser_AnswerParserOrderedList__kl_2Y\">\n<li class=\"AnswerParser_ListItem__XqLOV\" translate=\"yes\"><strong>Solicite una muestra gratis<\/strong>Experimente la calidad y el rendimiento de primera mano.<\/li>\n<li class=\"AnswerParser_ListItem__XqLOV\" translate=\"yes\"><strong>Consulte con nuestros expertos<\/strong>:Obtenga asesoramiento personalizado sobre la implementaci\u00f3n de RFID en su negocio<\/li>\n<li class=\"AnswerParser_ListItem__XqLOV\" translate=\"yes\"><strong>Cotizaci\u00f3n personalizada<\/strong>:Reciba un plan de precios personalizado seg\u00fan sus necesidades espec\u00edficas y requisitos de volumen.<\/li>\n<\/ol>\n<p><span class=\"AnswerParser_TextContainer__z_Iiv\" data-testid=\"youchat-text\">No permita que los m\u00e9todos de seguimiento obsoletos frenen el crecimiento de su negocio. Aproveche el poder de la tecnolog\u00eda RFID ICODE SLIX de NXP y mant\u00e9ngase a la vanguardia de la competencia. Complete nuestro formulario de consulta hoy mismo para comenzar su viaje hacia operaciones m\u00e1s inteligentes y eficientes.<\/span><\/div>","protected":false},"excerpt":{"rendered":"<p>Revolucione la gesti\u00f3n de activos con la incrustaci\u00f3n RFID NXP ICODE SLIX de 13,56 MHz, que mejora la eficiencia del inventario y la autenticaci\u00f3n de productos en todas las industrias.<\/p>","protected":false},"featured_media":320,"template":"","meta":{"_kad_post_transparent":"default","_kad_post_title":"","_kad_post_layout":"default","_kad_post_sidebar_id":"","_kad_post_content_style":"default","_kad_post_vertical_padding":"default","_kad_post_feature":"","_kad_post_feature_position":"","_kad_post_header":false,"_kad_post_footer":false,"_kad_post_classname":""},"product_brand":[],"product_cat":[54,189],"product_tag":[306,111,108],"class_list":{"0":"post-319","1":"product","2":"type-product","3":"status-publish","4":"has-post-thumbnail","6":"product_cat-hot-selling-rfid-tags","7":"product_cat-rfid-inlay","8":"product_tag-icode-slix-rfid-inlay","9":"product_tag-nfc-inlay","10":"product_tag-rfid-inlay","12":"first","13":"instock","14":"shipping-taxable","15":"product-type-simple","16":"entry","17":"content-bg","18":"loop-entry"},"_links":{"self":[{"href":"https:\/\/rfid-laundry-tag.com\/es\/wp-json\/wp\/v2\/product\/319","targetHints":{"allow":["GET"]}}],"collection":[{"href":"https:\/\/rfid-laundry-tag.com\/es\/wp-json\/wp\/v2\/product"}],"about":[{"href":"https:\/\/rfid-laundry-tag.com\/es\/wp-json\/wp\/v2\/types\/product"}],"version-history":[{"count":3,"href":"https:\/\/rfid-laundry-tag.com\/es\/wp-json\/wp\/v2\/product\/319\/revisions"}],"predecessor-version":[{"id":2656,"href":"https:\/\/rfid-laundry-tag.com\/es\/wp-json\/wp\/v2\/product\/319\/revisions\/2656"}],"wp:featuredmedia":[{"embeddable":true,"href":"https:\/\/rfid-laundry-tag.com\/es\/wp-json\/wp\/v2\/media\/320"}],"wp:attachment":[{"href":"https:\/\/rfid-laundry-tag.com\/es\/wp-json\/wp\/v2\/media?parent=319"}],"wp:term":[{"taxonomy":"product_brand","embeddable":true,"href":"https:\/\/rfid-laundry-tag.com\/es\/wp-json\/wp\/v2\/product_brand?post=319"},{"taxonomy":"product_cat","embeddable":true,"href":"https:\/\/rfid-laundry-tag.com\/es\/wp-json\/wp\/v2\/product_cat?post=319"},{"taxonomy":"product_tag","embeddable":true,"href":"https:\/\/rfid-laundry-tag.com\/es\/wp-json\/wp\/v2\/product_tag?post=319"}],"curies":[{"name":"wp","href":"https:\/\/api.w.org\/{rel}","templated":true}]}}