{"id":3186,"date":"2026-01-09T13:37:43","date_gmt":"2026-01-09T13:37:43","guid":{"rendered":"https:\/\/rfid-laundry-tag.com\/?post_type=product&#038;p=3186"},"modified":"2026-01-09T13:37:44","modified_gmt":"2026-01-09T13:37:44","slug":"fabric-woven-rfid-wash-care-tag","status":"publish","type":"product","link":"https:\/\/rfid-laundry-tag.com\/es\/fabric-woven-rfid-wash-care-tag\/","title":{"rendered":"Etiqueta de lavado RFID tejida"},"content":{"rendered":"<div>\n<div>\n<table>\n<tbody>\n<tr>\n<td colspan=\"1\" rowspan=\"1\">\n<div data-spm-anchor-id=\"a2700.details.0.i95.236a58c1ycsfva\">Nombre de la producci\u00f3n:<\/div>\n<\/td>\n<td colspan=\"1\" rowspan=\"1\">\n<div><strong>Etiqueta de lavado RFID tejida<\/strong><\/div>\n<\/td>\n<\/tr>\n<tr>\n<td colspan=\"1\" rowspan=\"1\">\n<div>Material:<\/div>\n<\/td>\n<td colspan=\"1\" rowspan=\"1\">\n<div>Poli\u00e9ster\/Tejido\/Composici\u00f3n\/Sat\u00e9n\/Algod\u00f3n\/No tejido\/PET, etc.<\/div>\n<\/td>\n<\/tr>\n<tr>\n<td colspan=\"1\" rowspan=\"1\">\n<div>Tama\u00f1o:<\/div>\n<\/td>\n<td colspan=\"1\" rowspan=\"1\">\n<div>80*38 mm\/60*30 mm\/61*26 mm\/60*22 mm\/etc. o personalizado<\/div>\n<\/td>\n<\/tr>\n<tr>\n<td colspan=\"1\" rowspan=\"1\">\n<div>Tipo:<\/div>\n<\/td>\n<td colspan=\"1\" rowspan=\"1\">\n<div>Pasivo, RFID<\/div>\n<\/td>\n<\/tr>\n<tr>\n<td colspan=\"1\" rowspan=\"1\">\n<div>Protocolo RF:<\/div>\n<\/td>\n<td colspan=\"1\" rowspan=\"1\">\n<div>ISO 18000-6C; EPC Clase 1 Gen 2<\/div>\n<\/td>\n<\/tr>\n<tr>\n<td colspan=\"1\" rowspan=\"1\">\n<div>Frecuencia:<\/div>\n<\/td>\n<td colspan=\"1\" rowspan=\"1\">\n<div>860 ~ 960 MHz<\/div>\n<\/td>\n<\/tr>\n<tr>\n<td colspan=\"1\" rowspan=\"1\">\n<div>Chip<\/div>\n<\/td>\n<td colspan=\"1\" rowspan=\"1\">\n<div>U8, U9, Higgs alien\u00edgena, Monza 4D, Monza 4QT, Monza R6, Monza R6-P, Impinj M730, Impinj M750, etc.<\/div>\n<\/td>\n<\/tr>\n<tr>\n<td colspan=\"1\" rowspan=\"1\">\n<div>Distancia de lectura:<\/div>\n<\/td>\n<td colspan=\"1\" rowspan=\"1\">\n<div>UHF: 1~10 m (depende del lector y la antena)<\/div>\n<\/td>\n<\/tr>\n<tr>\n<td colspan=\"1\" rowspan=\"1\">\n<div>Manera fija:<\/div>\n<\/td>\n<td colspan=\"1\" rowspan=\"1\">\n<div>Coser \/ planchar<\/div>\n<\/td>\n<\/tr>\n<tr>\n<td colspan=\"1\" rowspan=\"1\">\n<div>Impresi\u00f3n:<\/div>\n<\/td>\n<td colspan=\"1\" rowspan=\"1\">\n<div>Impresi\u00f3n, codificaci\u00f3n, n\u00famero de serie, dise\u00f1o, etc.<\/div>\n<\/td>\n<\/tr>\n<tr>\n<td colspan=\"1\" rowspan=\"1\">\n<div>Vida de IC:<\/div>\n<\/td>\n<td colspan=\"1\" rowspan=\"1\">\n<div data-spm-anchor-id=\"a2700.details.0.i94.236a58c1ycsfva\">100.000 ciclos de programaci\u00f3n<br \/>\nRetenci\u00f3n de datos durante 10 a\u00f1os<\/div>\n<\/td>\n<\/tr>\n<tr>\n<td colspan=\"1\" rowspan=\"1\">\n<div>Disponibilidad de muestra:<\/div>\n<\/td>\n<td colspan=\"1\" rowspan=\"1\">\n<div>Muestras gratuitas disponibles a pedido.<\/div>\n<\/td>\n<\/tr>\n<tr>\n<td colspan=\"1\" rowspan=\"1\">\n<div>Aplicaciones:<\/div>\n<\/td>\n<td colspan=\"1\" rowspan=\"1\">\n<div>\u00b7 Gesti\u00f3n de inventario<br \/>\n\u00b7 Cadena de suministro<br \/>\n\u00b7 Minorista<\/div>\n<\/td>\n<\/tr>\n<tr>\n<td colspan=\"1\" rowspan=\"1\">\n<div>Usar<\/div>\n<\/td>\n<td colspan=\"1\" rowspan=\"1\">\n<div>Prendas de vestir, ropa, bolsos, zapatos, etc.<\/div>\n<\/td>\n<\/tr>\n<\/tbody>\n<\/table>\n<\/div>\n<\/div>\n<div>\n<div>\n<div>\n<div>\n<div>\n<div><\/div>\n<\/div>\n<div>\n<div>\n<h2>El material de tela de nailon es suave y resistente al desgaste.<\/h2>\n<div><a href=\"https:\/\/rfid-laundry-tag.com\/es\/\">Etiqueta de lavado RFID tejida<\/a>\u00a0El material de tela de nailon tiene buena tenacidad, tela suave y excelentes efectos de impresi\u00f3n, se puede lavar sin desgaste f\u00e1cil.<\/div>\n<div>Actualmente se utiliza ampliamente en ropa, zapatos, bolsos, textiles para el hogar y en la gesti\u00f3n de ropa de hotel.<\/div>\n<\/div>\n<\/div>\n<\/div>\n<div><\/div>\n<div>La etiqueta de cuidado de lavado RFID tejida en tela ten\u00eda un chip UHF incorporado y lectura de larga distancia<br \/>\nEquipado con un chip UHF, se puede reescribir<br \/>\nHasta 100.000 veces, los datos se pueden conservar durante 10 a\u00f1os y ofrece un rendimiento estable y confiable.<\/div>\n<\/div>\n<div><\/div>\n<div>Etiqueta de cuidado de lavado RFID tejida de tela compatible con personalizaci\u00f3n Dise\u00f1o gratuito<br \/>\nPersonalizable con codificaci\u00f3n, logotipo, c\u00f3digo de barras 1D\/2D seg\u00fan solicitud.,<\/div>\n<div>y tambi\u00e9n disponible en tama\u00f1os personalizados, modelos de chip, colores, etc.<\/div>\n<div>\n<div><\/div>\n<div>\n<div>\n<div>\n<div>\n<div>\n<h2>F\u00e1cil instalaci\u00f3n y uso<\/h2>\n<p>Nuestras etiquetas de lavado RFID tejidas en tela est\u00e1n dise\u00f1adas para una integraci\u00f3n perfecta en sus prendas:<\/p>\n<ol>\n<li translate=\"yes\">Opci\u00f3n de costura: m\u00e9todo de fijaci\u00f3n tradicional para mayor durabilidad.<\/li>\n<li translate=\"yes\">Aplicaci\u00f3n mediante planchado: Instalaci\u00f3n r\u00e1pida y sencilla mediante tecnolog\u00eda de transferencia de calor.<\/li>\n<\/ol>\n<p>Ambos m\u00e9todos garantizan que la etiqueta RFID permanezca adherida de forma segura durante todo el ciclo de vida de la prenda.<\/p>\n<h3>A continuaci\u00f3n se muestran algunos ejemplos de c\u00f3mo las marcas de ropa de primer nivel han implementado con \u00e9xito la etiqueta de lavado RFID tejida:<\/h3>\n<ol>\n<li>\n<div>Prada: Esta famosa marca italiana de lujo adopt\u00f3 las etiquetas RFID de lavado en 2001, lo que permite registrar informaci\u00f3n detallada como estilo, talla, color y precio. Curiosamente, cuando los consumidores que visten ropa Prada pasan por sus tiendas, se muestran las prendas correspondientes en los modelos, imitando una pasarela de alta costura en Mil\u00e1n. Este innovador uso de la tecnolog\u00eda RFID mejora la satisfacci\u00f3n de los consumidores de Prada tras la compra.<\/div>\n<\/li>\n<li>\n<div>H&amp;M: Esta marca internacional comenz\u00f3 a utilizar tecnolog\u00eda RFID en 2014. En las 1.800 tiendas planificadas, la tecnolog\u00eda RFID permite el seguimiento autom\u00e1tico de las categor\u00edas de productos, cantidades y consumo.<\/div>\n<\/li>\n<li>\n<div>ZARA: En el primer semestre de 2016, Inditex, la empresa matriz de ZARA, declar\u00f3 que la aplicaci\u00f3n de la tecnolog\u00eda RFID mejor\u00f3 la gesti\u00f3n de inventario y suministro de aproximadamente 701 millones de libras esterlinas (TP3T) de sus marcas. Esta implementaci\u00f3n se tradujo en un aumento de 11,11 millones de libras esterlinas (TP3T) en las ventas y 7,51 millones de libras esterlinas (TP3T) en los beneficios, alcanzando los 1.260 millones de euros.<\/div>\n<\/li>\n<li>\n<div>Uniqlo: En 2017, Uniqlo anunci\u00f3 su plan de implementar etiquetas RFID UHF en 3.000 tiendas a nivel mundial, convirti\u00e9ndose en el primer minorista japon\u00e9s en utilizar etiquetas electr\u00f3nicas en todo el mundo.<\/div>\n<\/li>\n<\/ol>\n<div>Estos son solo algunos ejemplos de c\u00f3mo las principales marcas de ropa est\u00e1n aprovechando las etiquetas RFID. En 2019, pr\u00e1cticamente todas las marcas de renombre mundial hab\u00edan aplicado etiquetas RFID a sus prendas, lo que se tradujo en m\u00e1s de 20\u00a0000 millones de prendas etiquetadas, una cifra que sigue creciendo considerablemente. Otras marcas destacadas que han adoptado esta tecnolog\u00eda son Nike y Walmart.<\/div>\n<\/div>\n<\/div>\n<\/div>\n<\/div>\n<\/div>\n<\/div>\n<\/div>\n<\/div>","protected":false},"excerpt":{"rendered":"<div class=\"elementor-element elementor-element-4f79c63 e-flex e-con-boxed e-con e-parent e-lazyloaded\" data-id=\"4f79c63\" data-element_type=\"container\" data-settings=\"{&quot;_ha_eqh_enable&quot;:false}\">\n<div class=\"e-con-inner\">\n<div class=\"elementor-element elementor-element-be3873c elementor-widget elementor-widget-woocommerce-product-short-description\" data-id=\"be3873c\" data-element_type=\"widget\" data-widget_type=\"woocommerce-product-short-description.default\">\n<div class=\"elementor-widget-container\">\n<div class=\"woocommerce-product-details__short-description\">\n<p>Durable <strong>Etiqueta de cuidado de lavado RFID tejida de nailon<\/strong> con chip UHF, regrabable 100.000 veces, de larga duraci\u00f3n, dise\u00f1o personalizable, ideal para textiles y prendas de vestir.<\/p>\n<\/div>\n<\/div>\n<\/div>\n<\/div>\n<\/div>\n<div class=\"elementor-element elementor-element-3ad806e e-flex e-con-boxed e-con e-parent e-lazyloaded\" data-id=\"3ad806e\" data-element_type=\"container\" data-settings=\"{&quot;_ha_eqh_enable&quot;:false}\">\n<div class=\"e-con-inner\">\n<div class=\"elementor-element elementor-element-362020f elementor-widget elementor-widget-woocommerce-product-data-tabs\" data-id=\"362020f\" data-element_type=\"widget\" data-widget_type=\"woocommerce-product-data-tabs.default\">\n<div class=\"elementor-widget-container\">\n<div class=\"woocommerce-tabs wc-tabs-wrapper\"><\/div>\n<\/div>\n<\/div>\n<\/div>\n<\/div>","protected":false},"featured_media":3187,"template":"","meta":{"_kad_post_transparent":"default","_kad_post_title":"","_kad_post_layout":"default","_kad_post_sidebar_id":"","_kad_post_content_style":"default","_kad_post_vertical_padding":"default","_kad_post_feature":"","_kad_post_feature_position":"","_kad_post_header":false,"_kad_post_footer":false,"_kad_post_classname":""},"product_brand":[],"product_cat":[81],"product_tag":[386,285,387],"class_list":{"0":"post-3186","1":"product","2":"type-product","3":"status-publish","4":"has-post-thumbnail","6":"product_cat-rfid-wash-care-clothing-label","7":"product_tag-fabric-woven-rfid-wash-care-tag","8":"product_tag-rfid-tag","9":"product_tag-rfid-wash-care-tag","11":"first","12":"instock","13":"shipping-taxable","14":"product-type-simple","15":"entry","16":"content-bg","17":"loop-entry"},"_links":{"self":[{"href":"https:\/\/rfid-laundry-tag.com\/es\/wp-json\/wp\/v2\/product\/3186","targetHints":{"allow":["GET"]}}],"collection":[{"href":"https:\/\/rfid-laundry-tag.com\/es\/wp-json\/wp\/v2\/product"}],"about":[{"href":"https:\/\/rfid-laundry-tag.com\/es\/wp-json\/wp\/v2\/types\/product"}],"version-history":[{"count":1,"href":"https:\/\/rfid-laundry-tag.com\/es\/wp-json\/wp\/v2\/product\/3186\/revisions"}],"predecessor-version":[{"id":3190,"href":"https:\/\/rfid-laundry-tag.com\/es\/wp-json\/wp\/v2\/product\/3186\/revisions\/3190"}],"wp:featuredmedia":[{"embeddable":true,"href":"https:\/\/rfid-laundry-tag.com\/es\/wp-json\/wp\/v2\/media\/3187"}],"wp:attachment":[{"href":"https:\/\/rfid-laundry-tag.com\/es\/wp-json\/wp\/v2\/media?parent=3186"}],"wp:term":[{"taxonomy":"product_brand","embeddable":true,"href":"https:\/\/rfid-laundry-tag.com\/es\/wp-json\/wp\/v2\/product_brand?post=3186"},{"taxonomy":"product_cat","embeddable":true,"href":"https:\/\/rfid-laundry-tag.com\/es\/wp-json\/wp\/v2\/product_cat?post=3186"},{"taxonomy":"product_tag","embeddable":true,"href":"https:\/\/rfid-laundry-tag.com\/es\/wp-json\/wp\/v2\/product_tag?post=3186"}],"curies":[{"name":"wp","href":"https:\/\/api.w.org\/{rel}","templated":true}]}}