{"id":3180,"date":"2026-01-09T13:29:20","date_gmt":"2026-01-09T13:29:20","guid":{"rendered":"https:\/\/rfid-laundry-tag.com\/?post_type=product&#038;p=3180"},"modified":"2026-01-09T13:29:20","modified_gmt":"2026-01-09T13:29:20","slug":"rfid-garment-tag-for-apparel-and-fashion","status":"publish","type":"product","link":"https:\/\/rfid-laundry-tag.com\/es\/rfid-garment-tag-for-apparel-and-fashion\/","title":{"rendered":"Etiqueta RFID para prendas de vestir y moda"},"content":{"rendered":"<h2 class=\"ng-star-inserted\"><strong class=\"ng-star-inserted\"><span class=\"ng-star-inserted\">Etiqueta RFID para prendas de vestir y moda<\/span><\/strong><\/h2>\n<h2 class=\"ng-star-inserted\"><strong class=\"ng-star-inserted\"><span class=\"ng-star-inserted\">El auge de la RFID en la moda y la indumentaria<\/span><\/strong><\/h2>\n<p class=\"ng-star-inserted\"><span class=\"ng-star-inserted\">El\u00a0<\/span><strong class=\"ng-star-inserted\"><span class=\"ng-star-inserted\">vestir<\/span><\/strong><span class=\"ng-star-inserted\">\u00a0y la industria de la moda est\u00e1 adoptando r\u00e1pidamente\u00a0<\/span><strong class=\"ng-star-inserted\"><span class=\"ng-star-inserted\">RFID<\/span><\/strong><span class=\"ng-star-inserted\">\u00a0(<\/span><strong class=\"ng-star-inserted\"><span class=\"ng-star-inserted\">radiofrecuencia<\/span><\/strong><span class=\"ng-star-inserted\">\u00a0identificaci\u00f3n)\u00a0<\/span><strong class=\"ng-star-inserted\"><span class=\"ng-star-inserted\">tecnolog\u00eda<\/span><\/strong><span class=\"ng-star-inserted\">\u00a0para optimizar las operaciones y mejorar la experiencia del cliente.\u00a0<\/span><strong class=\"ng-star-inserted\"><span class=\"ng-star-inserted\">RFID<\/span><\/strong><span class=\"ng-star-inserted\">\u00a0<\/span><strong class=\"ng-star-inserted\"><span class=\"ng-star-inserted\">prenda<\/span><\/strong><span class=\"ng-star-inserted\">\u00a0<\/span><strong class=\"ng-star-inserted\"><span class=\"ng-star-inserted\">etiquetas<\/span><\/strong><span class=\"ng-star-inserted\">\u00a0Ofrecen una forma poderosa de rastrear art\u00edculos a lo largo de su ciclo de vida, desde la fabricaci\u00f3n hasta el punto de venta y m\u00e1s all\u00e1.\u00a0<\/span><strong class=\"ng-star-inserted\"><span class=\"ng-star-inserted\">RFID<\/span><\/strong><span class=\"ng-star-inserted\">\u00a0permite una\u00a0<\/span><strong class=\"ng-star-inserted\"><span class=\"ng-star-inserted\">nuevo<\/span><\/strong><span class=\"ng-star-inserted\">\u00a0Era de eficiencia, visibilidad y toma de decisiones basada en datos.<\/span><\/p>\n<p class=\"ng-star-inserted\"><span class=\"ng-star-inserted\">A diferencia de lo tradicional\u00a0<\/span><strong class=\"ng-star-inserted\"><span class=\"ng-star-inserted\">c\u00f3digo de barras<\/span><\/strong><span class=\"ng-star-inserted\">s,\u00a0<\/span><strong class=\"ng-star-inserted\"><span class=\"ng-star-inserted\">RFID<\/span><\/strong><span class=\"ng-star-inserted\">\u00a0<\/span><strong class=\"ng-star-inserted\"><span class=\"ng-star-inserted\">etiqueta<\/span><\/strong><span class=\"ng-star-inserted\">Los esc\u00e1neres no requieren escaneo en l\u00ednea de visi\u00f3n. Esto permite una captura de datos m\u00e1s r\u00e1pida y eficiente, incluso en entornos dif\u00edciles como almacenes abarrotados o tiendas minoristas concurridas. La capacidad de leer m\u00faltiples...\u00a0<\/span><strong class=\"ng-star-inserted\"><span class=\"ng-star-inserted\">etiquetas<\/span><\/strong><span class=\"ng-star-inserted\">\u00a0simult\u00e1neamente es una ventaja clave de\u00a0<\/span><strong class=\"ng-star-inserted\"><span class=\"ng-star-inserted\">RFID<\/span><\/strong><span class=\"ng-star-inserted\">, acelerando significativamente procesos como el recuento de inventarios y\u00a0<\/span><strong class=\"ng-star-inserted\"><span class=\"ng-star-inserted\">verificar<\/span><\/strong><span class=\"ng-star-inserted\">. Puede identificar objetos en movimiento a alta velocidad mediante m\u00faltiples sensores electr\u00f3nicos.\u00a0<\/span><strong class=\"ng-star-inserted\"><span class=\"ng-star-inserted\">etiquetas<\/span><\/strong><span class=\"ng-star-inserted\">\u00a0al mismo tiempo\u00a0<\/span><strong class=\"ng-star-inserted\"><span class=\"ng-star-inserted\">tiempo<\/span><\/strong><span class=\"ng-star-inserted\">\u00a0A trav\u00e9s de la\u00a0<\/span><strong class=\"ng-star-inserted\"><span class=\"ng-star-inserted\">RFID<\/span><\/strong><span class=\"ng-star-inserted\">\u00a0<\/span><strong class=\"ng-star-inserted\"><span class=\"ng-star-inserted\">tecnolog\u00eda<\/span><\/strong><span class=\"ng-star-inserted\">.<\/span><\/p>\n<h2 class=\"ng-star-inserted\"><strong class=\"ng-star-inserted\"><span class=\"ng-star-inserted\">Etiquetas colgantes RFID: revolucionando el comercio minorista<\/span><\/strong><\/h2>\n<p class=\"ng-star-inserted\"><strong class=\"ng-star-inserted\"><span class=\"ng-star-inserted\">Etiquetas colgantes RFID<\/span><\/strong><span class=\"ng-star-inserted\">\u00a0est\u00e1n transformando el panorama minorista al brindar una visibilidad inigualable del inventario y mejorar la seguridad. Estos\u00a0<\/span><strong class=\"ng-star-inserted\"><span class=\"ng-star-inserted\">etiquetas<\/span><\/strong><span class=\"ng-star-inserted\">, que suelen colocarse en ropa, sombreros, bolsos y zapatos, contienen un microchip que almacena informaci\u00f3n del producto y un identificador \u00fanico. Al incrustarlo\u00a0<\/span><strong class=\"ng-star-inserted\"><span class=\"ng-star-inserted\">RFID<\/span><\/strong><span class=\"ng-star-inserted\">\u00a0<\/span><strong class=\"ng-star-inserted\"><span class=\"ng-star-inserted\">tecnolog\u00eda<\/span><\/strong><span class=\"ng-star-inserted\">\u00a0en\u00a0<\/span><strong class=\"ng-star-inserted\"><span class=\"ng-star-inserted\">colgar<\/span><\/strong><span class=\"ng-star-inserted\">\u00a0<\/span><strong class=\"ng-star-inserted\"><span class=\"ng-star-inserted\">etiqueta<\/span><\/strong><span class=\"ng-star-inserted\">s, este problema se puede resolver eficazmente.<\/span><\/p>\n<p class=\"ng-star-inserted\"><strong class=\"ng-star-inserted\"><span class=\"ng-star-inserted\">Etiquetas colgantes RFID<\/span><\/strong><span class=\"ng-star-inserted\">\u00a0Ofrecen numerosos beneficios, entre ellos:<\/span><\/p>\n<ul class=\"ng-star-inserted\">\n<li class=\"ng-star-inserted\">\n<p class=\"ng-star-inserted\"><strong class=\"ng-star-inserted\"><span class=\"ng-star-inserted\">Precisi\u00f3n de inventario mejorada:<\/span><\/strong><span class=\"ng-star-inserted\">\u00a0<\/span><strong class=\"ng-star-inserted\"><span class=\"ng-star-inserted\">Tiempo real<\/span><\/strong><span class=\"ng-star-inserted\">\u00a0Seguimiento de los niveles de inventario, reduciendo faltantes y excesos de existencias.<\/span><\/p>\n<\/li>\n<li class=\"ng-star-inserted\">\n<p class=\"ng-star-inserted\"><strong class=\"ng-star-inserted\"><span class=\"ng-star-inserted\">Prevenci\u00f3n de p\u00e9rdidas:<\/span><\/strong><span class=\"ng-star-inserted\">\u00a0<\/span><strong class=\"ng-star-inserted\"><span class=\"ng-star-inserted\">RFID<\/span><\/strong><span class=\"ng-star-inserted\">\u00a0<\/span><strong class=\"ng-star-inserted\"><span class=\"ng-star-inserted\">etiqueta<\/span><\/strong><span class=\"ng-star-inserted\">Los dispositivos de seguridad pueden utilizarse como parte de un sistema de vigilancia electr\u00f3nica de art\u00edculos (EAS) para disuadir el robo. Tambi\u00e9n pueden ayudar a prevenir la falsificaci\u00f3n.\u00a0<\/span><strong class=\"ng-star-inserted\"><span class=\"ng-star-inserted\">prenda<\/span><\/strong><span class=\"ng-star-inserted\">s.<\/span><\/p>\n<\/li>\n<li class=\"ng-star-inserted\">\n<p class=\"ng-star-inserted\"><strong class=\"ng-star-inserted\"><span class=\"ng-star-inserted\">Autenticaci\u00f3n de marca:<\/span><\/strong><span class=\"ng-star-inserted\">\u00a0<\/span><strong class=\"ng-star-inserted\"><span class=\"ng-star-inserted\">RFID<\/span><\/strong><span class=\"ng-star-inserted\">\u00a0Ayuda a verificar la autenticidad de los productos, protegiendo su marca y a sus clientes.<\/span><\/p>\n<\/li>\n<li class=\"ng-star-inserted\">\n<p class=\"ng-star-inserted\"><strong class=\"ng-star-inserted\"><span class=\"ng-star-inserted\">Experiencia del cliente mejorada:<\/span><\/strong><span class=\"ng-star-inserted\">\u00a0M\u00e1s r\u00e1pido\u00a0<\/span><strong class=\"ng-star-inserted\"><span class=\"ng-star-inserted\">verificar<\/span><\/strong><span class=\"ng-star-inserted\">\u00a0Procesos y recomendaciones personalizadas a trav\u00e9s de estanter\u00edas y probadores inteligentes.<\/span><\/p>\n<\/li>\n<\/ul>\n<p class=\"ng-star-inserted\">\n<h2 class=\"ng-star-inserted\"><strong class=\"ng-star-inserted\"><span class=\"ng-star-inserted\">T\u00e9cnico\u00a0<\/span><\/strong><\/h2>\n<div class=\"table-container ng-star-inserted\">\n<table>\n<tbody>\n<tr class=\"table-header ng-star-inserted\">\n<td class=\"ng-star-inserted\"><span class=\"ng-star-inserted\">Caracter\u00edstica<\/span><\/td>\n<td class=\"ng-star-inserted\"><span class=\"ng-star-inserted\">Especificaci\u00f3n<\/span><\/td>\n<\/tr>\n<tr class=\"ng-star-inserted\">\n<td class=\"ng-star-inserted\"><strong class=\"ng-star-inserted\"><span class=\"ng-star-inserted\">Frecuencia<\/span><\/strong><\/td>\n<td class=\"ng-star-inserted\"><strong class=\"ng-star-inserted\"><span class=\"ng-star-inserted\">RFID UHF<\/span><\/strong><span class=\"ng-star-inserted\">\u00a0(860-960 MHz),\u00a0<\/span><strong class=\"ng-star-inserted\"><span class=\"ng-star-inserted\">LLUVIA RFID<\/span><\/strong><\/td>\n<\/tr>\n<tr class=\"ng-star-inserted\">\n<td class=\"ng-star-inserted\"><strong class=\"ng-star-inserted\"><span class=\"ng-star-inserted\">Protocolo<\/span><\/strong><\/td>\n<td class=\"ng-star-inserted\"><strong class=\"ng-star-inserted\"><span class=\"ng-star-inserted\">Norma ISO 18000-6C<\/span><\/strong><span class=\"ng-star-inserted\">\u00a0(<\/span><strong class=\"ng-star-inserted\"><span class=\"ng-star-inserted\">EPC Clase 1 Gen2<\/span><\/strong><span class=\"ng-star-inserted\">)<\/span><\/td>\n<\/tr>\n<tr class=\"ng-star-inserted\">\n<td class=\"ng-star-inserted\"><strong class=\"ng-star-inserted\"><span class=\"ng-star-inserted\">Tipo de chip<\/span><\/strong><\/td>\n<td class=\"ng-star-inserted\"><span class=\"ng-star-inserted\">Impinj Monza, NXP UCODE, Alien Higgs<\/span><\/td>\n<\/tr>\n<tr class=\"ng-star-inserted\">\n<td class=\"ng-star-inserted\"><strong class=\"ng-star-inserted\"><span class=\"ng-star-inserted\">Memoria<\/span><\/strong><\/td>\n<td class=\"ng-star-inserted\"><strong class=\"ng-star-inserted\"><span class=\"ng-star-inserted\">CEP<\/span><\/strong><span class=\"ng-star-inserted\">\u00a096 bits,\u00a0<\/span><strong class=\"ng-star-inserted\"><span class=\"ng-star-inserted\">almacenamiento de datos<\/span><\/strong><span class=\"ng-star-inserted\">\u00a0Memoria de usuario de 512 bits (var\u00eda seg\u00fan el chip)<\/span><\/td>\n<\/tr>\n<tr class=\"ng-star-inserted\">\n<td class=\"ng-star-inserted\"><strong class=\"ng-star-inserted\"><span class=\"ng-star-inserted\">Rango de lectura<\/span><\/strong><\/td>\n<td class=\"ng-star-inserted\"><span class=\"ng-star-inserted\">Hasta 10 metros (var\u00eda seg\u00fan el lector y el entorno)<\/span><\/td>\n<\/tr>\n<tr class=\"ng-star-inserted\">\n<td class=\"ng-star-inserted\"><strong class=\"ng-star-inserted\"><span class=\"ng-star-inserted\">Retenci\u00f3n de datos<\/span><\/strong><\/td>\n<td class=\"ng-star-inserted\"><span class=\"ng-star-inserted\">10 a\u00f1os<\/span><\/td>\n<\/tr>\n<tr class=\"ng-star-inserted\">\n<td class=\"ng-star-inserted\"><strong class=\"ng-star-inserted\"><span class=\"ng-star-inserted\">Escribe Resistencia<\/span><\/strong><\/td>\n<td class=\"ng-star-inserted\"><span class=\"ng-star-inserted\">100.000 ciclos<\/span><\/td>\n<\/tr>\n<tr class=\"ng-star-inserted\">\n<td class=\"ng-star-inserted\"><strong class=\"ng-star-inserted\"><span class=\"ng-star-inserted\">Temperatura de funcionamiento<\/span><\/strong><\/td>\n<td class=\"ng-star-inserted\"><span class=\"ng-star-inserted\">-40\u00b0C a +85\u00b0C (var\u00eda seg\u00fan\u00a0<\/span><strong class=\"ng-star-inserted\"><span class=\"ng-star-inserted\">etiqueta<\/span><\/strong><span class=\"ng-star-inserted\">\u00a0tipo)<\/span><\/td>\n<\/tr>\n<tr class=\"ng-star-inserted\">\n<td class=\"ng-star-inserted\"><strong class=\"ng-star-inserted\"><span class=\"ng-star-inserted\">Material<\/span><\/strong><\/td>\n<td class=\"ng-star-inserted\"><span class=\"ng-star-inserted\">Papel, sat\u00e9n, nailon, etc.<\/span><\/td>\n<\/tr>\n<tr class=\"ng-star-inserted\">\n<td class=\"ng-star-inserted\"><strong class=\"ng-star-inserted\"><span class=\"ng-star-inserted\">Adjunto<\/span><\/strong><\/td>\n<td class=\"ng-star-inserted\"><strong class=\"ng-star-inserted\"><span class=\"ng-star-inserted\">Adhesivo<\/span><\/strong><span class=\"ng-star-inserted\">, Sellado t\u00e9rmico, Coser,\u00a0<\/span><strong class=\"ng-star-inserted\"><span class=\"ng-star-inserted\">Etiqueta colgante<\/span><\/strong><\/td>\n<\/tr>\n<tr class=\"ng-star-inserted\">\n<td class=\"ng-star-inserted\"><strong class=\"ng-star-inserted\"><span class=\"ng-star-inserted\">Personalizaci\u00f3n<\/span><\/strong><\/td>\n<td class=\"ng-star-inserted\"><span class=\"ng-star-inserted\">Impresi\u00f3n, codificaci\u00f3n,\u00a0<\/span><strong class=\"ng-star-inserted\"><span class=\"ng-star-inserted\">C\u00f3digo de barras<\/span><\/strong><span class=\"ng-star-inserted\">, Logotipo<\/span><\/td>\n<\/tr>\n<tr class=\"ng-star-inserted\">\n<td class=\"ng-star-inserted\"><strong class=\"ng-star-inserted\"><span class=\"ng-star-inserted\">Factor de forma<\/span><\/strong><\/td>\n<td class=\"ng-star-inserted\"><strong class=\"ng-star-inserted\"><span class=\"ng-star-inserted\">Etiqueta colgante<\/span><\/strong><span class=\"ng-star-inserted\">,\u00a0<\/span><strong class=\"ng-star-inserted\"><span class=\"ng-star-inserted\">Etiqueta engomada<\/span><\/strong><span class=\"ng-star-inserted\">,\u00a0<\/span><strong class=\"ng-star-inserted\"><span class=\"ng-star-inserted\">Etiqueta tejida<\/span><\/strong><span class=\"ng-star-inserted\">,\u00a0<\/span><strong class=\"ng-star-inserted\"><span class=\"ng-star-inserted\">Embutido<\/span><\/strong><\/td>\n<\/tr>\n<tr class=\"ng-star-inserted\">\n<td class=\"ng-star-inserted\"><strong class=\"ng-star-inserted\"><span class=\"ng-star-inserted\">Ambiental<\/span><\/strong><\/td>\n<td class=\"ng-star-inserted\"><span class=\"ng-star-inserted\">Antena ecol\u00f3gica de papel 100%\u00a0<\/span><strong class=\"ng-star-inserted\"><span class=\"ng-star-inserted\">opci\u00f3n<\/span><\/strong><span class=\"ng-star-inserted\">\u00a0disponible<\/span><\/td>\n<\/tr>\n<\/tbody>\n<\/table>\n<p>&nbsp;<\/p>\n<\/div>\n<p class=\"ng-star-inserted\"><strong class=\"ng-star-inserted\"><span class=\"ng-star-inserted\">Etiqueta RFID para prendas de vestir<\/span><\/strong><span class=\"ng-star-inserted\">\u00a0es la aplicaci\u00f3n m\u00e1s destacada donde\u00a0<\/span><strong class=\"ng-star-inserted\"><span class=\"ng-star-inserted\">RFID<\/span><\/strong><span class=\"ng-star-inserted\">\u00a0<\/span><strong class=\"ng-star-inserted\"><span class=\"ng-star-inserted\">tecnolog\u00eda<\/span><\/strong><span class=\"ng-star-inserted\">\u00a0impacta la industria de la confecci\u00f3n. A trav\u00e9s de\u00a0<\/span><strong class=\"ng-star-inserted\"><span class=\"ng-star-inserted\">radiofrecuencia<\/span><\/strong><span class=\"ng-star-inserted\">\u00a0se\u00f1ales, la\u00a0<\/span><strong class=\"ng-star-inserted\"><span class=\"ng-star-inserted\">RFID<\/span><\/strong><span class=\"ng-star-inserted\">\u00a0<\/span><strong class=\"ng-star-inserted\"><span class=\"ng-star-inserted\">prenda<\/span><\/strong><span class=\"ng-star-inserted\">\u00a0<\/span><strong class=\"ng-star-inserted\"><span class=\"ng-star-inserted\">etiqueta<\/span><\/strong><span class=\"ng-star-inserted\">\u00a0Puede identificar autom\u00e1ticamente los objetos objetivo, obtener datos relevantes e identificar el trabajo sin intervenci\u00f3n manual. Puede funcionar en todo tipo de entornos adversos.\u00a0<\/span><strong class=\"ng-star-inserted\"><span class=\"ng-star-inserted\">Las etiquetas est\u00e1n dise\u00f1adas<\/span><\/strong><span class=\"ng-star-inserted\">\u00a0Para satisfacer diferentes necesidades.<\/span><\/p>\n<h2 class=\"ng-star-inserted\"><strong class=\"ng-star-inserted\"><span class=\"ng-star-inserted\">Personalizaci\u00f3n e integraci\u00f3n<\/span><\/strong><\/h2>\n<p class=\"ng-star-inserted\"><strong class=\"ng-star-inserted\"><span class=\"ng-star-inserted\">RFID<\/span><\/strong><span class=\"ng-star-inserted\">\u00a0<\/span><strong class=\"ng-star-inserted\"><span class=\"ng-star-inserted\">prenda<\/span><\/strong><span class=\"ng-star-inserted\">\u00a0<\/span><strong class=\"ng-star-inserted\"><span class=\"ng-star-inserted\">etiquetas<\/span><\/strong><span class=\"ng-star-inserted\">\u00a0Se puede adaptar para satisfacer las necesidades espec\u00edficas de su marca y operaciones.\u00a0<\/span><strong class=\"ng-star-inserted\"><span class=\"ng-star-inserted\">Etiqueta colgante<\/span><\/strong><span class=\"ng-star-inserted\">Se pueden personalizar con su logotipo, colores de marca e informaci\u00f3n del producto. Etiquetas de cuidado con\u00a0<\/span><strong class=\"ng-star-inserted\"><span class=\"ng-star-inserted\">RFID<\/span><\/strong><span class=\"ng-star-inserted\">\u00a0<\/span><strong class=\"ng-star-inserted\"><span class=\"ng-star-inserted\">embutido<\/span><\/strong><span class=\"ng-star-inserted\">Los s se pueden dise\u00f1ar para integrarse perfectamente con su sistema existente.\u00a0<\/span><strong class=\"ng-star-inserted\"><span class=\"ng-star-inserted\">prenda<\/span><\/strong><span class=\"ng-star-inserted\">\u00a0Procesos de fabricaci\u00f3n.<\/span><\/p>\n<h2 class=\"ng-star-inserted\"><strong class=\"ng-star-inserted\"><span class=\"ng-star-inserted\">Cont\u00e1ctenos para implementar su estrategia RFID<\/span><\/strong><\/h2>\n<p class=\"ng-star-inserted\"><span class=\"ng-star-inserted\">\u00bfListo para aprovechar el poder de\u00a0<\/span><strong class=\"ng-star-inserted\"><span class=\"ng-star-inserted\">RFID<\/span><\/strong><span class=\"ng-star-inserted\">\u00a0<\/span><strong class=\"ng-star-inserted\"><span class=\"ng-star-inserted\">tecnolog\u00eda<\/span><\/strong><span class=\"ng-star-inserted\">\u00a0para transformar tu\u00a0<\/span><strong class=\"ng-star-inserted\"><span class=\"ng-star-inserted\">vestir<\/span><\/strong><span class=\"ng-star-inserted\">\u00a0\u00bfnegocio?\u00a0<\/span><strong class=\"ng-star-inserted\"><span class=\"ng-star-inserted\">Cont\u00e1ctenos<\/span><\/strong><span class=\"ng-star-inserted\">\u00a0Hoy para hablar sobre sus necesidades espec\u00edficas y conocer m\u00e1s sobre nuestra completa\u00a0<\/span><strong class=\"ng-star-inserted\"><span class=\"ng-star-inserted\">RFID<\/span><\/strong><span class=\"ng-star-inserted\">\u00a0soluciones, incluyendo\u00a0<\/span><strong class=\"ng-star-inserted\"><span class=\"ng-star-inserted\">RFID<\/span><\/strong><span class=\"ng-star-inserted\">\u00a0<\/span><strong class=\"ng-star-inserted\"><span class=\"ng-star-inserted\">prenda<\/span><\/strong><span class=\"ng-star-inserted\">\u00a0<\/span><strong class=\"ng-star-inserted\"><span class=\"ng-star-inserted\">etiquetas<\/span><\/strong><span class=\"ng-star-inserted\">,\u00a0<\/span><strong class=\"ng-star-inserted\"><span class=\"ng-star-inserted\">RFID<\/span><\/strong><span class=\"ng-star-inserted\">\u00a0lectores y software.<\/span><\/p>","protected":false},"excerpt":{"rendered":"<p><span class=\"ng-star-inserted\">Ofrecemos\u00a0<\/span><strong class=\"ng-star-inserted\"><span class=\"ng-star-inserted\">muestras gratis<\/span><\/strong><span class=\"ng-star-inserted\"> de\u00a0 <\/span><strong class=\"ng-star-inserted\"><span class=\"ng-star-inserted\">Prenda RFID<\/span><\/strong><span class=\"ng-star-inserted\">\u00a0<\/span><strong class=\"ng-star-inserted\"><span class=\"ng-star-inserted\">etiquetas<\/span><\/strong><span class=\"ng-star-inserted\">\u00a0Para que pueda evaluar su rendimiento en su propio entorno. Nuestra planta de producci\u00f3n est\u00e1 equipada con...\u00a0<\/span><strong class=\"ng-star-inserted\"><span class=\"ng-star-inserted\">el \u00faltimo<\/span><\/strong><span class=\"ng-star-inserted\">\u00a0<\/span><strong class=\"ng-star-inserted\"><span class=\"ng-star-inserted\">tecnolog\u00eda<\/span><\/strong><span class=\"ng-star-inserted\">\u00a0Para asegurar\u00a0<\/span><strong class=\"ng-star-inserted\"><span class=\"ng-star-inserted\">alta calidad<\/span><\/strong><span class=\"ng-star-inserted\">\u00a0<\/span><strong class=\"ng-star-inserted\"><span class=\"ng-star-inserted\">etiqueta<\/span><\/strong><span class=\"ng-star-inserted\">s a precios competitivos.<\/span><\/p>","protected":false},"featured_media":3181,"template":"","meta":{"_kad_post_transparent":"default","_kad_post_title":"","_kad_post_layout":"default","_kad_post_sidebar_id":"","_kad_post_content_style":"default","_kad_post_vertical_padding":"default","_kad_post_feature":"","_kad_post_feature_position":"","_kad_post_header":false,"_kad_post_footer":false,"_kad_post_classname":""},"product_brand":[],"product_cat":[53],"product_tag":[385,383,384],"class_list":{"0":"post-3180","1":"product","2":"type-product","3":"status-publish","4":"has-post-thumbnail","6":"product_cat-rfid-clothes-tag","7":"product_tag-rfid-garment-paper-tag","8":"product_tag-rfid-garment-tag","9":"product_tag-rfid-hang-tag","11":"first","12":"instock","13":"shipping-taxable","14":"product-type-simple","15":"entry","16":"content-bg","17":"loop-entry"},"_links":{"self":[{"href":"https:\/\/rfid-laundry-tag.com\/es\/wp-json\/wp\/v2\/product\/3180","targetHints":{"allow":["GET"]}}],"collection":[{"href":"https:\/\/rfid-laundry-tag.com\/es\/wp-json\/wp\/v2\/product"}],"about":[{"href":"https:\/\/rfid-laundry-tag.com\/es\/wp-json\/wp\/v2\/types\/product"}],"version-history":[{"count":1,"href":"https:\/\/rfid-laundry-tag.com\/es\/wp-json\/wp\/v2\/product\/3180\/revisions"}],"predecessor-version":[{"id":3185,"href":"https:\/\/rfid-laundry-tag.com\/es\/wp-json\/wp\/v2\/product\/3180\/revisions\/3185"}],"wp:featuredmedia":[{"embeddable":true,"href":"https:\/\/rfid-laundry-tag.com\/es\/wp-json\/wp\/v2\/media\/3181"}],"wp:attachment":[{"href":"https:\/\/rfid-laundry-tag.com\/es\/wp-json\/wp\/v2\/media?parent=3180"}],"wp:term":[{"taxonomy":"product_brand","embeddable":true,"href":"https:\/\/rfid-laundry-tag.com\/es\/wp-json\/wp\/v2\/product_brand?post=3180"},{"taxonomy":"product_cat","embeddable":true,"href":"https:\/\/rfid-laundry-tag.com\/es\/wp-json\/wp\/v2\/product_cat?post=3180"},{"taxonomy":"product_tag","embeddable":true,"href":"https:\/\/rfid-laundry-tag.com\/es\/wp-json\/wp\/v2\/product_tag?post=3180"}],"curies":[{"name":"wp","href":"https:\/\/api.w.org\/{rel}","templated":true}]}}