{"id":317,"date":"2024-06-28T04:00:12","date_gmt":"2024-06-28T04:00:12","guid":{"rendered":"https:\/\/rfid-laundry-tag.com\/?post_type=product&#038;p=317"},"modified":"2024-06-28T04:00:12","modified_gmt":"2024-06-28T04:00:12","slug":"iso15693-i-code-slix-nfc-tag","status":"publish","type":"product","link":"https:\/\/rfid-laundry-tag.com\/es\/iso15693-i-code-slix-nfc-tag\/","title":{"rendered":"Etiqueta NFC ISO15693 I CODE SLIX"},"content":{"rendered":"<table class=\"hight-light-first-column all magic-1\">\n<tbody>\n<tr>\n<td colspan=\"1\" rowspan=\"1\">\n<div class=\"magic-2\">\n<div class=\"magic-3\" data-spm-anchor-id=\"a2700.pc-decorate.0.i24.7f543333WPG8F0\"><span class=\"magic-4\" data-spm-anchor-id=\"a2700.pc-decorate.0.i23.7f543333WPG8F0\"><span class=\"magic-5\" style=\"color: #000000; font-family: Roboto;\"><b class=\"magic-4\" data-spm-anchor-id=\"a2700.pc-decorate.0.i114.7f543333WPG8F0\">Art\u00edculo<\/b><\/span><\/span><\/div>\n<\/div>\n<\/td>\n<td colspan=\"4\" rowspan=\"1\">\n<div class=\"magic-6\">\u00a0Etiqueta NFC ISO15693 I CODE SLIX<\/div>\n<\/td>\n<\/tr>\n<tr>\n<td colspan=\"1\" rowspan=\"1\">\n<div class=\"magic-2\">\n<div class=\"magic-3\" data-spm-anchor-id=\"a2700.pc-decorate.0.i22.7f543333WPG8F0\"><span class=\"magic-4\" data-spm-anchor-id=\"a2700.pc-decorate.0.i10.7f543333WPG8F0\"><b class=\"magic-4\"><span class=\"magic-5\" style=\"color: #000000; font-family: Roboto;\">Material<\/span><\/b><\/span><\/div>\n<\/div>\n<\/td>\n<td colspan=\"4\" rowspan=\"1\">\n<div class=\"magic-9\"><span class=\"magic-5\" style=\"color: #000000;\">Papel \/ Pel\u00edcula PP \/ PET \/ Incrustaci\u00f3n<\/span><\/div>\n<\/td>\n<\/tr>\n<tr>\n<td colspan=\"1\" rowspan=\"1\">\n<div class=\"magic-2\">\n<div class=\"magic-3\" data-spm-anchor-id=\"a2700.pc-decorate.0.i34.7f543333WPG8F0\"><b class=\"magic-13\" data-spm-anchor-id=\"a2700.pc-decorate.0.i111.7f543333WPG8F0\"><span class=\"magic-5\" style=\"color: #000000; font-family: Roboto;\">Frecuencia<\/span><\/b><\/div>\n<\/div>\n<\/td>\n<td colspan=\"4\" rowspan=\"1\">\n<div class=\"magic-6\"><span class=\"magic-5\" style=\"color: #000000; font-family: Roboto;\" data-spm-anchor-id=\"a2700.details.0.i25.244e512bmtbZH7\">13,56 MHz<\/span><\/div>\n<\/td>\n<\/tr>\n<tr>\n<td colspan=\"1\" rowspan=\"1\">\n<div class=\"magic-2\">\n<div class=\"magic-3\" data-spm-anchor-id=\"a2700.pc-decorate.0.i33.7f543333WPG8F0\"><b class=\"magic-4\"><span class=\"magic-5\" style=\"color: #000000; font-family: Roboto;\">Tama\u00f1o<\/span><\/b><\/div>\n<\/div>\n<\/td>\n<td colspan=\"4\" rowspan=\"1\">\n<div class=\"magic-9\"><span class=\"magic-5\" style=\"color: #000000;\">50*50\/45*45\/30*15\/40*25\/Di\u00e1metro 25\/30 o tama\u00f1o personalizado<\/span><\/div>\n<\/td>\n<\/tr>\n<tr>\n<td colspan=\"1\" rowspan=\"1\">\n<div class=\"magic-2\">\n<div class=\"magic-3\"><b class=\"magic-14\">Aplicaciones<\/b><\/div>\n<\/div>\n<\/td>\n<td colspan=\"4\" rowspan=\"1\">\n<div class=\"magic-6\" data-spm-anchor-id=\"a2700.details.0.i24.244e512bmtbZH7\"><span class=\"magic-5\" style=\"color: #000000; font-family: Roboto;\">Ampliamente utilizado en la gesti\u00f3n de activos, gesti\u00f3n de ropa, inventario, biblioteca, joyer\u00eda, log\u00edstica, etc.<\/span><\/div>\n<\/td>\n<\/tr>\n<\/tbody>\n<\/table>\n<p>&nbsp;<\/p>\n<div class=\"auto-hide-last-sibling-br paragraph_9dc5f paragraph-element\"><strong>Incrustaciones RFID:<\/strong>\u00a0Una incrustaci\u00f3n RFID consta de una antena y un microchip, donde el chip almacena datos y la antena es responsable de transmitir estos datos al lector RFID.<\/div>\n<p>&nbsp;<\/p>\n<div class=\"auto-hide-last-sibling-br paragraph_9dc5f paragraph-element\"><strong>Incrustaciones h\u00famedas:<\/strong>\u00a0Se trata de inlays RFID que se colocan sobre una capa adhesiva y una capa de PET (polietileno tereftalato) transparente. La capa de PET se utiliza para la protecci\u00f3n contra da\u00f1os f\u00edsicos. Con el lado adhesivo hacia el lado opuesto a la etiqueta o material, se pueden utilizar c\u00f3modamente para construir etiquetas RFID, de ah\u00ed su amplia aplicaci\u00f3n en la creaci\u00f3n de etiquetas para diversos sectores.<\/div>\n<div><\/div>\n<div>\n<div class=\"auto-hide-last-sibling-br paragraph_9dc5f paragraph-element\">\u00a0Las etiquetas NFC ISO15693 I CODE SLIX, fabricadas con diversos materiales como papel, pel\u00edcula de PP, PET o incrustaciones y en diferentes tama\u00f1os, se utilizan ampliamente. A menudo las encontrar\u00e1 en industrias como:<\/div>\n<p><br class=\"container_21264 wrapper_661ac undefined\" \/><\/p>\n<ul class=\"auto-hide-last-sibling-br\">\n<li><strong>Gesti\u00f3n de activos:<\/strong>\u00a0Las etiquetas se utilizan para rastrear activos f\u00edsicos en una variedad de entornos, como el monitoreo de equipos en el \u00e1mbito de la atenci\u00f3n m\u00e9dica o de TI.<\/li>\n<li><strong>Gesti\u00f3n de ropa:<\/strong>\u00a0En el comercio minorista de moda, estas etiquetas facilitan el seguimiento del inventario, las medidas antirrobo y mejoran la experiencia del cliente en la tienda.<\/li>\n<li><strong>Gesti\u00f3n de inventario:<\/strong>\u00a0En los almacenes y comercios minoristas, las etiquetas RFID se utilizan para gestionar eficazmente el inventario, reducir el trabajo manual y minimizar los errores.<\/li>\n<li><strong>Gesti\u00f3n de la biblioteca:<\/strong>\u00a0Se utilizan para automatizar procesos de pr\u00e9stamos y devoluciones, mejorar la gesti\u00f3n del inventario y ofrecer seguridad contra robos.<\/li>\n<li><strong>Gesti\u00f3n de joyas:<\/strong>\u00a0Ligeras y precisas, estas etiquetas ofrecen un control de inventario seguro y eficaz en la industria de la joyer\u00eda.<\/li>\n<li><strong>Log\u00edstica:<\/strong> Las etiquetas RFID se utilizan para rastrear mercanc\u00edas en tr\u00e1nsito, mejorar la precisi\u00f3n del env\u00edo y aumentar la visibilidad en la cadena de suministro.<\/li>\n<\/ul>\n<div class=\"auto-hide-last-sibling-br paragraph_9dc5f paragraph-element\">El tama\u00f1o y la forma de la etiqueta se pueden personalizar seg\u00fan la aplicaci\u00f3n espec\u00edfica, mejorando su flexibilidad y adaptabilidad en diversos casos de uso.<\/div>\n<\/div>","protected":false},"excerpt":{"rendered":"<p><strong>Etiqueta NFC ISO15693 I CODE SLIX:<\/strong>\u00a0Estas etiquetas son etiquetas RFID de alta frecuencia (13,56 MHz) que cumplen con la norma ISO15693. El chip I CODE SLIX es conocido por su notable rango de lectura\/escritura, ideal para aplicaciones de gesti\u00f3n de activos.<\/p>","protected":false},"featured_media":318,"template":"","meta":{"_kad_post_transparent":"default","_kad_post_title":"","_kad_post_layout":"default","_kad_post_sidebar_id":"","_kad_post_content_style":"default","_kad_post_vertical_padding":"default","_kad_post_feature":"","_kad_post_feature_position":"","_kad_post_header":false,"_kad_post_footer":false,"_kad_post_classname":""},"product_brand":[],"product_cat":[54],"product_tag":[133,132],"class_list":{"0":"post-317","1":"product","2":"type-product","3":"status-publish","4":"has-post-thumbnail","6":"product_cat-hot-selling-rfid-tags","7":"product_tag-i-code-slix-nfc-tag","8":"product_tag-iso15693-i-code-slix-nfc-tag","10":"first","11":"instock","12":"shipping-taxable","13":"product-type-simple","14":"entry","15":"content-bg","16":"loop-entry"},"_links":{"self":[{"href":"https:\/\/rfid-laundry-tag.com\/es\/wp-json\/wp\/v2\/product\/317","targetHints":{"allow":["GET"]}}],"collection":[{"href":"https:\/\/rfid-laundry-tag.com\/es\/wp-json\/wp\/v2\/product"}],"about":[{"href":"https:\/\/rfid-laundry-tag.com\/es\/wp-json\/wp\/v2\/types\/product"}],"version-history":[{"count":0,"href":"https:\/\/rfid-laundry-tag.com\/es\/wp-json\/wp\/v2\/product\/317\/revisions"}],"wp:featuredmedia":[{"embeddable":true,"href":"https:\/\/rfid-laundry-tag.com\/es\/wp-json\/wp\/v2\/media\/318"}],"wp:attachment":[{"href":"https:\/\/rfid-laundry-tag.com\/es\/wp-json\/wp\/v2\/media?parent=317"}],"wp:term":[{"taxonomy":"product_brand","embeddable":true,"href":"https:\/\/rfid-laundry-tag.com\/es\/wp-json\/wp\/v2\/product_brand?post=317"},{"taxonomy":"product_cat","embeddable":true,"href":"https:\/\/rfid-laundry-tag.com\/es\/wp-json\/wp\/v2\/product_cat?post=317"},{"taxonomy":"product_tag","embeddable":true,"href":"https:\/\/rfid-laundry-tag.com\/es\/wp-json\/wp\/v2\/product_tag?post=317"}],"curies":[{"name":"wp","href":"https:\/\/api.w.org\/{rel}","templated":true}]}}