{"id":315,"date":"2024-06-28T01:50:42","date_gmt":"2024-06-28T01:50:42","guid":{"rendered":"https:\/\/rfid-laundry-tag.com\/?post_type=product&#038;p=315"},"modified":"2024-08-19T15:48:20","modified_gmt":"2024-08-19T15:48:20","slug":"tamper-proof-nfc-sticker-ntag424-dna-tt","status":"publish","type":"product","link":"https:\/\/rfid-laundry-tag.com\/es\/tamper-proof-nfc-sticker-ntag424-dna-tt\/","title":{"rendered":"Adhesivo NFC a prueba de manipulaciones NTAG424 DNA TT"},"content":{"rendered":"<h2>Adhesivo NFC a prueba de manipulaciones NTAG424 DNA TT<\/h2>\n<table class=\"all magic-15\">\n<tbody>\n<tr>\n<td colspan=\"1\" rowspan=\"1\">\n<div class=\"magic-16\" data-spm-anchor-id=\"a2700.details.0.i75.2d9c3353FQLlpS\">Material<\/div>\n<\/td>\n<td colspan=\"4\" rowspan=\"1\">\n<div class=\"magic-17\">Papel fr\u00e1gil + Antena fr\u00e1gil<\/div>\n<\/td>\n<\/tr>\n<tr>\n<td colspan=\"1\" rowspan=\"1\">\n<div class=\"magic-16\">Tama\u00f1o<\/div>\n<\/td>\n<td colspan=\"4\" rowspan=\"1\">\n<div class=\"magic-17\">24*60 mm, 20*70 mm, 27*77 mm, 35*66 mm, 35 mm*80 mm, etc.<\/div>\n<\/td>\n<\/tr>\n<tr>\n<td colspan=\"1\" rowspan=\"1\">\n<div class=\"magic-16\">Impresi\u00f3n<\/div>\n<\/td>\n<td colspan=\"4\" rowspan=\"1\">\n<div class=\"magic-17\">Impresi\u00f3n a todo color<\/div>\n<\/td>\n<\/tr>\n<tr>\n<td colspan=\"1\" rowspan=\"1\">\n<div class=\"magic-16\">Frecuencia<\/div>\n<\/td>\n<td colspan=\"4\" rowspan=\"1\">\n<div class=\"magic-17\" data-spm-anchor-id=\"a2700.details.0.i74.2d9c3353FQLlpS\">13,56MHz<\/div>\n<\/td>\n<\/tr>\n<tr>\n<td colspan=\"1\" rowspan=\"1\">\n<div class=\"magic-16\">Protocolo<\/div>\n<\/td>\n<td colspan=\"4\" rowspan=\"1\">\n<div class=\"magic-17\">ISO14443A<\/div>\n<\/td>\n<\/tr>\n<tr>\n<td colspan=\"1\" rowspan=\"2\">\n<div class=\"magic-16\">Chip<\/div>\n<\/td>\n<td colspan=\"4\" rowspan=\"1\">\n<div class=\"magic-17\">\n<p>NTAG213 TT<\/p>\n<p>* 184 bytes organizados en 46 p\u00e1ginas con 4 bytes por p\u00e1gina<br \/>\n* 144 bytes de \u00e1rea de lectura\/escritura de usuario libremente disponible (36 p\u00e1ginas)<\/p>\n<\/div>\n<\/td>\n<\/tr>\n<tr>\n<td colspan=\"4\" rowspan=\"1\">\n<div class=\"magic-17\">\n<p>Manipulador TT de ADN NTAG424 (416 bytes)<\/p>\n<p>Memoria de 416 bytes organizada en un sistema de archivos ISO\/IEC 7816-4:<br \/>\n* Contenedor con capacidad de 32 bytes<br \/>\n* Archivo NDEF de 256 bytes<br \/>\n* Archivo de datos protegido de 128 bytes<\/p>\n<\/div>\n<\/td>\n<\/tr>\n<tr>\n<td colspan=\"1\" rowspan=\"1\">\n<div class=\"magic-16\">Distancia de lectura<\/div>\n<\/td>\n<td colspan=\"4\" rowspan=\"1\">\n<div class=\"magic-17\" data-spm-anchor-id=\"a2700.details.0.i76.2d9c3353FQLlpS\">1-10CM (relacionado con el rendimiento del lector y el entorno de trabajo)<\/div>\n<\/td>\n<\/tr>\n<tr>\n<td colspan=\"1\" rowspan=\"1\">\n<div class=\"magic-16\">Caracter\u00edstica<\/div>\n<\/td>\n<td colspan=\"4\" rowspan=\"1\">\n<div class=\"magic-17\">Anti-falsificaci\u00f3n, a prueba de manipulaciones, de un solo uso<\/div>\n<\/td>\n<\/tr>\n<tr>\n<td colspan=\"1\" rowspan=\"1\">\n<div class=\"magic-16\">Soporte personalizado<\/div>\n<\/td>\n<td colspan=\"4\" rowspan=\"1\">\n<div class=\"magic-17\">Material, tama\u00f1o, chip, impresi\u00f3n, codificaci\u00f3n, n\u00famero de serie, forma, paquete, etc.<\/div>\n<\/td>\n<\/tr>\n<tr>\n<td colspan=\"1\" rowspan=\"1\">\n<div class=\"magic-16\">Certificado<\/div>\n<\/td>\n<td colspan=\"4\" rowspan=\"1\">\n<div class=\"magic-17\">Certificaci\u00f3n CE, RoHS e ISO<\/div>\n<\/td>\n<\/tr>\n<\/tbody>\n<\/table>\n<h3>C\u00f3mo funciona TAG (NTAG213 TagTamper \/ 424 DNA TagTamper)<\/h3>\n<p><strong>Principio general:<\/strong><\/p>\n<p>El sistema TAG utiliza\u00a0<strong>Tecnolog\u00eda RFID<\/strong>\u00a0con un especialista\u00a0<strong>Manipulaci\u00f3n de etiquetas<\/strong>\u00a0Funcionalidad para detectar la apertura no autorizada de paquetes. Consta de dos componentes principales:<\/p>\n<ol>\n<li><strong>Etiqueta RFID:<\/strong>\n<ul>\n<li><strong>Bucle de antena principal:<\/strong>\u00a0Transmite ondas de radio entre el lector RFID y el chip IC.<\/li>\n<li><strong>Bucle\/cable de detecci\u00f3n:<\/strong>\u00a0Un cable independiente dise\u00f1ado para romperse en caso de manipulaci\u00f3n. Esta rotura queda registrada de forma permanente en el chip IC.<\/li>\n<\/ul>\n<\/li>\n<li><strong>Lector RFID:<\/strong>\n<ul>\n<li><strong>Lee datos de la etiqueta RFID<\/strong>, incluido el estado del cable de detecci\u00f3n.<\/li>\n<li><strong>Transmite los datos a un servidor<\/strong>, donde puede analizarse y utilizarse para diversas aplicaciones.<\/li>\n<\/ul>\n<\/li>\n<\/ol>\n<p><strong>Funcionalidad de manipulaci\u00f3n de etiquetas:<\/strong><\/p>\n<ul>\n<li>El cable de detecci\u00f3n est\u00e1 conectado al chip IC.<\/li>\n<li>Cuando el cable se rompe, el chip\u00a0<strong>almacena un registro permanente del evento de manipulaci\u00f3n<\/strong>.<\/li>\n<li>Esta informaci\u00f3n puede ser\u00a0<strong>reflejado en c\u00f3digo ASCII en la memoria del usuario<\/strong>\u00a0y\u00a0<strong>reportado a la nube<\/strong>\u00a0para un an\u00e1lisis m\u00e1s detallado.<\/li>\n<\/ul>\n<p><strong>Etiqueta de ADN 424 manipulada con criptograf\u00eda AES-128:<\/strong><\/p>\n<ul>\n<li><strong>Mensaje de autenticaci\u00f3n NFC \u00fanico (SUN):<\/strong>\u00a0Cada vez que se toca el 424 DNA TagTamper con un m\u00f3vil o lector NFC, se genera un SUN \u00fanico.<\/li>\n<li><strong>Autenticaci\u00f3n segura:<\/strong>\n<ul>\n<li>El SUN se env\u00eda a un servidor host, junto con una URL \u00fanica.<\/li>\n<li>El host realiza la autenticaci\u00f3n mediante criptograf\u00eda AES-128.<\/li>\n<li><strong>Verificaci\u00f3n<\/strong>\u00a0se devuelve al lector\/dispositivo m\u00f3vil.<\/li>\n<\/ul>\n<\/li>\n<\/ul>\n<p><strong>Aplicaciones:<\/strong><\/p>\n<ul>\n<li><strong>Antifalsificaci\u00f3n avanzada (autenticaci\u00f3n de productos):<\/strong>\n<ul>\n<li>Verifica la autenticidad de los bienes f\u00edsicos.<\/li>\n<li>Identifica ventas fuera de los mercados autorizados.<\/li>\n<\/ul>\n<\/li>\n<li><strong>Detecci\u00f3n y protecci\u00f3n contra manipulaciones (embalaje inteligente):<\/strong>\n<ul>\n<li>Detecta apertura no autorizada de productos.<\/li>\n<li>Asegura la integridad del producto.<\/li>\n<\/ul>\n<\/li>\n<li><strong>Experiencias de usuario exclusivas garantizadas seg\u00fan el estado del producto:<\/strong>\n<ul>\n<li>Permite interacciones avanzadas de usuario (pre y post venta).<\/li>\n<li>Recompensa a los clientes con contenido personalizado, ofertas y privilegios.<\/li>\n<\/ul>\n<\/li>\n<li><strong>Aplicaciones de datos confidenciales protegidos:<\/strong>\n<ul>\n<li>Protege datos confidenciales de productos y usuarios.<\/li>\n<li>Activa una acci\u00f3n ante una incidencia verificada (por ejemplo, un pago).<\/li>\n<\/ul>\n<\/li>\n<li><strong>Autenticaci\u00f3n segura y configuraci\u00f3n de dispositivos de circuito cerrado:<\/strong>\n<ul>\n<li>Autentica consumibles y piezas.<\/li>\n<li>Permite una comprobaci\u00f3n de integridad.<\/li>\n<li>Transfiere autom\u00e1ticamente la configuraci\u00f3n del dispositivo.<\/li>\n<\/ul>\n<\/li>\n<\/ul>\n<p><strong>Ventajas clave:<\/strong><\/p>\n<ul>\n<li><strong>Alta seguridad:<\/strong>\u00a0La funci\u00f3n de detecci\u00f3n de manipulaciones y la criptograf\u00eda AES-128 garantizan la integridad de los datos y evitan el acceso no autorizado.<\/li>\n<li><strong>Aplicaciones vers\u00e1tiles:<\/strong>\u00a0El sistema se puede utilizar para diversos fines, desde la autenticaci\u00f3n de productos hasta la seguridad de los datos.<\/li>\n<li><strong>Seguimiento en tiempo real:<\/strong>\u00a0La informaci\u00f3n se env\u00eda a la nube en tiempo real, lo que permite actuar y realizar seguimiento de forma inmediata.<\/li>\n<\/ul>","protected":false},"excerpt":{"rendered":"<p>NTAG 424 DNA es una etiqueta NFC a prueba de manipulaciones de alta seguridad y potente NTAG424 DNA TT de NXP Semiconductor. La etiqueta es ideal para proteger activos e informaci\u00f3n, ya que cuenta con funciones avanzadas, como criptograf\u00eda AES y autenticaci\u00f3n de mensajes SUN, y protege el almacenamiento de datos confidenciales.<\/p>","protected":false},"featured_media":316,"template":"","meta":{"_kad_post_transparent":"default","_kad_post_title":"","_kad_post_layout":"default","_kad_post_sidebar_id":"","_kad_post_content_style":"default","_kad_post_vertical_padding":"default","_kad_post_feature":"","_kad_post_feature_position":"","_kad_post_header":false,"_kad_post_footer":false,"_kad_post_classname":""},"product_brand":[],"product_cat":[54],"product_tag":[135,134],"class_list":{"0":"post-315","1":"product","2":"type-product","3":"status-publish","4":"has-post-thumbnail","6":"product_cat-hot-selling-rfid-tags","7":"product_tag-tamper-proof-nfc-sticker","8":"product_tag-tamper-proof-nfc-sticker-ntag424-dna-tt","10":"first","11":"instock","12":"shipping-taxable","13":"product-type-simple","14":"entry","15":"content-bg","16":"loop-entry"},"_links":{"self":[{"href":"https:\/\/rfid-laundry-tag.com\/es\/wp-json\/wp\/v2\/product\/315","targetHints":{"allow":["GET"]}}],"collection":[{"href":"https:\/\/rfid-laundry-tag.com\/es\/wp-json\/wp\/v2\/product"}],"about":[{"href":"https:\/\/rfid-laundry-tag.com\/es\/wp-json\/wp\/v2\/types\/product"}],"version-history":[{"count":1,"href":"https:\/\/rfid-laundry-tag.com\/es\/wp-json\/wp\/v2\/product\/315\/revisions"}],"predecessor-version":[{"id":1566,"href":"https:\/\/rfid-laundry-tag.com\/es\/wp-json\/wp\/v2\/product\/315\/revisions\/1566"}],"wp:featuredmedia":[{"embeddable":true,"href":"https:\/\/rfid-laundry-tag.com\/es\/wp-json\/wp\/v2\/media\/316"}],"wp:attachment":[{"href":"https:\/\/rfid-laundry-tag.com\/es\/wp-json\/wp\/v2\/media?parent=315"}],"wp:term":[{"taxonomy":"product_brand","embeddable":true,"href":"https:\/\/rfid-laundry-tag.com\/es\/wp-json\/wp\/v2\/product_brand?post=315"},{"taxonomy":"product_cat","embeddable":true,"href":"https:\/\/rfid-laundry-tag.com\/es\/wp-json\/wp\/v2\/product_cat?post=315"},{"taxonomy":"product_tag","embeddable":true,"href":"https:\/\/rfid-laundry-tag.com\/es\/wp-json\/wp\/v2\/product_tag?post=315"}],"curies":[{"name":"wp","href":"https:\/\/api.w.org\/{rel}","templated":true}]}}