{"id":312,"date":"2024-06-26T17:16:17","date_gmt":"2024-06-26T17:16:17","guid":{"rendered":"https:\/\/rfid-laundry-tag.com\/?post_type=product&#038;p=312"},"modified":"2024-06-26T17:19:23","modified_gmt":"2024-06-26T17:19:23","slug":"ntag213-nfc-inlay-dia25mm","status":"publish","type":"product","link":"https:\/\/rfid-laundry-tag.com\/es\/ntag213-nfc-inlay-dia25mm\/","title":{"rendered":"Incrustaci\u00f3n NFC Ntag213 de 25 mm de di\u00e1metro"},"content":{"rendered":"<div class=\"text-title\"><strong><span class=\"magic-26\" style=\"font-family: Arial;\" data-spm-anchor-id=\"a2700.details.0.i47.6f4d7d7dnursE7\">Incrustaci\u00f3n NFC Dry<\/span><\/strong><\/div>\n<div class=\"text-content\">\n<p><span class=\"magic-6\" style=\"font-family: Arial;\">En t\u00e9rminos simples, la incrustaci\u00f3n seca RFID es una combinaci\u00f3n de chip RFID y antena. Se puede utilizar para fabricar calcoman\u00edas NFC, etiquetas RFID, boletos RFID y varias etiquetas RFID. <\/span><\/p>\n<div data-spm-anchor-id=\"a2700.details.0.i46.6f4d7d7dnursE7\">\n<p><span class=\"magic-6\" style=\"font-family: Arial;\"> La antena de incrustaci\u00f3n seca est\u00e1 hecha de aluminio grabado, que es m\u00e1s delgado en comparaci\u00f3n con la bobina de cobre. La forma de la antena se puede personalizar y redise\u00f1ar a pedido.<\/span><\/p>\n<div><\/div>\n<\/div>\n<\/div>\n<div>\n<div class=\"text-title\"><strong><span class=\"magic-26\" style=\"font-family: Arial;\">Incrustaci\u00f3n h\u00fameda NFC<\/span><\/strong><\/div>\n<div class=\"text-content\">\n<p><span class=\"magic-6\" style=\"font-family: Arial;\" data-spm-anchor-id=\"a2700.details.0.i49.6f4d7d7dnursE7\">La incrustaci\u00f3n seca RFID agregada con un adhesivo se llama incrustaci\u00f3n h\u00fameda. Se puede usar como etiqueta RFID o calcoman\u00eda NFC directamente si no necesita ninguna impresi\u00f3n en la superficie. Al pegarse en los objetos se pueden ahorrar costos y lograr el mismo prop\u00f3sito. Tambi\u00e9n se aplica ampliamente en la fabricaci\u00f3n de etiquetas RFID. La antena de incrustaci\u00f3n h\u00fameda est\u00e1 grabada en aluminio, que es m\u00e1s delgada en comparaci\u00f3n con la bobina de cobre. La forma de la antena se puede personalizar y redise\u00f1ar a pedido.<\/span><\/p>\n<div>\n<h2>Incrustaci\u00f3n NFC Ntag213 de 25 mm de di\u00e1metro<\/h2>\n<p>Esta especificaci\u00f3n describe una incrustaci\u00f3n NFC Ntag213 con un di\u00e1metro de 25 mm. Es una incrustaci\u00f3n seca, lo que significa que no tiene un respaldo adhesivo y requiere pasos adicionales para colocarla en un objeto.<\/p>\n<p><strong>Caracter\u00edsticas clave:<\/strong><\/p>\n<ul>\n<li><strong>Chip:<\/strong>\u00a0Ntag213<\/li>\n<li><strong>Di\u00e1metro:<\/strong>\u00a025 mm<\/li>\n<li><strong>Tipo:<\/strong>\u00a0Incrustaci\u00f3n seca<\/li>\n<li><strong>Protocolo:<\/strong>\u00a0ISO\/IEC 14443 Tipo A<\/li>\n<li><strong>Frecuencia:<\/strong>\u00a013,56 MHz<\/li>\n<li><strong>Memoria:<\/strong>\u00a0144 bytes<\/li>\n<\/ul>\n<p><strong>Ventajas:<\/strong><\/p>\n<ul>\n<li><strong>Rentable:<\/strong>\u00a0Ntag213 es un chip NFC ampliamente utilizado y asequible.<\/li>\n<li><strong>Vers\u00e1til:<\/strong>\u00a0Adecuado para una amplia gama de aplicaciones debido a su tama\u00f1o de memoria y funcionalidad.<\/li>\n<li><strong>Durable:<\/strong>\u00a0Las incrustaciones secas ofrecen una mayor durabilidad en comparaci\u00f3n con las incrustaciones h\u00famedas.<\/li>\n<li><strong>Personalizable:<\/strong>\u00a0La antena se puede personalizar para aplicaciones espec\u00edficas.<\/li>\n<\/ul>\n<p><strong>Aplicaciones:<\/strong><\/p>\n<ul>\n<li><strong>Control de acceso:<\/strong>\u00a0Tarjetas llave, credenciales RFID y otros sistemas de acceso seguro.<\/li>\n<li><strong>Seguimiento de activos:<\/strong>\u00a0Seguimiento de inventario, equipos y otros activos valiosos.<\/li>\n<li><strong>Marketing y publicidad:<\/strong>\u00a0Carteles interactivos, materiales promocionales y programas de fidelizaci\u00f3n.<\/li>\n<li><strong>Sistemas de pago:<\/strong>\u00a0Tarjetas de pago sin contacto y monederos m\u00f3viles.<\/li>\n<li><strong>Almacenamiento de datos:<\/strong>\u00a0Almacenar peque\u00f1as cantidades de datos, como informaci\u00f3n de productos o n\u00fameros de serie.<\/li>\n<\/ul>\n<\/div>\n<div data-spm-anchor-id=\"a2700.details.0.i48.6f4d7d7dnursE7\"><\/div>\n<\/div>\n<\/div>","protected":false},"excerpt":{"rendered":"<p><strong>Incrustaciones RFID NFC<\/strong> Las etiquetas RFID NFC se presentan en dos tipos: h\u00famedas y secas. Una etiqueta RFID NFC h\u00fameda viene con un respaldo adhesivo, mientras que una seca no. Ofrecen una opci\u00f3n de etiqueta que funciona a 13,56 MHz dise\u00f1ada espec\u00edficamente para fabricantes de equipos originales (OEM). Hay chips de memoria NFC ISO 15693 y 14443 disponibles para estas etiquetas.<\/p>","protected":false},"featured_media":287,"template":"","meta":{"_kad_post_transparent":"default","_kad_post_title":"","_kad_post_layout":"default","_kad_post_sidebar_id":"","_kad_post_content_style":"default","_kad_post_vertical_padding":"default","_kad_post_feature":"","_kad_post_feature_position":"","_kad_post_header":false,"_kad_post_footer":false,"_kad_post_classname":""},"product_brand":[],"product_cat":[54],"product_tag":[111,129],"class_list":{"0":"post-312","1":"product","2":"type-product","3":"status-publish","4":"has-post-thumbnail","6":"product_cat-hot-selling-rfid-tags","7":"product_tag-nfc-inlay","8":"product_tag-ntag213-nfc-inlay-dia25mm","10":"first","11":"instock","12":"shipping-taxable","13":"product-type-simple","14":"entry","15":"content-bg","16":"loop-entry"},"_links":{"self":[{"href":"https:\/\/rfid-laundry-tag.com\/es\/wp-json\/wp\/v2\/product\/312","targetHints":{"allow":["GET"]}}],"collection":[{"href":"https:\/\/rfid-laundry-tag.com\/es\/wp-json\/wp\/v2\/product"}],"about":[{"href":"https:\/\/rfid-laundry-tag.com\/es\/wp-json\/wp\/v2\/types\/product"}],"version-history":[{"count":0,"href":"https:\/\/rfid-laundry-tag.com\/es\/wp-json\/wp\/v2\/product\/312\/revisions"}],"wp:featuredmedia":[{"embeddable":true,"href":"https:\/\/rfid-laundry-tag.com\/es\/wp-json\/wp\/v2\/media\/287"}],"wp:attachment":[{"href":"https:\/\/rfid-laundry-tag.com\/es\/wp-json\/wp\/v2\/media?parent=312"}],"wp:term":[{"taxonomy":"product_brand","embeddable":true,"href":"https:\/\/rfid-laundry-tag.com\/es\/wp-json\/wp\/v2\/product_brand?post=312"},{"taxonomy":"product_cat","embeddable":true,"href":"https:\/\/rfid-laundry-tag.com\/es\/wp-json\/wp\/v2\/product_cat?post=312"},{"taxonomy":"product_tag","embeddable":true,"href":"https:\/\/rfid-laundry-tag.com\/es\/wp-json\/wp\/v2\/product_tag?post=312"}],"curies":[{"name":"wp","href":"https:\/\/api.w.org\/{rel}","templated":true}]}}