{"id":3117,"date":"2025-12-18T12:06:28","date_gmt":"2025-12-18T12:06:28","guid":{"rendered":"https:\/\/rfid-laundry-tag.com\/?post_type=product&#038;p=3117"},"modified":"2026-01-04T12:40:55","modified_gmt":"2026-01-04T12:40:55","slug":"textile-iron-durable-heat-sealed-rfid-laundry-tag","status":"publish","type":"product","link":"https:\/\/rfid-laundry-tag.com\/es\/textile-iron-durable-heat-sealed-rfid-laundry-tag\/","title":{"rendered":"Etiqueta de lavander\u00eda RFID sellada con calor y duradera de hierro textil"},"content":{"rendered":"<div>\n<div>\n<h2>Etiqueta de lavander\u00eda RFID sellada con calor y duradera de hierro textil<\/h2>\n<p>&nbsp;<\/p>\n<p><strong><a href=\"https:\/\/rfid-laundry-tag.com\/es\/textile-rfid-laundry-tag\/\">Etiqueta de lavander\u00eda RFID con sellado t\u00e9rmico<\/a>\u00a0\u2013 Soluci\u00f3n de seguimiento textil duradera y resistente a altas temperaturas<\/strong><\/p>\n<p>Nuestra etiqueta RFID para lavander\u00eda con prensa t\u00e9rmica ofrece una soluci\u00f3n robusta y fiable para la identificaci\u00f3n y el seguimiento de textiles en los sectores de la salud, la lavander\u00eda industrial y la gesti\u00f3n de uniformes en Europa, EE. UU. y Canad\u00e1. Tambi\u00e9n conocida como etiqueta de transferencia t\u00e9rmica.\u00a0<a href=\"https:\/\/rfid-laundry-tag.com\/es\/textile-rfid-laundry-tag\/\">Etiqueta de lavander\u00eda RFID<\/a>, o etiqueta de lavander\u00eda RFID sellada con calor, ofrece un rendimiento excepcional en duras condiciones de lavado.<\/p>\n<h2>Ventajas:<\/h2>\n<p align=\"left\" data-spm-anchor-id=\"a2700.details-description.0.i1.404eTMiRTMiR6E\">1) Resistente al agua y al calor.<br \/>\n2) 200 ciclos de lavado o 300 veces<br \/>\n3) Distancia de lectura de 8 a 12 metros<br \/>\n4) El plazo de entrega es de 3 d\u00edas.<\/p>\n<\/div>\n<h3>Caracter\u00edsticas principales<\/h3>\n<ul>\n<li>Resistente al agua y a los qu\u00edmicos: dise\u00f1ado para soportar detergentes, suavizantes, blanqueadores (ox\u00edgeno\/cloro) y tratamientos alcalinos.<\/li>\n<li>Etiqueta RFID activada por calor: se integra perfectamente con las m\u00e1quinas de sellado t\u00e9rmico para una fijaci\u00f3n r\u00e1pida y firme.<\/li>\n<li>Etiqueta de lavander\u00eda RFID termoadhesiva: se aplica f\u00e1cilmente mediante prensa t\u00e9rmica est\u00e1ndar o t\u00e9cnicas de costura, ideal para incrustar en bordes textiles o etiquetas de cuidado.<\/li>\n<li>Etiqueta RFID port\u00e1til prensada en caliente: garantiza una adhesi\u00f3n duradera, lo que reduce la p\u00e9rdida de etiquetas a lo largo de los ciclos de vida.<\/li>\n<li>Etiqueta de lavander\u00eda RFID de alta temperatura: dise\u00f1ada para resistir el calor intenso y el estr\u00e9s mec\u00e1nico de los procesos de lavander\u00eda industrial.<\/li>\n<\/ul>\n<div>\n<table width=\"637\">\n<tbody>\n<tr>\n<td width=\"328\">Nombre del \u00e1rticulo:<\/td>\n<td width=\"309\">Etiqueta de lavander\u00eda RFID sellada con calor y duradera de hierro textil<\/td>\n<\/tr>\n<tr>\n<td width=\"328\">Est\u00e1ndar RFID:<\/td>\n<td width=\"309\">ISO\/IEC 18000-6 Tipo C (EPC Gen2)<\/td>\n<\/tr>\n<tr>\n<td width=\"328\">Tama\u00f1o y peso:<\/td>\n<td width=\"309\">\u00a035 mm x 15 mm; 58 mm x 15 mm; 70 mm x 10 mm; 70 x 15 mm; 75 x 12 mm; 75 x 15 mm o a medida.<\/td>\n<\/tr>\n<tr>\n<td width=\"328\">Tipo de chip:<\/td>\n<td width=\"309\">Monza 4QT, NXP U CODE 9, Alien H9, etc.<\/td>\n<\/tr>\n<tr>\n<td width=\"328\">Memoria EPC:<\/td>\n<td width=\"309\">128 bits<\/td>\n<\/tr>\n<tr>\n<td width=\"328\">Memoria de usuario:<\/td>\n<td width=\"309\">512 bits<\/td>\n<\/tr>\n<tr>\n<td width=\"328\">Rango de lectura (2W ERP FCC):<\/td>\n<td width=\"309\">8M~10M<\/td>\n<\/tr>\n<tr>\n<td width=\"328\">Rango de lectura (2W ERP ETSI):<\/td>\n<td width=\"309\">8M~10M<\/td>\n<\/tr>\n<tr>\n<td width=\"328\">Etiquetado:<\/td>\n<td width=\"309\">Adhesivo para estampado en caliente, sellado t\u00e9rmico, orificio, etc.<\/td>\n<\/tr>\n<tr>\n<td width=\"328\">Vida \u00fatil estimada:<\/td>\n<td width=\"309\">200 ciclos de lavado o 300 veces<\/td>\n<\/tr>\n<tr>\n<td width=\"328\">M\u00e9todo de lavado:<\/td>\n<td width=\"309\">Lavander\u00eda, Lavado en seco<\/td>\n<\/tr>\n<tr>\n<td width=\"328\">Presi\u00f3n de extracci\u00f3n de agua:<\/td>\n<td width=\"309\">60 barras<\/td>\n<\/tr>\n<tr>\n<td width=\"328\">Resistencia al agua:<\/td>\n<td width=\"309\">Resistente al agua<\/td>\n<\/tr>\n<tr>\n<td width=\"328\">Resistencia qu\u00edmica:<\/td>\n<td width=\"309\">Detergente, suavizante, lej\u00eda (ox\u00edgeno\/cloro), \u00e1lcali<\/td>\n<\/tr>\n<tr>\n<td width=\"328\">Presecado en Tumbler:<\/td>\n<td width=\"309\">125 \u00baC durante 15-20 minutos<\/td>\n<\/tr>\n<tr>\n<td width=\"328\">Temperatura de esterilizaci\u00f3n:<\/td>\n<td width=\"309\">135\u00b0C durante 15-20 minutos<\/td>\n<\/tr>\n<tr>\n<td width=\"328\">Temperatura de lavado:<\/td>\n<td width=\"309\">90 \u00b0C, hasta 15 min.<\/td>\n<\/tr>\n<tr>\n<td width=\"328\">Humedad\/Temperatura de funcionamiento:<\/td>\n<td width=\"309\">-20 a 110\u00b0C, 8 a 95%RH<\/td>\n<\/tr>\n<tr>\n<td width=\"328\">Humedad\/Temperatura-Almacenamiento:<\/td>\n<td width=\"309\">-40 a 110\u00b0C, 8 a 95%RH<\/td>\n<\/tr>\n<\/tbody>\n<\/table>\n<\/div>\n<\/div>\n<figure id=\"attachment_3280\" class=\"wp-caption alignnone\" aria-describedby=\"caption-attachment-3280\"><figcaption id=\"caption-attachment-3280\" class=\"wp-caption-text\">\n<figure id=\"attachment_3085\" aria-describedby=\"caption-attachment-3085\" style=\"width: 750px\" class=\"wp-caption alignnone\"><a href=\"https:\/\/rfid-laundry-tag.com\/es\/textile-rfid-laundry-tag\/\"><img fetchpriority=\"high\" decoding=\"async\" class=\"size-full wp-image-3085\" src=\"https:\/\/rfid-laundry-tag.com\/wp-content\/uploads\/2025\/12\/UHF-RFID-washable-laundry-tag-11.jpg\" alt=\"Washable RFID Tags for Laundry Uniform\" width=\"750\" height=\"750\" srcset=\"https:\/\/rfid-laundry-tag.com\/wp-content\/uploads\/2025\/12\/UHF-RFID-washable-laundry-tag-11.jpg 750w, https:\/\/rfid-laundry-tag.com\/wp-content\/uploads\/2025\/12\/UHF-RFID-washable-laundry-tag-11-300x300.jpg 300w, https:\/\/rfid-laundry-tag.com\/wp-content\/uploads\/2025\/12\/UHF-RFID-washable-laundry-tag-11-150x150.jpg 150w, https:\/\/rfid-laundry-tag.com\/wp-content\/uploads\/2025\/12\/UHF-RFID-washable-laundry-tag-11-12x12.jpg 12w, https:\/\/rfid-laundry-tag.com\/wp-content\/uploads\/2025\/12\/UHF-RFID-washable-laundry-tag-11-600x600.jpg 600w, https:\/\/rfid-laundry-tag.com\/wp-content\/uploads\/2025\/12\/UHF-RFID-washable-laundry-tag-11-100x100.jpg 100w\" sizes=\"(max-width: 750px) 100vw, 750px\" \/><\/a><figcaption id=\"caption-attachment-3085\" class=\"wp-caption-text\">Etiquetas RFID lavables para uniformes de lavander\u00eda<\/figcaption><\/figure>\n<\/figcaption><\/figure>\n<p>Fabricada con poli\u00e9ster tejido y adhesivos termoactivados de primera calidad, esta etiqueta RFID termoadhesiva para lavander\u00eda se adhiere firmemente a tejidos de algod\u00f3n, poli\u00e9ster y mixtos. Resiste ciclos de lavado rigurosos, incluyendo la esterilizaci\u00f3n a alta temperatura, lo que la hace ideal para sistemas de gesti\u00f3n de lavander\u00eda RFID, ampliamente utilizados en hospitales y lavander\u00edas industriales.<\/p>\n<div class=\"entry-content-asset videofit\"><iframe title=\"\u00bfPor qu\u00e9 utilizar RFID en la lavander\u00eda textil?\" src=\"https:\/\/www.youtube.com\/embed\/X_P3EuhS_hE?feature=oembed\" width=\"720\" height=\"405\" frameborder=\"0\" allowfullscreen=\"allowfullscreen\" data-mce-fragment=\"1\"><\/iframe><\/div>\n<div>\n<h3><strong><b>Aplicaciones en los mercados globales<\/b><\/strong><\/h3>\n<p>Nuestro\u00a0<strong>Etiqueta RFID de lino para el sector sanitario<\/strong>\u00a0Permite el seguimiento preciso de s\u00e1banas, toallas y uniformes, lo que facilita el control de infecciones y la precisi\u00f3n del inventario en hospitales de Norteam\u00e9rica y Europa. Las etiquetas RFID textiles para hospitales mejoran la gesti\u00f3n del ciclo de vida de la ropa blanca, reducen las p\u00e9rdidas y optimizan la eficiencia operativa en entornos con un alto nivel de cumplimiento normativo.<\/p>\n<p>En entornos de lavander\u00eda industrial, el\u00a0<strong>Etiqueta lavable RFID para lavander\u00eda industrial<\/strong>\u00a0es crucial para gestionar el procesamiento de lino a gran escala, ofreciendo una integraci\u00f3n perfecta en\u00a0<strong>Sistemas de gesti\u00f3n de lavander\u00eda RFID<\/strong>\u00a0Dise\u00f1ado para condiciones de lavado rigurosas. El\u00a0<strong>chip de seguimiento RFID uniforme<\/strong>\u00a0Incorporado en etiquetas RFID duraderas para uniformes, ayuda a las corporaciones multinacionales y a los centros de atenci\u00f3n m\u00e9dica a mantener la responsabilidad y optimizar la circulaci\u00f3n de uniformes.<\/p>\n<h3><strong><b>Instalaci\u00f3n y uso<\/b><\/strong><\/h3>\n<ul>\n<li><strong>Etiquetado de puntadas:<\/strong>Cosa los dobladillos de las prendas lejos de las l\u00edneas de pliegue para evitar da\u00f1os.<\/li>\n<li><strong>Sellado t\u00e9rmico:<\/strong>Aplicar a 200 \u00b0C (392 \u00b0F) durante 12 a 14 segundos utilizando m\u00e1quinas de sellado t\u00e9rmico est\u00e1ndar de la industria.<\/li>\n<li><strong>En bolsa:<\/strong>Cosa dentro de las etiquetas de cuidado est\u00e1ndar para mantener la est\u00e9tica de la prenda.<\/li>\n<\/ul>\n<figure id=\"attachment_3407\" class=\"wp-caption alignnone\" aria-describedby=\"caption-attachment-3407\"><figcaption id=\"caption-attachment-3407\" class=\"wp-caption-text\">\n<figure id=\"attachment_2970\" aria-describedby=\"caption-attachment-2970\" style=\"width: 1000px\" class=\"wp-caption alignnone\"><a href=\"https:\/\/rfid-laundry-tag.com\/es\/textile-rfid-laundry-tag\/\"><img decoding=\"async\" class=\"size-full wp-image-2970\" src=\"https:\/\/rfid-laundry-tag.com\/wp-content\/uploads\/2025\/11\/UHF-RFID-washable-laundry-tag-08.jpg\" alt=\"Textile UHF RFID Tags Labels\" width=\"1000\" height=\"1000\" srcset=\"https:\/\/rfid-laundry-tag.com\/wp-content\/uploads\/2025\/11\/UHF-RFID-washable-laundry-tag-08.jpg 1000w, https:\/\/rfid-laundry-tag.com\/wp-content\/uploads\/2025\/11\/UHF-RFID-washable-laundry-tag-08-300x300.jpg 300w, https:\/\/rfid-laundry-tag.com\/wp-content\/uploads\/2025\/11\/UHF-RFID-washable-laundry-tag-08-150x150.jpg 150w, https:\/\/rfid-laundry-tag.com\/wp-content\/uploads\/2025\/11\/UHF-RFID-washable-laundry-tag-08-768x768.jpg 768w, https:\/\/rfid-laundry-tag.com\/wp-content\/uploads\/2025\/11\/UHF-RFID-washable-laundry-tag-08-12x12.jpg 12w, https:\/\/rfid-laundry-tag.com\/wp-content\/uploads\/2025\/11\/UHF-RFID-washable-laundry-tag-08-600x600.jpg 600w, https:\/\/rfid-laundry-tag.com\/wp-content\/uploads\/2025\/11\/UHF-RFID-washable-laundry-tag-08-100x100.jpg 100w\" sizes=\"(max-width: 1000px) 100vw, 1000px\" \/><\/a><figcaption id=\"caption-attachment-2970\" class=\"wp-caption-text\">Etiquetas RFID UHF para textiles<\/figcaption><\/figure>\n<\/figcaption><\/figure>\n<p>Integradas con tecnolog\u00eda avanzada de sellado t\u00e9rmico, estas etiquetas proporcionan una presi\u00f3n de parche constante y retroalimentaci\u00f3n autom\u00e1tica para garantizar una aplicaci\u00f3n perfecta.<\/p>\n<p>&nbsp;<\/p>\n<\/div>","protected":false},"excerpt":{"rendered":"<p>Somos el fabricante TOP 5 de etiquetas RFID UHF para lavander\u00eda<strong>.Etiqueta de lavander\u00eda RFID sellada con calor, duradera y de hierro textil. <\/strong>Garantiza un seguimiento textil duradero en el sector sanitario, de lavander\u00eda y de uniformes en toda Europa, EE. UU. y Canad\u00e1, resistente a ciclos de lavado agresivos.<\/p>","protected":false},"featured_media":3118,"template":"","meta":{"_kad_post_transparent":"default","_kad_post_title":"","_kad_post_layout":"default","_kad_post_sidebar_id":"","_kad_post_content_style":"default","_kad_post_vertical_padding":"default","_kad_post_feature":"","_kad_post_feature_position":"","_kad_post_header":false,"_kad_post_footer":false,"_kad_post_classname":""},"product_brand":[],"product_cat":[16],"product_tag":[24,375,342,339,65,368,30,374,373],"class_list":{"0":"post-3117","1":"product","2":"type-product","3":"status-publish","4":"has-post-thumbnail","6":"product_cat-uhf-rfid-laundry-tags","7":"product_tag-laundry-rfid-tags","8":"product_tag-rfid-laundry-tag-7015mm","9":"product_tag-rfid-laundry-tags","10":"product_tag-rfid-washable-tags","11":"product_tag-textile-rfid-laundry-tags","12":"product_tag-textile-uhf-rfid-tags-labels","13":"product_tag-uhf-rfid-laundry-tag","14":"product_tag-washable-uhf-rfid-labels","15":"product_tag-washable-uhf-rfid-laundry-textile-labels","17":"first","18":"instock","19":"featured","20":"shipping-taxable","21":"product-type-simple","22":"entry","23":"content-bg","24":"loop-entry"},"_links":{"self":[{"href":"https:\/\/rfid-laundry-tag.com\/es\/wp-json\/wp\/v2\/product\/3117","targetHints":{"allow":["GET"]}}],"collection":[{"href":"https:\/\/rfid-laundry-tag.com\/es\/wp-json\/wp\/v2\/product"}],"about":[{"href":"https:\/\/rfid-laundry-tag.com\/es\/wp-json\/wp\/v2\/types\/product"}],"version-history":[{"count":3,"href":"https:\/\/rfid-laundry-tag.com\/es\/wp-json\/wp\/v2\/product\/3117\/revisions"}],"predecessor-version":[{"id":3168,"href":"https:\/\/rfid-laundry-tag.com\/es\/wp-json\/wp\/v2\/product\/3117\/revisions\/3168"}],"wp:featuredmedia":[{"embeddable":true,"href":"https:\/\/rfid-laundry-tag.com\/es\/wp-json\/wp\/v2\/media\/3118"}],"wp:attachment":[{"href":"https:\/\/rfid-laundry-tag.com\/es\/wp-json\/wp\/v2\/media?parent=3117"}],"wp:term":[{"taxonomy":"product_brand","embeddable":true,"href":"https:\/\/rfid-laundry-tag.com\/es\/wp-json\/wp\/v2\/product_brand?post=3117"},{"taxonomy":"product_cat","embeddable":true,"href":"https:\/\/rfid-laundry-tag.com\/es\/wp-json\/wp\/v2\/product_cat?post=3117"},{"taxonomy":"product_tag","embeddable":true,"href":"https:\/\/rfid-laundry-tag.com\/es\/wp-json\/wp\/v2\/product_tag?post=3117"}],"curies":[{"name":"wp","href":"https:\/\/api.w.org\/{rel}","templated":true}]}}