{"id":310,"date":"2024-06-26T17:12:34","date_gmt":"2024-06-26T17:12:34","guid":{"rendered":"https:\/\/rfid-laundry-tag.com\/?post_type=product&#038;p=310"},"modified":"2024-06-26T17:15:58","modified_gmt":"2024-06-26T17:15:58","slug":"anti-metal-uhf-rfid-tag","status":"publish","type":"product","link":"https:\/\/rfid-laundry-tag.com\/es\/anti-metal-uhf-rfid-tag\/","title":{"rendered":"Etiqueta RFID UHF antimetal"},"content":{"rendered":"<h2>Etiqueta RFID UHF antimetal<\/h2>\n<h2>Personalizaciones disponibles:<\/h2>\n<p><strong>Impresi\u00f3n:<\/strong><\/p>\n<ul>\n<li><strong>Opciones de color:<\/strong>\n<ul>\n<li>Impresi\u00f3n monocrom\u00e1tica<\/li>\n<li>Impresi\u00f3n offset de 4 colores<\/li>\n<\/ul>\n<\/li>\n<li><strong>Aporte:<\/strong>\n<ul>\n<li>Dise\u00f1o gr\u00e1fico proporcionado por el cliente en formato vectorial.<\/li>\n<\/ul>\n<\/li>\n<li><strong>Contenido:<\/strong>\n<ul>\n<li>Impresi\u00f3n de c\u00f3digos EPC<\/li>\n<li>Impresi\u00f3n progresiva de c\u00f3digos seriales:\n<ul>\n<li>Desde la base de datos<\/li>\n<li>Desde archivo .xls<\/li>\n<\/ul>\n<\/li>\n<li>Impresi\u00f3n de c\u00f3digos de barras<\/li>\n<li>Impresi\u00f3n de c\u00f3digos QR<\/li>\n<\/ul>\n<\/li>\n<li><strong>Otras opciones de personalizaci\u00f3n disponibles bajo demanda.<\/strong><\/li>\n<\/ul>\n<p><strong>Codificaci\u00f3n de memoria de chip:<\/strong><\/p>\n<ul>\n<li><strong>Codificaci\u00f3n del transpondedor RFID UHF:<\/strong>\n<ul>\n<li>Codificaci\u00f3n de c\u00f3digo EPC<\/li>\n<li>Escritura de memoria de etiqueta UHF:\n<ul>\n<li>De la base de datos proporcionada por el cliente<\/li>\n<\/ul>\n<\/li>\n<\/ul>\n<\/li>\n<li><strong>Bloqueo de memoria:<\/strong>\n<ul>\n<li>Bloqueo temporal o permanente mediante contrase\u00f1a<\/li>\n<\/ul>\n<\/li>\n<li><strong>Asociaci\u00f3n de datos:<\/strong>\n<ul>\n<li>Asociaci\u00f3n de c\u00f3digos EPC y TID en la base de datos<\/li>\n<li>C\u00f3digo TID y asociaci\u00f3n de c\u00f3digo progresivo\/c\u00f3digo de barras<\/li>\n<\/ul>\n<\/li>\n<\/ul>\n<table class=\"has-title all magic-4\">\n<tbody>\n<tr>\n<td colspan=\"1\" rowspan=\"1\">\n<div class=\"magic-5\" data-spm-anchor-id=\"a2700.details.0.i72.6b4c1284vyugjJ\">Material<\/div>\n<\/td>\n<td colspan=\"1\" rowspan=\"1\">\n<div class=\"magic-6\">abdominales<\/div>\n<\/td>\n<\/tr>\n<tr>\n<td colspan=\"1\" rowspan=\"1\">\n<div class=\"magic-5\">Tama\u00f1o<\/div>\n<\/td>\n<td colspan=\"1\" rowspan=\"1\">\n<div class=\"magic-6\">78x31x10mm o personalizado<\/div>\n<\/td>\n<\/tr>\n<tr>\n<td colspan=\"1\" rowspan=\"1\">\n<div class=\"magic-5\">Frecuencia<\/div>\n<\/td>\n<td colspan=\"1\" rowspan=\"1\">\n<div class=\"magic-6\">860-960 mhz<\/div>\n<\/td>\n<\/tr>\n<tr>\n<td colspan=\"1\" rowspan=\"1\">\n<div class=\"magic-5\">Tipo de circuito integrado (chip)<\/div>\n<\/td>\n<td colspan=\"1\" rowspan=\"1\">\n<div class=\"magic-6\">Impinj Monza R6P<\/div>\n<\/td>\n<\/tr>\n<tr>\n<td colspan=\"1\" rowspan=\"1\">\n<div class=\"magic-5\">Protocolo<\/div>\n<\/td>\n<td colspan=\"1\" rowspan=\"1\">\n<div class=\"magic-6\">EPC Global Clase 1 Gen2 e ISO18000-6C<\/div>\n<\/td>\n<\/tr>\n<tr>\n<td colspan=\"1\" rowspan=\"1\">\n<div class=\"magic-7\">Memoria<\/div>\n<\/td>\n<td colspan=\"1\" rowspan=\"1\">\n<div class=\"magic-6\">EPC 128 bits, Usuario 32 bits<\/div>\n<\/td>\n<\/tr>\n<tr>\n<td colspan=\"1\" rowspan=\"1\">\n<div class=\"magic-5\">Factor de forma de etiqueta<\/div>\n<\/td>\n<td colspan=\"1\" rowspan=\"1\">\n<div class=\"magic-6\">Etiqueta dura<\/div>\n<\/td>\n<\/tr>\n<tr>\n<td colspan=\"1\" rowspan=\"1\">\n<div class=\"magic-5\">M\u00e9todo de fijaci\u00f3n<\/div>\n<\/td>\n<td colspan=\"1\" rowspan=\"1\">\n<div class=\"magic-6\" data-spm-anchor-id=\"a2700.details.0.i73.6b4c1284vyugjJ\">Fijaci\u00f3n con tornillos, adhesivo de pel\u00edcula<\/div>\n<\/td>\n<\/tr>\n<tr>\n<td colspan=\"1\" rowspan=\"1\">\n<div class=\"magic-5\">Temperatura de funcionamiento<\/div>\n<\/td>\n<td colspan=\"1\" rowspan=\"1\">\n<div class=\"magic-6\">-35 \u00b0C \/ +90 \u00b0C<\/div>\n<\/td>\n<\/tr>\n<tr>\n<td colspan=\"1\" rowspan=\"1\">\n<div class=\"magic-5\">Leer distancia<\/div>\n<\/td>\n<td colspan=\"1\" rowspan=\"1\">\n<div class=\"magic-6\" data-spm-anchor-id=\"a2700.details.0.i67.6b4c1284vyugjJ\">Hasta 10m<\/div>\n<\/td>\n<\/tr>\n<tr>\n<td colspan=\"1\" rowspan=\"1\">\n<div class=\"magic-8\">Materiales de superficie aplicables<\/div>\n<\/td>\n<td colspan=\"1\" rowspan=\"1\">\n<div class=\"magic-6\">Sustratos met\u00e1licos y no met\u00e1licos<\/div>\n<\/td>\n<\/tr>\n<tr>\n<td colspan=\"1\" rowspan=\"1\">\n<div class=\"magic-7\">Clasificaci\u00f3n del IP<\/div>\n<\/td>\n<td colspan=\"1\" rowspan=\"1\">\n<div class=\"magic-6\">IP68<\/div>\n<\/td>\n<\/tr>\n<tr>\n<td colspan=\"1\" rowspan=\"1\">\n<div class=\"magic-7\">Solicitud<\/div>\n<\/td>\n<td colspan=\"1\" rowspan=\"1\">\n<div class=\"magic-6\">Para activos, industria pesada y uso exterior.<\/div>\n<\/td>\n<\/tr>\n<\/tbody>\n<\/table>\n<p>&nbsp;<\/p>\n<p><strong>Conclusi\u00f3n:<\/strong><\/p>\n<p>La etiqueta RFID ABS es una soluci\u00f3n vers\u00e1til y personalizable para diversas aplicaciones, que ofrece una combinaci\u00f3n de rendimiento s\u00f3lido y opciones flexibles para satisfacer necesidades espec\u00edficas.<\/p>","protected":false},"excerpt":{"rendered":"<p>La etiqueta RFID UHF antimetal es una potente etiqueta RFID UHF pasiva de largo alcance dise\u00f1ada para destacarse en entornos exigentes. Se puede leer de manera confiable sobre superficies met\u00e1licas, fuera de ellas e incluso cerca de ellas, lo que brinda una flexibilidad excepcional para el seguimiento de activos. Su tama\u00f1o compacto y su construcci\u00f3n robusta e impermeable garantizan un rendimiento duradero en aplicaciones industriales y al aire libre.<\/p>","protected":false},"featured_media":311,"template":"","meta":{"_kad_post_transparent":"default","_kad_post_title":"","_kad_post_layout":"default","_kad_post_sidebar_id":"","_kad_post_content_style":"default","_kad_post_vertical_padding":"default","_kad_post_feature":"","_kad_post_feature_position":"","_kad_post_header":false,"_kad_post_footer":false,"_kad_post_classname":""},"product_brand":[],"product_cat":[54],"product_tag":[128,119],"class_list":{"0":"post-310","1":"product","2":"type-product","3":"status-publish","4":"has-post-thumbnail","6":"product_cat-hot-selling-rfid-tags","7":"product_tag-anti-metal-uhf-rfid-tag","8":"product_tag-on-metal-abs-uhf-rfid-tag","10":"first","11":"instock","12":"shipping-taxable","13":"product-type-simple","14":"entry","15":"content-bg","16":"loop-entry"},"_links":{"self":[{"href":"https:\/\/rfid-laundry-tag.com\/es\/wp-json\/wp\/v2\/product\/310","targetHints":{"allow":["GET"]}}],"collection":[{"href":"https:\/\/rfid-laundry-tag.com\/es\/wp-json\/wp\/v2\/product"}],"about":[{"href":"https:\/\/rfid-laundry-tag.com\/es\/wp-json\/wp\/v2\/types\/product"}],"version-history":[{"count":0,"href":"https:\/\/rfid-laundry-tag.com\/es\/wp-json\/wp\/v2\/product\/310\/revisions"}],"wp:featuredmedia":[{"embeddable":true,"href":"https:\/\/rfid-laundry-tag.com\/es\/wp-json\/wp\/v2\/media\/311"}],"wp:attachment":[{"href":"https:\/\/rfid-laundry-tag.com\/es\/wp-json\/wp\/v2\/media?parent=310"}],"wp:term":[{"taxonomy":"product_brand","embeddable":true,"href":"https:\/\/rfid-laundry-tag.com\/es\/wp-json\/wp\/v2\/product_brand?post=310"},{"taxonomy":"product_cat","embeddable":true,"href":"https:\/\/rfid-laundry-tag.com\/es\/wp-json\/wp\/v2\/product_cat?post=310"},{"taxonomy":"product_tag","embeddable":true,"href":"https:\/\/rfid-laundry-tag.com\/es\/wp-json\/wp\/v2\/product_tag?post=310"}],"curies":[{"name":"wp","href":"https:\/\/api.w.org\/{rel}","templated":true}]}}