{"id":3084,"date":"2025-12-18T10:22:25","date_gmt":"2025-12-18T10:22:25","guid":{"rendered":"https:\/\/rfid-laundry-tag.com\/?post_type=product&#038;p=3084"},"modified":"2025-12-18T10:22:26","modified_gmt":"2025-12-18T10:22:26","slug":"washable-rfid-tags-for-laundry-uniform","status":"publish","type":"product","link":"https:\/\/rfid-laundry-tag.com\/es\/washable-rfid-tags-for-laundry-uniform\/","title":{"rendered":"Etiquetas RFID lavables para uniformes de lavander\u00eda"},"content":{"rendered":"<h2>Etiquetas RFID lavables para uniformes de lavander\u00eda<\/h2>\n<div class=\"auto-hide-last-sibling-br paragraph_1252f paragraph-element\">\n<div class=\"auto-hide-last-sibling-br paragraph_1252f paragraph-element\">La ropa <a href=\"https:\/\/rfid-laundry-tag.com\/es\/uhf-rfid-laundry-tags\/\">Etiqueta RFID lavable<\/a> Es una alternativa vers\u00e1til a las etiquetas RFID tradicionales para lavander\u00eda, especialmente dise\u00f1ada para resistir m\u00e1s de 50 ciclos de lavado dom\u00e9sticos con una reducci\u00f3n m\u00ednima (de 10% a 15%) en el rendimiento RFID. Siendo la soluci\u00f3n ideal y rentable, esta etiqueta RFID impermeable es perfecta para el alquiler y la venta minorista de prendas de vestir, calzado y s\u00e1banas.<\/div>\n<div><\/div>\n<div class=\"auto-hide-last-sibling-br paragraph_1252f paragraph-element\">Esta etiqueta, que cuenta con una estructura y un mecanismo de protecci\u00f3n \u00fanicos para el chip RFID, puede durar m\u00e1s de 50 ciclos de lavado dom\u00e9sticos. Puede colocarse discretamente en una costura o en una etiqueta de cuidado, lo que la hace pr\u00e1cticamente inadvertida.<\/div>\n<p>&nbsp;<\/p>\n<div class=\"auto-hide-last-sibling-br paragraph_1252f paragraph-element\">Lo que distingue a esta etiqueta RFID UHF de otras etiquetas lavables para ropa es su dise\u00f1o transparente de 0,55 mm, lo que la convierte en la m\u00e1s delgada del mercado. En conjunto, se trata de una soluci\u00f3n RFID UHF innovadora para prendas de vestir que ofrece rentabilidad, durabilidad y discreci\u00f3n.<\/div>\n<div><\/div>\n<div data-spm-anchor-id=\"a2700.details.0.i57.23b419c7xXORP0\"><span data-spm-anchor-id=\"a2700.details.0.i75.23b419c7xXORP0\"><b>Caracter\u00edstica:<\/b><br \/>\n1) Tecnolog\u00eda UHF para leer cientos de etiquetas simult\u00e1neamente.<br \/>\n2) Distancia de lectura de m\u00e1s de 8 pies.<br \/>\n3) Nuevo dise\u00f1o mec\u00e1nico para mejorar el rendimiento de la ropa plana.<br \/>\n4) Apto para extractores de alta presi\u00f3n hasta 60 bar.<br \/>\n5) Adecuado para esterilizaci\u00f3n en Autoclave.<br \/>\n6) Material peque\u00f1o, suave y flexible ideal para textiles, ropa de cama, prendas y accesorios.<\/span><\/div>\n<div data-spm-anchor-id=\"a2700.details.0.i57.23b419c7xXORP0\">7) Tipo adhesivo de plancha calefactora, tipo cosido, con orificio, etc.<\/div>\n<\/div>\n<div data-spm-anchor-id=\"a2700.details.0.i57.23b419c7xXORP0\">\n<figure id=\"attachment_3030\" aria-describedby=\"caption-attachment-3030\" style=\"width: 790px\" class=\"wp-caption alignnone\"><a href=\"https:\/\/rfid-laundry-tag.com\/es\/uhf-rfid-laundry-tags\/\"><img fetchpriority=\"high\" decoding=\"async\" class=\"size-full wp-image-3030\" src=\"https:\/\/rfid-laundry-tag.com\/wp-content\/uploads\/2025\/12\/RFID-Laundry-Tag-Installation-Guide.png\" alt=\"RFID Laundry Tag Installation Guide\" width=\"790\" height=\"777\" srcset=\"https:\/\/rfid-laundry-tag.com\/wp-content\/uploads\/2025\/12\/RFID-Laundry-Tag-Installation-Guide.png 790w, https:\/\/rfid-laundry-tag.com\/wp-content\/uploads\/2025\/12\/RFID-Laundry-Tag-Installation-Guide-300x295.png 300w, https:\/\/rfid-laundry-tag.com\/wp-content\/uploads\/2025\/12\/RFID-Laundry-Tag-Installation-Guide-768x755.png 768w, https:\/\/rfid-laundry-tag.com\/wp-content\/uploads\/2025\/12\/RFID-Laundry-Tag-Installation-Guide-12x12.png 12w, https:\/\/rfid-laundry-tag.com\/wp-content\/uploads\/2025\/12\/RFID-Laundry-Tag-Installation-Guide-600x590.png 600w\" sizes=\"(max-width: 790px) 100vw, 790px\" \/><\/a><figcaption id=\"caption-attachment-3030\" class=\"wp-caption-text\">Gu\u00eda de instalaci\u00f3n de etiquetas RFID para lavander\u00eda<\/figcaption><\/figure>\n<\/div>\n<div data-spm-anchor-id=\"a2700.details.0.i57.23b419c7xXORP0\">\n<div class=\"text-content\" data-spm-anchor-id=\"a2700.details.0.i54.23b419c7xXORP0\">\n<h2>F\u00edsico:<\/h2>\n<div>Material: poli\u00e9ster 100%<br \/>\nTama\u00f1o: 70 mm \u00d7 15 mm x 1,5 mm<br \/>\nChip: UHF<br \/>\nM\u00e9todo de instalaci\u00f3n de la etiqueta: costura, planchado<br \/>\nProtocolo: ISO18ooo-6C EPC C1G2<br \/>\nPlanchado: 15 segundos a 210 \u2103<br \/>\nExposici\u00f3n: 2,5 bar<br \/>\nSecado: 15 minutos a 180\u00b0C<br \/>\nLavado: 15 minutos a 90\u2103<br \/>\nCiclos de lavado: m\u00e1s de 200 ciclos o 3 a\u00f1os.<br \/>\nCondiciones de almacenamiento: -20-80 \u2103, 5-95% RH<\/div>\n<\/div>\n<\/div>\n<div>\n<figure id=\"attachment_2943\" aria-describedby=\"caption-attachment-2943\" style=\"width: 800px\" class=\"wp-caption alignnone\"><a href=\"https:\/\/rfid-laundry-tag.com\/es\/uhf-rfid-laundry-tags\/\"><img decoding=\"async\" class=\"size-full wp-image-2943\" src=\"https:\/\/rfid-laundry-tag.com\/wp-content\/uploads\/2025\/10\/1-1.jpg\" alt=\"Textile UHF RFID Tags Labels\" width=\"800\" height=\"800\" srcset=\"https:\/\/rfid-laundry-tag.com\/wp-content\/uploads\/2025\/10\/1-1.jpg 800w, https:\/\/rfid-laundry-tag.com\/wp-content\/uploads\/2025\/10\/1-1-300x300.jpg 300w, https:\/\/rfid-laundry-tag.com\/wp-content\/uploads\/2025\/10\/1-1-150x150.jpg 150w, https:\/\/rfid-laundry-tag.com\/wp-content\/uploads\/2025\/10\/1-1-768x768.jpg 768w, https:\/\/rfid-laundry-tag.com\/wp-content\/uploads\/2025\/10\/1-1-12x12.jpg 12w, https:\/\/rfid-laundry-tag.com\/wp-content\/uploads\/2025\/10\/1-1-600x600.jpg 600w, https:\/\/rfid-laundry-tag.com\/wp-content\/uploads\/2025\/10\/1-1-100x100.jpg 100w\" sizes=\"(max-width: 800px) 100vw, 800px\" \/><\/a><figcaption id=\"caption-attachment-2943\" class=\"wp-caption-text\">Etiquetas RFID UHF para textiles<\/figcaption><\/figure>\n<\/div>\n<div>\n<h2>Beneficios de las etiquetas RFID lavables para uniformes de lavander\u00eda<\/h2>\n<p>Elegir etiquetas RFID lavables para lavander\u00eda significa invertir en una soluci\u00f3n que simplifica la gesti\u00f3n de la lavander\u00eda. Estas etiquetas especializadas est\u00e1n dise\u00f1adas para soportar los procesos de lavander\u00eda industrial sin comprometer el rendimiento. Sus principales ventajas incluyen:<\/p>\n<ol>\n<li><strong>Seguimiento mejorado<\/strong>:La tecnolog\u00eda RFID permite el seguimiento en tiempo real de cada prenda de ropa, garantizando una gesti\u00f3n precisa del inventario y reduciendo las p\u00e9rdidas.<\/li>\n<li><strong>Durabilidad<\/strong>Dise\u00f1adas para soportar altas temperaturas y duras condiciones de lavado, estas duraderas etiquetas RFID garantizan longevidad, lo que las convierte en una opci\u00f3n rentable.<\/li>\n<li><strong>Eficiencia mejorada<\/strong>La automatizaci\u00f3n de los flujos de trabajo de lavander\u00eda reduce los errores manuales y acelera los procesos de entrada y salida, mejorando la eficiencia general en las instalaciones de lavander\u00eda.<\/li>\n<\/ol>\n<p>Con una comprensi\u00f3n integral de los beneficios y capacidades de las etiquetas RFID lavables, puede tomar una decisi\u00f3n informada para sus necesidades de gesti\u00f3n de lavander\u00eda.<\/p>\n<h3>\u00bfQu\u00e9 son las etiquetas RFID lavables?<\/h3>\n<p>Las etiquetas RFID lavables son un tipo especializado de\u00a0<strong>Etiqueta RFID<\/strong>\u00a0Dise\u00f1ado espec\u00edficamente para aplicaciones de lavander\u00eda. Estas etiquetas utilizan\u00a0<strong>tecnolog\u00eda RFID de alto rendimiento<\/strong>\u00a0Para permitir el seguimiento y la gesti\u00f3n precisos de art\u00edculos textiles a lo largo de su vida \u00fatil. Fabricadas con materiales duraderos, las etiquetas RFID lavables resisten las exigencias de la lavander\u00eda industrial, incluyendo la exposici\u00f3n a altas temperaturas y repetidos ciclos de lavado.<\/p>\n<h3>Beneficios del uso de etiquetas RFID en la gesti\u00f3n de lavander\u00edas<\/h3>\n<p>Integrando\u00a0<strong>Tecnolog\u00eda RFID<\/strong>\u00a0La incorporaci\u00f3n de etiquetas en los procesos de lavander\u00eda ofrece ventajas significativas. Estas etiquetas no solo mejoran la precisi\u00f3n en el seguimiento de las prendas, sino que tambi\u00e9n permiten a las instalaciones automatizar el control de inventario, reduciendo los costos de mano de obra y minimizando los errores humanos. Adem\u00e1s,\u00a0<strong>RFID de lavander\u00eda<\/strong>\u00a0Los sistemas permiten una integraci\u00f3n perfecta con el software de gesti\u00f3n existente, proporcionando an\u00e1lisis que ayudan a mejorar la eficiencia operativa.<\/p>\n<h3>C\u00f3mo utilizar etiquetas RFID lavables<\/h3>\n<p>Usar etiquetas RFID lavables es sencillo. Cada etiqueta se puede coser\u00a0<strong>vestidos<\/strong>\u00a0o ropa de cama, proporcionando identificadores claros que pueden escanearse f\u00e1cilmente\u00a0<strong>Lectores RFID<\/strong>. Para un rendimiento \u00f3ptimo, es fundamental garantizar que las etiquetas est\u00e9n colocadas correctamente en los art\u00edculos y sean compatibles con el\u00a0<strong>Sistema de lavander\u00eda RFID<\/strong>\u00a0En uso. Las auditor\u00edas peri\u00f3dicas de los art\u00edculos con etiquetas RFID ayudan a mantener registros de inventario precisos.<\/p>\n<h3>Rese\u00f1as de clientes<\/h3>\n<p>Los comentarios de los clientes destacan el impacto transformador de nuestras etiquetas RFID lavables. Muchos usuarios reportan mejoras significativas en la gesti\u00f3n del inventario y una reducci\u00f3n en la p\u00e9rdida de art\u00edculos. Una cita representativa de un cliente satisfecho afirma: \u201cImplementando\u00a0<strong>Etiquetas RFID<\/strong>\u00a0\u201dEn nuestras operaciones de lavander\u00eda hemos optimizado notablemente nuestros procesos, aumentando nuestra productividad general\u201d.\u201d<\/p>\n<\/div>\n<h3 class=\"wp-block-heading\">Instalaci\u00f3n<\/h3>\n<p><strong>Etiquetado de puntadas<\/strong>: Para ser cosido en el dobladillo de un textil. Cose la etiqueta de lavander\u00eda lejos de las l\u00edneas de plegado.<br \/>\n<strong>Termosellado<\/strong>: Para termosellar directamente sobre el textil a +200\u00b0C (392\u00b0F), durante 12~14s.<br \/>\n<strong>En bolsa<\/strong>: Para coser como una etiqueta de cuidado est\u00e1ndar. Cose la etiqueta de lavander\u00eda lejos de las l\u00edneas de plegado.<\/p>\n<figure id=\"attachment_3036\" aria-describedby=\"caption-attachment-3036\" style=\"width: 1024px\" class=\"wp-caption alignnone\"><a href=\"https:\/\/rfid-laundry-tag.com\/es\/uhf-rfid-laundry-tags\/\"><img decoding=\"async\" class=\"size-large wp-image-3036\" src=\"https:\/\/rfid-laundry-tag.com\/wp-content\/uploads\/2025\/12\/RFID-Laundry-Tag-Installation-Guide-03--1024x590.png\" alt=\"How to Sew RFID Laundry Tags into Linens and Garments\" width=\"1024\" height=\"590\" srcset=\"https:\/\/rfid-laundry-tag.com\/wp-content\/uploads\/2025\/12\/RFID-Laundry-Tag-Installation-Guide-03--1024x590.png 1024w, https:\/\/rfid-laundry-tag.com\/wp-content\/uploads\/2025\/12\/RFID-Laundry-Tag-Installation-Guide-03--300x173.png 300w, https:\/\/rfid-laundry-tag.com\/wp-content\/uploads\/2025\/12\/RFID-Laundry-Tag-Installation-Guide-03--768x442.png 768w, https:\/\/rfid-laundry-tag.com\/wp-content\/uploads\/2025\/12\/RFID-Laundry-Tag-Installation-Guide-03--18x10.png 18w, https:\/\/rfid-laundry-tag.com\/wp-content\/uploads\/2025\/12\/RFID-Laundry-Tag-Installation-Guide-03--600x345.png 600w, https:\/\/rfid-laundry-tag.com\/wp-content\/uploads\/2025\/12\/RFID-Laundry-Tag-Installation-Guide-03-.png 1148w\" sizes=\"(max-width: 1024px) 100vw, 1024px\" \/><\/a><figcaption id=\"caption-attachment-3036\" class=\"wp-caption-text\">C\u00f3mo coser etiquetas RFID para lavander\u00eda en ropa de cama y prendas de vestir<\/figcaption><\/figure>\n<div class=\"auto-hide-last-sibling-br paragraph_1252f paragraph-element\"><strong>Etiquetas RFID lavables<\/strong>\u00a0Son fundamentales para una serie de industrias, ya que permiten un seguimiento eficiente de los activos, la gesti\u00f3n de inventarios y la mejora de la productividad operativa general. Estas son algunas de sus aplicaciones en diferentes sectores:<\/div>\n<ol class=\"auto-hide-last-sibling-br\">\n<li>\n<div class=\"auto-hide-last-sibling-br paragraph_1252f paragraph-element\"><strong>Cuidado de la salud<\/strong>:Los hospitales y otras instalaciones m\u00e9dicas utilizan etiquetas RFID para ropa blanca para gestionar grandes inventarios de s\u00e1banas, toallas, uniformes y ropa quir\u00fargica. Esto ayuda a reducir las p\u00e9rdidas, gestionar los ciclos de lavado y garantizar que siempre haya ropa blanca limpia y fresca disponible cuando se la necesite.<\/div>\n<\/li>\n<li>\n<div class=\"auto-hide-last-sibling-br paragraph_1252f paragraph-element\"><strong>Hoteles<\/strong>:La gesti\u00f3n de la ropa de cama es una tarea enorme en el sector hotelero, donde circulan miles de art\u00edculos, desde ropa de cama hasta toallas, cortinas y albornoces. Las etiquetas RFID para ropa de cama simplifican el seguimiento, garantizan una limpieza y un reemplazo oportunos y ayudan a detectar y prevenir robos.<\/div>\n<\/li>\n<li>\n<div class=\"auto-hide-last-sibling-br paragraph_1252f paragraph-element\"><strong>Restaurantes<\/strong>En la industria alimentaria, las etiquetas RFID permiten monitorear el uso y la limpieza de uniformes, manteles, servilletas y delantales de chef. Esto mejora los est\u00e1ndares de limpieza y ayuda a mantener una apariencia impecable y profesional.<\/div>\n<\/li>\n<li>\n<div class=\"auto-hide-last-sibling-br paragraph_1252f paragraph-element\"><strong>Industrias de la moda y la confecci\u00f3n<\/strong>:Las etiquetas RFID desempe\u00f1an un papel fundamental en el seguimiento de los art\u00edculos a lo largo de la cadena de suministro, desde la producci\u00f3n hasta la venta minorista. Pueden proporcionar informaci\u00f3n valiosa, como el origen, el historial de viajes e incluso detalles sobre la tela y las instrucciones de cuidado.<\/div>\n<\/li>\n<li>\n<div class=\"auto-hide-last-sibling-br paragraph_1252f paragraph-element\"><strong>Ropa de trabajo\/ropa ign\u00edfuga<\/strong>:Las empresas pueden utilizar etiquetas RFID para rastrear y gestionar prendas especiales. Esto puede incluir la inspecci\u00f3n peri\u00f3dica de prendas ign\u00edfugas u otras prendas de protecci\u00f3n, su limpieza adecuada y su sustituci\u00f3n seg\u00fan sea necesario.<\/div>\n<\/li>\n<li>\n<div class=\"auto-hide-last-sibling-br paragraph_1252f paragraph-element\"><strong>Calzado y mascarillas<\/strong>:Especialmente importante en industrias como la atenci\u00f3n m\u00e9dica y la construcci\u00f3n, donde la seguridad es fundamental, el seguimiento del uso, la limpieza y el mantenimiento de art\u00edculos como m\u00e1scaras y zapatos de seguridad se puede simplificar con el uso de etiquetas RFID.<\/div>\n<\/li>\n<li>\n<div class=\"auto-hide-last-sibling-br paragraph_1252f paragraph-element\"><strong>Alfombrillas y fregonas<\/strong>:Para las empresas que brindan servicios de limpieza o administran grandes instalaciones, las etiquetas RFID en tapetes y trapeadores pueden ayudar a rastrear el uso y el mantenimiento, garantizando herramientas limpias y efectivas en todo momento.<\/div>\n<\/li>\n<\/ol>\n<h3>Preguntas frecuentes sobre las etiquetas RFID lavables<\/h3>\n<p><strong>P: \u00bfLas etiquetas RFID son impermeables?<\/strong><br \/>\nR: S\u00ed, nuestras etiquetas de lavander\u00eda RFID est\u00e1n dise\u00f1adas para ser impermeables, lo que garantiza la durabilidad en ambientes h\u00famedos.<\/p>\n<p><strong>P: \u00bfCu\u00e1ntos ciclos de lavado pueden soportar estas etiquetas?<\/strong><br \/>\nR: Nuestras etiquetas RFID lavables generalmente pueden soportar hasta\u00a0<strong>200 ciclos de lavado<\/strong>\u00a0manteniendo su funcionalidad de seguimiento.<\/p>\n<p><strong>P: \u00bfPuedo personalizar las etiquetas seg\u00fan mis necesidades espec\u00edficas?<\/strong><br \/>\nA: \u00a1Por supuesto! Ofrecemos\u00a0<strong>Soluciones RFID personalizadas<\/strong>\u00a0Adaptado a sus necesidades espec\u00edficas de gesti\u00f3n de lavander\u00eda.<\/p>","protected":false},"excerpt":{"rendered":"<p><strong>Etiquetas RFID lavables<\/strong>, Las etiquetas RFID para ropa, a menudo conocidas como etiquetas RFID para ropa, est\u00e1n fabricadas con un exterior de goma suave pero resistente. Estas etiquetas para prendas est\u00e1n dise\u00f1adas para ser flexibles y robustas, soportando hasta 200 ciclos de lavado y presiones de hasta 60 bares. Nuestras etiquetas RFID UHF para lavander\u00eda destacan por su lectura en masa, detect\u00e1ndose eficientemente a varios metros de distancia. Vienen en diferentes medidas, desde 3,81 cm hasta 7,62 cm de largo y desde 1,27 cm hasta 2,54 cm de ancho. Estas etiquetas RFID lavables se utilizan ampliamente en el \u00e1mbito m\u00e9dico, a menudo adheridas a uniformes m\u00e9dicos y de enfermer\u00eda, as\u00ed como a otros uniformes profesionales, disfraces y art\u00edculos de alquiler como colchonetas.<\/p>","protected":false},"featured_media":3085,"template":"","meta":{"_kad_post_transparent":"default","_kad_post_title":"","_kad_post_layout":"default","_kad_post_sidebar_id":"","_kad_post_content_style":"default","_kad_post_vertical_padding":"default","_kad_post_feature":"","_kad_post_feature_position":"","_kad_post_header":false,"_kad_post_footer":false,"_kad_post_classname":""},"product_brand":[],"product_cat":[16],"product_tag":[24,375,342,339,65,368,30,374,373],"class_list":{"0":"post-3084","1":"product","2":"type-product","3":"status-publish","4":"has-post-thumbnail","6":"product_cat-uhf-rfid-laundry-tags","7":"product_tag-laundry-rfid-tags","8":"product_tag-rfid-laundry-tag-7015mm","9":"product_tag-rfid-laundry-tags","10":"product_tag-rfid-washable-tags","11":"product_tag-textile-rfid-laundry-tags","12":"product_tag-textile-uhf-rfid-tags-labels","13":"product_tag-uhf-rfid-laundry-tag","14":"product_tag-washable-uhf-rfid-labels","15":"product_tag-washable-uhf-rfid-laundry-textile-labels","17":"first","18":"instock","19":"featured","20":"shipping-taxable","21":"product-type-simple","22":"entry","23":"content-bg","24":"loop-entry"},"_links":{"self":[{"href":"https:\/\/rfid-laundry-tag.com\/es\/wp-json\/wp\/v2\/product\/3084","targetHints":{"allow":["GET"]}}],"collection":[{"href":"https:\/\/rfid-laundry-tag.com\/es\/wp-json\/wp\/v2\/product"}],"about":[{"href":"https:\/\/rfid-laundry-tag.com\/es\/wp-json\/wp\/v2\/types\/product"}],"version-history":[{"count":1,"href":"https:\/\/rfid-laundry-tag.com\/es\/wp-json\/wp\/v2\/product\/3084\/revisions"}],"predecessor-version":[{"id":3087,"href":"https:\/\/rfid-laundry-tag.com\/es\/wp-json\/wp\/v2\/product\/3084\/revisions\/3087"}],"wp:featuredmedia":[{"embeddable":true,"href":"https:\/\/rfid-laundry-tag.com\/es\/wp-json\/wp\/v2\/media\/3085"}],"wp:attachment":[{"href":"https:\/\/rfid-laundry-tag.com\/es\/wp-json\/wp\/v2\/media?parent=3084"}],"wp:term":[{"taxonomy":"product_brand","embeddable":true,"href":"https:\/\/rfid-laundry-tag.com\/es\/wp-json\/wp\/v2\/product_brand?post=3084"},{"taxonomy":"product_cat","embeddable":true,"href":"https:\/\/rfid-laundry-tag.com\/es\/wp-json\/wp\/v2\/product_cat?post=3084"},{"taxonomy":"product_tag","embeddable":true,"href":"https:\/\/rfid-laundry-tag.com\/es\/wp-json\/wp\/v2\/product_tag?post=3084"}],"curies":[{"name":"wp","href":"https:\/\/api.w.org\/{rel}","templated":true}]}}