{"id":3076,"date":"2025-12-18T09:52:47","date_gmt":"2025-12-18T09:52:47","guid":{"rendered":"https:\/\/rfid-laundry-tag.com\/?post_type=product&#038;p=3076"},"modified":"2026-01-04T13:40:48","modified_gmt":"2026-01-04T13:40:48","slug":"fabric-washable-uhf-rfid-laundry-tags","status":"publish","type":"product","link":"https:\/\/rfid-laundry-tag.com\/es\/fabric-washable-uhf-rfid-laundry-tags\/","title":{"rendered":"Etiquetas RFID UHF lavables para lavander\u00eda"},"content":{"rendered":"<div class=\"auto-hide-last-sibling-br paragraph_1252f paragraph-element\">\n<h2 class=\"auto-hide-last-sibling-br paragraph_1252f paragraph-element\">Etiquetas RFID UHF lavables para lavander\u00eda<\/h2>\n<p><a href=\"https:\/\/rfid-laundry-tag.com\/es\/textile-rfid-laundry-tag\/\">Etiquetas textiles UHF para lavander\u00eda\u00a0<\/a>Est\u00e1n dise\u00f1ados para satisfacer las necesidades de seguimiento del sector de la lavander\u00eda, especialmente en hoteles y hospitales. Est\u00e1n fabricados para ofrecer durabilidad y son aptos para diversos procesos, como lavado, secado, limpieza en seco y planchado.<\/p>\n<p>Estas etiquetas cuentan con una alta sensibilidad, lo que permite leer varias etiquetas simult\u00e1neamente y funcionar de manera eficaz incluso en medio de diferentes interferencias de se\u00f1ales.<\/p>\n<div data-spm-anchor-id=\"a2700.details.0.i57.23b419c7xXORP0\"><span data-spm-anchor-id=\"a2700.details.0.i75.23b419c7xXORP0\"><b>Caracter\u00edsticas de las etiquetas RFID UHF lavables para ropa:<\/b><br \/>\n1) Tecnolog\u00eda UHF para leer cientos de etiquetas simult\u00e1neamente.<br \/>\n2) Distancia de lectura superior a 8 m ~ 12 m.<br \/>\n3) Se puede lavar de 200 a 300 veces.<\/span><\/div>\n<div data-spm-anchor-id=\"a2700.details.0.i57.23b419c7xXORP0\">\n<div class=\"entry-content-asset videofit\"><iframe title=\"Etiquetas RFID UHF adhesivas para lavander\u00eda, fabricadas en f\u00e1brica, con distancia de lectura de 12 m.\" src=\"https:\/\/www.youtube.com\/embed\/cOnG5fgEIs4?feature=oembed\" width=\"720\" height=\"405\" frameborder=\"0\" allowfullscreen=\"allowfullscreen\" data-mce-fragment=\"1\"><\/iframe><\/div>\n<\/div>\n<\/div>\n<div data-spm-anchor-id=\"a2700.details.0.i57.23b419c7xXORP0\"><\/div>\n<div data-spm-anchor-id=\"a2700.details.0.i57.23b419c7xXORP0\">\n<div class=\"text-content\" data-spm-anchor-id=\"a2700.details.0.i54.23b419c7xXORP0\">\n<table>\n<tbody>\n<tr>\n<td width=\"139\">Nombre del producto<\/td>\n<td width=\"600\">Etiquetas RFID UHF lavables para lavander\u00eda<\/td>\n<\/tr>\n<tr>\n<td width=\"139\">Material<\/td>\n<td width=\"600\">Tela\/Tejido, etc.<\/td>\n<\/tr>\n<tr>\n<td width=\"139\">Modelo de chip<\/td>\n<td width=\"600\">C\u00f3digo UCODE\u00ae 9<\/td>\n<\/tr>\n<tr>\n<td width=\"139\">Memoria<\/td>\n<td width=\"600\">EPC: 96 bits<\/td>\n<\/tr>\n<tr>\n<td width=\"139\">Protocolo<\/td>\n<td width=\"600\">EPC C1 G2<\/td>\n<\/tr>\n<tr>\n<td width=\"139\">Tama\u00f1o<\/td>\n<td width=\"600\">70*15 mm, 86*16 mm, 50*20 mm, 72*16 mm, 35*15 mm, etc.<\/td>\n<\/tr>\n<tr>\n<td width=\"139\">Color<\/td>\n<td width=\"600\">Blanco<\/td>\n<\/tr>\n<tr>\n<td width=\"139\">Horarios de trabajo<\/td>\n<td width=\"600\">El promedio es 200 veces, algunos pueden llegar a m\u00e1s de 300 veces.<\/td>\n<\/tr>\n<tr>\n<td width=\"139\">Temperatura de funcionamiento<\/td>\n<td width=\"600\">-25\u2103 a +150\u2103<\/td>\n<\/tr>\n<tr>\n<td width=\"139\">Leer distancia<\/td>\n<td width=\"600\">3-10M<\/td>\n<\/tr>\n<tr>\n<td width=\"139\">Solicitud<\/td>\n<td width=\"600\">Soluci\u00f3n de lavander\u00eda, lavadero, lavado industrial, gesti\u00f3n de ropa de hotel, gesti\u00f3n de supermercados\/tiendas de ropa, etc.<\/td>\n<\/tr>\n<\/tbody>\n<\/table>\n<\/div>\n<\/div>\n<div><\/div>\n<h3 class=\"wp-block-heading\">C\u00f3mo instalar etiquetas RFID UHF lavables para ropa<\/h3>\n<p><strong>Etiquetado de puntadas<\/strong>: Para ser cosido en el dobladillo de un textil. Cose la etiqueta de lavander\u00eda lejos de las l\u00edneas de plegado.<br \/>\n<strong>Termosellado<\/strong>: Para termosellar directamente sobre el textil a +200\u00b0C (392\u00b0F), durante 12~14s.<br \/>\n<strong>En bolsa<\/strong>: Para coser como una etiqueta de cuidado est\u00e1ndar. Cose la etiqueta de lavander\u00eda lejos de las l\u00edneas de plegado.<\/p>\n<p><b>Las etiquetas de lavander\u00eda RFID se pueden aplicar ampliamente en los siguientes campos:<br \/>\n<\/b>1) Gesti\u00f3n de seguimiento<br \/>\n2) F\u00e1brica\/almac\u00e9n\/hotel\/hospital\/parque de atracciones<br \/>\n3) Uniformes de hospital\/Ropa de cama\/Palets\/Bolsas de lona<br \/>\n4) Tintorer\u00edas<br \/>\n5) Uso en s\u00e1banas de hotel\/Adherido a textiles\/Ropa de trabajo<br \/>\n6) Lavadores de dinero<\/p>\n<h2>\u00bfQu\u00e9 son los chips RFID de lino?<\/h2>\n<p><a href=\"https:\/\/rfid-laundry-tag.com\/es\/textile-rfid-laundry-tag\/\">Chips RFID de lino<\/a> Son etiquetas compactas y duraderas con un microchip de identificaci\u00f3n por radiofrecuencia (RFID) y una antena integrados, dise\u00f1adas espec\u00edficamente para el seguimiento de textiles como s\u00e1banas, toallas y uniformes en entornos industriales. Estos chips se pueden sellar con calor o coser a prendas de tela, lo que permite la identificaci\u00f3n y el seguimiento autom\u00e1ticos durante todo su ciclo de vida. A diferencia de los c\u00f3digos de barras tradicionales, los chips RFID no requieren una l\u00ednea de visi\u00f3n directa para su lectura, lo que permite un seguimiento eficiente incluso cuando los art\u00edculos est\u00e1n apilados o embolsados.<\/p>\n<h2>Beneficios de la RFID en la lavander\u00eda textil:<\/h2>\n<p>A medida que crecen los sectores de lavander\u00eda industrial y alquiler de prendas, aumenta la necesidad de automatizaci\u00f3n y una gesti\u00f3n precisa del inventario. Actualmente, menos del 11% de la industria mundial de lavander\u00eda utiliza tecnolog\u00eda RFID, pero quienes la han adoptado reportan ventajas significativas. La tecnolog\u00eda RFID se considera esencial para las actualizaciones tecnol\u00f3gicas en el sector de la lavander\u00eda, y se espera un mayor despliegue en los pr\u00f3ximos a\u00f1os. La reducci\u00f3n de costos y la mejora de la calidad de los dispositivos RFID y las etiquetas textiles proporcionan una ventaja competitiva que fomenta la innovaci\u00f3n.<\/p>\n<ol>\n<li><strong>Clasificaci\u00f3n simplificada de ropa:<\/strong>\u00a0Las etiquetas RFID adheridas a la ropa permiten una clasificaci\u00f3n automatizada durante el lavado y el procesamiento, lo que reduce la necesidad de trabajo manual y mejora la eficiencia.<\/li>\n<li><strong>Registros precisos del ciclo de lavado:<\/strong>\u00a0El seguimiento de los ciclos de lavado ayuda a predecir la vida \u00fatil de las prendas. El sistema avisa a los usuarios cuando las prendas se acercan al final de su vida \u00fatil, lo que facilita la reposici\u00f3n oportuna y la gesti\u00f3n del inventario.<\/li>\n<li><strong>Visibilidad r\u00e1pida del inventario:<\/strong>\u00a0Las etiquetas RFID permiten realizar controles de inventario r\u00e1pidos, lo que ayuda a prevenir p\u00e9rdidas o robos y garantiza la eficiencia operativa.<\/li>\n<li><strong>Minimizar p\u00e9rdidas y robos:<\/strong>\u00a0Cada etiqueta RFID tiene un identificador \u00fanico, lo que permite un seguimiento preciso de los art\u00edculos perdidos o robados, lo que puede ayudar a recuperar costos.<\/li>\n<\/ol>\n<h2>C\u00f3mo funcionan los chips RFID para ropa en lavander\u00edas industriales:<\/h2>\n<ul>\n<li><strong>Etiquetado y registro:<\/strong>\u00a0Cada art\u00edculo est\u00e1 equipado con un chip RFID vinculado a una base de datos que contiene sus detalles.<\/li>\n<li><strong>Seguimiento automatizado:<\/strong>\u00a0Los lectores RFID en puntos clave del proceso de lavander\u00eda capturan datos en tiempo real a medida que los art\u00edculos pasan por la recolecci\u00f3n, el lavado y la distribuci\u00f3n.<\/li>\n<li><strong>Clasificaci\u00f3n y procesamiento:<\/strong>\u00a0El sistema automatiza la clasificaci\u00f3n por tipo o cliente, reduciendo costes laborales.<\/li>\n<li><strong>Gesti\u00f3n de inventario:<\/strong>\u00a0Las actualizaciones continuas de datos brindan informaci\u00f3n sobre los niveles de inventario y los patrones de uso, lo que garantiza la disponibilidad y evita el exceso de existencias.<\/li>\n<\/ul>\n<p>En general, <a href=\"https:\/\/rfid-laundry-tag.com\/es\/rfid-chips-for-uniform-and-linen\/\">Chips RFID de lino<\/a> Optimice las operaciones de lavander\u00eda industrial a trav\u00e9s de un mejor seguimiento, eficiencia y prevenci\u00f3n de p\u00e9rdidas.<\/p>","protected":false},"excerpt":{"rendered":"<div class=\"elementor-element elementor-element-4f79c63 e-flex e-con-boxed e-con e-parent e-lazyloaded\" data-id=\"4f79c63\" data-element_type=\"container\" data-settings=\"{&quot;_ha_eqh_enable&quot;:false}\">\n<div class=\"e-con-inner\">\n<div class=\"elementor-element elementor-element-be3873c elementor-widget elementor-widget-woocommerce-product-short-description\" data-id=\"be3873c\" data-element_type=\"widget\" data-widget_type=\"woocommerce-product-short-description.default\">\n<div class=\"elementor-widget-container\">\n<div class=\"woocommerce-product-details__short-description\"><\/div>\n<\/div>\n<\/div>\n<\/div>\n<\/div>\n<div class=\"elementor-element elementor-element-3ad806e e-flex e-con-boxed e-con e-parent e-lazyloaded\" data-id=\"3ad806e\" data-element_type=\"container\" data-settings=\"{&quot;_ha_eqh_enable&quot;:false}\">\n<div class=\"e-con-inner\">\n<div class=\"elementor-element elementor-element-362020f elementor-widget elementor-widget-woocommerce-product-data-tabs\" data-id=\"362020f\" data-element_type=\"widget\" data-widget_type=\"woocommerce-product-data-tabs.default\">\n<div class=\"elementor-widget-container\">\n<div class=\"woocommerce-tabs wc-tabs-wrapper\"><strong>Etiquetas RFID UHF lavables para lavander\u00eda<\/strong> Para hoteles y hospitales, lavable 200-300 veces, lee cientos de etiquetas simult\u00e1neamente desde 8-12 m, ideal para un seguimiento eficiente.<\/div>\n<\/div>\n<\/div>\n<\/div>\n<\/div>","protected":false},"featured_media":3077,"template":"","meta":{"_kad_post_transparent":"default","_kad_post_title":"","_kad_post_layout":"default","_kad_post_sidebar_id":"","_kad_post_content_style":"default","_kad_post_vertical_padding":"default","_kad_post_feature":"","_kad_post_feature_position":"","_kad_post_header":false,"_kad_post_footer":false,"_kad_post_classname":""},"product_brand":[],"product_cat":[19],"product_tag":[381,378,24,342,339,380,65,368,30,379,374,373],"class_list":{"0":"post-3076","1":"product","2":"type-product","3":"status-publish","4":"has-post-thumbnail","6":"product_cat-textile-rfid-laundry-tag","7":"product_tag-industrial-iot","8":"product_tag-laundry-management","9":"product_tag-laundry-rfid-tags","10":"product_tag-rfid-laundry-tags","11":"product_tag-rfid-washable-tags","12":"product_tag-smart-textile","13":"product_tag-textile-rfid-laundry-tags","14":"product_tag-textile-uhf-rfid-tags-labels","15":"product_tag-uhf-rfid-laundry-tag","16":"product_tag-uniform-management","17":"product_tag-washable-uhf-rfid-labels","18":"product_tag-washable-uhf-rfid-laundry-textile-labels","20":"first","21":"instock","22":"featured","23":"shipping-taxable","24":"product-type-simple","25":"entry","26":"content-bg","27":"loop-entry"},"_links":{"self":[{"href":"https:\/\/rfid-laundry-tag.com\/es\/wp-json\/wp\/v2\/product\/3076","targetHints":{"allow":["GET"]}}],"collection":[{"href":"https:\/\/rfid-laundry-tag.com\/es\/wp-json\/wp\/v2\/product"}],"about":[{"href":"https:\/\/rfid-laundry-tag.com\/es\/wp-json\/wp\/v2\/types\/product"}],"version-history":[{"count":3,"href":"https:\/\/rfid-laundry-tag.com\/es\/wp-json\/wp\/v2\/product\/3076\/revisions"}],"predecessor-version":[{"id":3172,"href":"https:\/\/rfid-laundry-tag.com\/es\/wp-json\/wp\/v2\/product\/3076\/revisions\/3172"}],"wp:featuredmedia":[{"embeddable":true,"href":"https:\/\/rfid-laundry-tag.com\/es\/wp-json\/wp\/v2\/media\/3077"}],"wp:attachment":[{"href":"https:\/\/rfid-laundry-tag.com\/es\/wp-json\/wp\/v2\/media?parent=3076"}],"wp:term":[{"taxonomy":"product_brand","embeddable":true,"href":"https:\/\/rfid-laundry-tag.com\/es\/wp-json\/wp\/v2\/product_brand?post=3076"},{"taxonomy":"product_cat","embeddable":true,"href":"https:\/\/rfid-laundry-tag.com\/es\/wp-json\/wp\/v2\/product_cat?post=3076"},{"taxonomy":"product_tag","embeddable":true,"href":"https:\/\/rfid-laundry-tag.com\/es\/wp-json\/wp\/v2\/product_tag?post=3076"}],"curies":[{"name":"wp","href":"https:\/\/api.w.org\/{rel}","templated":true}]}}