{"id":3074,"date":"2025-12-18T09:36:02","date_gmt":"2025-12-18T09:36:02","guid":{"rendered":"https:\/\/rfid-laundry-tag.com\/?post_type=product&#038;p=3074"},"modified":"2025-12-18T09:36:03","modified_gmt":"2025-12-18T09:36:03","slug":"washable-uhf-rfid-laundry-textile-labels","status":"publish","type":"product","link":"https:\/\/rfid-laundry-tag.com\/es\/washable-uhf-rfid-laundry-textile-labels\/","title":{"rendered":"Etiquetas textiles lavables RFID UHF para lavander\u00eda"},"content":{"rendered":"<div class=\"auto-hide-last-sibling-br paragraph_1252f paragraph-element\">\n<h2 class=\"auto-hide-last-sibling-br paragraph_1252f paragraph-element\">Etiquetas textiles lavables RFID UHF para lavander\u00eda<\/h2>\n<div><\/div>\n<div data-spm-anchor-id=\"a2700.details.0.i57.23b419c7xXORP0\"><span data-spm-anchor-id=\"a2700.details.0.i75.23b419c7xXORP0\"><b>Caracter\u00edstica:<\/b><br \/>\n1) Tecnolog\u00eda UHF para leer cientos de etiquetas simult\u00e1neamente.<br \/>\n2) Distancia de lectura superior a 8 m ~ 12 m.<br \/>\n3) Nuevo dise\u00f1o mec\u00e1nico para mejorar el rendimiento de la ropa plana.<br \/>\n4) Apto para extractores de alta presi\u00f3n hasta 60 bar.<br \/>\n5) Adecuado para esterilizaci\u00f3n en Autoclave.<br \/>\n6) Material peque\u00f1o, suave y flexible ideal para textiles, ropa de cama, prendas y accesorios.<\/span><\/div>\n<div data-spm-anchor-id=\"a2700.details.0.i57.23b419c7xXORP0\">\n<div class=\"entry-content-asset videofit\"><iframe title=\"Etiquetas RFID UHF adhesivas para lavander\u00eda, fabricadas en f\u00e1brica, con distancia de lectura de 12 m.\" src=\"https:\/\/www.youtube.com\/embed\/cOnG5fgEIs4?feature=oembed\" width=\"720\" height=\"405\" frameborder=\"0\" allowfullscreen=\"allowfullscreen\" data-mce-fragment=\"1\"><\/iframe><\/div>\n<\/div>\n<\/div>\n<div data-spm-anchor-id=\"a2700.details.0.i57.23b419c7xXORP0\"><\/div>\n<div data-spm-anchor-id=\"a2700.details.0.i57.23b419c7xXORP0\">\n<div class=\"text-content\" data-spm-anchor-id=\"a2700.details.0.i54.23b419c7xXORP0\">\n<table>\n<tbody>\n<tr>\n<td width=\"139\">Nombre del producto<\/td>\n<td width=\"600\">Etiquetas textiles lavables RFID UHF para lavander\u00eda<\/td>\n<\/tr>\n<tr>\n<td width=\"139\">Material<\/td>\n<td width=\"600\">Tela\/Tejido, etc.<\/td>\n<\/tr>\n<tr>\n<td width=\"139\">Modelo de chip<\/td>\n<td width=\"600\">C\u00f3digo UCODE\u00ae 9<\/td>\n<\/tr>\n<tr>\n<td width=\"139\">Memoria<\/td>\n<td width=\"600\">EPC: 96 bits<\/td>\n<\/tr>\n<tr>\n<td width=\"139\">Protocolo<\/td>\n<td width=\"600\">EPC C1 G2<\/td>\n<\/tr>\n<tr>\n<td width=\"139\">Tama\u00f1o<\/td>\n<td width=\"600\">70*15 mm, 86*16 mm, 50*20 mm, 72*16 mm, 35*15 mm, etc.<\/td>\n<\/tr>\n<tr>\n<td width=\"139\">Color<\/td>\n<td width=\"600\">Blanco<\/td>\n<\/tr>\n<tr>\n<td width=\"139\">Horarios de trabajo<\/td>\n<td width=\"600\">El promedio es 200 veces, algunos pueden llegar a m\u00e1s de 300 veces.<\/td>\n<\/tr>\n<tr>\n<td width=\"139\">Temperatura de funcionamiento<\/td>\n<td width=\"600\">-25\u2103 a +150\u2103<\/td>\n<\/tr>\n<tr>\n<td width=\"139\">Leer distancia<\/td>\n<td width=\"600\">3-10M<\/td>\n<\/tr>\n<tr>\n<td width=\"139\">Solicitud<\/td>\n<td width=\"600\">Soluci\u00f3n de lavander\u00eda, lavadero, lavado industrial, gesti\u00f3n de ropa de hotel, gesti\u00f3n de supermercados\/tiendas de ropa, etc.<\/td>\n<\/tr>\n<\/tbody>\n<\/table>\n<\/div>\n<\/div>\n<div><\/div>\n<div>\n<p>&nbsp;<\/p>\n<h3>\u00bfQu\u00e9 son las etiquetas textiles para lavander\u00eda RFID UHF lavables?<\/h3>\n<p>Las etiquetas RFID lavables son un tipo especializado de\u00a0<strong>Etiqueta RFID<\/strong>\u00a0Dise\u00f1ado espec\u00edficamente para aplicaciones de lavander\u00eda. Estas etiquetas utilizan\u00a0<strong>tecnolog\u00eda RFID de alto rendimiento<\/strong>\u00a0Para permitir el seguimiento y la gesti\u00f3n precisos de art\u00edculos textiles a lo largo de su vida \u00fatil. Fabricadas con materiales duraderos, las etiquetas RFID lavables resisten las exigencias de la lavander\u00eda industrial, incluyendo la exposici\u00f3n a altas temperaturas y repetidos ciclos de lavado.<\/p>\n<\/div>\n<h3 class=\"wp-block-heading\">C\u00f3mo instalar<\/h3>\n<p><strong>Etiquetado de puntadas<\/strong>: Para ser cosido en el dobladillo de un textil. Cose la etiqueta de lavander\u00eda lejos de las l\u00edneas de plegado.<br \/>\n<strong>Termosellado<\/strong>: Para termosellar directamente sobre el textil a +200\u00b0C (392\u00b0F), durante 12~14s.<br \/>\n<strong>En bolsa<\/strong>: Para coser como una etiqueta de cuidado est\u00e1ndar. Cose la etiqueta de lavander\u00eda lejos de las l\u00edneas de plegado.<\/p>\n<h2>Preguntas frecuentes (FAQ) \u2013 Etiquetas textiles lavables RFID UHF para lavander\u00eda<\/h2>\n<p>1. \u00bfC\u00f3mo las etiquetas textiles lavables RFID UHF para lavander\u00eda mejoran la gesti\u00f3n del inventario?<br \/>\nLas etiquetas textiles lavables RFID UHF para lavander\u00eda permiten un seguimiento preciso de las prendas, automatizando la gesti\u00f3n de inventario. Gracias a los chips UCODE\u00ae 9, las empresas pueden monitorizar al instante la ubicaci\u00f3n y el estado de cada prenda, mejorando la eficiencia operativa y reduciendo los errores manuales.<\/p>\n<p>2. \u00bfQu\u00e9 tan duraderas son las etiquetas textiles lavables RFID UHF para lavander\u00eda?<br \/>\nNuestras etiquetas RFID lavables est\u00e1n dise\u00f1adas para soportar hasta 200 ciclos de lavado y, en algunos casos, m\u00e1s de 300. Esta durabilidad garantiza que las etiquetas sigan siendo funcionales durante toda la vida \u00fatil de la prenda, lo que reduce los costos de reemplazo.<\/p>\n<p>3. \u00bfCu\u00e1l es la ventaja de la tecnolog\u00eda RFID de largo alcance UHF?<br \/>\nCon las etiquetas RFID UHF de largo alcance, se puede rastrear la ropa a mayores distancias, lo que agiliza los tiempos de procesamiento en entornos de alto volumen, como las lavander\u00edas industriales. Esta tecnolog\u00eda optimiza la automatizaci\u00f3n, optimizando los niveles de servicio y la productividad operativa.<\/p>\n<p>4. \u00bfC\u00f3mo aborda el etiquetado RFID los problemas m\u00e1s comunes en la industria de la lavander\u00eda?<br \/>\nLas etiquetas RFID reducen los errores de seguimiento manual, garantizan una gesti\u00f3n precisa de los activos y mejoran la durabilidad de las prendas. Al automatizar el seguimiento, las empresas pueden ahorrar tiempo, reducir p\u00e9rdidas y aumentar la rentabilidad.<\/p>\n<p>5. \u00bfPor qu\u00e9 elegir sus etiquetas RFID en lugar de otras?<br \/>\nComo uno de los 5 principales fabricantes de etiquetas RFID con m\u00e1s de 15 a\u00f1os de experiencia, ofrecemos soluciones duraderas y de alta calidad dise\u00f1adas para la gesti\u00f3n de prendas a gran escala, garantizando operaciones rentables y eficientes.<\/p>","protected":false},"excerpt":{"rendered":"<div class=\"elementor-element elementor-element-4f79c63 e-flex e-con-boxed e-con e-parent e-lazyloaded\" data-id=\"4f79c63\" data-element_type=\"container\" data-settings=\"{&quot;_ha_eqh_enable&quot;:false}\">\n<div class=\"e-con-inner\">\n<div class=\"elementor-element elementor-element-be3873c elementor-widget elementor-widget-woocommerce-product-short-description\" data-id=\"be3873c\" data-element_type=\"widget\" data-widget_type=\"woocommerce-product-short-description.default\">\n<div class=\"elementor-widget-container\">\n<div class=\"woocommerce-product-details__short-description\">\n<p><strong>Etiquetas textiles lavables RFID UHF para lavander\u00eda<\/strong>, Las etiquetas RFID para lavander\u00eda est\u00e1n fabricadas con un exterior de goma suave pero resistente. Estas etiquetas para prendas est\u00e1n dise\u00f1adas para ser flexibles y robustas, soportando hasta 200 ciclos de lavado y presiones de hasta 60 bares.<\/p>\n<\/div>\n<\/div>\n<\/div>\n<\/div>\n<\/div>\n<div class=\"elementor-element elementor-element-3ad806e e-flex e-con-boxed e-con e-parent e-lazyloaded\" data-id=\"3ad806e\" data-element_type=\"container\" data-settings=\"{&quot;_ha_eqh_enable&quot;:false}\">\n<div class=\"e-con-inner\">\n<div class=\"elementor-element elementor-element-362020f elementor-widget elementor-widget-woocommerce-product-data-tabs\" data-id=\"362020f\" data-element_type=\"widget\" data-widget_type=\"woocommerce-product-data-tabs.default\">\n<div class=\"elementor-widget-container\">\n<div class=\"woocommerce-tabs wc-tabs-wrapper\"><\/div>\n<\/div>\n<\/div>\n<\/div>\n<\/div>","protected":false},"featured_media":2870,"template":"","meta":{"_kad_post_transparent":"default","_kad_post_title":"","_kad_post_layout":"default","_kad_post_sidebar_id":"","_kad_post_content_style":"default","_kad_post_vertical_padding":"default","_kad_post_feature":"","_kad_post_feature_position":"","_kad_post_header":false,"_kad_post_footer":false,"_kad_post_classname":""},"product_brand":[],"product_cat":[19],"product_tag":[24,342,339,65,368,30,374,373],"class_list":{"0":"post-3074","1":"product","2":"type-product","3":"status-publish","4":"has-post-thumbnail","6":"product_cat-textile-rfid-laundry-tag","7":"product_tag-laundry-rfid-tags","8":"product_tag-rfid-laundry-tags","9":"product_tag-rfid-washable-tags","10":"product_tag-textile-rfid-laundry-tags","11":"product_tag-textile-uhf-rfid-tags-labels","12":"product_tag-uhf-rfid-laundry-tag","13":"product_tag-washable-uhf-rfid-labels","14":"product_tag-washable-uhf-rfid-laundry-textile-labels","16":"first","17":"instock","18":"featured","19":"shipping-taxable","20":"product-type-simple","21":"entry","22":"content-bg","23":"loop-entry"},"_links":{"self":[{"href":"https:\/\/rfid-laundry-tag.com\/es\/wp-json\/wp\/v2\/product\/3074","targetHints":{"allow":["GET"]}}],"collection":[{"href":"https:\/\/rfid-laundry-tag.com\/es\/wp-json\/wp\/v2\/product"}],"about":[{"href":"https:\/\/rfid-laundry-tag.com\/es\/wp-json\/wp\/v2\/types\/product"}],"version-history":[{"count":1,"href":"https:\/\/rfid-laundry-tag.com\/es\/wp-json\/wp\/v2\/product\/3074\/revisions"}],"predecessor-version":[{"id":3075,"href":"https:\/\/rfid-laundry-tag.com\/es\/wp-json\/wp\/v2\/product\/3074\/revisions\/3075"}],"wp:featuredmedia":[{"embeddable":true,"href":"https:\/\/rfid-laundry-tag.com\/es\/wp-json\/wp\/v2\/media\/2870"}],"wp:attachment":[{"href":"https:\/\/rfid-laundry-tag.com\/es\/wp-json\/wp\/v2\/media?parent=3074"}],"wp:term":[{"taxonomy":"product_brand","embeddable":true,"href":"https:\/\/rfid-laundry-tag.com\/es\/wp-json\/wp\/v2\/product_brand?post=3074"},{"taxonomy":"product_cat","embeddable":true,"href":"https:\/\/rfid-laundry-tag.com\/es\/wp-json\/wp\/v2\/product_cat?post=3074"},{"taxonomy":"product_tag","embeddable":true,"href":"https:\/\/rfid-laundry-tag.com\/es\/wp-json\/wp\/v2\/product_tag?post=3074"}],"curies":[{"name":"wp","href":"https:\/\/api.w.org\/{rel}","templated":true}]}}