{"id":304,"date":"2024-06-26T16:50:11","date_gmt":"2024-06-26T16:50:11","guid":{"rendered":"https:\/\/rfid-laundry-tag.com\/?post_type=product&#038;p=304"},"modified":"2024-06-26T17:00:07","modified_gmt":"2024-06-26T17:00:07","slug":"on-duty-ntag215-nfc-patrol-tag","status":"publish","type":"product","link":"https:\/\/rfid-laundry-tag.com\/es\/on-duty-ntag215-nfc-patrol-tag\/","title":{"rendered":"Etiqueta de patrulla NFC Ntag215 de servicio"},"content":{"rendered":"<p><strong>Etiqueta de patrulla NFC Ntag215 de servicio <\/strong><\/p>\n<p>NXP Semiconductors ha desarrollado los circuitos integrados de etiquetas NFC est\u00e1ndar para su uso en aplicaciones del mercado masivo, como comercio minorista, juegos y productos electr\u00f3nicos de consumo, en combinaci\u00f3n con dispositivos NFC o dispositivos de acoplamiento de proximidad compatibles con NFC. Los NTAG215 (de ahora en adelante, generalmente denominados NTAG21x) est\u00e1n dise\u00f1ados para cumplir totalmente con las especificaciones de etiquetas NFC Forum Type 2 y ISO\/IEC14443 Type A. La memoria es de 504 bytes.<\/p>\n<table class=\"hight-light-first-column all magic-11\">\n<tbody>\n<tr>\n<td colspan=\"1\" rowspan=\"1\">\n<div class=\"magic-12\" data-spm-anchor-id=\"a2700.details.0.i57.12287cd6Tl6d8d\">Tama\u00f1o<\/div>\n<\/td>\n<td colspan=\"4\" rowspan=\"1\">\n<div class=\"magic-13\">Di\u00e1metro 25 mm<\/div>\n<\/td>\n<\/tr>\n<tr>\n<td colspan=\"1\" rowspan=\"1\">\n<div class=\"magic-12\">Color<\/div>\n<\/td>\n<td colspan=\"4\" rowspan=\"1\">\n<div class=\"magic-16\">Negro, blanco, amarillo, rojo o personalizado<\/div>\n<\/td>\n<\/tr>\n<tr>\n<td colspan=\"1\" rowspan=\"1\">\n<div class=\"magic-12\">Chip<\/div>\n<\/td>\n<td colspan=\"4\" rowspan=\"1\">\n<div class=\"magic-13\">NTAG215<\/div>\n<\/td>\n<\/tr>\n<tr>\n<td colspan=\"1\" rowspan=\"1\">\n<div class=\"magic-12\">Frecuencia<\/div>\n<\/td>\n<td colspan=\"4\" rowspan=\"1\">\n<div class=\"magic-13\">13,56 MHz<\/div>\n<\/td>\n<\/tr>\n<tr>\n<td colspan=\"1\" rowspan=\"1\">\n<div class=\"magic-12\">Protocolo<\/div>\n<\/td>\n<td colspan=\"4\" rowspan=\"1\">\n<div class=\"magic-13\">ISO14443A, Foro NFC Tipo 2<\/div>\n<\/td>\n<\/tr>\n<tr>\n<td colspan=\"1\" rowspan=\"1\">\n<div class=\"magic-12\">Material<\/div>\n<\/td>\n<td colspan=\"4\" rowspan=\"1\">\n<div class=\"magic-13\">abdominales<\/div>\n<\/td>\n<\/tr>\n<tr>\n<td colspan=\"1\" rowspan=\"1\">\n<div class=\"magic-12\">Temperatura de funcionamiento<\/div>\n<\/td>\n<td colspan=\"4\" rowspan=\"1\">\n<div class=\"magic-13\">-20 a 85 grados C<\/div>\n<\/td>\n<\/tr>\n<tr>\n<td colspan=\"1\" rowspan=\"1\">\n<div class=\"magic-12\">Solicitud<\/div>\n<\/td>\n<td colspan=\"4\" rowspan=\"1\">\n<div class=\"magic-16\">Cadena de lavander\u00eda, productos qu\u00edmicos agresivos, dispositivo de pago, uso al aire libre, productos qu\u00edmicos, industria, log\u00edstica, guardia de patrulla, membres\u00eda, contenedor de env\u00edo, paletas, etc.<\/div>\n<\/td>\n<\/tr>\n<tr>\n<td colspan=\"1\" rowspan=\"1\">\n<div class=\"magic-12\">Clasificaci\u00f3n de impermeabilidad<\/div>\n<\/td>\n<td colspan=\"4\" rowspan=\"1\">\n<div class=\"magic-16\">IP67<\/div>\n<\/td>\n<\/tr>\n<tr>\n<td colspan=\"1\" rowspan=\"1\">\n<div class=\"magic-12\">Rango de lectura<\/div>\n<\/td>\n<td colspan=\"4\" rowspan=\"1\">\n<div class=\"magic-16\">5-10cm, depende del lector<\/div>\n<\/td>\n<\/tr>\n<tr>\n<td colspan=\"1\" rowspan=\"1\">\n<div class=\"magic-12\">Manualidades<\/div>\n<\/td>\n<td colspan=\"4\" rowspan=\"1\">\n<div class=\"magic-16\">N\u00famero de serie grabado con l\u00e1ser, c\u00f3digo de barras, etc.<\/div>\n<\/td>\n<\/tr>\n<tr>\n<td colspan=\"1\" rowspan=\"1\">\n<div class=\"magic-12\">Montaje<\/div>\n<\/td>\n<td colspan=\"4\" rowspan=\"1\">\n<div class=\"magic-16\">Mediante adhesivo o tornillo, o remaches<\/div>\n<\/td>\n<\/tr>\n<\/tbody>\n<\/table>\n<p>&nbsp;<\/p>\n<h2>Aplicaci\u00f3n de etiqueta de patrulla NFC Ntag215 para servicio<\/h2>\n<p>Este documento describe una posible aplicaci\u00f3n de la etiqueta NFC Ntag215 en un contexto de tareas de patrullaje.<\/p>\n<p><strong>Gui\u00f3n:<\/strong><\/p>\n<p>Un guardia de seguridad o un agente de patrulla debe registrarse en lugares espec\u00edficos durante su turno. El objetivo es automatizar el proceso de registro de estos registros, proporcionar datos de ubicaci\u00f3n en tiempo real y, potencialmente, activar acciones adicionales.<\/p>\n<p><strong>Solicitud:<\/strong><\/p>\n<ol>\n<li><strong>Etiquetas de patrulla de la NFC:<\/strong>\n<ul>\n<li>Las etiquetas NFC Ntag215 se colocan en ubicaciones estrat\u00e9gicas alrededor de la ruta de patrulla (por ejemplo, entradas de edificios, puestos de control de seguridad, zonas designadas).<\/li>\n<li>A cada etiqueta se le asigna un ID \u00fanico y potencialmente un identificador de ubicaci\u00f3n.<\/li>\n<\/ul>\n<\/li>\n<li><strong>Aplicaci\u00f3n m\u00f3vil:<\/strong>\n<ul>\n<li>El personal de seguridad utiliza un tel\u00e9fono inteligente o una tableta con una aplicaci\u00f3n dedicada.<\/li>\n<li>La aplicaci\u00f3n se conecta a la etiqueta NFC mediante un simple toque o detecci\u00f3n de proximidad.<\/li>\n<li>Al entrar en contacto con una etiqueta, la aplicaci\u00f3n:\n<ul>\n<li>Registra la hora y fecha del check-in.<\/li>\n<li>Registra la identificaci\u00f3n de la etiqueta y potencialmente su ubicaci\u00f3n.<\/li>\n<li>Actualiza autom\u00e1ticamente el estado y la ubicaci\u00f3n del oficial de patrulla en un tablero central.<\/li>\n<\/ul>\n<\/li>\n<\/ul>\n<\/li>\n<li><strong>Panel central:<\/strong>\n<ul>\n<li>Una plataforma basada en la web o en la nube muestra informaci\u00f3n en tiempo real sobre los oficiales de patrulla.<\/li>\n<li>Visualiza su ubicaci\u00f3n, horarios de check-in y cualquier alerta.<\/li>\n<li>Este panel tambi\u00e9n se puede utilizar para:\n<ul>\n<li>Activa notificaciones por llegadas tard\u00edas o paradas perdidas.<\/li>\n<li>Monitorizar la actividad para la gesti\u00f3n del rendimiento.<\/li>\n<li>Genere autom\u00e1ticamente informes y registros.<\/li>\n<\/ul>\n<\/li>\n<\/ul>\n<\/li>\n<\/ol>\n<p><strong>Beneficios:<\/strong><\/p>\n<ul>\n<li><strong>Check-in automatizado:<\/strong>\u00a0Elimina las entradas de registro manuales y los posibles errores.<\/li>\n<li><strong>Seguimiento de ubicaci\u00f3n en tiempo real:<\/strong>\u00a0Proporciona conocimiento inmediato de las posiciones de los oficiales de patrulla.<\/li>\n<li><strong>Mayor rendici\u00f3n de cuentas:<\/strong>\u00a0Ofrece un registro de auditor\u00eda confiable de las actividades de patrulla.<\/li>\n<li><strong>Seguridad mejorada:<\/strong>\u00a0Permite una respuesta r\u00e1pida a incidentes y alertas.<\/li>\n<li><strong>Perspectivas basadas en datos:<\/strong>\u00a0Apoya el an\u00e1lisis del rendimiento y la optimizaci\u00f3n de las rutas de patrullaje.<\/li>\n<\/ul>\n<p><strong>Detalles de implementaci\u00f3n:<\/strong><\/p>\n<ul>\n<li><strong>Programaci\u00f3n de etiquetas:<\/strong>\u00a0Las etiquetas Ntag215 son f\u00e1cilmente programables mediante herramientas NFC y pueden almacenar informaci\u00f3n como identificadores de ubicaci\u00f3n, c\u00f3digos de acceso o alertas.<\/li>\n<li><strong>Desarrollo de aplicaciones m\u00f3viles:<\/strong>\u00a0La aplicaci\u00f3n debe aprovechar la funcionalidad NFC del dispositivo, permitiendo una comunicaci\u00f3n segura con las etiquetas.<\/li>\n<li><strong>Integraci\u00f3n del panel de control:<\/strong>\u00a0Los datos recopilados de las etiquetas se pueden integrar con una plataforma basada en la nube o con sistemas de seguridad existentes.<\/li>\n<li><strong>Cifrado de datos:<\/strong>\u00a0Los datos confidenciales se pueden cifrar por razones de seguridad y privacidad.<\/li>\n<\/ul>\n<p><strong>Consideraciones:<\/strong><\/p>\n<ul>\n<li><strong>Durabilidad de la etiqueta:<\/strong>\u00a0Las etiquetas Ntag215 son resistentes a factores ambientales pero deben instalarse adecuadamente para un uso a largo plazo.<\/li>\n<li><strong>Conectividad de red:<\/strong>\u00a0Se necesita una conectividad confiable a Internet o a una red para la transmisi\u00f3n de datos y el acceso al panel de control.<\/li>\n<li><strong>Privacidad y seguridad:<\/strong>\u00a0Implementar medidas de seguridad y protocolos de privacidad de datos adecuados.<\/li>\n<li><strong>An\u00e1lisis de costos:<\/strong>\u00a0Considere los costos de las etiquetas, el desarrollo de aplicaciones y la posible infraestructura en la nube.<\/li>\n<\/ul>\n<p>&nbsp;<\/p>\n<p>&nbsp;<\/p>","protected":false},"excerpt":{"rendered":"<p>La etiqueta NFC Ntag215 ofrece una herramienta valiosa para mejorar la seguridad y la eficiencia de las patrullas. Esta aplicaci\u00f3n puede optimizar los procesos de patrullaje, mejorar la rendici\u00f3n de cuentas y brindar informaci\u00f3n valiosa para una mejor toma de decisiones.<\/p>","protected":false},"featured_media":305,"template":"","meta":{"_kad_post_transparent":"default","_kad_post_title":"","_kad_post_layout":"default","_kad_post_sidebar_id":"","_kad_post_content_style":"default","_kad_post_vertical_padding":"default","_kad_post_feature":"","_kad_post_feature_position":"","_kad_post_header":false,"_kad_post_footer":false,"_kad_post_classname":""},"product_brand":[],"product_cat":[54],"product_tag":[118,124],"class_list":{"0":"post-304","1":"product","2":"type-product","3":"status-publish","4":"has-post-thumbnail","6":"product_cat-hot-selling-rfid-tags","7":"product_tag-anti-metal-nfc-patrol-tag","8":"product_tag-on-duty-ntag215-nfc-patrol-tag","10":"first","11":"instock","12":"shipping-taxable","13":"product-type-simple","14":"entry","15":"content-bg","16":"loop-entry"},"_links":{"self":[{"href":"https:\/\/rfid-laundry-tag.com\/es\/wp-json\/wp\/v2\/product\/304","targetHints":{"allow":["GET"]}}],"collection":[{"href":"https:\/\/rfid-laundry-tag.com\/es\/wp-json\/wp\/v2\/product"}],"about":[{"href":"https:\/\/rfid-laundry-tag.com\/es\/wp-json\/wp\/v2\/types\/product"}],"version-history":[{"count":0,"href":"https:\/\/rfid-laundry-tag.com\/es\/wp-json\/wp\/v2\/product\/304\/revisions"}],"wp:featuredmedia":[{"embeddable":true,"href":"https:\/\/rfid-laundry-tag.com\/es\/wp-json\/wp\/v2\/media\/305"}],"wp:attachment":[{"href":"https:\/\/rfid-laundry-tag.com\/es\/wp-json\/wp\/v2\/media?parent=304"}],"wp:term":[{"taxonomy":"product_brand","embeddable":true,"href":"https:\/\/rfid-laundry-tag.com\/es\/wp-json\/wp\/v2\/product_brand?post=304"},{"taxonomy":"product_cat","embeddable":true,"href":"https:\/\/rfid-laundry-tag.com\/es\/wp-json\/wp\/v2\/product_cat?post=304"},{"taxonomy":"product_tag","embeddable":true,"href":"https:\/\/rfid-laundry-tag.com\/es\/wp-json\/wp\/v2\/product_tag?post=304"}],"curies":[{"name":"wp","href":"https:\/\/api.w.org\/{rel}","templated":true}]}}