{"id":299,"date":"2024-06-26T15:49:09","date_gmt":"2024-06-26T15:49:09","guid":{"rendered":"https:\/\/rfid-laundry-tag.com\/?post_type=product&#038;p=299"},"modified":"2024-06-26T15:49:09","modified_gmt":"2024-06-26T15:49:09","slug":"uhf-industrial-on-metal-rfid-tags","status":"publish","type":"product","link":"https:\/\/rfid-laundry-tag.com\/es\/uhf-industrial-on-metal-rfid-tags\/","title":{"rendered":"Etiquetas RFID industriales UHF para metal"},"content":{"rendered":"<table class=\"has-title all magic-4\">\n<tbody>\n<tr>\n<td colspan=\"1\" rowspan=\"1\">\n<div class=\"magic-5\" data-spm-anchor-id=\"a2700.details.0.i63.6b4c1284UGSrnr\">Material<\/div>\n<\/td>\n<td colspan=\"1\" rowspan=\"1\">\n<div class=\"magic-6\">abdominales<\/div>\n<\/td>\n<\/tr>\n<tr>\n<td colspan=\"1\" rowspan=\"1\">\n<div class=\"magic-5\">Tama\u00f1o<\/div>\n<\/td>\n<td colspan=\"1\" rowspan=\"1\">\n<div class=\"magic-6\">78x31x10mm o personalizado<\/div>\n<\/td>\n<\/tr>\n<tr>\n<td colspan=\"1\" rowspan=\"1\">\n<div class=\"magic-5\">Frecuencia<\/div>\n<\/td>\n<td colspan=\"1\" rowspan=\"1\">\n<div class=\"magic-6\">860-960 mhz<\/div>\n<\/td>\n<\/tr>\n<tr>\n<td colspan=\"1\" rowspan=\"1\">\n<div class=\"magic-5\">Tipo de circuito integrado (chip)<\/div>\n<\/td>\n<td colspan=\"1\" rowspan=\"1\">\n<div class=\"magic-6\">Impinj Monza R6P<\/div>\n<\/td>\n<\/tr>\n<tr>\n<td colspan=\"1\" rowspan=\"1\">\n<div class=\"magic-5\">Protocolo<\/div>\n<\/td>\n<td colspan=\"1\" rowspan=\"1\">\n<div class=\"magic-6\" data-spm-anchor-id=\"a2700.details.0.i64.6b4c1284UGSrnr\">EPC Global Clase 1 Gen2 e ISO18000-6C<\/div>\n<\/td>\n<\/tr>\n<tr>\n<td colspan=\"1\" rowspan=\"1\">\n<div class=\"magic-7\">Memoria<\/div>\n<\/td>\n<td colspan=\"1\" rowspan=\"1\">\n<div class=\"magic-6\">EPC 128 bits, Usuario 32 bits<\/div>\n<\/td>\n<\/tr>\n<tr>\n<td colspan=\"1\" rowspan=\"1\">\n<div class=\"magic-5\">Factor de forma de etiqueta<\/div>\n<\/td>\n<td colspan=\"1\" rowspan=\"1\">\n<div class=\"magic-6\">Etiqueta dura<\/div>\n<\/td>\n<\/tr>\n<tr>\n<td colspan=\"1\" rowspan=\"1\">\n<div class=\"magic-5\">M\u00e9todo de fijaci\u00f3n<\/div>\n<\/td>\n<td colspan=\"1\" rowspan=\"1\">\n<div class=\"magic-6\">Fijaci\u00f3n con tornillos, adhesivo de pel\u00edcula<\/div>\n<\/td>\n<\/tr>\n<tr>\n<td colspan=\"1\" rowspan=\"1\">\n<div class=\"magic-5\">Temperatura de funcionamiento<\/div>\n<\/td>\n<td colspan=\"1\" rowspan=\"1\">\n<div class=\"magic-6\">-35 \u00b0C \/ +90 \u00b0C<\/div>\n<\/td>\n<\/tr>\n<tr>\n<td colspan=\"1\" rowspan=\"1\">\n<div class=\"magic-5\">Leer distancia<\/div>\n<\/td>\n<td colspan=\"1\" rowspan=\"1\">\n<div class=\"magic-6\">Hasta 10m<\/div>\n<\/td>\n<\/tr>\n<tr>\n<td colspan=\"1\" rowspan=\"1\">\n<div class=\"magic-8\">Materiales de superficie aplicables<\/div>\n<\/td>\n<td colspan=\"1\" rowspan=\"1\">\n<div class=\"magic-6\">Sustratos met\u00e1licos y no met\u00e1licos<\/div>\n<\/td>\n<\/tr>\n<tr>\n<td colspan=\"1\" rowspan=\"1\">\n<div class=\"magic-7\">Clasificaci\u00f3n del IP<\/div>\n<\/td>\n<td colspan=\"1\" rowspan=\"1\">\n<div class=\"magic-6\">IP68<\/div>\n<\/td>\n<\/tr>\n<tr>\n<td colspan=\"1\" rowspan=\"1\">\n<div class=\"magic-7\">Solicitud<\/div>\n<\/td>\n<td colspan=\"1\" rowspan=\"1\">\n<div class=\"magic-6\" data-spm-anchor-id=\"a2700.details.0.i62.6b4c1284UGSrnr\">Para activos, industria pesada y uso exterior.<\/div>\n<\/td>\n<\/tr>\n<\/tbody>\n<\/table>\n<p>&nbsp;<\/p>\n<h2>Etiquetas RFID UHF para entornos industriales<\/h2>\n<p><strong>Caracter\u00edsticas:<\/strong><\/p>\n<ul>\n<li><strong>Compatibilidad con est\u00e1ndares de la industria:<\/strong>\u00a0Cumple con el est\u00e1ndar ISO18000-6C (EPC C1G2), garantizando una integraci\u00f3n perfecta con los sistemas RFID UHF existentes.<\/li>\n<li><strong>Compatibilidad universal con superficies:<\/strong>\u00a0Capaz de adherirse a diversas superficies como metal, pl\u00e1stico e incluso l\u00edquidos, lo que los hace ideales para una variedad de aplicaciones.<\/li>\n<li><strong>Durabilidad superior:<\/strong>\u00a0Clasificaci\u00f3n IP68 para una resistencia excepcional contra la entrada de polvo y agua, lo que garantiza un funcionamiento confiable en entornos dif\u00edciles.<\/li>\n<li><strong>Rendimiento sin concesiones:<\/strong>\u00a0Dise\u00f1ado para ser resistente al agua y anticolisi\u00f3n, garantizando lecturas precisas y consistentes incluso en condiciones exigentes.<\/li>\n<\/ul>\n<p><strong>Aplicaciones:<\/strong><\/p>\n<ul>\n<li><strong>Gesti\u00f3n de activos:<\/strong>\u00a0Realice un seguimiento de la ubicaci\u00f3n y el estado de equipos y activos valiosos.<\/li>\n<li><strong>Optimizaci\u00f3n de la cadena de suministro:<\/strong>\u00a0Optimice la log\u00edstica y los procesos automotrices mediante el seguimiento eficaz del inventario, los veh\u00edculos y las piezas.<\/li>\n<li><strong>Eficiencia de producci\u00f3n:<\/strong>\u00a0Optimice los procesos de fabricaci\u00f3n y supervise la productividad de los trabajadores para mejorar la eficiencia.<\/li>\n<li><strong>Gesti\u00f3n de recursos y seguridad:<\/strong>\u00a0Permita el seguimiento confiable de equipos y recursos en entornos exigentes como el petr\u00f3leo y el gas y la miner\u00eda, al mismo tiempo que mejora la seguridad de los trabajadores.<\/li>\n<\/ul>\n<p><strong>Beneficios:<\/strong><\/p>\n<ul>\n<li><strong>Datos precisos y en tiempo real:<\/strong>\u00a0Obtenga informaci\u00f3n inmediata sobre las operaciones, lo que facilita una mejor toma de decisiones.<\/li>\n<li><strong>Control de inventario mejorado:<\/strong>\u00a0Minimice las p\u00e9rdidas y el desperdicio manteniendo una visibilidad integral de los activos.<\/li>\n<li><strong>Operaciones optimizadas:<\/strong>\u00a0Optimice los flujos de trabajo y minimice el tiempo de inactividad para mejorar la eficiencia.<\/li>\n<li><strong>Mayor seguridad:<\/strong>\u00a0Identificar riesgos potenciales y proteger a los trabajadores en entornos exigentes.<\/li>\n<\/ul>","protected":false},"excerpt":{"rendered":"<p>La etiqueta RFID ABS es una etiqueta RFID UHF pasiva de largo alcance capaz de leerse sobre, fuera y cerca de superficies met\u00e1licas. Dise\u00f1ada en un formato peque\u00f1o, cuenta con una encapsulaci\u00f3n duradera y herm\u00e9tica para uso a largo plazo en entornos industriales y al aire libre.<\/p>","protected":false},"featured_media":300,"template":"","meta":{"_kad_post_transparent":"default","_kad_post_title":"","_kad_post_layout":"default","_kad_post_sidebar_id":"","_kad_post_content_style":"default","_kad_post_vertical_padding":"default","_kad_post_feature":"","_kad_post_feature_position":"","_kad_post_header":false,"_kad_post_footer":false,"_kad_post_classname":""},"product_brand":[],"product_cat":[54],"product_tag":[122,121],"class_list":{"0":"post-299","1":"product","2":"type-product","3":"status-publish","4":"has-post-thumbnail","6":"product_cat-hot-selling-rfid-tags","7":"product_tag-on-metal-rfid-tags","8":"product_tag-uhf-industrial-on-metal-rfid-tags","10":"first","11":"instock","12":"shipping-taxable","13":"product-type-simple","14":"entry","15":"content-bg","16":"loop-entry"},"_links":{"self":[{"href":"https:\/\/rfid-laundry-tag.com\/es\/wp-json\/wp\/v2\/product\/299","targetHints":{"allow":["GET"]}}],"collection":[{"href":"https:\/\/rfid-laundry-tag.com\/es\/wp-json\/wp\/v2\/product"}],"about":[{"href":"https:\/\/rfid-laundry-tag.com\/es\/wp-json\/wp\/v2\/types\/product"}],"version-history":[{"count":0,"href":"https:\/\/rfid-laundry-tag.com\/es\/wp-json\/wp\/v2\/product\/299\/revisions"}],"wp:featuredmedia":[{"embeddable":true,"href":"https:\/\/rfid-laundry-tag.com\/es\/wp-json\/wp\/v2\/media\/300"}],"wp:attachment":[{"href":"https:\/\/rfid-laundry-tag.com\/es\/wp-json\/wp\/v2\/media?parent=299"}],"wp:term":[{"taxonomy":"product_brand","embeddable":true,"href":"https:\/\/rfid-laundry-tag.com\/es\/wp-json\/wp\/v2\/product_brand?post=299"},{"taxonomy":"product_cat","embeddable":true,"href":"https:\/\/rfid-laundry-tag.com\/es\/wp-json\/wp\/v2\/product_cat?post=299"},{"taxonomy":"product_tag","embeddable":true,"href":"https:\/\/rfid-laundry-tag.com\/es\/wp-json\/wp\/v2\/product_tag?post=299"}],"curies":[{"name":"wp","href":"https:\/\/api.w.org\/{rel}","templated":true}]}}