{"id":2961,"date":"2025-11-22T13:55:10","date_gmt":"2025-11-22T13:55:10","guid":{"rendered":"https:\/\/rfid-laundry-tag.com\/?post_type=product&#038;p=2961"},"modified":"2025-11-22T13:55:11","modified_gmt":"2025-11-22T13:55:11","slug":"laundry-rfid-tags-top-5-manufacturer","status":"publish","type":"product","link":"https:\/\/rfid-laundry-tag.com\/es\/laundry-rfid-tags-top-5-manufacturer\/","title":{"rendered":"Etiquetas RFID para lavander\u00eda: TOP 5 fabricantes"},"content":{"rendered":"<p><a href=\"https:\/\/rfid-laundry-tag.com\/es\/uhf-rfid-laundry-tags\/\"><strong>Etiquetas RFID para lavander\u00eda<\/strong><\/a>\u00a0Representan una soluci\u00f3n de vanguardia para el seguimiento y la gesti\u00f3n de activos textiles durante todo su ciclo de vida. Estos transpondedores RFID, duraderos y flexibles, est\u00e1n fabricados con tela resistente al calor, la presi\u00f3n y el estiramiento, lo que los hace ideales para la monitorizaci\u00f3n de art\u00edculos como ropa de trabajo, uniformes y ropa de cama. Equipados con un identificador \u00fanico, estos transpondedores RFID para ropa de cama facilitan la gesti\u00f3n de la lavander\u00eda sin contacto y mejoran la transparencia digital. Al integrarse con los sistemas de gesti\u00f3n de TI, la tecnolog\u00eda RFID permite un seguimiento continuo de los textiles desde la recogida de la suciedad hasta el lavado y la distribuci\u00f3n.<\/p>\n<table class=\"has-title is-zebra hight-light-first-column all magic-19\">\n<tbody>\n<tr>\n<td colspan=\"1\" rowspan=\"1\">\n<div class=\"magic-20\"><strong><span class=\"magic-21\">Art\u00edculo<\/span><\/strong><\/div>\n<\/td>\n<td colspan=\"1\" rowspan=\"1\">\n<div class=\"magic-22\">\u00a0Etiquetas RFID para lavander\u00eda<\/div>\n<\/td>\n<\/tr>\n<tr>\n<td colspan=\"1\" rowspan=\"1\">\n<div class=\"magic-20\"><span class=\"magic-21\">Tama\u00f1o<\/span><\/div>\n<\/td>\n<td colspan=\"1\" rowspan=\"1\">\n<div class=\"magic-22\"><span class=\"magic-21\">55 x 12 mm, 70 x 15 mm, 87 x 17 mm<\/span><\/div>\n<\/td>\n<\/tr>\n<tr>\n<td colspan=\"1\" rowspan=\"1\">\n<div class=\"magic-20\"><span class=\"magic-21\">Frecuencia de funcionamiento<\/span><\/div>\n<\/td>\n<td colspan=\"1\" rowspan=\"1\">\n<div class=\"magic-22\"><span class=\"magic-21\" data-spm-anchor-id=\"a2700.details.0.i69.56bf53e8OmNXev\">865-928 MHz<\/span><\/div>\n<\/td>\n<\/tr>\n<tr>\n<td colspan=\"1\" rowspan=\"1\">\n<div class=\"magic-20\"><span class=\"magic-21\">Material de la etiqueta<\/span><\/div>\n<\/td>\n<td colspan=\"1\" rowspan=\"1\">\n<div class=\"magic-22\"><span class=\"magic-21\">Poli\u00e9ster\u00a0<\/span><\/div>\n<\/td>\n<\/tr>\n<tr>\n<td colspan=\"1\" rowspan=\"1\">\n<div class=\"magic-20\"><span class=\"magic-21\">Papas fritas<\/span><\/div>\n<\/td>\n<td colspan=\"1\" rowspan=\"1\">\n<div class=\"magic-22\"><span class=\"magic-21\">U8, U9, etc<\/span><\/div>\n<\/td>\n<\/tr>\n<tr>\n<td colspan=\"1\" rowspan=\"1\">\n<div class=\"magic-20\"><span class=\"magic-21\">Garant\u00eda de etiqueta<\/span><\/div>\n<\/td>\n<td colspan=\"1\" rowspan=\"1\">\n<div class=\"magic-22\"><span class=\"magic-21\">Primero de 200 o 300 ciclos de lavado o 3 a\u00f1os a partir de la fecha de env\u00edo<\/span><\/div>\n<\/td>\n<\/tr>\n<tr>\n<td colspan=\"1\" rowspan=\"1\">\n<div class=\"magic-20\"><span class=\"magic-21\">Leer distancia<\/span><\/div>\n<\/td>\n<td colspan=\"1\" rowspan=\"1\">\n<div class=\"magic-22\"><span class=\"magic-21\">Hasta 8 metros (hasta 9 pies), debes probarlo con tu lector<\/span><\/div>\n<\/td>\n<\/tr>\n<tr>\n<td colspan=\"1\" rowspan=\"1\">\n<div class=\"magic-20\"><span class=\"magic-21\">Temperatura de almacenamiento<\/span><\/div>\n<\/td>\n<td colspan=\"1\" rowspan=\"1\">\n<div class=\"magic-22\"><span class=\"magic-21\">-40 \u2103 a +120 \u2103 (-40 \u2109 a +248 \u2109)<\/span><\/div>\n<\/td>\n<\/tr>\n<tr>\n<td colspan=\"1\" rowspan=\"1\">\n<div class=\"magic-20\"><span class=\"magic-21\">planchador<\/span><\/div>\n<\/td>\n<td colspan=\"1\" rowspan=\"1\">\n<div class=\"magic-22\"><span class=\"magic-21\">+195\u2103(+383 F ) 30 segundos &lt;18 bares<\/span><\/div>\n<\/td>\n<\/tr>\n<tr>\n<td colspan=\"1\" rowspan=\"1\">\n<div class=\"magic-20\"><span class=\"magic-21\">Extractor de agua<\/span><\/div>\n<\/td>\n<td colspan=\"1\" rowspan=\"1\">\n<div class=\"magic-22\"><span class=\"magic-21\">60 barras, 80 segundos<\/span><\/div>\n<\/td>\n<\/tr>\n<tr>\n<td colspan=\"1\" rowspan=\"1\">\n<div class=\"magic-20\"><span class=\"magic-21\">Autoclave<\/span><\/div>\n<\/td>\n<td colspan=\"1\" rowspan=\"1\">\n<div class=\"magic-22\"><span class=\"magic-21\">Extracci\u00f3n de aire: +100 \u00b0C (+212 \u00b0F), 5 minutos, 0,1 bar,<\/span><\/div>\n<\/td>\n<\/tr>\n<tr>\n<td colspan=\"1\" rowspan=\"1\">\n<div class=\"magic-20\"><span class=\"magic-21\">El secado<\/span><\/div>\n<\/td>\n<td colspan=\"1\" rowspan=\"1\">\n<div class=\"magic-22\"><span class=\"magic-21\">+45\u2103(+113\u2109),15 minutos,0,2 bar<\/span><\/div>\n<\/td>\n<\/tr>\n<tr>\n<td colspan=\"1\" rowspan=\"1\">\n<div class=\"magic-20\"><span class=\"magic-21\">Resistencia qu\u00edmica<\/span><\/div>\n<\/td>\n<td colspan=\"1\" rowspan=\"1\">\n<div class=\"magic-22\" data-spm-anchor-id=\"a2700.details.0.i68.56bf53e8OmNXev\"><span class=\"magic-21\">Todos los productos qu\u00edmicos comunes al proceso de lavado.<\/span><\/div>\n<\/td>\n<\/tr>\n<\/tbody>\n<\/table>\n<div>\n<figure id=\"attachment_2928\" class=\"wp-caption alignnone\" aria-describedby=\"caption-attachment-2928\"><a href=\"https:\/\/rfid-laundry-tag.com\/es\/uhf-rfid-laundry-tags\/\"><img fetchpriority=\"high\" decoding=\"async\" class=\"size-full wp-image-2928\" title=\"Etiquetas RFID para lavander\u00eda TOP 5 Fabricante 4\" src=\"https:\/\/www.rfidtaglaundry.com\/wp-content\/uploads\/2024\/11\/6_H39416607c5cf4905b542e69b55e844a5b.jpg\" sizes=\"(max-width: 800px) 100vw, 800px\" srcset=\"https:\/\/www.rfidtaglaundry.com\/wp-content\/uploads\/2024\/11\/6_H39416607c5cf4905b542e69b55e844a5b.jpg 800w, https:\/\/www.rfidtaglaundry.com\/wp-content\/uploads\/2024\/11\/6_H39416607c5cf4905b542e69b55e844a5b-300x300.jpg 300w, https:\/\/www.rfidtaglaundry.com\/wp-content\/uploads\/2024\/11\/6_H39416607c5cf4905b542e69b55e844a5b-150x150.jpg 150w, https:\/\/www.rfidtaglaundry.com\/wp-content\/uploads\/2024\/11\/6_H39416607c5cf4905b542e69b55e844a5b-768x768.jpg 768w, https:\/\/www.rfidtaglaundry.com\/wp-content\/uploads\/2024\/11\/6_H39416607c5cf4905b542e69b55e844a5b-12x12.jpg 12w, https:\/\/www.rfidtaglaundry.com\/wp-content\/uploads\/2024\/11\/6_H39416607c5cf4905b542e69b55e844a5b-600x600.jpg 600w, https:\/\/www.rfidtaglaundry.com\/wp-content\/uploads\/2024\/11\/6_H39416607c5cf4905b542e69b55e844a5b-100x100.jpg 100w\" alt=\"Laundry RFID Tags\" width=\"800\" height=\"800\" \/><\/a><figcaption id=\"caption-attachment-2928\" class=\"wp-caption-text\">Etiquetas RFID para lavander\u00eda<\/figcaption><\/figure>\n<\/div>\n<div>\n<h3>Preguntas frecuentes sobre etiquetas RFID para lavander\u00eda<\/h3>\n<p><strong>P1: \u00bfQu\u00e9 problemas abordan las etiquetas RFID para lavander\u00eda durante el proceso de lavado?<\/strong><br \/>\n<strong>A1:<\/strong>\u00a0Un problema importante es que las etiquetas se da\u00f1an f\u00e1cilmente, lo que provoca la p\u00e9rdida de datos. Nuestra soluci\u00f3n utiliza poli\u00e9ster de grado industrial y tecnolog\u00eda de curado a alta temperatura, lo que permite que las etiquetas resistan el planchado a 195 \u00b0C y una presi\u00f3n de agua de 60 bares, ideal para la esterilizaci\u00f3n de ropa de cama de hotel. Nuestro exclusivo revestimiento resistente a productos qu\u00edmicos protege contra la lej\u00eda y los detergentes alcalinos fuertes, garantizando un rendimiento sin da\u00f1os en el chip U8 tras m\u00e1s de 300 lavados, con el respaldo de 15 a\u00f1os de experiencia.<\/p>\n<p><strong>P2: \u00bfC\u00f3mo mejoran sus etiquetas la eficiencia de clasificaci\u00f3n?<\/strong><br \/>\n<strong>A2:<\/strong>\u00a0Las etiquetas tradicionales suelen tener distancias de lectura cortas, lo que puede dificultar la clasificaci\u00f3n. Nuestra tecnolog\u00eda RFID ofrece un impresionante alcance de lectura de 9 metros, en comparaci\u00f3n con el promedio de la industria de 5 metros. Junto con antenas direccionales, esto optimiza el escaneo por lotes en las cintas transportadoras de lavander\u00eda, mejorando la eficiencia de clasificaci\u00f3n en 60%. Nuestras etiquetas tambi\u00e9n admiten un rango de frecuencia completo de 865-928 MHz y son compatibles con los principales dispositivos RFID a nivel mundial.<\/p>\n<p><strong>P3: \u00bfC\u00f3mo reducen sus etiquetas los costos operativos?<\/strong><br \/>\n<strong>A3:<\/strong>\u00a0Los frecuentes reemplazos de etiquetas incrementan los costos operativos. Ofrecemos una innovadora garant\u00eda dual de 3 a\u00f1os o 300 lavados, que reduce los costos del ciclo de vida en un 42% en comparaci\u00f3n con las etiquetas est\u00e1ndar. Nuestro dise\u00f1o modular de chip permite actualizaciones sin problemas de las versiones U8 a U9, evitando la necesidad de reemplazos completos de etiquetas debido a cambios de equipo. Nuestras etiquetas han sido certificadas mediante 2000 pruebas de lavado industrial, lo que las hace ideales para negocios de alquiler de ropa blanca con alta rotaci\u00f3n de personal.<\/p>\n<p><strong>Ventaja de f\u00e1brica:<\/strong>\u00a0Como uno de los 5 principales fabricantes mundiales de etiquetas RFID para lavander\u00eda, con 15 a\u00f1os de experiencia en tecnolog\u00eda de radiofrecuencia, ofrecemos soluciones integrales, desde el empaquetado de chips hasta la realizaci\u00f3n de pruebas. Hemos entregado m\u00e1s de 200 millones de etiquetas especializadas para lavander\u00eda a clientes como Hilton y Mayo Clinic, con el apoyo de un equipo profesional para un desarrollo personalizado.<\/p>\n<\/div>\n<div class=\"auto-hide-last-sibling-br paragraph_1252f paragraph-element\">\n<p>&nbsp;<\/p>\n<h2>Datos variables para etiquetas RFID de lavander\u00eda<\/h2>\n<p>Cada<a href=\"https:\/\/rfid-laundry-tag.com\/es\/uhf-rfid-laundry-tags\/\">\u00a0Etiqueta RFID para lavander\u00eda<\/a>\u00a0Est\u00e1 equipado con datos variables, incluidos:<\/p>\n<ul>\n<li><strong>Informaci\u00f3n impresa con l\u00e1ser<\/strong>:Esto incluye c\u00f3digos EPC, c\u00f3digos de barras 1D y 2D, c\u00f3digos QR y logotipos.<\/li>\n<li><strong>Programaci\u00f3n de datos de chips RFID<\/strong>:Las etiquetas se pueden programar con codificaci\u00f3n EPC y bloquear con una contrase\u00f1a de acceso.<\/li>\n<li><strong>Pruebas exhaustivas<\/strong>:Todos los datos, incluida la codificaci\u00f3n EPC y TID, se prueban mediante 100% para garantizar una coincidencia precisa para cada etiqueta espec\u00edfica.<\/li>\n<\/ul>\n<h2>M\u00e9todos de instalaci\u00f3n<\/h2>\n<ul>\n<li><strong>Etiquetado de puntadas<\/strong>:Ideal para coser en el dobladillo de los textiles, asegurando que las etiquetas se coloquen lejos de las l\u00edneas de pliegue para una durabilidad \u00f3ptima.<\/li>\n<li><strong>Termosellado<\/strong>Las etiquetas se pueden sellar t\u00e9rmicamente directamente sobre textiles a +200 \u00b0C (392 \u00b0F) durante 12 a 14 segundos.<\/li>\n<li><strong>En bolsa<\/strong>:Similares a las etiquetas de cuidado est\u00e1ndar, estas etiquetas se pueden coser en una bolsa, manteni\u00e9ndolas seguras y de f\u00e1cil acceso.<\/li>\n<\/ul>\n<h2>Aplicaciones de las etiquetas RFID para lavander\u00eda<\/h2>\n<p>Las etiquetas RFID para lavander\u00eda son vers\u00e1tiles y se pueden utilizar en diversas industrias para rastrear activos textiles, entre ellos:<\/p>\n<ul>\n<li><strong>Cuidado de la salud<\/strong>:Monitoreo de manteler\u00eda, uniformes, mascarillas y trapeadores.<\/li>\n<li><strong>Hospitalidad<\/strong>:Gesti\u00f3n de ropa de cama y uniformes para hoteles y restaurantes.<\/li>\n<li><strong>Ropa de moda<\/strong>:Mejora la gesti\u00f3n y el seguimiento del inventario de ropa y accesorios.<\/li>\n<\/ul>\n<p>A medida que la industria de la moda y la confecci\u00f3n evoluciona, crece la demanda de soluciones tecnol\u00f3gicas avanzadas. La tecnolog\u00eda RFID se ha convertido en una herramienta vital para mejorar la eficiencia operativa, optimizar la experiencia del cliente y apoyar iniciativas de sostenibilidad. La implementaci\u00f3n de...\u00a0<strong>Etiquetas RFID para lavander\u00eda<\/strong>\u00a0La gesti\u00f3n de prendas de vestir y textiles ha transformado la forma en que las organizaciones supervisan sus operaciones de lavander\u00eda, lo que permite el seguimiento en tiempo real, una mejor gesti\u00f3n del inventario, una mayor visibilidad de la cadena de suministro y una mayor sostenibilidad.<\/p>\n<p>Al adoptar estas soluciones innovadoras, las empresas pueden optimizar sus procesos y satisfacer las crecientes demandas de un mercado din\u00e1mico.<\/p>\n<\/div>","protected":false},"excerpt":{"rendered":"<p>Como uno de los principales fabricantes mundiales de etiquetas RFID, nos especializamos en <strong>Etiquetas RFID para lavander\u00eda<\/strong>, brindando soluciones personalizadas respaldadas por 15 a\u00f1os de experiencia y m\u00e1s de 200 millones de etiquetas entregadas.<\/p>","protected":false},"featured_media":2964,"template":"","meta":{"_kad_post_transparent":"default","_kad_post_title":"","_kad_post_layout":"default","_kad_post_sidebar_id":"","_kad_post_content_style":"default","_kad_post_vertical_padding":"default","_kad_post_feature":"","_kad_post_feature_position":"","_kad_post_header":false,"_kad_post_footer":false,"_kad_post_classname":""},"product_brand":[],"product_cat":[16,19],"product_tag":[24,367,342,339,65,30],"class_list":{"0":"post-2961","1":"product","2":"type-product","3":"status-publish","4":"has-post-thumbnail","6":"product_cat-uhf-rfid-laundry-tags","7":"product_cat-textile-rfid-laundry-tag","8":"product_tag-laundry-rfid-tags","9":"product_tag-laundry-rfid-tags-top-5-manufacturer","10":"product_tag-rfid-laundry-tags","11":"product_tag-rfid-washable-tags","12":"product_tag-textile-rfid-laundry-tags","13":"product_tag-uhf-rfid-laundry-tag","15":"first","16":"instock","17":"featured","18":"shipping-taxable","19":"product-type-simple","20":"entry","21":"content-bg","22":"loop-entry"},"_links":{"self":[{"href":"https:\/\/rfid-laundry-tag.com\/es\/wp-json\/wp\/v2\/product\/2961","targetHints":{"allow":["GET"]}}],"collection":[{"href":"https:\/\/rfid-laundry-tag.com\/es\/wp-json\/wp\/v2\/product"}],"about":[{"href":"https:\/\/rfid-laundry-tag.com\/es\/wp-json\/wp\/v2\/types\/product"}],"version-history":[{"count":1,"href":"https:\/\/rfid-laundry-tag.com\/es\/wp-json\/wp\/v2\/product\/2961\/revisions"}],"predecessor-version":[{"id":2966,"href":"https:\/\/rfid-laundry-tag.com\/es\/wp-json\/wp\/v2\/product\/2961\/revisions\/2966"}],"wp:featuredmedia":[{"embeddable":true,"href":"https:\/\/rfid-laundry-tag.com\/es\/wp-json\/wp\/v2\/media\/2964"}],"wp:attachment":[{"href":"https:\/\/rfid-laundry-tag.com\/es\/wp-json\/wp\/v2\/media?parent=2961"}],"wp:term":[{"taxonomy":"product_brand","embeddable":true,"href":"https:\/\/rfid-laundry-tag.com\/es\/wp-json\/wp\/v2\/product_brand?post=2961"},{"taxonomy":"product_cat","embeddable":true,"href":"https:\/\/rfid-laundry-tag.com\/es\/wp-json\/wp\/v2\/product_cat?post=2961"},{"taxonomy":"product_tag","embeddable":true,"href":"https:\/\/rfid-laundry-tag.com\/es\/wp-json\/wp\/v2\/product_tag?post=2961"}],"curies":[{"name":"wp","href":"https:\/\/api.w.org\/{rel}","templated":true}]}}