{"id":296,"date":"2024-06-26T15:26:44","date_gmt":"2024-06-26T15:26:44","guid":{"rendered":"https:\/\/rfid-laundry-tag.com\/?post_type=product&#038;p=296"},"modified":"2024-08-14T16:29:49","modified_gmt":"2024-08-14T16:29:49","slug":"on-metal-abs-uhf-rfid-tag","status":"publish","type":"product","link":"https:\/\/rfid-laundry-tag.com\/es\/on-metal-abs-uhf-rfid-tag\/","title":{"rendered":"Etiqueta RFID UHF ABS de metal"},"content":{"rendered":"<p><b class=\"magic-15\"><span class=\"magic-16\" data-spm-anchor-id=\"a2700.details.0.i71.6b4c1284vyugjJ\">Las personalizaciones disponibles son las siguientes:<\/span><\/b> * Impresi\u00f3n: impresi\u00f3n monocroma o 4 colores en offset, a partir de un layout gr\u00e1fico proporcionado por el cliente en formato vectorial. Impresi\u00f3n de c\u00f3digo EPC, c\u00f3digo serial progresivo desde base de datos o no, o archivo .xls; impresi\u00f3n de c\u00f3digos de barras, QRCode. Otras opciones de personalizaci\u00f3n est\u00e1n disponibles bajo demanda. * Codificaci\u00f3n de memoria de chip: Codificaci\u00f3n de c\u00f3digo EPC de transpondedores RFID UHF, escritura en memoria de tag UHF, tambi\u00e9n desde base de datos proporcionada por el cliente. El contenido puede ser, temporal o permanentemente, bloqueado mediante contrase\u00f1a. Asociaci\u00f3n de c\u00f3digo EPC y c\u00f3digo TID en base de datos. Asociaci\u00f3n de c\u00f3digo TID y progresivo\/c\u00f3digo de barras.<\/p>\n<p><img fetchpriority=\"high\" decoding=\"async\" class=\"alignnone wp-image-297\" src=\"https:\/\/rfid-laundry-tag.com\/wp-content\/uploads\/2024\/06\/on-metal-UHF-tag-235x300.png\" alt=\"\" width=\"486\" height=\"621\" srcset=\"https:\/\/rfid-laundry-tag.com\/wp-content\/uploads\/2024\/06\/on-metal-UHF-tag-235x300.png 235w, https:\/\/rfid-laundry-tag.com\/wp-content\/uploads\/2024\/06\/on-metal-UHF-tag-9x12.png 9w\" sizes=\"(max-width: 486px) 100vw, 486px\" \/><\/p>\n<table class=\"has-title all magic-4\">\n<tbody>\n<tr>\n<td colspan=\"1\" rowspan=\"1\">\n<div class=\"magic-5\" data-spm-anchor-id=\"a2700.details.0.i72.6b4c1284vyugjJ\">Material<\/div>\n<\/td>\n<td colspan=\"1\" rowspan=\"1\">\n<div class=\"magic-6\">abdominales<\/div>\n<\/td>\n<\/tr>\n<tr>\n<td colspan=\"1\" rowspan=\"1\">\n<div class=\"magic-5\">Tama\u00f1o<\/div>\n<\/td>\n<td colspan=\"1\" rowspan=\"1\">\n<div class=\"magic-6\">78x31x10mm o personalizado<\/div>\n<\/td>\n<\/tr>\n<tr>\n<td colspan=\"1\" rowspan=\"1\">\n<div class=\"magic-5\">Frecuencia<\/div>\n<\/td>\n<td colspan=\"1\" rowspan=\"1\">\n<div class=\"magic-6\">860-960 mhz<\/div>\n<\/td>\n<\/tr>\n<tr>\n<td colspan=\"1\" rowspan=\"1\">\n<div class=\"magic-5\">Tipo de circuito integrado (chip)<\/div>\n<\/td>\n<td colspan=\"1\" rowspan=\"1\">\n<div class=\"magic-6\">Impinj Monza R6P<\/div>\n<\/td>\n<\/tr>\n<tr>\n<td colspan=\"1\" rowspan=\"1\">\n<div class=\"magic-5\">Protocolo<\/div>\n<\/td>\n<td colspan=\"1\" rowspan=\"1\">\n<div class=\"magic-6\">EPC Global Clase 1 Gen2 e ISO18000-6C<\/div>\n<\/td>\n<\/tr>\n<tr>\n<td colspan=\"1\" rowspan=\"1\">\n<div class=\"magic-7\">Memoria<\/div>\n<\/td>\n<td colspan=\"1\" rowspan=\"1\">\n<div class=\"magic-6\">EPC 128 bits, Usuario 32 bits<\/div>\n<\/td>\n<\/tr>\n<tr>\n<td colspan=\"1\" rowspan=\"1\">\n<div class=\"magic-5\">Factor de forma de etiqueta<\/div>\n<\/td>\n<td colspan=\"1\" rowspan=\"1\">\n<div class=\"magic-6\">Etiqueta dura<\/div>\n<\/td>\n<\/tr>\n<tr>\n<td colspan=\"1\" rowspan=\"1\">\n<div class=\"magic-5\">M\u00e9todo de fijaci\u00f3n<\/div>\n<\/td>\n<td colspan=\"1\" rowspan=\"1\">\n<div class=\"magic-6\" data-spm-anchor-id=\"a2700.details.0.i73.6b4c1284vyugjJ\">Fijaci\u00f3n con tornillos, adhesivo de pel\u00edcula<\/div>\n<\/td>\n<\/tr>\n<tr>\n<td colspan=\"1\" rowspan=\"1\">\n<div class=\"magic-5\">Temperatura de funcionamiento<\/div>\n<\/td>\n<td colspan=\"1\" rowspan=\"1\">\n<div class=\"magic-6\">-35 \u00b0C \/ +90 \u00b0C<\/div>\n<\/td>\n<\/tr>\n<tr>\n<td colspan=\"1\" rowspan=\"1\">\n<div class=\"magic-5\">Leer distancia<\/div>\n<\/td>\n<td colspan=\"1\" rowspan=\"1\">\n<div class=\"magic-6\" data-spm-anchor-id=\"a2700.details.0.i67.6b4c1284vyugjJ\">Hasta 10m<\/div>\n<\/td>\n<\/tr>\n<tr>\n<td colspan=\"1\" rowspan=\"1\">\n<div class=\"magic-8\">Materiales de superficie aplicables<\/div>\n<\/td>\n<td colspan=\"1\" rowspan=\"1\">\n<div class=\"magic-6\">Sustratos met\u00e1licos y no met\u00e1licos<\/div>\n<\/td>\n<\/tr>\n<tr>\n<td colspan=\"1\" rowspan=\"1\">\n<div class=\"magic-7\">Clasificaci\u00f3n del IP<\/div>\n<\/td>\n<td colspan=\"1\" rowspan=\"1\">\n<div class=\"magic-6\">IP68<\/div>\n<\/td>\n<\/tr>\n<tr>\n<td colspan=\"1\" rowspan=\"1\">\n<div class=\"magic-7\">Solicitud<\/div>\n<\/td>\n<td colspan=\"1\" rowspan=\"1\">\n<div class=\"magic-6\">Para activos, industria pesada y uso exterior.<\/div>\n<\/td>\n<\/tr>\n<\/tbody>\n<\/table>\n<p>&nbsp;<\/p>\n<ul>\n<li><strong>Codificaci\u00f3n de memoria de chip:<\/strong>\n<ul>\n<li><strong>Codificaci\u00f3n del c\u00f3digo EPC:<\/strong>\u00a0Admite la codificaci\u00f3n de c\u00f3digos EPC para transpondedores UHF.<\/li>\n<li><strong>Escritura de memoria de etiqueta UHF:<\/strong>\u00a0Permite escribir datos en la memoria de la etiqueta UHF, incluidos datos de una base de datos proporcionada por el cliente.<\/li>\n<li><strong>Datos protegidos con contrase\u00f1a:<\/strong>\u00a0Los datos pueden bloquearse temporal o permanentemente mediante una contrase\u00f1a.<\/li>\n<li><strong>Asociaci\u00f3n de base de datos:<\/strong>\u00a0Admite la asociaci\u00f3n de c\u00f3digos EPC y c\u00f3digos TID en bases de datos, as\u00ed como la asociaci\u00f3n de c\u00f3digos TID y c\u00f3digos progresivos\/c\u00f3digos de barras.<\/li>\n<\/ul>\n<\/li>\n<\/ul>\n<p><strong>F\u00f3rmulas:<\/strong><\/p>\n<ul>\n<li><strong>C\u00f3digo EPC:<\/strong>\u00a0<span class=\"math math-inline\"><span class=\"katex\"><span class=\"katex-mathml\">\ud835\udc38\ud835\udc43\ud835\udc36={\ud835\udc48\ud835\udc3c\ud835\udc37,\ud835\udc34\ud835\udc5d\ud835\udc5d\ud835\udc59\ud835\udc56\ud835\udc50\ud835\udc4e\ud835\udc51\ud835\udc5c\ud835\udc5b\ud835\udc4e\ud835\udc60}<\/span><span class=\"katex-html\" aria-hidden=\"true\"><span class=\"base\"><span class=\"mord mathnormal\">CEP<\/span><span class=\"mrel\">=<\/span><\/span><span class=\"base\"><span class=\"mopen\">{<\/span><span class=\"mord mathnormal\">t\u00fa<\/span><span class=\"mord mathnormal\">I<\/span><span class=\"mord mathnormal\">D<\/span><span class=\"mpunct\">,<\/span><span class=\"mord mathnormal\">A<\/span><span class=\"mord mathnormal\">gente<\/span><span class=\"mord mathnormal\">i<\/span><span class=\"mord mathnormal\">do<\/span><span class=\"mord mathnormal\">a<\/span><span class=\"mord mathnormal\">a<\/span><span class=\"mord mathnormal\">i<\/span><span class=\"mord mathnormal\">o<\/span><span class=\"mord mathnormal\">norte<\/span><span class=\"mord mathnormal\">D<\/span><span class=\"mord mathnormal\">a<\/span><span class=\"mord mathnormal\">a<\/span><span class=\"mord mathnormal\">a<\/span><span class=\"mclose\">}<\/span><\/span><\/span><\/span><\/span><\/li>\n<li><strong>C\u00f3digo TID:<\/strong>\u00a0<span class=\"math math-inline\"><span class=\"katex\"><span class=\"katex-mathml\">\ud835\udc47\ud835\udc3c\ud835\udc37={\ud835\udc47\ud835\udc4e\ud835\udc54\ud835\udc3c\ud835\udc37,\ud835\udc40\ud835\udc4e\ud835\udc5b\ud835\udc62\ud835\udc53\ud835\udc4e\ud835\udc50\ud835\udc56\ud835\udc5c\ud835\udc5b\ud835\udc4e\ud835\udc5b\ud835\udc61\ud835\udc5c}<\/span><span class=\"katex-html\" aria-hidden=\"true\"><span class=\"base\"><span class=\"mord mathnormal\">yo<\/span><span class=\"mord mathnormal\">I<\/span><span class=\"mord mathnormal\">D<\/span><span class=\"mrel\">=<\/span><\/span><span class=\"base\"><span class=\"mopen\">{<\/span><span class=\"mord mathnormal\">yo<\/span><span class=\"mord mathnormal\">a<\/span><span class=\"mord mathnormal\">gramo<\/span><span class=\"mord mathnormal\">I<\/span><span class=\"mord mathnormal\">D<\/span><span class=\"mpunct\">,<\/span><span class=\"mord mathnormal\">METRO<\/span><span class=\"mord mathnormal\">un<\/span><span class=\"mord mathnormal\">t\u00fa<\/span><span class=\"mord mathnormal\">F<\/span><span class=\"mord mathnormal\">a<\/span><span class=\"mord mathnormal\">do<\/span><span class=\"mord mathnormal\">a<\/span><span class=\"mord mathnormal\">t\u00fa<\/span><span class=\"mord mathnormal\">rerD<\/span><span class=\"mord mathnormal\">a<\/span><span class=\"mord mathnormal\">a<\/span><span class=\"mord mathnormal\">a<\/span><span class=\"mclose\">}<\/span><\/span><\/span><\/span><\/span><\/li>\n<\/ul>\n<p><strong>D\u00f3nde:<\/strong><\/p>\n<ul>\n<li><strong>Identificador \u00fanico:<\/strong>\u00a0Identificador \u00fanico<\/li>\n<li><strong>Datos de la aplicaci\u00f3n:<\/strong>\u00a0Datos espec\u00edficos de la aplicaci\u00f3n<\/li>\n<li><strong>Identificaci\u00f3n de etiqueta:<\/strong>\u00a0Identificaci\u00f3n de etiqueta \u00fanica<\/li>\n<li><strong>Datos del fabricante:<\/strong>\u00a0Datos facilitados por el fabricante<\/li>\n<\/ul>\n<p><strong>Conclusi\u00f3n:<\/strong><\/p>\n<p>La etiqueta RFID ABS es una soluci\u00f3n vers\u00e1til y personalizable para diversas aplicaciones, que ofrece una combinaci\u00f3n de rendimiento s\u00f3lido y opciones flexibles para satisfacer necesidades espec\u00edficas.<\/p>","protected":false},"excerpt":{"rendered":"<p>La etiqueta RFID UHF ABS de On Metal es una etiqueta RFID UHF pasiva, potente y de largo alcance, dise\u00f1ada para destacarse en entornos exigentes.<\/p>","protected":false},"featured_media":298,"template":"","meta":{"_kad_post_transparent":"default","_kad_post_title":"","_kad_post_layout":"default","_kad_post_sidebar_id":"","_kad_post_content_style":"default","_kad_post_vertical_padding":"default","_kad_post_feature":"","_kad_post_feature_position":"","_kad_post_header":false,"_kad_post_footer":false,"_kad_post_classname":""},"product_brand":[],"product_cat":[54],"product_tag":[120,119],"class_list":{"0":"post-296","1":"product","2":"type-product","3":"status-publish","4":"has-post-thumbnail","6":"product_cat-hot-selling-rfid-tags","7":"product_tag-on-metal-abs-rfid-tag","8":"product_tag-on-metal-abs-uhf-rfid-tag","10":"first","11":"instock","12":"shipping-taxable","13":"product-type-simple","14":"entry","15":"content-bg","16":"loop-entry"},"_links":{"self":[{"href":"https:\/\/rfid-laundry-tag.com\/es\/wp-json\/wp\/v2\/product\/296","targetHints":{"allow":["GET"]}}],"collection":[{"href":"https:\/\/rfid-laundry-tag.com\/es\/wp-json\/wp\/v2\/product"}],"about":[{"href":"https:\/\/rfid-laundry-tag.com\/es\/wp-json\/wp\/v2\/types\/product"}],"version-history":[{"count":1,"href":"https:\/\/rfid-laundry-tag.com\/es\/wp-json\/wp\/v2\/product\/296\/revisions"}],"predecessor-version":[{"id":1322,"href":"https:\/\/rfid-laundry-tag.com\/es\/wp-json\/wp\/v2\/product\/296\/revisions\/1322"}],"wp:featuredmedia":[{"embeddable":true,"href":"https:\/\/rfid-laundry-tag.com\/es\/wp-json\/wp\/v2\/media\/298"}],"wp:attachment":[{"href":"https:\/\/rfid-laundry-tag.com\/es\/wp-json\/wp\/v2\/media?parent=296"}],"wp:term":[{"taxonomy":"product_brand","embeddable":true,"href":"https:\/\/rfid-laundry-tag.com\/es\/wp-json\/wp\/v2\/product_brand?post=296"},{"taxonomy":"product_cat","embeddable":true,"href":"https:\/\/rfid-laundry-tag.com\/es\/wp-json\/wp\/v2\/product_cat?post=296"},{"taxonomy":"product_tag","embeddable":true,"href":"https:\/\/rfid-laundry-tag.com\/es\/wp-json\/wp\/v2\/product_tag?post=296"}],"curies":[{"name":"wp","href":"https:\/\/api.w.org\/{rel}","templated":true}]}}