{"id":2942,"date":"2025-10-27T13:54:59","date_gmt":"2025-10-27T13:54:59","guid":{"rendered":"https:\/\/rfid-laundry-tag.com\/?post_type=product&#038;p=2942"},"modified":"2025-10-27T14:13:32","modified_gmt":"2025-10-27T14:13:32","slug":"iron-heating-sealed-rfid-laundry-tag","status":"publish","type":"product","link":"https:\/\/rfid-laundry-tag.com\/es\/iron-heating-sealed-rfid-laundry-tag\/","title":{"rendered":"Etiqueta RFID sellada para lavander\u00eda con calentamiento de plancha"},"content":{"rendered":"<div>\n<div class=\"auto-hide-last-sibling-br paragraph_1252f paragraph-element\">\n<h2 data-start=\"0\" data-end=\"75\"><strong data-start=\"0\" data-end=\"75\">Etiqueta RFID sellada para lavander\u00eda con calentamiento de planchas: duradera, eficiente y confiable<\/strong><\/h2>\n<p data-start=\"77\" data-end=\"443\">El <strong data-start=\"81\" data-end=\"121\">Etiqueta RFID sellada para lavander\u00eda con calentamiento de plancha<\/strong> Es una soluci\u00f3n de alto rendimiento para la identificaci\u00f3n y el seguimiento de textiles, dise\u00f1ada espec\u00edficamente para los sectores de lavander\u00eda industrial, sanidad y gesti\u00f3n de uniformes. Gracias a su durabilidad superior, ofrece un rendimiento excepcional incluso en las condiciones de lavado m\u00e1s exigentes, garantizando un seguimiento continuo y a largo plazo de las prendas en Europa, Estados Unidos y Canad\u00e1.<\/p>\n<h3 data-start=\"445\" data-end=\"462\">Beneficios clave:<\/h3>\n<ul data-start=\"463\" data-end=\"937\">\n<li data-start=\"463\" data-end=\"616\">\n<p data-start=\"465\" data-end=\"616\"><strong data-start=\"465\" data-end=\"496\">Resistente al agua y al calor<\/strong>Resiste la exposici\u00f3n a detergentes, lej\u00eda y altas temperaturas, lo que garantiza su durabilidad en los procesos de lavander\u00eda industrial.<\/p>\n<\/li>\n<li data-start=\"617\" data-end=\"731\">\n<p data-start=\"619\" data-end=\"731\"><strong data-start=\"619\" data-end=\"647\">Rendimiento duradero<\/strong>: Soporta hasta <strong data-start=\"663\" data-end=\"685\">200 ciclos de lavado<\/strong> o <strong data-start=\"689\" data-end=\"703\">300 lavados<\/strong>, garantizando un uso prolongado.<\/p>\n<\/li>\n<li data-start=\"732\" data-end=\"829\">\n<p data-start=\"734\" data-end=\"829\"><strong data-start=\"734\" data-end=\"757\">Rango de lectura superior<\/strong>Ofrece una distancia de lectura de <strong data-start=\"785\" data-end=\"800\">8-12 metros<\/strong> Para un escaneo r\u00e1pido y preciso.<\/p>\n<\/li>\n<li data-start=\"830\" data-end=\"937\">\n<p data-start=\"832\" data-end=\"937\"><strong data-start=\"832\" data-end=\"852\">Entrega r\u00e1pida<\/strong>: Plazo de entrega r\u00e1pido de solo <strong data-start=\"877\" data-end=\"887\">3 d\u00edas<\/strong>, asegur\u00e1ndonos de que obtengas lo que necesitas cuando lo necesitas.<\/p>\n<\/li>\n<\/ul>\n<h3 data-start=\"939\" data-end=\"956\">Caracter\u00edsticas clave:<\/h3>\n<ul data-start=\"957\" data-end=\"1499\">\n<li data-start=\"957\" data-end=\"1123\">\n<p data-start=\"959\" data-end=\"1123\"><strong data-start=\"959\" data-end=\"990\">Resistencia qu\u00edmica y al agua<\/strong>Dise\u00f1ada para resistir detergentes, suavizantes, lej\u00eda y tratamientos alcalinos, esta etiqueta RFID permanece operativa en condiciones exigentes.<\/p>\n<\/li>\n<li data-start=\"1124\" data-end=\"1248\">\n<p data-start=\"1126\" data-end=\"1248\"><strong data-start=\"1126\" data-end=\"1152\">Tecnolog\u00eda de termosellado<\/strong>Se integra f\u00e1cilmente con las m\u00e1quinas de termosellado, proporcionando una fijaci\u00f3n firme y permanente a los tejidos.<\/p>\n<\/li>\n<li data-start=\"1249\" data-end=\"1388\">\n<p data-start=\"1251\" data-end=\"1388\"><strong data-start=\"1251\" data-end=\"1272\">Termoadhesivo y cosible<\/strong>Aplicaci\u00f3n flexible mediante prensa t\u00e9rmica o costura, ideal para incrustar etiquetas en los bordes de los tejidos o en las etiquetas de cuidado.<\/p>\n<\/li>\n<li data-start=\"1389\" data-end=\"1499\">\n<p data-start=\"1391\" data-end=\"1499\"><strong data-start=\"1391\" data-end=\"1421\">Resistente a altas temperaturas<\/strong>Dise\u00f1ado para soportar el intenso calor y la tensi\u00f3n mec\u00e1nica de la lavander\u00eda industrial.<\/p>\n<\/li>\n<\/ul>\n<h3 data-start=\"1501\" data-end=\"1530\">Especificaciones t\u00e9cnicas:<\/h3>\n<ul data-start=\"1531\" data-end=\"2169\">\n<li data-start=\"1531\" data-end=\"1653\">\n<p data-start=\"1533\" data-end=\"1653\"><strong data-start=\"1533\" data-end=\"1549\">Opciones de tama\u00f1o<\/strong>: 35 mm x 15 mm, 58 mm x 15 mm, 70 mm x 10 mm, 70 mm x 15 mm, 75 mm x 12 mm, 75 mm x 15 mm (tama\u00f1os personalizados disponibles).<\/p>\n<\/li>\n<li data-start=\"1654\" data-end=\"1710\">\n<p data-start=\"1656\" data-end=\"1710\"><strong data-start=\"1656\" data-end=\"1674\">Est\u00e1ndares RFID<\/strong>: ISO\/IEC 18000-6 Tipo C (EPC Gen2).<\/p>\n<\/li>\n<li data-start=\"1711\" data-end=\"1770\">\n<p data-start=\"1713\" data-end=\"1770\"><strong data-start=\"1713\" data-end=\"1729\">Opciones de chips<\/strong>: NXP U CODE 9, Alien H9, etc.<\/p>\n<\/li>\n<li data-start=\"1771\" data-end=\"1813\">\n<p data-start=\"1773\" data-end=\"1813\"><strong data-start=\"1773\" data-end=\"1783\">Memoria<\/strong>: EPC 128 bits, Usuario 512 bits.<\/p>\n<\/li>\n<li data-start=\"1814\" data-end=\"1852\">\n<p data-start=\"1816\" data-end=\"1852\"><strong data-start=\"1816\" data-end=\"1830\">Rango de lectura<\/strong>: 8M \u2013 10M (FCC\/ETSI).<\/p>\n<\/li>\n<li data-start=\"1853\" data-end=\"1927\">\n<p data-start=\"1855\" data-end=\"1927\"><strong data-start=\"1855\" data-end=\"1874\">M\u00e9todos de etiquetado<\/strong>Sellado t\u00e9rmico, adhesivo para estampado en caliente o perforaci\u00f3n.<\/p>\n<\/li>\n<li data-start=\"1928\" data-end=\"2042\">\n<p data-start=\"1930\" data-end=\"2042\"><strong data-start=\"1930\" data-end=\"1956\">Temperatura y humedad<\/strong>Funciona entre <strong data-start=\"1975\" data-end=\"1993\">-20 \u00b0C a 110 \u00b0C<\/strong>; rango de almacenamiento <strong data-start=\"2009\" data-end=\"2027\">-40 \u00b0C a 110 \u00b0C<\/strong> con 8-95% RH.<\/p>\n<\/li>\n<li data-start=\"2043\" data-end=\"2169\">\n<p data-start=\"2045\" data-end=\"2169\"><strong data-start=\"2045\" data-end=\"2072\">Lavado y esterilizaci\u00f3n<\/strong>: Soporta temperaturas de lavado de hasta <strong data-start=\"2111\" data-end=\"2119\">90\u00b0C<\/strong> y esterilizaci\u00f3n en <strong data-start=\"2141\" data-end=\"2168\">135 \u00b0C durante 15-20 minutos<\/strong>.<\/p>\n<\/li>\n<\/ul>\n<\/div>\n<\/div>\n<h2 data-start=\"2812\" data-end=\"3015\"><strong>Ficha de datos<\/strong><\/h2>\n<div>\n<div class=\"auto-hide-last-sibling-br paragraph_1252f paragraph-element\">\n<div>\n<table width=\"637\">\n<tbody>\n<tr>\n<td width=\"328\">Nombre del \u00e1rticulo:<\/td>\n<td width=\"309\">Etiqueta RFID sellada para lavander\u00eda con calentamiento de plancha<\/td>\n<\/tr>\n<tr>\n<td width=\"328\">Est\u00e1ndar RFID:<\/td>\n<td width=\"309\">ISO\/IEC 18000-6 Tipo C (EPC Gen2)<\/td>\n<\/tr>\n<tr>\n<td width=\"328\">Tama\u00f1o y peso:<\/td>\n<td width=\"309\">\u00a035 mm x 15 mm; 58 mm x 15 mm; 70 mm x 10 mm; 70 x 15 mm; 75 x 12 mm; 75 x 15 mm o a medida.<\/td>\n<\/tr>\n<tr>\n<td width=\"328\">Tipo de chip:<\/td>\n<td width=\"309\">Monza 4QT, NXP U CODE 9, Alien H9, etc.<\/td>\n<\/tr>\n<tr>\n<td width=\"328\">Memoria EPC:<\/td>\n<td width=\"309\">128 bits<\/td>\n<\/tr>\n<tr>\n<td width=\"328\">Memoria de usuario:<\/td>\n<td width=\"309\">512 bits<\/td>\n<\/tr>\n<tr>\n<td width=\"328\">Rango de lectura (2W ERP FCC):<\/td>\n<td width=\"309\">8M~10M<\/td>\n<\/tr>\n<tr>\n<td width=\"328\">Rango de lectura (2W ERP ETSI):<\/td>\n<td width=\"309\">8M~10M<\/td>\n<\/tr>\n<tr>\n<td width=\"328\">Etiquetado:<\/td>\n<td width=\"309\">Adhesivo para estampado en caliente, sellado t\u00e9rmico, orificio, etc.<\/td>\n<\/tr>\n<tr>\n<td width=\"328\">Vida \u00fatil estimada:<\/td>\n<td width=\"309\">200 ciclos de lavado o 300 veces<\/td>\n<\/tr>\n<tr>\n<td width=\"328\">M\u00e9todo de lavado:<\/td>\n<td width=\"309\">Lavander\u00eda, Lavado en seco<\/td>\n<\/tr>\n<tr>\n<td width=\"328\">Presi\u00f3n de extracci\u00f3n de agua:<\/td>\n<td width=\"309\">60 barras<\/td>\n<\/tr>\n<tr>\n<td width=\"328\">Resistencia al agua:<\/td>\n<td width=\"309\">Resistente al agua<\/td>\n<\/tr>\n<tr>\n<td width=\"328\">Resistencia qu\u00edmica:<\/td>\n<td width=\"309\">Detergente, suavizante, lej\u00eda (ox\u00edgeno\/cloro), \u00e1lcali<\/td>\n<\/tr>\n<tr>\n<td width=\"328\">Presecado en Tumbler:<\/td>\n<td width=\"309\">125 \u00baC durante 15-20 minutos<\/td>\n<\/tr>\n<tr>\n<td width=\"328\">Temperatura de esterilizaci\u00f3n:<\/td>\n<td width=\"309\">135\u00b0C durante 15-20 minutos<\/td>\n<\/tr>\n<tr>\n<td width=\"328\">Temperatura de lavado:<\/td>\n<td width=\"309\">90 \u00b0C, hasta 15 min.<\/td>\n<\/tr>\n<tr>\n<td width=\"328\">Humedad\/Temperatura de funcionamiento:<\/td>\n<td width=\"309\">-20 a 110\u00b0C, 8 a 95%RH<\/td>\n<\/tr>\n<tr>\n<td width=\"328\">Humedad\/Temperatura-Almacenamiento:<\/td>\n<td width=\"309\">-40 a 110\u00b0C, 8 a 95%RH<\/td>\n<\/tr>\n<\/tbody>\n<\/table>\n<\/div>\n<\/div>\n<\/div>\n<div><\/div>\n<div class=\"auto-hide-last-sibling-br paragraph_1252f paragraph-element\"><span class=\"AnswerParser_TextContainer__z_Iiv\" data-testid=\"youchat-text\"><strong>Etiquetas RFID UHF para lavander\u00eda<\/strong> Son la soluci\u00f3n definitiva para gestionar de forma eficiente la ropa de trabajo, las toallas de hotel y la ropa de cama de hospital. Estas etiquetas duraderas est\u00e1n dise\u00f1adas para soportar las altas temperaturas y los productos qu\u00edmicos agresivos que se suelen utilizar en los procesos de lavado industrial. Su construcci\u00f3n robusta garantiza que sigan funcionando incluso despu\u00e9s de varios ciclos de lavado, lo que las convierte en un recurso inestimable en cualquier operaci\u00f3n de lavander\u00eda.<\/span><span class=\"AnswerParser_TextContainer__z_Iiv\" data-testid=\"youchat-text\">Al integrar la tecnolog\u00eda RFID en su sistema de gesti\u00f3n de lavander\u00eda, puede reducir significativamente los costos de manipulaci\u00f3n. Las puertas de enlace y los contadores RFID agilizan el proceso de seguimiento, lo que le permite localizar e identificar r\u00e1pidamente los art\u00edculos de lavander\u00eda. Esto no solo ahorra tiempo, sino que tambi\u00e9n mejora la precisi\u00f3n del inventario, lo que le permite realizar un seguimiento de los ciclos de lavado con facilidad. Con las etiquetas RFID UHF para lavander\u00eda, mejorar\u00e1 su eficiencia operativa y se asegurar\u00e1 de que sus art\u00edculos de lavander\u00eda est\u00e9n siempre contabilizados.<\/span><\/div>\n<div><\/div>\n<div>\n<h3 data-start=\"2171\" data-end=\"2219\">Optimizado para operaciones de lavander\u00eda industrial:<\/h3>\n<p data-start=\"2220\" data-end=\"2515\">Las etiquetas RFID UHF para lavander\u00eda ofrecen una gesti\u00f3n eficiente de activos para uniformes de trabajo, ropa de cama de hoteles, textiles hospitalarios y m\u00e1s. Gracias a su resistencia a altas temperaturas y productos qu\u00edmicos agresivos, mantienen su funcionalidad incluso despu\u00e9s de m\u00faltiples ciclos de lavado, lo que garantiza el buen funcionamiento de su lavander\u00eda.<\/p>\n<p data-start=\"2517\" data-end=\"2583\">Al integrar RFID en su sistema de gesti\u00f3n de lavander\u00eda, usted obtiene:<\/p>\n<ul data-start=\"2584\" data-end=\"2810\">\n<li data-start=\"2584\" data-end=\"2675\">\n<p data-start=\"2586\" data-end=\"2675\"><strong data-start=\"2586\" data-end=\"2609\">Mayor eficiencia<\/strong>Un seguimiento del inventario m\u00e1s r\u00e1pido y preciso reduce los costes de manipulaci\u00f3n.<\/p>\n<\/li>\n<li data-start=\"2676\" data-end=\"2810\">\n<p data-start=\"2678\" data-end=\"2810\"><strong data-start=\"2678\" data-end=\"2699\">Precisi\u00f3n mejorada<\/strong>La tecnolog\u00eda RFID garantiza un seguimiento preciso de la ubicaci\u00f3n, reduciendo errores y asegurando que se lleve un registro de los art\u00edculos.<\/p>\n<\/li>\n<\/ul>\n<p data-start=\"2812\" data-end=\"3015\"><strong data-start=\"2812\" data-end=\"2853\">Etiquetas RFID selladas para lavander\u00eda con calentamiento de plancha<\/strong> Agilice, haga m\u00e1s fiable y rentable su operaci\u00f3n de lavander\u00eda, optimizando su flujo de trabajo y garantizando la trazabilidad de sus prendas en cada lavado.<\/p>\n<\/div>\n<div data-spm-anchor-id=\"a2700.details.0.i57.23b419c7xXORP0\"><\/div>\n<div class=\"auto-hide-last-sibling-br paragraph_1252f paragraph-element\"><\/div>\n<div class=\"auto-hide-last-sibling-br paragraph_1252f paragraph-element\"><\/div>","protected":false},"excerpt":{"rendered":"<p>Somos uno de los 5 principales fabricantes de etiquetas RFID selladas para lavander\u00eda con protecci\u00f3n contra el calor del hierro.<strong>.Etiqueta RFID para lavander\u00eda<\/strong>\u00a0Garantiza un seguimiento textil duradero en el sector sanitario, de lavander\u00eda y de uniformes en toda Europa, EE. UU. y Canad\u00e1, resistente a ciclos de lavado agresivos.<\/p>","protected":false},"featured_media":2943,"template":"","meta":{"_kad_post_transparent":"default","_kad_post_title":"","_kad_post_layout":"default","_kad_post_sidebar_id":"","_kad_post_content_style":"default","_kad_post_vertical_padding":"default","_kad_post_feature":"","_kad_post_feature_position":"","_kad_post_header":false,"_kad_post_footer":false,"_kad_post_classname":""},"product_brand":[],"product_cat":[16],"product_tag":[364,363,338,342,339,65,30],"class_list":{"0":"post-2942","1":"product","2":"type-product","3":"status-publish","4":"has-post-thumbnail","6":"product_cat-uhf-rfid-laundry-tags","7":"product_tag-heating-sealed-rfid-laundry-tag","8":"product_tag-iron-heating-sealed-rfid-laundry-tag","9":"product_tag-rfid-chips-for-uniforms","10":"product_tag-rfid-laundry-tags","11":"product_tag-rfid-washable-tags","12":"product_tag-textile-rfid-laundry-tags","13":"product_tag-uhf-rfid-laundry-tag","15":"first","16":"instock","17":"featured","18":"shipping-taxable","19":"product-type-simple","20":"entry","21":"content-bg","22":"loop-entry"},"_links":{"self":[{"href":"https:\/\/rfid-laundry-tag.com\/es\/wp-json\/wp\/v2\/product\/2942","targetHints":{"allow":["GET"]}}],"collection":[{"href":"https:\/\/rfid-laundry-tag.com\/es\/wp-json\/wp\/v2\/product"}],"about":[{"href":"https:\/\/rfid-laundry-tag.com\/es\/wp-json\/wp\/v2\/types\/product"}],"version-history":[{"count":2,"href":"https:\/\/rfid-laundry-tag.com\/es\/wp-json\/wp\/v2\/product\/2942\/revisions"}],"predecessor-version":[{"id":2948,"href":"https:\/\/rfid-laundry-tag.com\/es\/wp-json\/wp\/v2\/product\/2942\/revisions\/2948"}],"wp:featuredmedia":[{"embeddable":true,"href":"https:\/\/rfid-laundry-tag.com\/es\/wp-json\/wp\/v2\/media\/2943"}],"wp:attachment":[{"href":"https:\/\/rfid-laundry-tag.com\/es\/wp-json\/wp\/v2\/media?parent=2942"}],"wp:term":[{"taxonomy":"product_brand","embeddable":true,"href":"https:\/\/rfid-laundry-tag.com\/es\/wp-json\/wp\/v2\/product_brand?post=2942"},{"taxonomy":"product_cat","embeddable":true,"href":"https:\/\/rfid-laundry-tag.com\/es\/wp-json\/wp\/v2\/product_cat?post=2942"},{"taxonomy":"product_tag","embeddable":true,"href":"https:\/\/rfid-laundry-tag.com\/es\/wp-json\/wp\/v2\/product_tag?post=2942"}],"curies":[{"name":"wp","href":"https:\/\/api.w.org\/{rel}","templated":true}]}}