{"id":294,"date":"2024-06-26T15:13:51","date_gmt":"2024-06-26T15:13:51","guid":{"rendered":"https:\/\/rfid-laundry-tag.com\/?post_type=product&#038;p=294"},"modified":"2024-08-14T16:45:57","modified_gmt":"2024-08-14T16:45:57","slug":"anti-metal-nfc-patrol-tag","status":"publish","type":"product","link":"https:\/\/rfid-laundry-tag.com\/es\/anti-metal-nfc-patrol-tag\/","title":{"rendered":"Etiqueta de patrulla NFC antimetal"},"content":{"rendered":"<p>Los chips Anti Metal NFC Patrol Tag, NTAG213, NTAG215 y NTAG216 han sido desarrollados por NXP Semiconductors como circuitos integrados de etiquetas NFC est\u00e1ndar para su uso en aplicaciones del mercado masivo, como comercio minorista, juegos y productos electr\u00f3nicos de consumo, en combinaci\u00f3n con dispositivos NFC o dispositivos de acoplamiento de proximidad compatibles con NFC. NTAG213, NTAG215 y NTAG216 (de ahora en adelante, generalmente llamados NTAG21x) est\u00e1n dise\u00f1ados para cumplir totalmente con las especificaciones NFC Forum Type 2 Tag e ISO\/IEC14443 Type A.<\/p>\n<table class=\"hight-light-first-column all magic-11\">\n<tbody>\n<tr>\n<td colspan=\"1\" rowspan=\"1\">\n<div class=\"magic-12\" data-spm-anchor-id=\"a2700.details.0.i57.12287cd6Tl6d8d\">Tama\u00f1o<\/div>\n<\/td>\n<td colspan=\"4\" rowspan=\"1\">\n<div class=\"magic-13\">Di\u00e1metro 25 mm<\/div>\n<\/td>\n<\/tr>\n<tr>\n<td colspan=\"1\" rowspan=\"1\">\n<div class=\"magic-12\">Color<\/div>\n<\/td>\n<td colspan=\"4\" rowspan=\"1\">\n<div class=\"magic-16\">Negro, blanco, amarillo, rojo o personalizado<\/div>\n<\/td>\n<\/tr>\n<tr>\n<td colspan=\"1\" rowspan=\"1\">\n<div class=\"magic-12\">Chip<\/div>\n<\/td>\n<td colspan=\"4\" rowspan=\"1\">\n<div class=\"magic-13\">NTAG213, NTAG215, NTAG216<\/div>\n<\/td>\n<\/tr>\n<tr>\n<td colspan=\"1\" rowspan=\"1\">\n<div class=\"magic-12\">Frecuencia<\/div>\n<\/td>\n<td colspan=\"4\" rowspan=\"1\">\n<div class=\"magic-13\">13,56 MHz<\/div>\n<\/td>\n<\/tr>\n<tr>\n<td colspan=\"1\" rowspan=\"1\">\n<div class=\"magic-12\">Protocolo<\/div>\n<\/td>\n<td colspan=\"4\" rowspan=\"1\">\n<div class=\"magic-13\">ISO14443A, Foro NFC Tipo 2<\/div>\n<\/td>\n<\/tr>\n<tr>\n<td colspan=\"1\" rowspan=\"1\">\n<div class=\"magic-12\">Material<\/div>\n<\/td>\n<td colspan=\"4\" rowspan=\"1\">\n<div class=\"magic-13\">abdominales<\/div>\n<\/td>\n<\/tr>\n<tr>\n<td colspan=\"1\" rowspan=\"1\">\n<div class=\"magic-12\">Temperatura de funcionamiento<\/div>\n<\/td>\n<td colspan=\"4\" rowspan=\"1\">\n<div class=\"magic-13\">-20 a 85 grados C<\/div>\n<\/td>\n<\/tr>\n<tr>\n<td colspan=\"1\" rowspan=\"1\">\n<div class=\"magic-12\">Solicitud<\/div>\n<\/td>\n<td colspan=\"4\" rowspan=\"1\">\n<div class=\"magic-16\">Cadena de lavander\u00eda, productos qu\u00edmicos agresivos, dispositivo de pago, uso al aire libre, productos qu\u00edmicos, industria, log\u00edstica, guardia de patrulla, membres\u00eda, contenedor de env\u00edo, paletas, etc.<\/div>\n<\/td>\n<\/tr>\n<tr>\n<td colspan=\"1\" rowspan=\"1\">\n<div class=\"magic-12\">Clasificaci\u00f3n de impermeabilidad<\/div>\n<\/td>\n<td colspan=\"4\" rowspan=\"1\">\n<div class=\"magic-16\">IP67<\/div>\n<\/td>\n<\/tr>\n<tr>\n<td colspan=\"1\" rowspan=\"1\">\n<div class=\"magic-12\">Rango de lectura<\/div>\n<\/td>\n<td colspan=\"4\" rowspan=\"1\">\n<div class=\"magic-16\">5-10cm, depende del lector<\/div>\n<\/td>\n<\/tr>\n<tr>\n<td colspan=\"1\" rowspan=\"1\">\n<div class=\"magic-12\">Manualidades<\/div>\n<\/td>\n<td colspan=\"4\" rowspan=\"1\">\n<div class=\"magic-16\">N\u00famero de serie grabado con l\u00e1ser, c\u00f3digo de barras, etc.<\/div>\n<\/td>\n<\/tr>\n<tr>\n<td colspan=\"1\" rowspan=\"1\">\n<div class=\"magic-12\">Montaje<\/div>\n<\/td>\n<td colspan=\"4\" rowspan=\"1\">\n<div class=\"magic-16\">Mediante adhesivo o tornillo, o remaches<\/div>\n<\/td>\n<\/tr>\n<\/tbody>\n<\/table>","protected":false},"excerpt":{"rendered":"<p>Etiqueta NFC antimetal. La tecnolog\u00eda NFC se ha enfrentado tradicionalmente a una limitaci\u00f3n: las etiquetas NFC normales no funcionan bien en superficies met\u00e1licas. Esto se debe a que el metal altera las se\u00f1ales electromagn\u00e9ticas utilizadas para la comunicaci\u00f3n. Sin embargo, una nueva generaci\u00f3n de etiquetas, llamadas <strong>Etiquetas NFC sobre metal<\/strong>, resuelve este problema.<\/p>","protected":false},"featured_media":295,"template":"","meta":{"_kad_post_transparent":"default","_kad_post_title":"","_kad_post_layout":"default","_kad_post_sidebar_id":"","_kad_post_content_style":"default","_kad_post_vertical_padding":"default","_kad_post_feature":"","_kad_post_feature_position":"","_kad_post_header":false,"_kad_post_footer":false,"_kad_post_classname":""},"product_brand":[],"product_cat":[54],"product_tag":[118,216,217],"class_list":{"0":"post-294","1":"product","2":"type-product","3":"status-publish","4":"has-post-thumbnail","6":"product_cat-hot-selling-rfid-tags","7":"product_tag-anti-metal-nfc-patrol-tag","8":"product_tag-nfc-patrol-tag","9":"product_tag-nfc-tags","11":"first","12":"instock","13":"shipping-taxable","14":"product-type-simple","15":"entry","16":"content-bg","17":"loop-entry"},"_links":{"self":[{"href":"https:\/\/rfid-laundry-tag.com\/es\/wp-json\/wp\/v2\/product\/294","targetHints":{"allow":["GET"]}}],"collection":[{"href":"https:\/\/rfid-laundry-tag.com\/es\/wp-json\/wp\/v2\/product"}],"about":[{"href":"https:\/\/rfid-laundry-tag.com\/es\/wp-json\/wp\/v2\/types\/product"}],"version-history":[{"count":1,"href":"https:\/\/rfid-laundry-tag.com\/es\/wp-json\/wp\/v2\/product\/294\/revisions"}],"predecessor-version":[{"id":1334,"href":"https:\/\/rfid-laundry-tag.com\/es\/wp-json\/wp\/v2\/product\/294\/revisions\/1334"}],"wp:featuredmedia":[{"embeddable":true,"href":"https:\/\/rfid-laundry-tag.com\/es\/wp-json\/wp\/v2\/media\/295"}],"wp:attachment":[{"href":"https:\/\/rfid-laundry-tag.com\/es\/wp-json\/wp\/v2\/media?parent=294"}],"wp:term":[{"taxonomy":"product_brand","embeddable":true,"href":"https:\/\/rfid-laundry-tag.com\/es\/wp-json\/wp\/v2\/product_brand?post=294"},{"taxonomy":"product_cat","embeddable":true,"href":"https:\/\/rfid-laundry-tag.com\/es\/wp-json\/wp\/v2\/product_cat?post=294"},{"taxonomy":"product_tag","embeddable":true,"href":"https:\/\/rfid-laundry-tag.com\/es\/wp-json\/wp\/v2\/product_tag?post=294"}],"curies":[{"name":"wp","href":"https:\/\/api.w.org\/{rel}","templated":true}]}}