{"id":2860,"date":"2024-11-05T13:06:31","date_gmt":"2024-11-05T13:06:31","guid":{"rendered":"https:\/\/rfid-laundry-tag.com\/?post_type=product&#038;p=2860"},"modified":"2024-11-05T13:13:50","modified_gmt":"2024-11-05T13:13:50","slug":"rfid-keyfobs-abs-iso14443a","status":"publish","type":"product","link":"https:\/\/rfid-laundry-tag.com\/es\/rfid-keyfobs-abs-iso14443a\/","title":{"rendered":"Llaveros RFID ABS ISO14443A"},"content":{"rendered":"<h2>Llaveros RFID ABS ISO14443A<\/h2>\n<table class=\"has-title all magic-13\">\n<tbody>\n<tr>\n<td colspan=\"1\" rowspan=\"2\">\n<div class=\"magic-14\">material<\/div>\n<\/td>\n<td colspan=\"1\" rowspan=\"1\">\n<div class=\"magic-15\">Material de la antena: papel de aluminio<\/div>\n<\/td>\n<\/tr>\n<tr>\n<td colspan=\"1\" rowspan=\"1\">\n<div class=\"magic-15\" data-spm-anchor-id=\"a2700.details.0.i43.3c939b1b0qFtg1\">Material de la superficie: ABS\/cuero\/madera.<\/div>\n<\/td>\n<\/tr>\n<tr>\n<td colspan=\"1\" rowspan=\"1\">\n<div class=\"magic-17\">tama\u00f1o<\/div>\n<\/td>\n<td colspan=\"1\" rowspan=\"1\">\n<div class=\"magic-15\" data-spm-anchor-id=\"a2700.details.0.i41.3c939b1b0qFtg1\">40,38 x 31,5 mm, 35,5 x 28 mm, 51,5 x 32 mm o personalizado<\/div>\n<\/td>\n<\/tr>\n<tr>\n<td colspan=\"1\" rowspan=\"1\">\n<div class=\"magic-17\">Manualidades personalizadas<\/div>\n<\/td>\n<td colspan=\"1\" rowspan=\"1\">\n<div class=\"magic-15\">Logotipo serigrafiado\/c\u00f3digo UID, c\u00f3digo de serie o personalizado<\/div>\n<\/td>\n<\/tr>\n<tr>\n<td colspan=\"1\" rowspan=\"1\">\n<div class=\"magic-17\">Temperatura de funcionamiento<\/div>\n<\/td>\n<td colspan=\"1\" rowspan=\"1\">\n<div class=\"magic-15\">-20 \u00b0C ~ +90 \u00b0C<\/div>\n<\/td>\n<\/tr>\n<tr>\n<td colspan=\"1\" rowspan=\"1\">\n<div class=\"magic-17\">codificar<\/div>\n<\/td>\n<td colspan=\"1\" rowspan=\"1\">\n<div class=\"magic-15\">Chip grabable disponible<\/div>\n<\/td>\n<\/tr>\n<tr>\n<td colspan=\"1\" rowspan=\"1\">\n<div class=\"magic-17\">Opciones de color<\/div>\n<\/td>\n<td colspan=\"1\" rowspan=\"1\">\n<div class=\"magic-15\" data-spm-anchor-id=\"a2700.details.0.i42.3c939b1b0qFtg1\">Rojo, azul, negro, morado, naranja, amarillo (se puede personalizar)<\/div>\n<\/td>\n<\/tr>\n<tr>\n<td colspan=\"1\" rowspan=\"1\">\n<div class=\"magic-17\">distancia de lectura<\/div>\n<\/td>\n<td colspan=\"1\" rowspan=\"1\">\n<div class=\"magic-15\">1~10 cm (depende del lector)<\/div>\n<\/td>\n<\/tr>\n<tr>\n<td colspan=\"1\" rowspan=\"1\">\n<div class=\"magic-17\">aplicaciones<\/div>\n<\/td>\n<td colspan=\"1\" rowspan=\"1\">\n<div class=\"magic-15\" data-spm-anchor-id=\"a2700.details.0.i40.3c939b1b0qFtg1\">sistema de membres\u00eda\/gimnasio\/control de acceso\/pago, etc.<\/div>\n<\/td>\n<\/tr>\n<\/tbody>\n<\/table>\n<p><strong>Llaveros RFID<\/strong> est\u00e1n a la vanguardia de la gesti\u00f3n de acceso segura y conveniente. Estos dispositivos peque\u00f1os y livianos utilizan <strong>identificaci\u00f3n por radiofrecuencia<\/strong> Tecnolog\u00eda RFID (identificaci\u00f3n por radiofrecuencia) que permite el ingreso r\u00e1pido y sin inconvenientes a \u00e1reas seguras. Se utilizan com\u00fanmente en diversas industrias, incluidas la hoteler\u00eda, los edificios de oficinas y las propiedades residenciales, para sistemas de control de acceso seguro.<\/p>\n<p>En esta descripci\u00f3n del producto, exploraremos las caracter\u00edsticas y beneficios de <strong>Llaveros RFID<\/strong>, centr\u00e1ndose en la <strong>Norma ISO 14443A<\/strong> Especificaci\u00f3n. Analizaremos por qu\u00e9 estos llaveros son la opci\u00f3n preferida tanto para empresas como para personas que buscan soluciones de acceso eficientes, seguras y f\u00e1ciles de usar.<\/p>\n<p><strong>Llaveros RFID<\/strong> est\u00e1n a la vanguardia de la gesti\u00f3n de acceso segura y conveniente. Estos dispositivos peque\u00f1os y livianos utilizan <strong>identificaci\u00f3n por radiofrecuencia<\/strong> Tecnolog\u00eda RFID (identificaci\u00f3n por radiofrecuencia) que permite el ingreso r\u00e1pido y sin inconvenientes a \u00e1reas seguras. Se utilizan com\u00fanmente en diversas industrias, incluidas la hoteler\u00eda, los edificios de oficinas y las propiedades residenciales, para sistemas de control de acceso seguro.<\/p>\n<h2><strong>\u00bfQu\u00e9 es un llavero RFID?<\/strong><\/h2>\n<p>Un <strong>Llavero RFID<\/strong> es un dispositivo compacto y port\u00e1til que se comunica con un <strong>Lector RFID<\/strong> para otorgar acceso a un \u00e1rea segura. Por lo general, contiene un peque\u00f1o microchip y una antena incrustados dentro de un <strong>Carcasa ABS<\/strong>. El <strong>Frecuencia de 13,56 MHz<\/strong> Los llaveros RFID utilizados en la norma ISO14443A garantizan una detecci\u00f3n r\u00e1pida y fiable, lo que los convierte en una soluci\u00f3n muy eficaz para los sistemas de control de acceso.<\/p>\n<p>A diferencia de las llaves o tarjetas tradicionales, una <strong>Llavero RFID<\/strong> no requiere contacto f\u00edsico con el lector; opera en <strong>Sin contacto<\/strong> principios, haci\u00e9ndolo m\u00e1s seguro y m\u00e1s conveniente. Los usuarios pueden simplemente acercar su llavero a un lector para obtener acceso, eliminando la necesidad de desbloqueo manual o c\u00f3digos PIN.<\/p>\n<hr \/>\n<h2><strong>Caracter\u00edsticas principales de los llaveros RFID<\/strong><\/h2>\n<h3><strong>1. Control de acceso seguro<\/strong><\/h3>\n<p>Una de las mayores ventajas de utilizar <strong>Llaveros RFID<\/strong> Se trata de una seguridad mejorada. Estos dispositivos ofrecen m\u00faltiples capas de protecci\u00f3n, incluidos protocolos de cifrado, que impiden el acceso de usuarios no autorizados. <strong>13,56 MHz<\/strong> frecuencia utilizada por <strong>Llaveros ISO14443A<\/strong> garantiza una alta compatibilidad con varios <strong>sistemas de control de acceso<\/strong>, desde cerraduras de hoteles hasta entradas de oficinas.<\/p>\n<p>Mediante el uso de tecnolog\u00eda RFID, <strong>Llaveros RFID<\/strong> oferta <strong>entrada sin llave<\/strong>, lo que reduce el riesgo de robo de cerraduras o duplicaci\u00f3n no autorizada. Cuando se integra en <strong>control de acceso<\/strong> En los sistemas, estos llaveros sirven como un token seguro para verificar y autenticar a los usuarios con el m\u00ednimo esfuerzo.<\/p>\n<h3><strong>2. Construcci\u00f3n duradera de ABS<\/strong><\/h3>\n<p>La construcci\u00f3n de <strong>Llaveros RFID<\/strong> es tan importante como su funcionalidad. Estos llaveros est\u00e1n hechos de <strong>Pl\u00e1stico ABS<\/strong>, que es un material duradero y liviano que puede soportar diversas condiciones ambientales. Ya sea que los use en una oficina o los lleve en un llavero, estos llaveros est\u00e1n dise\u00f1ados para durar.<\/p>\n<p>El <strong>Carcasa ABS<\/strong> No solo protege los componentes internos, sino que tambi\u00e9n garantiza que el llavero siga funcionando incluso despu\u00e9s de un uso prolongado. Su tama\u00f1o compacto y dise\u00f1o robusto los hacen resistentes al desgaste, lo que garantiza una soluci\u00f3n duradera para las necesidades de control de acceso.<\/p>\n<h3><strong>3. F\u00e1cil integraci\u00f3n con sistemas RFID<\/strong><\/h3>\n<p><strong>Llaveros RFID<\/strong> son totalmente compatibles con la mayor\u00eda <strong>Sistemas RFID<\/strong>Ya sea que est\u00e9 actualizando sus tarjetas de acceso tradicionales o instalando un sistema de control de acceso completamente nuevo, estos llaveros se integran perfectamente con la infraestructura existente. <strong>ISO14443A<\/strong> El est\u00e1ndar es ampliamente reconocido y utilizado en diversas industrias, lo que garantiza la compatibilidad con lectores y software.<\/p>\n<p>Adem\u00e1s, muchos <strong>Llaveros RFID<\/strong> son <strong>reescribible<\/strong>, lo que permite a las empresas cambiar las credenciales de acceso seg\u00fan sea necesario sin tener que comprar nuevos llaveros. <strong>flexibilidad<\/strong> hace que los llaveros RFID sean una excelente inversi\u00f3n a largo plazo para las organizaciones que buscan soluciones de acceso escalables.<\/p>\n<hr \/>\n<h2><strong>\u00bfPor qu\u00e9 elegir llaveros RFID ISO14443A?<\/strong><\/h2>\n<h3><strong>4. Alta frecuencia para una respuesta m\u00e1s r\u00e1pida<\/strong><\/h3>\n<p><strong>Llaveros RFID de 13,56 MHz<\/strong>, como el <strong>ISO14443A<\/strong>, ofrecen un rango de alta frecuencia que permite <strong>detecci\u00f3n r\u00e1pida<\/strong> y comunicaci\u00f3n con el lector RFID. Este rango de alta frecuencia garantiza que el acceso se otorgue de manera r\u00e1pida y eficiente, mejorando la experiencia del usuario.<\/p>\n<p>Al acercar el llavero al lector, el sistema identifica r\u00e1pidamente las credenciales almacenadas en el llavero y permite el acceso en una fracci\u00f3n de segundo. Este r\u00e1pido tiempo de respuesta es especialmente importante en zonas de mucho tr\u00e1fico, ya que garantiza que no se formen colas y que las personas puedan entrar y salir sin demoras.<\/p>\n<h3><strong>5. Versatilidad en m\u00faltiples aplicaciones<\/strong><\/h3>\n<p><strong>Llaveros RFID<\/strong> Son muy vers\u00e1tiles y se pueden utilizar en una variedad de aplicaciones m\u00e1s all\u00e1 de las cerraduras de puertas. Algunos usos comunes de <strong>Llaveros RFID<\/strong> incluir:<\/p>\n<ul>\n<li><strong>Acceso a la habitaci\u00f3n del hotel:<\/strong> Los hu\u00e9spedes pueden utilizar su llavero para desbloquear la puerta de su habitaci\u00f3n de hotel.<\/li>\n<li><strong>Seguridad en el lugar de trabajo:<\/strong> Los empleados pueden usar el llavero para acceder a oficinas, salas de servidores o \u00e1reas restringidas.<\/li>\n<li><strong>Pago e identificaci\u00f3n:<\/strong> Cierto <strong>Llaveros RFID<\/strong> Tambi\u00e9n se puede utilizar para realizar pagos o para identificaci\u00f3n en programas de membres\u00eda.<\/li>\n<\/ul>\n<p>Gracias a su peque\u00f1o tama\u00f1o y portabilidad, estos llaveros son una soluci\u00f3n conveniente para una amplia gama de industrias.<\/p>\n<h3><strong>6. Tecnolog\u00eda sin contacto para mayor comodidad e higiene<\/strong><\/h3>\n<p>En el mundo de hoy, <strong>tecnolog\u00eda sin contacto<\/strong> Ha ganado una atenci\u00f3n significativa debido a los beneficios de higiene que proporciona. <strong>Llaveros RFID<\/strong> No tienen contacto, lo que significa que los usuarios no necesitan tocar f\u00edsicamente una cerradura o un lector. Esto reduce el riesgo de transferencia de g\u00e9rmenes y bacterias, lo que lo convierte en una opci\u00f3n ideal para entornos como hospitales, escuelas y oficinas donde la higiene es fundamental.<\/p>\n<p>Adem\u00e1s, esto <strong>entrada sin llave<\/strong> El sistema agrega comodidad. Los usuarios no necesitan buscar llaves ni recordar PIN, simplemente pueden llevar sus llaves consigo. <strong>Llavero RFID<\/strong> en su llavero o en su bolsillo, listo para usar cuando sea necesario.<\/p>\n<p>Estos <strong>Llaveros RFID<\/strong> operar a una <strong>Frecuencia de 13,56 MHz<\/strong>, haci\u00e9ndolos compatibles con la mayor\u00eda <strong>Lectores RFID<\/strong> Se utilizan en los sistemas de control de acceso modernos. Los llaveros est\u00e1n fabricados con materiales de alta calidad. <strong>Pl\u00e1stico ABS<\/strong>, lo que garantiza un dise\u00f1o duradero y liviano que sea port\u00e1til y duradero.<\/p>\n<hr \/>\n<h2><strong>Impacto ambiental y sostenibilidad<\/strong><\/h2>\n<p>A medida que las organizaciones avanzan hacia <strong>acceso sin contacto<\/strong> y soluciones de seguridad, es importante considerar el impacto ambiental de estos productos. <strong>Pl\u00e1stico ABS<\/strong> utilizado en <strong>Llaveros RFID<\/strong> es un material ampliamente reciclable. Adem\u00e1s, <strong>Sistemas RFID<\/strong> Por s\u00ed mismos ayudan a reducir la necesidad de llaves f\u00edsicas y cerraduras tradicionales, disminuyendo a\u00fan m\u00e1s la huella ambiental general.<\/p>\n<p>Adem\u00e1s, muchos <strong>Llaveros RFID<\/strong> Puede ser <strong>reescrito<\/strong>, lo que significa que no es necesario reemplazarlos constantemente. Esto reduce los desechos electr\u00f3nicos, lo que los convierte en una opci\u00f3n sustentable para empresas y personas que buscan soluciones ecol\u00f3gicas.<\/p>\n<hr \/>\n<h2><strong>Comentarios y opiniones de clientes<\/strong><\/h2>\n<p>Muchos clientes aprecian la comodidad y seguridad que ofrece <strong>Llaveros RFID<\/strong> Proporcionar. A continuaci\u00f3n, se incluye un breve resumen de los comentarios m\u00e1s habituales:<\/p>\n<ul>\n<li><strong>\u201c\u00a1Acceso c\u00f3modo y r\u00e1pido!\u201d<\/strong> \u2013 Muchos usuarios destacan la rapidez y eficiencia de <strong>Llaveros RFID<\/strong>El r\u00e1pido tiempo de respuesta los convierte en la opci\u00f3n ideal para entornos concurridos como edificios de oficinas y hoteles.<\/li>\n<li><strong>\u201cDuradero y confiable\u201d<\/strong> \u2013 Los clientes tambi\u00e9n aprecian la <strong>Construcci\u00f3n duradera<\/strong> de los llaveros, y muchos se\u00f1alan que han resistido meses o a\u00f1os de uso diario.<\/li>\n<li><strong>\u201cExcelente para hoteles\u201d<\/strong> \u2013 Las empresas de hosteler\u00eda disfrutan de la facilidad de uso <strong>Llaveros RFID<\/strong> para el acceso de los hu\u00e9spedes, eliminando la necesidad de las tradicionales llaves de habitaci\u00f3n.<\/li>\n<\/ul>\n<hr \/>\n<h2><strong>Preguntas frecuentes<\/strong><\/h2>\n<h3><strong>1. \u00bfSe pueden programar los llaveros RFID?<\/strong><\/h3>\n<p>S\u00ed, muchos <strong>Llaveros RFID<\/strong> son <strong>reescribible<\/strong>, lo que significa que puede cambiar los datos almacenados en ellos, como las credenciales de acceso.<\/p>\n<h3><strong>2. \u00bfHasta d\u00f3nde puede transmitir un llavero RFID?<\/strong><\/h3>\n<p>El alcance de un <strong>Llavero RFID<\/strong> Por lo general se extiende desde <strong>0 a 10 cm<\/strong> dependiendo del lector y las condiciones ambientales.<\/p>\n<h3><strong>3. \u00bfSon seguros los llaveros RFID?<\/strong><\/h3>\n<p>S\u00ed, <strong>Llaveros RFID<\/strong> Son muy seguros. A menudo incluyen cifrado y otras funciones de protecci\u00f3n para evitar el acceso no autorizado.<\/p>\n<h3><strong>4. \u00bfQu\u00e9 industrias utilizan llaveros RFID?<\/strong><\/h3>\n<p><strong>Llaveros RFID<\/strong> Se utilizan en una variedad de industrias, incluidas la hoteler\u00eda, la atenci\u00f3n m\u00e9dica, las oficinas corporativas e incluso para llaves de autom\u00f3viles.<\/p>\n<hr \/>\n<h2><strong>Conclusi\u00f3n: \u00bfPor qu\u00e9 comprar llaveros RFID?<\/strong><\/h2>\n<p>Invertir en <strong>Llaveros RFID<\/strong> Proporciona mayor seguridad, comodidad y durabilidad tanto para empresas como para particulares. Ya sea que est\u00e9 buscando optimizar su <strong>sistema de control de acceso<\/strong>, implementar <strong>entrada sin llave<\/strong> en su hotel, o mejorar la seguridad en su oficina, <strong>Llaveros RFID<\/strong> Son una soluci\u00f3n pr\u00e1ctica que es rentable y confiable.<\/p>\n<p>Con su tecnolog\u00eda avanzada, f\u00e1cil integraci\u00f3n con <strong>Sistemas RFID<\/strong>, y una construcci\u00f3n duradera, <strong>Llaveros RFID<\/strong> Representan una soluci\u00f3n vanguardista para los desaf\u00edos de seguridad actuales.<\/p>\n<p>&nbsp;<\/p>","protected":false},"excerpt":{"rendered":"<p><strong>Llaveros RFID<\/strong> ABS ISO14443A ofrece opciones de frecuencia dual (13,56 MHz\/125 KHz), dise\u00f1o duradero, UID programable y funciones de seguridad avanzadas como anticlonaci\u00f3n y comunicaci\u00f3n encriptada.<\/p>","protected":false},"featured_media":2861,"template":"","meta":{"_kad_post_transparent":"default","_kad_post_title":"","_kad_post_layout":"default","_kad_post_sidebar_id":"","_kad_post_content_style":"default","_kad_post_vertical_padding":"default","_kad_post_feature":"","_kad_post_feature_position":"","_kad_post_header":false,"_kad_post_footer":false,"_kad_post_classname":""},"product_brand":[],"product_cat":[54],"product_tag":[346,344,345,343,351,350],"class_list":{"0":"post-2860","1":"product","2":"type-product","3":"status-publish","4":"has-post-thumbnail","6":"product_cat-hot-selling-rfid-tags","7":"product_tag-nfc-key-tag","8":"product_tag-nfc-keychain","9":"product_tag-rfid-fob","10":"product_tag-rfid-keyfobs","11":"product_tag-rfid-keyfobs-abs","12":"product_tag-rfid-keyfobs-iso14443a","14":"first","15":"instock","16":"shipping-taxable","17":"product-type-simple","18":"entry","19":"content-bg","20":"loop-entry"},"_links":{"self":[{"href":"https:\/\/rfid-laundry-tag.com\/es\/wp-json\/wp\/v2\/product\/2860","targetHints":{"allow":["GET"]}}],"collection":[{"href":"https:\/\/rfid-laundry-tag.com\/es\/wp-json\/wp\/v2\/product"}],"about":[{"href":"https:\/\/rfid-laundry-tag.com\/es\/wp-json\/wp\/v2\/types\/product"}],"version-history":[{"count":2,"href":"https:\/\/rfid-laundry-tag.com\/es\/wp-json\/wp\/v2\/product\/2860\/revisions"}],"predecessor-version":[{"id":2863,"href":"https:\/\/rfid-laundry-tag.com\/es\/wp-json\/wp\/v2\/product\/2860\/revisions\/2863"}],"wp:featuredmedia":[{"embeddable":true,"href":"https:\/\/rfid-laundry-tag.com\/es\/wp-json\/wp\/v2\/media\/2861"}],"wp:attachment":[{"href":"https:\/\/rfid-laundry-tag.com\/es\/wp-json\/wp\/v2\/media?parent=2860"}],"wp:term":[{"taxonomy":"product_brand","embeddable":true,"href":"https:\/\/rfid-laundry-tag.com\/es\/wp-json\/wp\/v2\/product_brand?post=2860"},{"taxonomy":"product_cat","embeddable":true,"href":"https:\/\/rfid-laundry-tag.com\/es\/wp-json\/wp\/v2\/product_cat?post=2860"},{"taxonomy":"product_tag","embeddable":true,"href":"https:\/\/rfid-laundry-tag.com\/es\/wp-json\/wp\/v2\/product_tag?post=2860"}],"curies":[{"name":"wp","href":"https:\/\/api.w.org\/{rel}","templated":true}]}}