{"id":2853,"date":"2024-11-05T12:54:13","date_gmt":"2024-11-05T12:54:13","guid":{"rendered":"https:\/\/rfid-laundry-tag.com\/?post_type=product&#038;p=2853"},"modified":"2024-11-05T13:04:21","modified_gmt":"2024-11-05T13:04:21","slug":"proximity-abs-tk4100-key-fob","status":"publish","type":"product","link":"https:\/\/rfid-laundry-tag.com\/es\/proximity-abs-tk4100-key-fob\/","title":{"rendered":"Llavero de proximidad ABS TK4100"},"content":{"rendered":"<h2>Llavero de proximidad ABS TK4100<\/h2>\n<table class=\"has-title all magic-13\">\n<tbody>\n<tr>\n<td colspan=\"1\" rowspan=\"2\">\n<div class=\"magic-14\">material<\/div>\n<\/td>\n<td colspan=\"1\" rowspan=\"1\">\n<div class=\"magic-15\">Material de la antena: papel de aluminio<\/div>\n<\/td>\n<\/tr>\n<tr>\n<td colspan=\"1\" rowspan=\"1\">\n<div class=\"magic-15\">Material de la superficie: ABS\/cuero\/madera.<\/div>\n<\/td>\n<\/tr>\n<tr>\n<td colspan=\"1\" rowspan=\"1\">\n<div class=\"magic-17\">tama\u00f1o<\/div>\n<\/td>\n<td colspan=\"1\" rowspan=\"1\">\n<div class=\"magic-15\" data-spm-anchor-id=\"a2700.details.0.i41.3c939b1b0qFtg1\">40,38 x 31,5 mm, 35,5 x 28 mm, 51,5 x 32 mm o personalizado<\/div>\n<\/td>\n<\/tr>\n<tr>\n<td colspan=\"1\" rowspan=\"1\">\n<div class=\"magic-17\">Manualidades personalizadas<\/div>\n<\/td>\n<td colspan=\"1\" rowspan=\"1\">\n<div class=\"magic-15\">Logotipo serigrafiado\/c\u00f3digo UID, c\u00f3digo de serie o personalizado<\/div>\n<\/td>\n<\/tr>\n<tr>\n<td colspan=\"1\" rowspan=\"1\">\n<div class=\"magic-17\">Temperatura de funcionamiento<\/div>\n<\/td>\n<td colspan=\"1\" rowspan=\"1\">\n<div class=\"magic-15\">-20 \u00b0C ~ +90 \u00b0C<\/div>\n<\/td>\n<\/tr>\n<tr>\n<td colspan=\"1\" rowspan=\"1\">\n<div class=\"magic-17\">codificar<\/div>\n<\/td>\n<td colspan=\"1\" rowspan=\"1\">\n<div class=\"magic-15\">Chip grabable disponible<\/div>\n<\/td>\n<\/tr>\n<tr>\n<td colspan=\"1\" rowspan=\"1\">\n<div class=\"magic-17\">Opciones de color<\/div>\n<\/td>\n<td colspan=\"1\" rowspan=\"1\">\n<div class=\"magic-15\">Rojo, azul, negro, morado, naranja, amarillo (se puede personalizar)<\/div>\n<\/td>\n<\/tr>\n<tr>\n<td colspan=\"1\" rowspan=\"1\">\n<div class=\"magic-17\">distancia de lectura<\/div>\n<\/td>\n<td colspan=\"1\" rowspan=\"1\">\n<div class=\"magic-15\">1~10 cm (depende del lector)<\/div>\n<\/td>\n<\/tr>\n<tr>\n<td colspan=\"1\" rowspan=\"1\">\n<div class=\"magic-17\">aplicaciones<\/div>\n<\/td>\n<td colspan=\"1\" rowspan=\"1\">\n<div class=\"magic-15\" data-spm-anchor-id=\"a2700.details.0.i40.3c939b1b0qFtg1\">sistema de membres\u00eda\/gimnasio\/control de acceso\/pago, etc.<\/div>\n<\/td>\n<\/tr>\n<\/tbody>\n<\/table>\n<p>&nbsp;<\/p>\n<p>Cada <strong>Llavero de proximidad ABS TK4100<\/strong> Viene preprogramado con un n\u00famero de identificaci\u00f3n de d\u00edgito \u00fanico, lo que lo convierte en una opci\u00f3n ideal para usar en RFID. <strong>Sistemas de control de acceso por proximidad<\/strong>Estos llaveros est\u00e1n dise\u00f1ados para integrarse perfectamente con sistemas que gestionan el acceso a puertas, cerraduras el\u00e9ctricas e incluso videoporteros, lo que garantiza capacidades de desbloqueo seguras y confiables.<\/p>\n<p>Los llaveros est\u00e1n fabricados con materiales duraderos. <strong>Material ABS<\/strong>, ofreciendo <strong>impermeable<\/strong> Protecci\u00f3n para garantizar un rendimiento duradero en diversos entornos. Cada llavero est\u00e1 conectado a un <strong>llavero de metal<\/strong>, lo que facilita su transporte y sujeci\u00f3n a llaveros o cordones. Esto los hace pr\u00e1cticos para los usuarios y, al mismo tiempo, mantienen su funcionalidad en condiciones adversas.<\/p>\n<p>Estos llaveros son ampliamente utilizados en <strong>sistemas de control de acceso<\/strong>, que permiten funciones como el desbloqueo de puertas, la gesti\u00f3n de contrase\u00f1as y los permisos de acceso. <strong>Compatible con dispositivos de acceso EM ID est\u00e1ndar<\/strong> o <strong>Lectores de identificaci\u00f3n<\/strong>, lo que los hace muy vers\u00e1tiles para diversas aplicaciones de control de acceso.<\/p>","protected":false},"excerpt":{"rendered":"<p>El <strong>Llavero de proximidad ABS TK4100<\/strong> Es un llavero RFID muy confiable, duradero y seguro, adecuado para varios sistemas de control de acceso. Preprogramado con una identificaci\u00f3n \u00fanica, se usa ampliamente para <strong>Desbloqueo de puertas<\/strong>, <strong>gesti\u00f3n de contrase\u00f1as<\/strong>, y m\u00e1s. Fabricado en material ABS resistente al agua con llavero de metal, es ideal para uso en interiores y exteriores.<\/p>","protected":false},"featured_media":2855,"template":"","meta":{"_kad_post_transparent":"default","_kad_post_title":"","_kad_post_layout":"default","_kad_post_sidebar_id":"","_kad_post_content_style":"default","_kad_post_vertical_padding":"default","_kad_post_feature":"","_kad_post_feature_position":"","_kad_post_header":false,"_kad_post_footer":false,"_kad_post_classname":""},"product_brand":[],"product_cat":[54],"product_tag":[348,346,349,344,345,343],"class_list":{"0":"post-2853","1":"product","2":"type-product","3":"status-publish","4":"has-post-thumbnail","6":"product_cat-hot-selling-rfid-tags","7":"product_tag-nfc-key-fobs-ntag213","8":"product_tag-nfc-key-tag","9":"product_tag-nfc-key-tags","10":"product_tag-nfc-keychain","11":"product_tag-rfid-fob","12":"product_tag-rfid-keyfobs","14":"first","15":"instock","16":"shipping-taxable","17":"product-type-simple","18":"entry","19":"content-bg","20":"loop-entry"},"_links":{"self":[{"href":"https:\/\/rfid-laundry-tag.com\/es\/wp-json\/wp\/v2\/product\/2853","targetHints":{"allow":["GET"]}}],"collection":[{"href":"https:\/\/rfid-laundry-tag.com\/es\/wp-json\/wp\/v2\/product"}],"about":[{"href":"https:\/\/rfid-laundry-tag.com\/es\/wp-json\/wp\/v2\/types\/product"}],"version-history":[{"count":2,"href":"https:\/\/rfid-laundry-tag.com\/es\/wp-json\/wp\/v2\/product\/2853\/revisions"}],"predecessor-version":[{"id":2859,"href":"https:\/\/rfid-laundry-tag.com\/es\/wp-json\/wp\/v2\/product\/2853\/revisions\/2859"}],"wp:featuredmedia":[{"embeddable":true,"href":"https:\/\/rfid-laundry-tag.com\/es\/wp-json\/wp\/v2\/media\/2855"}],"wp:attachment":[{"href":"https:\/\/rfid-laundry-tag.com\/es\/wp-json\/wp\/v2\/media?parent=2853"}],"wp:term":[{"taxonomy":"product_brand","embeddable":true,"href":"https:\/\/rfid-laundry-tag.com\/es\/wp-json\/wp\/v2\/product_brand?post=2853"},{"taxonomy":"product_cat","embeddable":true,"href":"https:\/\/rfid-laundry-tag.com\/es\/wp-json\/wp\/v2\/product_cat?post=2853"},{"taxonomy":"product_tag","embeddable":true,"href":"https:\/\/rfid-laundry-tag.com\/es\/wp-json\/wp\/v2\/product_tag?post=2853"}],"curies":[{"name":"wp","href":"https:\/\/api.w.org\/{rel}","templated":true}]}}