{"id":2850,"date":"2024-11-05T12:42:51","date_gmt":"2024-11-05T12:42:51","guid":{"rendered":"https:\/\/rfid-laundry-tag.com\/?post_type=product&#038;p=2850"},"modified":"2024-11-05T12:49:55","modified_gmt":"2024-11-05T12:49:55","slug":"nfc-key-fobs-ntag213","status":"publish","type":"product","link":"https:\/\/rfid-laundry-tag.com\/es\/nfc-key-fobs-ntag213\/","title":{"rendered":"Llaveros NFC Ntag213"},"content":{"rendered":"<h2>Llaveros NFC Ntag213<\/h2>\n<p>Los llaveros NFC, como el Ntag213, est\u00e1n revolucionando la forma en que interactuamos con nuestros entornos, ofreciendo soluciones seguras y sin contacto para el control de acceso, la identificaci\u00f3n y m\u00e1s. Ya sea que necesite un sistema de entrada sin llave para su oficina, hotel o veh\u00edculo personal, el llavero NFC Ntag213 brinda una experiencia fluida y confiable. Esta descripci\u00f3n del producto profundiza en los beneficios, las caracter\u00edsticas y los usos del llavero NFC Ntag213, ofreciendo detalles completos para quienes est\u00e9n considerando esta tecnolog\u00eda avanzada.<\/p>\n<hr \/>\n<h2>Descripci\u00f3n general del producto<\/h2>\n<p>El <strong>Llavero NFC Ntag213<\/strong> es un dispositivo sin contacto de alto rendimiento que aprovecha la tecnolog\u00eda de comunicaci\u00f3n de campo cercano (NFC). Dise\u00f1ado para ser compacto, seguro y f\u00e1cil de usar, este llavero permite una amplia gama de aplicaciones, que incluyen control de acceso, sistemas de pago y autenticaci\u00f3n de productos. Con un enfoque en la seguridad, la facilidad de uso y la eficiencia, el llavero Ntag213 proporciona una funcionalidad superior para empresas, hoteles, hogares y m\u00e1s.<\/p>\n<h3>\u00bfPor qu\u00e9 comprar el llavero NFC Ntag213?<\/h3>\n<p>El Ntag213 es m\u00e1s que un llavero: es una soluci\u00f3n de acceso segura y confiable. Al ofrecer una combinaci\u00f3n de rendimiento de alta calidad, facilidad de integraci\u00f3n y compatibilidad con los sistemas existentes, es la opci\u00f3n ideal para empresas que buscan actualizar sus medidas de seguridad o personas que buscan una forma m\u00e1s eficiente de administrar su acceso. Estos son los motivos por los que vale la pena la inversi\u00f3n:<\/p>\n<ul>\n<li><strong>Seguridad confiable:<\/strong> Con cifrado incorporado y un identificador \u00fanico (UID), este llavero garantiza un acceso seguro sin riesgo de duplicaci\u00f3n o uso no autorizado.<\/li>\n<li><strong>Durabilidad duradera:<\/strong> Dise\u00f1ado para el uso diario, el llavero NFC Ntag213 cuenta con una larga vida \u00fatil con hasta 100.000 ciclos de escritura y un tiempo de retenci\u00f3n de datos de 10 a\u00f1os.<\/li>\n<li><strong>Compatibilidad vers\u00e1til:<\/strong> Su compatibilidad con ambos <strong>Sistemas RFID de 13,56 MHz<\/strong> y <strong>Dispositivos habilitados para NFC<\/strong> lo convierte en una soluci\u00f3n vers\u00e1til para una variedad de aplicaciones.<\/li>\n<\/ul>\n<p>Profundicemos en las caracter\u00edsticas y beneficios clave del llavero NFC Ntag213.<\/p>\n<hr \/>\n<h2>Tecnolog\u00eda NFC: la columna vertebral de las soluciones de seguridad modernas<\/h2>\n<p>La tecnolog\u00eda NFC (Near-Field Communication) es la fuerza impulsora detr\u00e1s de los sistemas de acceso sin contacto. <strong>Ntag213<\/strong> es una de las etiquetas NFC m\u00e1s populares desarrolladas por <strong>Semiconductores NXP\u00ae<\/strong>, adhiri\u00e9ndose a la <strong>Etiqueta tipo 2 del foro NFC<\/strong> est\u00e1ndar. Esta conformidad garantiza que el dispositivo funcione sin problemas con tel\u00e9fonos inteligentes, tabletas y lectores NFC dedicados habilitados.<\/p>\n<h3>Integraci\u00f3n perfecta con sistemas de control de acceso<\/h3>\n<p>Ya sea que se trate de un <strong>sistema de entrada al hotel<\/strong>, <strong>Entrada sin llave a la oficina<\/strong>, o un sistema de control de acceso personal, la tecnolog\u00eda NFC simplifica el proceso. <strong>Llavero NFC Ntag213<\/strong> es un componente cr\u00edtico de las soluciones de acceso modernas, que ofrece una <strong>m\u00e9todo seguro y sin contacto<\/strong> Para desbloquear puertas, acceder a \u00e1reas restringidas e incluso realizar pagos. Con sus funciones de proximidad intuitivas, los usuarios pueden desbloquear puertas simplemente acercando el llavero a un lector habilitado con NFC.<\/p>\n<h3>Mayor comodidad para el usuario<\/h3>\n<p>La tecnolog\u00eda NFC elimina la necesidad de llaves tradicionales o tarjetas f\u00edsicas, lo que permite un acceso m\u00e1s r\u00e1pido y eficiente. <strong>distancia de lectura<\/strong> El alcance de hasta 100 mm (seg\u00fan la geometr\u00eda de la antena) garantiza que el llavero se pueda escanear f\u00e1cilmente sin necesidad de contacto directo. Esta caracter\u00edstica proporciona mayor comodidad tanto para los propietarios de empresas como para los usuarios.<\/p>\n<hr \/>\n<h2>Caracter\u00edsticas principales del llavero NFC Ntag213<\/h2>\n<h3>1. <strong>Funciones de seguridad integradas para un acceso seguro<\/strong><\/h3>\n<p>La seguridad es una prioridad m\u00e1xima cuando se trata del control de acceso, y la <strong>Llavero NFC Ntag213<\/strong> ofrece exactamente eso. Con su <strong>UID \u00fanico de 7 bytes<\/strong>El dispositivo garantiza que cada llavero sea \u00fanico, lo que evita la duplicaci\u00f3n no autorizada. <strong>protecci\u00f3n con contrase\u00f1a<\/strong> y <strong>Firma de originalidad basada en ECC<\/strong> Para proteger a\u00fan m\u00e1s los datos y garantizar que el llavero no pueda ser manipulado.<\/p>\n<ul>\n<li><strong>Protecci\u00f3n con contrase\u00f1a<\/strong>:La capacidad de configurar una contrase\u00f1a de 32 bits garantiza que s\u00f3lo los usuarios autorizados puedan acceder al sistema.<\/li>\n<li><strong>Firma ECC<\/strong>: El <strong>Firma de originalidad basada en ECC<\/strong> ofrece una capa adicional de seguridad, lo que dificulta que los estafadores falsifiquen el llavero.<\/li>\n<\/ul>\n<h3>2. <strong>Uso en m\u00faltiples aplicaciones<\/strong><\/h3>\n<p>Una de las ventajas m\u00e1s significativas de la <strong>Llavero NFC Ntag213<\/strong> Es su versatilidad. Se puede utilizar para diversas aplicaciones, entre ellas:<\/p>\n<ul>\n<li><strong>Control de acceso:<\/strong> Se utiliza para desbloquear puertas en oficinas, hoteles o casas.<\/li>\n<li><strong>Sistemas de pago:<\/strong> Pagos seguros y sin contacto a trav\u00e9s de la integraci\u00f3n NFC m\u00f3vil.<\/li>\n<li><strong>Autenticaci\u00f3n del producto:<\/strong> Verificar la autenticidad de productos o mercanc\u00edas de alta gama.<\/li>\n<li><strong>Publicidad inteligente:<\/strong> Mejore las campa\u00f1as de marketing fuera del hogar utilizando etiquetas NFC integradas en medios impresos.<\/li>\n<\/ul>\n<h3>3. <strong>Durabilidad y longevidad<\/strong><\/h3>\n<p>Con un <strong>escribe resistencia de 100.000 ciclos<\/strong> y un <strong>Tiempo de retenci\u00f3n de datos de 10 a\u00f1os.<\/strong>, el <strong>Llavero NFC Ntag213<\/strong> Est\u00e1 dise\u00f1ado para durar. Ya sea que se use a diario en un entorno de oficina concurrido o como parte de una aplicaci\u00f3n de poco tr\u00e1fico, este llavero puede soportar un uso prolongado sin degradar su rendimiento.<\/p>\n<h3>4. <strong>Dise\u00f1o compacto y ligero<\/strong><\/h3>\n<p>El llavero Ntag213 es compacto y liviano, lo que lo hace f\u00e1cil de transportar. <strong>compatible con llaveros<\/strong>, lo que permite a los usuarios adjuntarlo a sus llaves para un acceso conveniente. <strong>Ocupa poco espacio<\/strong> Lo hace ideal para aplicaciones que requieren soluciones que ahorren espacio, como etiquetas integradas en etiquetas de productos o tarjetas de juego.<\/p>\n<hr \/>\n<h2>Impacto ambiental y sostenibilidad<\/h2>\n<p>A medida que tanto las empresas como los consumidores contin\u00faan priorizando la sostenibilidad, <strong>Llavero NFC Ntag213<\/strong> est\u00e1 dise\u00f1ado teniendo en mente la responsabilidad ambiental. <strong>Bajo consumo de energ\u00eda<\/strong> y la durabilidad prolongada contribuyen a reducir los desechos y los reemplazos a lo largo del tiempo. Adem\u00e1s, como <strong>etiqueta RFID pasiva<\/strong>El Ntag213 no necesita bater\u00eda para funcionar, lo que minimiza a\u00fan m\u00e1s su huella ambiental.<\/p>\n<hr \/>\n<h2>C\u00f3mo utilizar el llavero NFC Ntag213<\/h2>\n<p>Usando el <strong>Llavero NFC Ntag213<\/strong> Es simple y directo:<\/p>\n<ol>\n<li><strong>Programaci\u00f3n<\/strong>: Utilice software o lectores NFC compatibles para programar el llavero con la informaci\u00f3n necesaria, como credenciales de acceso o informaci\u00f3n de pago.<\/li>\n<li><strong>Integraci\u00f3n<\/strong>:Integre el llavero con un sistema de control de acceso o terminal de pago habilitado con NFC.<\/li>\n<li><strong>Activaci\u00f3n<\/strong>: Sostenga el llavero cerca de un lector NFC para obtener acceso o completar una transacci\u00f3n. <strong>Sin contacto<\/strong> La interacci\u00f3n garantiza un uso fluido y eficiente.<\/li>\n<\/ol>\n<hr \/>\n<h2>Rese\u00f1as de clientes<\/h2>\n<p>Muchos usuarios han elogiado el <strong>Llavero NFC Ntag213<\/strong> por su <strong>facilidad de uso<\/strong>, <strong>seguridad<\/strong>, y <strong>fiabilidad<\/strong>A continuaci\u00f3n se muestran algunos testimonios de clientes satisfechos:<\/p>\n<ul>\n<li><strong>John D., Gerente de oficina<\/strong>:\u201cEl Ntag213 ha hecho que el acceso a nuestro edificio de oficinas sea m\u00e1s f\u00e1cil que nunca. Es seguro, f\u00e1cil de usar y ya no tengo que preocuparme por perder las llaves\u201d.<\/li>\n<li><strong>Sarah T., propietaria del hotel<\/strong>:\u201cImplementamos el Ntag213 en nuestro sistema de llaves del hotel y ha mejorado significativamente la satisfacci\u00f3n de los hu\u00e9spedes. Es r\u00e1pido, seguro y muy conveniente\u201d.<\/li>\n<\/ul>\n<hr \/>\n<h2>Preguntas frecuentes<\/h2>\n<h3>P1: \u00bfPuedo programar yo mismo el llavero Ntag213?<\/h3>\n<p>S\u00ed, puedes programar el llavero Ntag213 con lectores NFC y software compatibles. Esto facilita la integraci\u00f3n del llavero con tus sistemas existentes.<\/p>\n<h3>P2: \u00bfCu\u00e1nto dura la bater\u00eda del llavero Ntag213?<\/h3>\n<p>El llavero Ntag213 no necesita bater\u00eda ya que funciona con <strong>Tecnolog\u00eda RFID pasiva<\/strong>, consumiendo energ\u00eda del lector NFC cuando est\u00e1 cerca.<\/p>\n<h3>P3: \u00bfCu\u00e1l es el rango de lectura del llavero NFC Ntag213?<\/h3>\n<p>El rango de lectura t\u00edpico es de hasta 100 mm, dependiendo de factores como la <strong>Dise\u00f1o de antena del lector<\/strong> y la intensidad del campo.<\/p>\n<hr \/>\n<h2>Conclusi\u00f3n: \u00bfPor qu\u00e9 elegir el llavero NFC Ntag213?<\/h2>\n<p>El <strong>Llavero NFC Ntag213<\/strong> ofrece una combinaci\u00f3n ideal de seguridad, confiabilidad y comodidad para el usuario. <strong>tecnolog\u00eda sin contacto<\/strong>, <strong>Dise\u00f1o compacto<\/strong>, y <strong>Versatilidad de m\u00faltiples aplicaciones<\/strong> Convi\u00e9rtalo en la opci\u00f3n perfecta para los sistemas de control de acceso, pagos e identificaci\u00f3n modernos. Ya sea que se trate de una empresa que busca mejorar su infraestructura de seguridad o de un consumidor que busca una soluci\u00f3n conveniente y segura para sus necesidades de acceso personal, el Ntag213 es una inversi\u00f3n inteligente.<\/p>\n<p>Asegure su acceso hoy con el <strong>Llavero NFC Ntag213<\/strong>\u2014El futuro de la seguridad sin contacto est\u00e1 aqu\u00ed.<\/p>","protected":false},"excerpt":{"rendered":"<p><strong>Llavero NFC Ntag213<\/strong> ofrece una combinaci\u00f3n ideal de seguridad, confiabilidad y comodidad para el usuario. <strong>tecnolog\u00eda sin contacto<\/strong>, <strong>Dise\u00f1o compacto<\/strong>, y <strong>Versatilidad de m\u00faltiples aplicaciones<\/strong> lo convierten en la elecci\u00f3n perfecta para los sistemas modernos de control de acceso, pagos e identificaci\u00f3n.<\/p>","protected":false},"featured_media":2845,"template":"","meta":{"_kad_post_transparent":"default","_kad_post_title":"","_kad_post_layout":"default","_kad_post_sidebar_id":"","_kad_post_content_style":"default","_kad_post_vertical_padding":"default","_kad_post_feature":"","_kad_post_feature_position":"","_kad_post_header":false,"_kad_post_footer":false,"_kad_post_classname":""},"product_brand":[],"product_cat":[54],"product_tag":[348,346,349,344,345,343],"class_list":{"0":"post-2850","1":"product","2":"type-product","3":"status-publish","4":"has-post-thumbnail","6":"product_cat-hot-selling-rfid-tags","7":"product_tag-nfc-key-fobs-ntag213","8":"product_tag-nfc-key-tag","9":"product_tag-nfc-key-tags","10":"product_tag-nfc-keychain","11":"product_tag-rfid-fob","12":"product_tag-rfid-keyfobs","14":"first","15":"instock","16":"shipping-taxable","17":"product-type-simple","18":"entry","19":"content-bg","20":"loop-entry"},"_links":{"self":[{"href":"https:\/\/rfid-laundry-tag.com\/es\/wp-json\/wp\/v2\/product\/2850","targetHints":{"allow":["GET"]}}],"collection":[{"href":"https:\/\/rfid-laundry-tag.com\/es\/wp-json\/wp\/v2\/product"}],"about":[{"href":"https:\/\/rfid-laundry-tag.com\/es\/wp-json\/wp\/v2\/types\/product"}],"version-history":[{"count":2,"href":"https:\/\/rfid-laundry-tag.com\/es\/wp-json\/wp\/v2\/product\/2850\/revisions"}],"predecessor-version":[{"id":2852,"href":"https:\/\/rfid-laundry-tag.com\/es\/wp-json\/wp\/v2\/product\/2850\/revisions\/2852"}],"wp:featuredmedia":[{"embeddable":true,"href":"https:\/\/rfid-laundry-tag.com\/es\/wp-json\/wp\/v2\/media\/2845"}],"wp:attachment":[{"href":"https:\/\/rfid-laundry-tag.com\/es\/wp-json\/wp\/v2\/media?parent=2850"}],"wp:term":[{"taxonomy":"product_brand","embeddable":true,"href":"https:\/\/rfid-laundry-tag.com\/es\/wp-json\/wp\/v2\/product_brand?post=2850"},{"taxonomy":"product_cat","embeddable":true,"href":"https:\/\/rfid-laundry-tag.com\/es\/wp-json\/wp\/v2\/product_cat?post=2850"},{"taxonomy":"product_tag","embeddable":true,"href":"https:\/\/rfid-laundry-tag.com\/es\/wp-json\/wp\/v2\/product_tag?post=2850"}],"curies":[{"name":"wp","href":"https:\/\/api.w.org\/{rel}","templated":true}]}}