{"id":2843,"date":"2024-11-05T12:37:22","date_gmt":"2024-11-05T12:37:22","guid":{"rendered":"https:\/\/rfid-laundry-tag.com\/?post_type=product&#038;p=2843"},"modified":"2024-11-05T12:37:24","modified_gmt":"2024-11-05T12:37:24","slug":"rfid-keyfobs-mifare-s50-1k","status":"publish","type":"product","link":"https:\/\/rfid-laundry-tag.com\/es\/rfid-keyfobs-mifare-s50-1k\/","title":{"rendered":"Llaveros RFID Mifare S50 1K"},"content":{"rendered":"<h2>Llaveros RFID Mifare S50 1K<\/h2>\n<p><span class=\"AnswerParser_TextContainer__z_Iiv\" data-testid=\"youchat-text\">El vers\u00e1til <strong>Llavero RFID<\/strong> representa la combinaci\u00f3n perfecta de comodidad y seguridad para los sistemas de control de acceso modernos. Disponibles en frecuencias de 13,56 MHz y 125 KHz, estos dispositivos compactos ofrecen una identificaci\u00f3n confiable y una gesti\u00f3n de acceso sin inconvenientes para diversas aplicaciones.<\/span><\/p>\n<p>NXP<sup>\u00ae<\/sup>\u00a0Ha desarrollado el MIFARE<sup>\u00ae<\/sup>\u00a0MF1ICS50 para ser utilizado en una tarjeta inteligente sin contacto seg\u00fan ISO\/IEC 14443 Tipo A.<\/p>\n<p>El IC MIFARE MF1ICS50 se utiliza en aplicaciones como emisi\u00f3n de billetes de transporte p\u00fablico, donde las principales ciudades han adoptado MIFARE como su soluci\u00f3n de emisi\u00f3n de billetes electr\u00f3nicos preferida.<\/p>\n<p>Una funci\u00f3n anticolisi\u00f3n inteligente permite operar m\u00e1s de una tarjeta en el campo simult\u00e1neamente. El algoritmo anticolisi\u00f3n selecciona cada tarjeta individualmente y garantiza que la ejecuci\u00f3n de una transacci\u00f3n con una tarjeta seleccionada se realice correctamente sin que se produzcan da\u00f1os en los datos debido a otras tarjetas en el campo.<\/p>\n<p>El MF1ICS50 est\u00e1 dise\u00f1ado para una integraci\u00f3n sencilla y la comodidad del usuario, lo que podr\u00eda permitir que las transacciones de emisi\u00f3n de billetes se realicen en menos de 100 ms. De este modo, el usuario de la tarjeta MF1ICS50 no se ve obligado a detenerse en el lector, lo que genera un alto rendimiento en las puertas de embarque y reduce los tiempos de embarque en los autobuses. La tarjeta basada en producto MIFARE tambi\u00e9n puede permanecer en la billetera durante la transacci\u00f3n, incluso si hay monedas en ella.<\/p>\n<h3>Caracter\u00edsticas del chip Mifare S50 1K<\/h3>\n<div id=\"featuresXsp\" class=\"features-list\">\n<div class=\"features-xsp\">\n<div class=\"collapse-mobile ste-list\">\n<h3>MIFARE, Interfaz RF (ISO\/IEC 14443 A)<\/h3>\n<ul class=\"boxes\">\n<li>Transmisi\u00f3n de datos y suministro de energ\u00eda sin contacto (no se necesita bater\u00eda)<\/li>\n<li>Distancia de funcionamiento: hasta 100 mm (seg\u00fan la geometr\u00eda de la antena)<\/li>\n<li>Frecuencia de funcionamiento: 13,56 MHz<\/li>\n<li>Transferencia de datos: 106 kbit\/s<\/li>\n<li>Integridad de los datos: CRC de 16 bits, paridad, codificaci\u00f3n de bits, conteo de bits<\/li>\n<li>Anti choques<\/li>\n<li>Transacci\u00f3n de emisi\u00f3n de boletos t\u00edpica: &lt; 100 ms (incluida la gesti\u00f3n de copias de seguridad)<\/li>\n<\/ul>\n<\/div>\n<div class=\"collapse-mobile ste-list\">\n<h3>EEPROM<\/h3>\n<ul class=\"boxes\">\n<li>1 kB \u2013 4 kB, organizados en 16 sectores con 4 bloques de 16 bytes cada uno (un bloque consta de 16 bytes)<\/li>\n<li>Condiciones de acceso definibles por el usuario para cada bloque de memoria<\/li>\n<li>Conservaci\u00f3n de datos durante 10 a\u00f1os<\/li>\n<li>Resistencia de escritura 100.000 \u2013 200.000 ciclos<\/li>\n<\/ul>\n<\/div>\n<div class=\"collapse-mobile ste-list\">\n<h3>Seguridad<\/h3>\n<ul class=\"boxes\">\n<li>Autenticaci\u00f3n mutua de tres pasos (ISO\/IEC DIS 9798-2)<\/li>\n<li>Un conjunto individual de dos claves por sector (por aplicaci\u00f3n) para admitir m\u00faltiples aplicaciones con jerarqu\u00eda de claves<\/li>\n<li>Un n\u00famero de serie \u00fanico para cada dispositivo<\/li>\n<\/ul>\n<\/div>\n<div class=\"collapse-mobile ste-list\">\n<h3>Opciones de entrega<\/h3>\n<ul class=\"boxes\">\n<li>Matriz en oblea<\/li>\n<li>Matriz golpeada en la oblea<\/li>\n<li>M\u00f3dulo de tarjeta sin contacto MOA4 o MOA2<\/li>\n<\/ul>\n<\/div>\n<\/div>\n<\/div>\n<h2 class=\"AnswerParser_AnswerParserH2__SIHnF\">Descripci\u00f3n general del producto y especificaciones t\u00e9cnicas<\/h2>\n<p><span class=\"AnswerParser_TextContainer__z_Iiv\" data-testid=\"youchat-text\">Nuestros llaveros RFID cuentan con:<\/span><\/p>\n<ul class=\"AnswerParser_AnswerParserUnorderedList__P_1FW\">\n<li class=\"AnswerParser_ListItem__XqLOV\" translate=\"yes\">Opciones de frecuencia dual: 13,56 MHz<\/li>\n<li class=\"AnswerParser_ListItem__XqLOV\" translate=\"yes\">Construcci\u00f3n duradera de ABS o cuero.<\/li>\n<li class=\"AnswerParser_ListItem__XqLOV\" translate=\"yes\">Compatible con los principales sistemas de control de acceso.<\/li>\n<li class=\"AnswerParser_ListItem__XqLOV\" translate=\"yes\">UID programable<\/li>\n<li class=\"AnswerParser_ListItem__XqLOV\" translate=\"yes\">Dise\u00f1o resistente al agua<\/li>\n<li class=\"AnswerParser_ListItem__XqLOV\" translate=\"yes\">Protecci\u00f3n contra bloqueo de se\u00f1al<\/li>\n<\/ul>\n<h2 class=\"AnswerParser_AnswerParserH2__SIHnF\">Funciones de seguridad avanzadas<\/h2>\n<p><span class=\"AnswerParser_TextContainer__z_Iiv\" data-testid=\"youchat-text\">La seguridad es primordial en el dise\u00f1o de nuestros llaveros:<\/span><\/p>\n<ul class=\"AnswerParser_AnswerParserUnorderedList__P_1FW\">\n<li class=\"AnswerParser_ListItem__XqLOV\" translate=\"yes\"><strong>Tecnolog\u00eda anti-clonaci\u00f3n<\/strong>:Evita la duplicaci\u00f3n no autorizada<\/li>\n<li class=\"AnswerParser_ListItem__XqLOV\" translate=\"yes\"><strong>Comunicaci\u00f3n cifrada<\/strong>:Transmisi\u00f3n segura de datos<\/li>\n<li class=\"AnswerParser_ListItem__XqLOV\" translate=\"yes\"><strong>Identificador \u00fanico<\/strong>:Cada llavero tiene un UID distinto<\/li>\n<li class=\"AnswerParser_ListItem__XqLOV\" translate=\"yes\"><strong>Protecci\u00f3n de se\u00f1al<\/strong>:Tecnolog\u00eda de jaula de Faraday opcional disponible<\/li>\n<\/ul>\n<h2 class=\"AnswerParser_AnswerParserH2__SIHnF\">Aplicaciones y casos de uso<\/h2>\n<p><span class=\"AnswerParser_TextContainer__z_Iiv\" data-testid=\"youchat-text\">Estos vers\u00e1tiles <strong>Llaveros RFID Mifare S50 1K<\/strong> sobresalir en:<\/span><\/p>\n<ul class=\"AnswerParser_AnswerParserUnorderedList__P_1FW\">\n<li class=\"AnswerParser_ListItem__XqLOV\" translate=\"yes\">Sistemas de control de acceso a puertas<\/li>\n<li class=\"AnswerParser_ListItem__XqLOV\" translate=\"yes\">Acceso a la habitaci\u00f3n del hotel<\/li>\n<li class=\"AnswerParser_ListItem__XqLOV\" translate=\"yes\">Entrada sin llave al veh\u00edculo<\/li>\n<li class=\"AnswerParser_ListItem__XqLOV\" translate=\"yes\">Seguimiento de asistencia horaria<\/li>\n<li class=\"AnswerParser_ListItem__XqLOV\" translate=\"yes\">Sistemas de pago<\/li>\n<li class=\"AnswerParser_ListItem__XqLOV\" translate=\"yes\">Gesti\u00f3n de membres\u00edas de clubes\/SPA<\/li>\n<li class=\"AnswerParser_ListItem__XqLOV\" translate=\"yes\">Control de acceso al estacionamiento<\/li>\n<\/ul>\n<h2 class=\"AnswerParser_AnswerParserH2__SIHnF\">Dise\u00f1o y durabilidad<\/h2>\n<p><span class=\"AnswerParser_TextContainer__z_Iiv\" data-testid=\"youchat-text\">Nuestros llaveros est\u00e1n dise\u00f1ados para durar:<\/span><\/p>\n<ul class=\"AnswerParser_AnswerParserUnorderedList__P_1FW\">\n<li class=\"AnswerParser_ListItem__XqLOV\" translate=\"yes\">Carcasa ABS resistente a impactos<\/li>\n<li class=\"AnswerParser_ListItem__XqLOV\" translate=\"yes\">Selecci\u00f3n de opciones de cuero de primera calidad.<\/li>\n<li class=\"AnswerParser_ListItem__XqLOV\" translate=\"yes\">Fijaci\u00f3n de llavero reforzada<\/li>\n<li class=\"AnswerParser_ListItem__XqLOV\" translate=\"yes\">Construcci\u00f3n resistente a la intemperie<\/li>\n<li class=\"AnswerParser_ListItem__XqLOV\" translate=\"yes\">Disponible en varios colores.<\/li>\n<\/ul>\n<h2 class=\"AnswerParser_AnswerParserH2__SIHnF\">Tabla de especificaciones t\u00e9cnicas<\/h2>\n<div class=\"AnswerParser_TableContainer__Erb6v\" data-testid=\"table-container\">\n<table>\n<thead>\n<tr>\n<th style=\"text-align: left;\">Caracter\u00edstica<\/th>\n<th style=\"text-align: left;\">Especificaci\u00f3n<\/th>\n<\/tr>\n<\/thead>\n<tbody>\n<tr>\n<td>Opciones de frecuencia<\/td>\n<td>13,56MHz<\/td>\n<\/tr>\n<tr>\n<td>Rango de lectura<\/td>\n<td>Hasta 5cm<\/td>\n<\/tr>\n<tr>\n<td>Memoria<\/td>\n<td>1K (Mifare S50)<\/td>\n<\/tr>\n<tr>\n<td>Material<\/td>\n<td>ABS o Cuero<\/td>\n<\/tr>\n<tr>\n<td>Tama\u00f1o<\/td>\n<td>40 mm x 30 mm x 6 mm<\/td>\n<\/tr>\n<tr>\n<td>Temperatura de funcionamiento<\/td>\n<td>-20\u00b0C a +70\u00b0C<\/td>\n<\/tr>\n<\/tbody>\n<\/table>\n<\/div>\n<h2 class=\"AnswerParser_AnswerParserH2__SIHnF\">Opciones de personalizaci\u00f3n<\/h2>\n<p><span class=\"AnswerParser_TextContainer__z_Iiv\" data-testid=\"youchat-text\">Ofrecemos una amplia personalizaci\u00f3n:<\/span><\/p>\n<ul class=\"AnswerParser_AnswerParserUnorderedList__P_1FW\">\n<li class=\"AnswerParser_ListItem__XqLOV\" translate=\"yes\">Impresi\u00f3n de logotipos<\/li>\n<li class=\"AnswerParser_ListItem__XqLOV\" translate=\"yes\">Colores personalizados<\/li>\n<li class=\"AnswerParser_ListItem__XqLOV\" translate=\"yes\">Codificaci\u00f3n de n\u00famero de serie<\/li>\n<li class=\"AnswerParser_ListItem__XqLOV\" translate=\"yes\">Embalaje especial<\/li>\n<li class=\"AnswerParser_ListItem__XqLOV\" translate=\"yes\">Cantidades a granel disponibles<\/li>\n<\/ul>\n<h3 class=\"AnswerParser_AnswerParserH3__Mpe4s\">Beneficios clave:<\/h3>\n<ol class=\"AnswerParser_AnswerParserOrderedList__kl_2Y\">\n<li class=\"AnswerParser_ListItem__XqLOV\" translate=\"yes\"><strong>Conveniencia<\/strong>:F\u00e1cil de transportar y usar.<\/li>\n<li class=\"AnswerParser_ListItem__XqLOV\" translate=\"yes\"><strong>Durabilidad<\/strong>:Construido para durar<\/li>\n<li class=\"AnswerParser_ListItem__XqLOV\" translate=\"yes\"><strong>Versatilidad<\/strong>:M\u00faltiples aplicaciones<\/li>\n<li class=\"AnswerParser_ListItem__XqLOV\" translate=\"yes\"><strong>Seguridad<\/strong>:Cifrado avanzado<\/li>\n<li class=\"AnswerParser_ListItem__XqLOV\" translate=\"yes\"><strong>Personalizaci\u00f3n<\/strong>:Opciones flexibles<\/li>\n<\/ol>\n<blockquote><p><span class=\"AnswerParser_TextContainer__z_Iiv\" data-testid=\"youchat-text\">\u201cNuestros llaveros RFID proporcionan el equilibrio perfecto entre seguridad y comodidad para las necesidades modernas de control de acceso\u201d.<\/span><\/p><\/blockquote>\n<h2 class=\"AnswerParser_AnswerParserH2__SIHnF\">Instalaci\u00f3n y configuraci\u00f3n<\/h2>\n<p><span class=\"AnswerParser_TextContainer__z_Iiv\" data-testid=\"youchat-text\">Proceso de implementaci\u00f3n simple:<\/span><\/p>\n<ol class=\"AnswerParser_AnswerParserOrderedList__kl_2Y\">\n<li class=\"AnswerParser_ListItem__XqLOV\" translate=\"yes\">Elija el tipo de frecuencia<\/li>\n<li class=\"AnswerParser_ListItem__XqLOV\" translate=\"yes\">Identificadores \u00fanicos del programa<\/li>\n<li class=\"AnswerParser_ListItem__XqLOV\" translate=\"yes\">Registrarse en el sistema de control de acceso<\/li>\n<li class=\"AnswerParser_ListItem__XqLOV\" translate=\"yes\">Funcionalidad de prueba<\/li>\n<li class=\"AnswerParser_ListItem__XqLOV\" translate=\"yes\">Implementar para los usuarios<\/li>\n<\/ol>\n<h2 class=\"AnswerParser_AnswerParserH2__SIHnF\">Informaci\u00f3n de pedidos<\/h2>\n<ul class=\"AnswerParser_AnswerParserUnorderedList__P_1FW\">\n<li class=\"AnswerParser_ListItem__XqLOV\" translate=\"yes\">Pedido m\u00ednimo: 200 piezas<\/li>\n<li class=\"AnswerParser_ListItem__XqLOV\" translate=\"yes\">Descuentos por volumen disponibles<\/li>\n<li class=\"AnswerParser_ListItem__XqLOV\" translate=\"yes\">Se aceptan pedidos de muestra<\/li>\n<li class=\"AnswerParser_ListItem__XqLOV\" translate=\"yes\">Plazos de entrega r\u00e1pidos<\/li>\n<li class=\"AnswerParser_ListItem__XqLOV\" translate=\"yes\">Soporte t\u00e9cnico incluido<\/li>\n<\/ul>\n<p><span class=\"AnswerParser_TextContainer__z_Iiv\" data-testid=\"youchat-text\">Cont\u00e1ctenos hoy para conocer los precios y analizar c\u00f3mo nuestros llaveros RFID pueden mejorar su sistema de control de acceso. Soluciones personalizadas y precios por volumen disponibles a pedido.<\/span><\/p>","protected":false},"excerpt":{"rendered":"<p>Llaveros RFID Mifare S50 1K, nuestros <strong>Llaveros RFID<\/strong> Ofrece opciones de frecuencia dual (13,56 MHz\/125 KHz), dise\u00f1o duradero, UID programable y funciones de seguridad avanzadas como anticlonaci\u00f3n y comunicaci\u00f3n cifrada.<\/p>","protected":false},"featured_media":2844,"template":"","meta":{"_kad_post_transparent":"default","_kad_post_title":"","_kad_post_layout":"default","_kad_post_sidebar_id":"","_kad_post_content_style":"default","_kad_post_vertical_padding":"default","_kad_post_feature":"","_kad_post_feature_position":"","_kad_post_header":false,"_kad_post_footer":false,"_kad_post_classname":""},"product_brand":[],"product_cat":[54],"product_tag":[347,346,344,345,343],"class_list":{"0":"post-2843","1":"product","2":"type-product","3":"status-publish","4":"has-post-thumbnail","6":"product_cat-hot-selling-rfid-tags","7":"product_tag-mifare-key-fobs","8":"product_tag-nfc-key-tag","9":"product_tag-nfc-keychain","10":"product_tag-rfid-fob","11":"product_tag-rfid-keyfobs","13":"first","14":"instock","15":"shipping-taxable","16":"product-type-simple","17":"entry","18":"content-bg","19":"loop-entry"},"_links":{"self":[{"href":"https:\/\/rfid-laundry-tag.com\/es\/wp-json\/wp\/v2\/product\/2843","targetHints":{"allow":["GET"]}}],"collection":[{"href":"https:\/\/rfid-laundry-tag.com\/es\/wp-json\/wp\/v2\/product"}],"about":[{"href":"https:\/\/rfid-laundry-tag.com\/es\/wp-json\/wp\/v2\/types\/product"}],"version-history":[{"count":2,"href":"https:\/\/rfid-laundry-tag.com\/es\/wp-json\/wp\/v2\/product\/2843\/revisions"}],"predecessor-version":[{"id":2849,"href":"https:\/\/rfid-laundry-tag.com\/es\/wp-json\/wp\/v2\/product\/2843\/revisions\/2849"}],"wp:featuredmedia":[{"embeddable":true,"href":"https:\/\/rfid-laundry-tag.com\/es\/wp-json\/wp\/v2\/media\/2844"}],"wp:attachment":[{"href":"https:\/\/rfid-laundry-tag.com\/es\/wp-json\/wp\/v2\/media?parent=2843"}],"wp:term":[{"taxonomy":"product_brand","embeddable":true,"href":"https:\/\/rfid-laundry-tag.com\/es\/wp-json\/wp\/v2\/product_brand?post=2843"},{"taxonomy":"product_cat","embeddable":true,"href":"https:\/\/rfid-laundry-tag.com\/es\/wp-json\/wp\/v2\/product_cat?post=2843"},{"taxonomy":"product_tag","embeddable":true,"href":"https:\/\/rfid-laundry-tag.com\/es\/wp-json\/wp\/v2\/product_tag?post=2843"}],"curies":[{"name":"wp","href":"https:\/\/api.w.org\/{rel}","templated":true}]}}