{"id":2830,"date":"2024-11-04T15:27:11","date_gmt":"2024-11-04T15:27:11","guid":{"rendered":"https:\/\/rfid-laundry-tag.com\/?post_type=product&#038;p=2830"},"modified":"2024-11-04T15:36:34","modified_gmt":"2024-11-04T15:36:34","slug":"washable-laundry-rfid-tags-manufacturer","status":"publish","type":"product","link":"https:\/\/rfid-laundry-tag.com\/es\/washable-laundry-rfid-tags-manufacturer\/","title":{"rendered":"Fabricante de etiquetas RFID para lavander\u00eda lavables"},"content":{"rendered":"<div>\n<div class=\"auto-hide-last-sibling-br paragraph_1252f paragraph-element\">\n<h1 class=\"AnswerParser_AnswerParserH1__6UNv6\">Fabricante de etiquetas RFID para lavander\u00eda lavables<\/h1>\n<h1 class=\"AnswerParser_AnswerParserH1__6UNv6\">Etiquetas RFID para lavander\u00eda lavables<\/h1>\n<table width=\"637\">\n<tbody>\n<tr>\n<td width=\"328\">Nombre del \u00e1rticulo:<\/td>\n<td width=\"309\">Etiquetas RFID para lavander\u00eda lavables<\/td>\n<\/tr>\n<tr>\n<td width=\"328\">Est\u00e1ndar RFID:<\/td>\n<td width=\"309\">ISO\/IEC 18000-6 Tipo C (EPC Gen2)<\/td>\n<\/tr>\n<tr>\n<td width=\"328\">Tama\u00f1o y peso:<\/td>\n<td width=\"309\">70\u00d715 mm, 0,6 g<\/td>\n<\/tr>\n<tr>\n<td width=\"328\">Tipo de chip:<\/td>\n<td width=\"309\">Impinj Monza 4QT, NXP U C\u00d3DIGO 8, NXP U C\u00d3DIGO 9<\/td>\n<\/tr>\n<tr>\n<td width=\"328\">Memoria EPC:<\/td>\n<td width=\"309\">128 bits<\/td>\n<\/tr>\n<tr>\n<td width=\"328\">Memoria de usuario:<\/td>\n<td width=\"309\">512 bits<\/td>\n<\/tr>\n<tr>\n<td width=\"328\">Rango de lectura (2W ERP FCC):<\/td>\n<td width=\"309\">8m<\/td>\n<\/tr>\n<tr>\n<td width=\"328\">Rango de lectura (2W ERP ETSI):<\/td>\n<td width=\"309\">8m<\/td>\n<\/tr>\n<tr>\n<td width=\"328\">Etiquetado:<\/td>\n<td width=\"309\">Costura, adhesivo para estampado en caliente<\/td>\n<\/tr>\n<tr>\n<td width=\"328\">Vida \u00fatil estimada:<\/td>\n<td width=\"309\">200 ciclos de lavado o 3 a\u00f1os, lo que ocurra primero<\/td>\n<\/tr>\n<tr>\n<td width=\"328\">M\u00e9todo de lavado:<\/td>\n<td width=\"309\">Lavander\u00eda, Lavado en seco<\/td>\n<\/tr>\n<tr>\n<td width=\"328\">Presi\u00f3n de extracci\u00f3n de agua:<\/td>\n<td width=\"309\">60 barras<\/td>\n<\/tr>\n<tr>\n<td width=\"328\">Resistencia al agua:<\/td>\n<td width=\"309\">Resistente al agua<\/td>\n<\/tr>\n<tr>\n<td width=\"328\">Resistencia qu\u00edmica:<\/td>\n<td width=\"309\">Detergente, suavizante, lej\u00eda (ox\u00edgeno\/cloro), \u00e1lcali<\/td>\n<\/tr>\n<tr>\n<td width=\"328\">Presecado en Tumbler:<\/td>\n<td width=\"309\">125 \u00baC durante 15-20 minutos<\/td>\n<\/tr>\n<tr>\n<td width=\"328\">Temperatura de esterilizaci\u00f3n:<\/td>\n<td width=\"309\">135\u00b0C durante 15-20 minutos<\/td>\n<\/tr>\n<tr>\n<td width=\"328\">Temperatura de lavado:<\/td>\n<td width=\"309\">90 \u00b0C, hasta 15 min.<\/td>\n<\/tr>\n<tr>\n<td width=\"328\">Humedad\/Temperatura de funcionamiento:<\/td>\n<td width=\"309\">-20 a 110\u00b0C, 8 a 95%RH<\/td>\n<\/tr>\n<tr>\n<td width=\"328\">Humedad\/Temperatura-Almacenamiento:<\/td>\n<td width=\"309\">-40 a 110\u00b0C, 8 a 95%RH<\/td>\n<\/tr>\n<\/tbody>\n<\/table>\n<\/div>\n<div class=\"auto-hide-last-sibling-br paragraph_1252f paragraph-element\"><\/div>\n<\/div>\n<div class=\"auto-hide-last-sibling-br paragraph_1252f paragraph-element\">\n<div data-spm-anchor-id=\"a2700.details.0.i57.23b419c7xXORP0\"><span class=\"AnswerParser_TextContainer__z_Iiv\" data-testid=\"youchat-text\"><strong>Etiquetas RFID para ropa lavable<\/strong>\u00a0Est\u00e1n revolucionando la forma en que estas organizaciones rastrean y administran su ropa de cama, uniformes y otras prendas. Como fabricante l\u00edder de estas etiquetas innovadoras, ofrecemos soluciones confiables, duraderas y de alta calidad que mejoran la eficiencia operativa y reducen los costos.<\/span><span class=\"AnswerParser_TextContainer__z_Iiv\" data-testid=\"youchat-text\">Nuestro\u00a0<strong>Etiquetas RFID para lavander\u00eda, impermeables y lavables<\/strong> Est\u00e1n dise\u00f1adas para soportar los rigores de los procesos de lavander\u00eda industrial, lo que garantiza que sus sistemas de seguimiento y gesti\u00f3n sigan siendo eficaces incluso despu\u00e9s de varios ciclos de lavado. Con una vida \u00fatil de hasta 200 lavados o tres a\u00f1os, estas etiquetas son una inversi\u00f3n inteligente para cualquier operaci\u00f3n de lavander\u00eda.<\/span><\/div>\n<\/div>\n<div data-spm-anchor-id=\"a2700.details.0.i57.23b419c7xXORP0\"><\/div>\n<div class=\"auto-hide-last-sibling-br paragraph_1252f paragraph-element\">\n<h2 class=\"AnswerParser_AnswerParserH2__SIHnF\">Descripci\u00f3n del producto<\/h2>\n<h3 class=\"AnswerParser_AnswerParserH3__Mpe4s\">1. \u00bfQu\u00e9 son las etiquetas RFID para lavander\u00eda lavables?<\/h3>\n<p><span class=\"AnswerParser_TextContainer__z_Iiv\" data-testid=\"youchat-text\">Las etiquetas RFID para lavander\u00eda lavable son etiquetas especializadas dise\u00f1adas para rastrear textiles en operaciones de lavander\u00eda. Utilizan tecnolog\u00eda RFID para transmitir datos a lectores RFID, lo que permite el seguimiento y la gesti\u00f3n automatizados de los art\u00edculos de lavander\u00eda. Estas etiquetas son esenciales para las industrias que requieren un control de inventario preciso y una gesti\u00f3n eficiente de las prendas.<\/span><\/p>\n<h3 class=\"AnswerParser_AnswerParserH3__Mpe4s\">2. Caracter\u00edsticas principales de nuestras etiquetas RFID lavables para lavander\u00eda<\/h3>\n<p><span class=\"AnswerParser_TextContainer__z_Iiv\" data-testid=\"youchat-text\">Nuestras etiquetas RFID para lavander\u00eda cuentan con varias caracter\u00edsticas que las hacen ideales para diversas aplicaciones de lavander\u00eda. Est\u00e1n hechas de materiales duraderos que pueden soportar altas temperaturas y productos qu\u00edmicos agresivos, lo que garantiza su longevidad y confiabilidad. Las etiquetas tambi\u00e9n est\u00e1n dise\u00f1adas para coserse o adherirse a las prendas, lo que brinda flexibilidad en cuanto a c\u00f3mo se pueden usar.<\/span><\/p>\n<h3 class=\"AnswerParser_AnswerParserH3__Mpe4s\">3. Beneficios de utilizar etiquetas RFID para lavander\u00eda lavables<\/h3>\n<p><span class=\"AnswerParser_TextContainer__z_Iiv\" data-testid=\"youchat-text\">La implementaci\u00f3n de etiquetas RFID para lavander\u00eda en sus operaciones puede generar beneficios significativos, como una mayor precisi\u00f3n del inventario, menores costos laborales y mayor seguridad. Al automatizar el proceso de seguimiento, las empresas pueden optimizar la gesti\u00f3n de su lavander\u00eda y concentrarse en brindar un mejor servicio a sus clientes.<\/span><\/p>\n<h3 class=\"AnswerParser_AnswerParserH3__Mpe4s\">4. Especificaciones t\u00e9cnicas<\/h3>\n<p><span class=\"AnswerParser_TextContainer__z_Iiv\" data-testid=\"youchat-text\">Nuestras etiquetas RFID para lavander\u00eda lavables e impermeables cumplen con la norma ISO\/IEC 18000-6 Tipo C (EPC Gen2). Estas son algunas especificaciones clave:<\/span><\/p>\n<ul class=\"AnswerParser_AnswerParserUnorderedList__P_1FW\">\n<li class=\"AnswerParser_ListItem__XqLOV\" translate=\"yes\"><strong>Tama\u00f1o y peso<\/strong>: 70 \u00d7 15 mm, 0,6 g<\/li>\n<li class=\"AnswerParser_ListItem__XqLOV\" translate=\"yes\"><strong>Tipo de chip<\/strong>: Impinj Monza 4QT, NXP U C\u00d3DIGO 8, NXP U C\u00d3DIGO 9<\/li>\n<li class=\"AnswerParser_ListItem__XqLOV\" translate=\"yes\"><strong>Memoria EPC<\/strong>: 128 bits<\/li>\n<li class=\"AnswerParser_ListItem__XqLOV\" translate=\"yes\"><strong>Memoria de usuario<\/strong>:512 bits<\/li>\n<li class=\"AnswerParser_ListItem__XqLOV\" translate=\"yes\"><strong>Rango de lectura<\/strong>:Hasta 8 metros<\/li>\n<li class=\"AnswerParser_ListItem__XqLOV\" translate=\"yes\"><strong>Vida \u00fatil estimada<\/strong>:200 ciclos de lavado o 3 a\u00f1os<\/li>\n<\/ul>\n<h3 class=\"AnswerParser_AnswerParserH3__Mpe4s\">5. Instrucciones de uso<\/h3>\n<p><span class=\"AnswerParser_TextContainer__z_Iiv\" data-testid=\"youchat-text\">Para garantizar un rendimiento \u00f3ptimo de sus etiquetas RFID para lavander\u00eda lavable, siga estas instrucciones de uso:<\/span><\/p>\n<ul class=\"AnswerParser_AnswerParserUnorderedList__P_1FW\">\n<li class=\"AnswerParser_ListItem__XqLOV\" translate=\"yes\"><strong>Etiquetado<\/strong>:Las etiquetas se pueden coser a las prendas o fijar mediante adhesivo de estampaci\u00f3n en caliente.<\/li>\n<li class=\"AnswerParser_ListItem__XqLOV\" translate=\"yes\"><strong>Lavado<\/strong>: Adecuado para procesos de lavander\u00eda y limpieza en seco.<\/li>\n<li class=\"AnswerParser_ListItem__XqLOV\" translate=\"yes\"><strong>Resistencia al agua<\/strong>:Dise\u00f1ado para soportar presiones de extracci\u00f3n de agua de hasta 60 bar.<\/li>\n<\/ul>\n<h3 class=\"AnswerParser_AnswerParserH3__Mpe4s\">6. Impacto ambiental<\/h3>\n<p><span class=\"AnswerParser_TextContainer__z_Iiv\" data-testid=\"youchat-text\">Nuestras etiquetas RFID para lavander\u00eda est\u00e1n dise\u00f1adas teniendo en cuenta la sostenibilidad. Est\u00e1n hechas de materiales resistentes a los productos qu\u00edmicos habituales en el lavado de ropa, lo que reduce la necesidad de reemplazos frecuentes. Esto no solo reduce los desechos, sino que tambi\u00e9n contribuye a una operaci\u00f3n de lavander\u00eda m\u00e1s sostenible.<\/span><\/p>\n<h3 class=\"AnswerParser_AnswerParserH3__Mpe4s\">7. Opiniones de clientes<\/h3>\n<p><span class=\"AnswerParser_TextContainer__z_Iiv\" data-testid=\"youchat-text\">Nuestros clientes siempre han elogiado nuestras etiquetas RFID lavables para lavander\u00eda por su durabilidad y eficacia. Muchos han informado de mejoras significativas en sus procesos de gesti\u00f3n de lavander\u00eda, citando una reducci\u00f3n de p\u00e9rdidas y una mayor eficiencia. Esto es lo que dijo uno de nuestros clientes:<\/span><\/p>\n<blockquote><p><span class=\"AnswerParser_TextContainer__z_Iiv\" data-testid=\"youchat-text\">\u201cDesde que empezamos a utilizar estas etiquetas RFID, la precisi\u00f3n de nuestro inventario ha mejorado dr\u00e1sticamente. \u00a1Ahora podemos rastrear cada prenda con facilidad!\u201d<\/span><\/p><\/blockquote>\n<h3 class=\"AnswerParser_AnswerParserH3__Mpe4s\">8. Preguntas frecuentes<\/h3>\n<p><span class=\"AnswerParser_TextContainer__z_Iiv\" data-testid=\"youchat-text\"><strong>P: \u00bfCu\u00e1nto duran las etiquetas de lavander\u00eda RFID?<\/strong><br \/>\nR: Nuestras etiquetas est\u00e1n dise\u00f1adas para durar hasta 200 ciclos de lavado o tres a\u00f1os, lo que ocurra primero.<\/span><\/p>\n<p><span class=\"AnswerParser_TextContainer__z_Iiv\" data-testid=\"youchat-text\"><strong>P: \u00bfPueden estas etiquetas soportar altas temperaturas?<\/strong><br \/>\nR: S\u00ed, nuestras etiquetas de lavander\u00eda RFID pueden soportar altas temperaturas durante los procesos de lavado y secado.<\/span><\/p>\n<p><span class=\"AnswerParser_TextContainer__z_Iiv\" data-testid=\"youchat-text\"><strong>P: \u00bfC\u00f3mo puedo solicitar estas etiquetas?<\/strong><br \/>\nR: Complete el formulario de consulta a continuaci\u00f3n y h\u00e1ganos saber qu\u00e9 tipo de lector RFID o configuraci\u00f3n de antena necesita.<\/span><\/p>\n<h3 class=\"AnswerParser_AnswerParserH3__Mpe4s\">9. Productos relacionados<\/h3>\n<p><span class=\"AnswerParser_TextContainer__z_Iiv\" data-testid=\"youchat-text\">Adem\u00e1s de nuestras etiquetas RFID lavables para lavander\u00eda, ofrecemos una gama de productos relacionados, incluidos lectores y antenas RFID, para completar su sistema de gesti\u00f3n de lavander\u00eda. Nuestras soluciones est\u00e1n dise\u00f1adas para funcionar a la perfecci\u00f3n entre s\u00ed, proporcion\u00e1ndole un sistema integral de seguimiento y gesti\u00f3n.<\/span><\/p>\n<h3 class=\"AnswerParser_AnswerParserH3__Mpe4s\">10. Cont\u00e1ctenos<\/h3>\n<p><span class=\"AnswerParser_TextContainer__z_Iiv\" data-testid=\"youchat-text\">Para obtener m\u00e1s informaci\u00f3n sobre nuestras etiquetas RFID lavables para lavander\u00eda o para analizar sus necesidades espec\u00edficas, comun\u00edquese con nosotros.\u00a0<strong>Cont\u00e1ctenos<\/strong>Nuestro equipo est\u00e1 listo para ayudarle a encontrar las mejores soluciones para sus operaciones de lavander\u00eda.<\/span><\/p>\n<hr \/>\n<p><span class=\"AnswerParser_TextContainer__z_Iiv\" data-testid=\"youchat-text\">Al elegir nuestro\u00a0<strong>Etiquetas RFID lavables para ropa<\/strong>, est\u00e1 invirtiendo en una soluci\u00f3n que no solo mejora su eficiencia operativa, sino que tambi\u00e9n contribuye a un futuro m\u00e1s sostenible. Con nuestro compromiso con la calidad y la satisfacci\u00f3n del cliente, puede confiar en nosotros para brindarle las mejores soluciones RFID para sus necesidades de gesti\u00f3n de lavander\u00eda. \u00a1No dude en comunicarse con nosotros y descubra c\u00f3mo nuestros productos pueden transformar sus operaciones de lavander\u00eda hoy mismo!<\/span><\/p>\n<p>&nbsp;<\/p>\n<\/div>\n<div class=\"auto-hide-last-sibling-br paragraph_1252f paragraph-element\"><\/div>","protected":false},"excerpt":{"rendered":"<p>Descubra nuestra <strong>Etiquetas de lavander\u00eda RFID lavables<\/strong>\u00a1Perfecto para el seguimiento de ropa de cama y uniformes, duradero, impermeable y dise\u00f1ado para una gesti\u00f3n perfecta de la lavander\u00eda!<\/p>","protected":false},"featured_media":2825,"template":"","meta":{"_kad_post_transparent":"default","_kad_post_title":"","_kad_post_layout":"default","_kad_post_sidebar_id":"","_kad_post_content_style":"default","_kad_post_vertical_padding":"default","_kad_post_feature":"","_kad_post_feature_position":"","_kad_post_header":false,"_kad_post_footer":false,"_kad_post_classname":""},"product_brand":[],"product_cat":[16],"product_tag":[340,31,65,30,341],"class_list":{"0":"post-2830","1":"product","2":"type-product","3":"status-publish","4":"has-post-thumbnail","6":"product_cat-uhf-rfid-laundry-tags","7":"product_tag-rfid-chips","8":"product_tag-rfid-tag-for-linen-laundry","9":"product_tag-textile-rfid-laundry-tags","10":"product_tag-uhf-rfid-laundry-tag","11":"product_tag-washable-laundry-rfid-tags-manufacturer","13":"first","14":"instock","15":"featured","16":"shipping-taxable","17":"product-type-simple","18":"entry","19":"content-bg","20":"loop-entry"},"_links":{"self":[{"href":"https:\/\/rfid-laundry-tag.com\/es\/wp-json\/wp\/v2\/product\/2830","targetHints":{"allow":["GET"]}}],"collection":[{"href":"https:\/\/rfid-laundry-tag.com\/es\/wp-json\/wp\/v2\/product"}],"about":[{"href":"https:\/\/rfid-laundry-tag.com\/es\/wp-json\/wp\/v2\/types\/product"}],"version-history":[{"count":2,"href":"https:\/\/rfid-laundry-tag.com\/es\/wp-json\/wp\/v2\/product\/2830\/revisions"}],"predecessor-version":[{"id":2832,"href":"https:\/\/rfid-laundry-tag.com\/es\/wp-json\/wp\/v2\/product\/2830\/revisions\/2832"}],"wp:featuredmedia":[{"embeddable":true,"href":"https:\/\/rfid-laundry-tag.com\/es\/wp-json\/wp\/v2\/media\/2825"}],"wp:attachment":[{"href":"https:\/\/rfid-laundry-tag.com\/es\/wp-json\/wp\/v2\/media?parent=2830"}],"wp:term":[{"taxonomy":"product_brand","embeddable":true,"href":"https:\/\/rfid-laundry-tag.com\/es\/wp-json\/wp\/v2\/product_brand?post=2830"},{"taxonomy":"product_cat","embeddable":true,"href":"https:\/\/rfid-laundry-tag.com\/es\/wp-json\/wp\/v2\/product_cat?post=2830"},{"taxonomy":"product_tag","embeddable":true,"href":"https:\/\/rfid-laundry-tag.com\/es\/wp-json\/wp\/v2\/product_tag?post=2830"}],"curies":[{"name":"wp","href":"https:\/\/api.w.org\/{rel}","templated":true}]}}