{"id":281,"date":"2024-06-26T09:42:03","date_gmt":"2024-06-26T09:42:03","guid":{"rendered":"https:\/\/rfid-laundry-tag.com\/?post_type=product&#038;p=281"},"modified":"2024-07-16T16:25:37","modified_gmt":"2024-07-16T16:25:37","slug":"uhf-rfid-wet-inlay","status":"publish","type":"product","link":"https:\/\/rfid-laundry-tag.com\/es\/uhf-rfid-wet-inlay\/","title":{"rendered":"RFID UHF con incrustaciones h\u00famedas"},"content":{"rendered":"<table class=\"all magic-1\" style=\"font-family: var(--global-body-font-family);\">\n<tbody>\n<tr>\n<td colspan=\"1\" rowspan=\"1\">\n<div class=\"magic-2\" data-spm-anchor-id=\"a2700.details.0.i124.27902306LbjcO6\"><b>Nombre del producto<\/b><\/div>\n<\/td>\n<td colspan=\"1\" rowspan=\"1\">\n<div class=\"magic-3\">RFID UHF con incrustaciones h\u00famedas<\/div>\n<\/td>\n<\/tr>\n<tr>\n<td colspan=\"1\" rowspan=\"1\">\n<div class=\"magic-2\"><b data-spm-anchor-id=\"a2700.pc-decorate.0.i1.2adc3333pGXB5C\">Material<\/b><\/div>\n<\/td>\n<td colspan=\"1\" rowspan=\"1\">\n<div class=\"magic-3\">Papel recubierto, PET, etc.<\/div>\n<\/td>\n<\/tr>\n<tr>\n<td colspan=\"1\" rowspan=\"1\">\n<div class=\"magic-2\"><b>Chip<\/b><\/div>\n<\/td>\n<td colspan=\"1\" rowspan=\"1\">\n<div class=\"magic-3\">Extraterrestre H9<\/div>\n<\/td>\n<\/tr>\n<tr>\n<td colspan=\"1\" rowspan=\"1\">\n<div class=\"magic-2\"><b data-spm-anchor-id=\"a2700.pc-decorate.0.i7.2adc3333pGXB5C\">Color<\/b><\/div>\n<\/td>\n<td colspan=\"1\" rowspan=\"1\">\n<div class=\"magic-3\">Blanco<\/div>\n<\/td>\n<\/tr>\n<tr>\n<td colspan=\"1\" rowspan=\"1\">\n<div class=\"magic-2\"><b>Memoria de usuario<\/b><\/div>\n<\/td>\n<td colspan=\"1\" rowspan=\"1\">\n<div class=\"magic-3\">688 bits<\/div>\n<\/td>\n<\/tr>\n<tr>\n<td colspan=\"1\" rowspan=\"1\">\n<div class=\"magic-2\"><b>Memoria EPC<\/b><\/div>\n<\/td>\n<td colspan=\"1\" rowspan=\"1\">\n<div class=\"magic-3\" data-spm-anchor-id=\"a2700.details.0.i125.27902306LbjcO6\">496 bits<\/div>\n<\/td>\n<\/tr>\n<tr>\n<td colspan=\"1\" rowspan=\"1\">\n<div class=\"magic-2\"><b data-spm-anchor-id=\"a2700.pc-decorate.0.i18.2adc3333pGXB5C\">Protocolo<\/b><\/div>\n<\/td>\n<td colspan=\"1\" rowspan=\"1\">\n<div class=\"magic-3\">EPC global Clase 1 Gen2 ISO\/IEC 18000-6C<\/div>\n<\/td>\n<\/tr>\n<tr>\n<td colspan=\"1\" rowspan=\"1\">\n<div class=\"magic-2\"><b data-spm-anchor-id=\"a2700.pc-decorate.0.i9.74c33333KAtYOv\">Frecuencia<\/b><\/div>\n<\/td>\n<td colspan=\"1\" rowspan=\"1\">\n<div class=\"magic-3\">860-960 mhz<\/div>\n<\/td>\n<\/tr>\n<tr>\n<td colspan=\"1\" rowspan=\"1\">\n<div class=\"magic-2\"><b>Gama de lectores<\/b><\/div>\n<\/td>\n<td colspan=\"1\" rowspan=\"1\">\n<div class=\"magic-3\">6M (depende del entorno y la distancia de lectura y escritura)<\/div>\n<\/td>\n<\/tr>\n<tr>\n<td colspan=\"1\" rowspan=\"1\">\n<div class=\"magic-2\"><b data-spm-anchor-id=\"a2700.pc-decorate.0.i17.6f873333hkY330\">Metodolog\u00eda de trabajo<\/b><\/div>\n<\/td>\n<td colspan=\"1\" rowspan=\"1\">\n<div class=\"magic-3\">Pasivo<\/div>\n<\/td>\n<\/tr>\n<tr>\n<td colspan=\"1\" rowspan=\"1\">\n<div class=\"magic-2\"><b>Trabajando en reciclaje<\/b><\/div>\n<\/td>\n<td colspan=\"1\" rowspan=\"1\">\n<div class=\"magic-3\">&gt;100000 veces<\/div>\n<\/td>\n<\/tr>\n<tr>\n<td colspan=\"1\" rowspan=\"1\">\n<div class=\"magic-2\"><b data-spm-anchor-id=\"a2700.pc-decorate.0.i51.200a3333J5VKbe\">Solicitud<\/b><\/div>\n<\/td>\n<td colspan=\"1\" rowspan=\"1\">\n<div class=\"magic-3\">Trazabilidad anti-falsificaci\u00f3n, transmisi\u00f3n de datos<\/div>\n<\/td>\n<\/tr>\n<\/tbody>\n<\/table>\n<div><\/div>\n<div class=\"auto-hide-last-sibling-br paragraph_9dc5f paragraph-element\">Aplicaciones, incluyendo pero no limitado a:<\/div>\n<ol class=\"auto-hide-last-sibling-br\">\n<li>\n<div class=\"auto-hide-last-sibling-br paragraph_9dc5f paragraph-element\">Gesti\u00f3n de inventario: estas etiquetas se pueden utilizar para realizar un seguimiento de los niveles de existencias en almacenes y tiendas minoristas, lo que hace que el proceso de gesti\u00f3n de inventario sea m\u00e1s eficiente y preciso.<\/div>\n<\/li>\n<li>\n<div class=\"auto-hide-last-sibling-br paragraph_9dc5f paragraph-element\">Gesti\u00f3n de la cadena de suministro: al etiquetar art\u00edculos con etiquetas RFID, las empresas pueden rastrear el movimiento y el estado de los bienes a lo largo de la cadena de suministro, desde la producci\u00f3n hasta la venta, mejorando la transparencia y la eficiencia operativa.<\/div>\n<\/li>\n<li>\n<div class=\"auto-hide-last-sibling-br paragraph_9dc5f paragraph-element\">Gesti\u00f3n log\u00edstica: las etiquetas RFID simplifican el proceso de seguimiento de los env\u00edos y la gesti\u00f3n de las mercanc\u00edas durante el transporte. Proporcionan informaci\u00f3n en tiempo real sobre la ubicaci\u00f3n y el estado de las mercanc\u00edas, lo que reduce los errores y los retrasos.<\/div>\n<\/li>\n<li>\n<div class=\"auto-hide-last-sibling-br paragraph_9dc5f paragraph-element\">Cosm\u00e9ticos: Las marcas pueden utilizar etiquetas RFID para verificar la autenticidad, ayudando a prevenir la falsificaci\u00f3n y garantizando que los consumidores reciban productos genuinos.<\/div>\n<\/li>\n<li>\n<div class=\"auto-hide-last-sibling-br paragraph_9dc5f paragraph-element\">Atenci\u00f3n m\u00e9dica: las etiquetas RFID pueden rastrear equipos m\u00e9dicos vitales, administrar inventarios farmac\u00e9uticos y registros de pacientes, proporcionando mejoras cr\u00edticas para la atenci\u00f3n al paciente y la gesti\u00f3n del hospital.<\/div>\n<\/li>\n<li>\n<div class=\"auto-hide-last-sibling-br paragraph_9dc5f paragraph-element\">Ropa: En la industria de la moda, las etiquetas RFID pueden gestionar el inventario, combatir el robo, gestionar las experiencias en los probadores y proporcionar datos para un an\u00e1lisis detallado del comportamiento del cliente.<\/div>\n<\/li>\n<li>\n<div class=\"auto-hide-last-sibling-br paragraph_9dc5f paragraph-element\">Joyas: las incrustaciones RFID brindan una manera eficiente de rastrear art\u00edculos de alto valor, como joyas. Tambi\u00e9n pueden ayudar a autenticar las joyas y evitar robos.<\/div>\n<\/li>\n<li>\n<div class=\"auto-hide-last-sibling-br paragraph_9dc5f paragraph-element\">Seguimiento de activos: las empresas utilizan etiquetas RFID para rastrear sus activos, incluidos equipos, veh\u00edculos y otros art\u00edculos valiosos, minimizando las p\u00e9rdidas y mejorando la gesti\u00f3n general de los activos.<\/div>\n<\/li>\n<\/ol>\n<div class=\"auto-hide-last-sibling-br paragraph_9dc5f paragraph-element\">En resumen, las incrustaciones RFID UHF y las etiquetas RFID UHF contribuyen significativamente a mejorar la eficiencia operativa, la precisi\u00f3n y la seguridad en diversas industrias.<\/div>","protected":false},"excerpt":{"rendered":"<p>Las incrustaciones RFID UHF y las etiquetas RFID UHF desempe\u00f1an un papel crucial en m\u00faltiples industrias debido a su s\u00f3lido rendimiento y su amplia aplicaci\u00f3n.<\/p>","protected":false},"featured_media":282,"template":"","meta":{"_kad_post_transparent":"default","_kad_post_title":"","_kad_post_layout":"default","_kad_post_sidebar_id":"","_kad_post_content_style":"default","_kad_post_vertical_padding":"default","_kad_post_feature":"","_kad_post_feature_position":"","_kad_post_header":false,"_kad_post_footer":false,"_kad_post_classname":""},"product_brand":[],"product_cat":[54,189],"product_tag":[108,107],"class_list":{"0":"post-281","1":"product","2":"type-product","3":"status-publish","4":"has-post-thumbnail","6":"product_cat-hot-selling-rfid-tags","7":"product_cat-rfid-inlay","8":"product_tag-rfid-inlay","9":"product_tag-uhf-rfid-wet-inlay","11":"first","12":"instock","13":"shipping-taxable","14":"product-type-simple","15":"entry","16":"content-bg","17":"loop-entry"},"_links":{"self":[{"href":"https:\/\/rfid-laundry-tag.com\/es\/wp-json\/wp\/v2\/product\/281","targetHints":{"allow":["GET"]}}],"collection":[{"href":"https:\/\/rfid-laundry-tag.com\/es\/wp-json\/wp\/v2\/product"}],"about":[{"href":"https:\/\/rfid-laundry-tag.com\/es\/wp-json\/wp\/v2\/types\/product"}],"version-history":[{"count":1,"href":"https:\/\/rfid-laundry-tag.com\/es\/wp-json\/wp\/v2\/product\/281\/revisions"}],"predecessor-version":[{"id":721,"href":"https:\/\/rfid-laundry-tag.com\/es\/wp-json\/wp\/v2\/product\/281\/revisions\/721"}],"wp:featuredmedia":[{"embeddable":true,"href":"https:\/\/rfid-laundry-tag.com\/es\/wp-json\/wp\/v2\/media\/282"}],"wp:attachment":[{"href":"https:\/\/rfid-laundry-tag.com\/es\/wp-json\/wp\/v2\/media?parent=281"}],"wp:term":[{"taxonomy":"product_brand","embeddable":true,"href":"https:\/\/rfid-laundry-tag.com\/es\/wp-json\/wp\/v2\/product_brand?post=281"},{"taxonomy":"product_cat","embeddable":true,"href":"https:\/\/rfid-laundry-tag.com\/es\/wp-json\/wp\/v2\/product_cat?post=281"},{"taxonomy":"product_tag","embeddable":true,"href":"https:\/\/rfid-laundry-tag.com\/es\/wp-json\/wp\/v2\/product_tag?post=281"}],"curies":[{"name":"wp","href":"https:\/\/api.w.org\/{rel}","templated":true}]}}