{"id":2792,"date":"2024-10-29T11:28:05","date_gmt":"2024-10-29T11:28:05","guid":{"rendered":"https:\/\/rfid-laundry-tag.com\/?post_type=product&#038;p=2792"},"modified":"2024-10-29T13:03:05","modified_gmt":"2024-10-29T13:03:05","slug":"fdx-b-134-2khz-rfid-animal-id-glass-tag-syringe-transponder","status":"publish","type":"product","link":"https:\/\/rfid-laundry-tag.com\/es\/fdx-b-134-2khz-rfid-animal-id-glass-tag-syringe-transponder\/","title":{"rendered":"Transpondedor de jeringa con etiqueta de vidrio para identificaci\u00f3n de animales RFID FDX-B de 134,2 kHz"},"content":{"rendered":"<h2>Transpondedor de jeringa con etiqueta de vidrio para identificaci\u00f3n de animales RFID FDX-B de 134,2 kHz<\/h2>\n<p><span class=\"AnswerParser_TextContainer__z_Iiv\" data-testid=\"youchat-text\"><strong>Transpondedor de jeringa con etiqueta de vidrio para identificaci\u00f3n de animales RFID FDX-B de 134,2 kHz<\/strong>\u00a0es una soluci\u00f3n de vanguardia para la identificaci\u00f3n y el manejo de animales. Dise\u00f1ada espec\u00edficamente para mascotas y ganado, esta etiqueta de vidrio RFID garantiza un seguimiento e identificaci\u00f3n precisos, lo que la convierte en una herramienta esencial para veterinarios, criadores y due\u00f1os de mascotas por igual. Con sus caracter\u00edsticas s\u00f3lidas y rendimiento confiable, vale la pena invertir en este producto para cualquier persona involucrada en el cuidado y manejo de animales.<\/span><\/p>\n<h2 class=\"AnswerParser_AnswerParserH2__SIHnF\">\u00bfPor qu\u00e9 elegir la etiqueta de vidrio para identificaci\u00f3n animal RFID FDX-B de 134,2 kHz?<\/h2>\n<p><span class=\"AnswerParser_TextContainer__z_Iiv\" data-testid=\"youchat-text\">La etiqueta de vidrio RFID FDX-B no es solo una simple herramienta de identificaci\u00f3n; ofrece numerosos beneficios que mejoran la gesti\u00f3n de los animales.\u00a0<strong>biovidrio<\/strong>\u00a0Su construcci\u00f3n garantiza durabilidad y biocompatibilidad, lo que lo hace seguro para la implantaci\u00f3n. La etiqueta opera a una frecuencia de\u00a0<strong>134,2 kHz<\/strong>, que cumple con las normas internacionales (ISO11784\/785, ISO14443A), lo que garantiza un rendimiento confiable en diversas aplicaciones. Adem\u00e1s, el\u00a0<strong>Esterilizaci\u00f3n de grado m\u00e9dico 100%<\/strong>\u00a0garantiza que la etiqueta es segura para su uso en animales, minimizando el riesgo de infecci\u00f3n o complicaciones post-implantaci\u00f3n.<\/span><\/p>\n<h3 class=\"AnswerParser_AnswerParserH3__Mpe4s\">Descripci\u00f3n del producto<\/h3>\n<h4 class=\"AnswerParser_AnswerParserH4__ghxg8\">1. Caracter\u00edsticas del producto<\/h4>\n<p><span class=\"AnswerParser_TextContainer__z_Iiv\" data-testid=\"youchat-text\">La etiqueta de vidrio RFID FDX-B viene en varios tama\u00f1os, incluidos\u00a0<strong>1,25 x 7 mm<\/strong>,\u00a0<strong>1,4 x 8 mm<\/strong>,\u00a0<strong>2*8 mm<\/strong>,\u00a0<strong>2*12 mm<\/strong>, y\u00a0<strong>3*15 mm<\/strong>Esta gama permite flexibilidad en la aplicaci\u00f3n, atendiendo a distintos tama\u00f1os de animales, desde peque\u00f1as mascotas hasta ganado m\u00e1s grande.\u00a0<strong>antibacteriano, antial\u00e9rgico y antirrechazo<\/strong>\u00a0Sus caracter\u00edsticas garantizan que sea seguro para todo tipo de animales, brindando tranquilidad a los due\u00f1os de mascotas y a los veterinarios.<\/span><\/p>\n<h4 class=\"AnswerParser_AnswerParserH4__ghxg8\">2. Especificaciones t\u00e9cnicas<\/h4>\n<table class=\"hight-light-first-column all magic-18\">\n<tbody>\n<tr>\n<td colspan=\"1\" rowspan=\"1\">\n<div class=\"magic-19\">Art\u00edculo<\/div>\n<\/td>\n<td colspan=\"1\" rowspan=\"1\">\n<div class=\"magic-20\">Etiqueta de vidrio RFID<\/div>\n<\/td>\n<\/tr>\n<tr>\n<td colspan=\"1\" rowspan=\"1\">\n<div class=\"magic-19\">Material<\/div>\n<\/td>\n<td colspan=\"1\" rowspan=\"1\">\n<div class=\"magic-20\">Biovidrio<\/div>\n<\/td>\n<\/tr>\n<tr>\n<td colspan=\"1\" rowspan=\"1\">\n<div class=\"magic-19\">Talla disponible<\/div>\n<\/td>\n<td colspan=\"1\" rowspan=\"1\">\n<div class=\"magic-20\">1,25 x 7 mm, 1,4 x 8 mm, 2 x 8 mm, 2 x 12 mm, 3 x 15 mm, etc.<\/div>\n<\/td>\n<\/tr>\n<tr>\n<td colspan=\"1\" rowspan=\"1\">\n<div class=\"magic-19\">Frecuencia de trabajo<\/div>\n<\/td>\n<td colspan=\"1\" rowspan=\"1\">\n<div class=\"magic-20\" data-spm-anchor-id=\"a2700.details.0.i46.2ffc6c8dJHsoYV\">134,2 kHz, 125 kHz, 13,56 MHz<\/div>\n<\/td>\n<\/tr>\n<tr>\n<td colspan=\"1\" rowspan=\"1\">\n<div class=\"magic-19\">Protocolo<\/div>\n<\/td>\n<td colspan=\"1\" rowspan=\"1\">\n<div class=\"magic-20\">ISO11784\/785, IS014443A<\/div>\n<\/td>\n<\/tr>\n<tr>\n<td colspan=\"1\" rowspan=\"1\">\n<div class=\"magic-19\">Artesan\u00eda<\/div>\n<\/td>\n<td colspan=\"1\" rowspan=\"1\">\n<div class=\"magic-20\">Programaci\u00f3n de n\u00fameros de identificaci\u00f3n<\/div>\n<\/td>\n<\/tr>\n<tr>\n<td colspan=\"1\" rowspan=\"1\">\n<div class=\"magic-19\">Esterilizaci\u00f3n<\/div>\n<\/td>\n<td colspan=\"1\" rowspan=\"1\">\n<div class=\"magic-20\">100% Esterilizaci\u00f3n de grado m\u00e9dico<\/div>\n<\/td>\n<\/tr>\n<tr>\n<td colspan=\"1\" rowspan=\"1\">\n<div class=\"magic-19\">Caracter\u00edstica del chip<\/div>\n<\/td>\n<td colspan=\"1\" rowspan=\"1\">\n<div class=\"magic-20\">Antibacteriano, antial\u00e9rgico, antirrechazo.<\/div>\n<\/td>\n<\/tr>\n<tr>\n<td colspan=\"1\" rowspan=\"1\">\n<div class=\"magic-19\">Solicitud<\/div>\n<\/td>\n<td colspan=\"1\" rowspan=\"1\">\n<div class=\"magic-20\" data-spm-anchor-id=\"a2700.details.0.i45.2ffc6c8dJHsoYV\">Manejo de mascotas animales,etc.<\/div>\n<\/td>\n<\/tr>\n<\/tbody>\n<\/table>\n<p><span class=\"AnswerParser_TextContainer__z_Iiv\" data-testid=\"youchat-text\">Estas especificaciones resaltan la versatilidad y confiabilidad de la etiqueta, haci\u00e9ndola adecuada para diversas necesidades de identificaci\u00f3n de animales.<\/span><\/p>\n<h4 class=\"AnswerParser_AnswerParserH4__ghxg8\">3. Instrucciones de uso<\/h4>\n<p><span class=\"AnswerParser_TextContainer__z_Iiv\" data-testid=\"youchat-text\">La etiqueta de vidrio RFID FDX-B est\u00e1 dise\u00f1ada para una f\u00e1cil implantaci\u00f3n mediante una jeringa especializada. El proceso es sencillo:<\/span><\/p>\n<ol class=\"AnswerParser_AnswerParserOrderedList__kl_2Y\">\n<li class=\"AnswerParser_ListItem__XqLOV\" translate=\"yes\"><strong>Prepare la jeringa<\/strong>\u00a0con la etiqueta de cristal RFID.<\/li>\n<li class=\"AnswerParser_ListItem__XqLOV\" translate=\"yes\"><strong>Localizar el sitio de implantaci\u00f3n<\/strong>\u00a0en el animal, t\u00edpicamente entre los omoplatos.<\/li>\n<li class=\"AnswerParser_ListItem__XqLOV\" translate=\"yes\"><strong>Inyectar la etiqueta<\/strong>\u00a0utilizando la jeringa, asegur\u00e1ndose de que est\u00e9 colocada debajo de la piel.<\/li>\n<\/ol>\n<p><span class=\"AnswerParser_TextContainer__z_Iiv\" data-testid=\"youchat-text\">Este sencillo procedimiento permite etiquetar a los animales de forma r\u00e1pida y eficiente, minimizando el estr\u00e9s tanto para el animal como para el cuidador.<\/span><\/p>\n<h4 class=\"AnswerParser_AnswerParserH4__ghxg8\">4. Impacto ambiental<\/h4>\n<p><span class=\"AnswerParser_TextContainer__z_Iiv\" data-testid=\"youchat-text\">La etiqueta de vidrio RFID FDX-B est\u00e1 dise\u00f1ada teniendo en cuenta la sostenibilidad. El material de biovidrio es respetuoso con el medio ambiente y se puede desechar de forma segura sin da\u00f1ar el ecosistema. Adem\u00e1s, el proceso de fabricaci\u00f3n cumple con estrictos est\u00e1ndares ambientales, lo que garantiza un consumo m\u00ednimo de residuos y energ\u00eda.<\/span><\/p>\n<h4 class=\"AnswerParser_AnswerParserH4__ghxg8\">5. Opiniones de clientes<\/h4>\n<p><span class=\"AnswerParser_TextContainer__z_Iiv\" data-testid=\"youchat-text\">Los clientes han elogiado la etiqueta de vidrio RFID FDX-B por su confiabilidad y facilidad de uso. Muchos veterinarios informan que las etiquetas han mejorado significativamente su capacidad para rastrear y controlar a los animales, lo que genera mejores resultados de salud. Los due\u00f1os de mascotas aprecian la tranquilidad que les brinda saber que sus mascotas pueden ser identificadas f\u00e1cilmente si se pierden.<\/span><\/p>\n<h4 class=\"AnswerParser_AnswerParserH4__ghxg8\">6. Preguntas frecuentes<\/h4>\n<p><span class=\"AnswerParser_TextContainer__z_Iiv\" data-testid=\"youchat-text\"><strong>P: \u00bfCu\u00e1nto tiempo dura la etiqueta RFID una vez implantada?<\/strong><br \/>\nR: La etiqueta de vidrio RFID FDX-B est\u00e1 dise\u00f1ada para durar toda la vida del animal y proporciona una identificaci\u00f3n permanente.<\/span><span class=\"AnswerParser_TextContainer__z_Iiv\" data-testid=\"youchat-text\"><strong>P: \u00bfEl proceso de implantaci\u00f3n es doloroso para el animal?<\/strong><br \/>\nR: El proceso de implantaci\u00f3n es r\u00e1pido y m\u00ednimamente invasivo, provocando s\u00f3lo una ligera molestia, similar a una vacuna.<\/span><span class=\"AnswerParser_TextContainer__z_Iiv\" data-testid=\"youchat-text\"><strong>P: \u00bfSe puede leer la etiqueta a distancia?<\/strong><br \/>\nR: S\u00ed, la etiqueta se puede leer desde una distancia de varios cent\u00edmetros, dependiendo del lector utilizado.<\/span><\/p>\n<h4 class=\"AnswerParser_AnswerParserH4__ghxg8\">7. Productos relacionados<\/h4>\n<p><span class=\"AnswerParser_TextContainer__z_Iiv\" data-testid=\"youchat-text\">Adem\u00e1s de la etiqueta de vidrio RFID FDX-B, ofrecemos una gama de productos relacionados, incluidos lectores RFID y soluciones de software para la gesti\u00f3n de animales. Estos productos pueden mejorar sus capacidades de seguimiento y optimizar sus operaciones.<\/span><\/p>\n<h4 class=\"AnswerParser_AnswerParserH4__ghxg8\">8. Garant\u00eda de calidad<\/h4>\n<p><span class=\"AnswerParser_TextContainer__z_Iiv\" data-testid=\"youchat-text\">La etiqueta de vidrio RFID FDX-B se fabrica bajo estrictas medidas de control de calidad, lo que garantiza una calidad y un rendimiento constantes. Est\u00e1 acreditada por varias normas internacionales, incluidas ISO 9001, ISO 14001 e ISO 45001, lo que garantiza su fiabilidad y seguridad.<\/span><\/p>\n<h4 class=\"AnswerParser_AnswerParserH4__ghxg8\">9. Conclusi\u00f3n<\/h4>\n<p><span class=\"AnswerParser_TextContainer__z_Iiv\" data-testid=\"youchat-text\">Invertir en el\u00a0<strong>Transpondedor de jeringa con etiqueta de vidrio para identificaci\u00f3n de animales RFID FDX-B de 134,2 kHz<\/strong>\u00a0es una opci\u00f3n inteligente para cualquier persona involucrada en el cuidado de animales. Sus caracter\u00edsticas avanzadas, facilidad de uso y compromiso con la seguridad lo convierten en una herramienta invaluable para el manejo eficaz de los animales. Ya sea veterinario, criador o due\u00f1o de una mascota, esta etiqueta de vidrio RFID mejorar\u00e1 su capacidad para rastrear e identificar animales de manera eficiente.<\/span><\/p>\n<h4 class=\"AnswerParser_AnswerParserH4__ghxg8\">10. Llamado a la acci\u00f3n<\/h4>\n<p><span class=\"AnswerParser_TextContainer__z_Iiv\" data-testid=\"youchat-text\">\u00bfEst\u00e1 listo para mejorar sus pr\u00e1cticas de manejo animal?\u00a0<strong>Cont\u00e1ctenos hoy<\/strong>\u00a0Para obtener m\u00e1s informaci\u00f3n sobre la etiqueta RFID para vidrio FDX-B y explorar nuestra gama de soluciones RFID, complete nuestro formulario de consulta para recibir una muestra gratuita o para analizar sus necesidades espec\u00edficas con nuestros expertos.<\/span><\/p>","protected":false},"excerpt":{"rendered":"<p>El transpondedor de jeringa con etiqueta de vidrio para identificaci\u00f3n animal RFID FDX-B de 134,2 kHz es una soluci\u00f3n de vanguardia para la identificaci\u00f3n y gesti\u00f3n de animales.<\/p>","protected":false},"featured_media":2793,"template":"","meta":{"_kad_post_transparent":"default","_kad_post_title":"","_kad_post_layout":"default","_kad_post_sidebar_id":"","_kad_post_content_style":"default","_kad_post_vertical_padding":"default","_kad_post_feature":"","_kad_post_feature_position":"","_kad_post_header":false,"_kad_post_footer":false,"_kad_post_classname":""},"product_brand":[],"product_cat":[54],"product_tag":[327,330,329,328],"class_list":{"0":"post-2792","1":"product","2":"type-product","3":"status-publish","4":"has-post-thumbnail","6":"product_cat-hot-selling-rfid-tags","7":"product_tag-fdx-b-134-2khz-rfid-animal-tag","8":"product_tag-rfid-animal-id-glass-tag-syringe","9":"product_tag-rfid-glass-tag-syringe-animal-microchip","10":"product_tag-rfid-pet-microchip-implant-capsule","12":"first","13":"instock","14":"shipping-taxable","15":"product-type-simple","16":"entry","17":"content-bg","18":"loop-entry"},"_links":{"self":[{"href":"https:\/\/rfid-laundry-tag.com\/es\/wp-json\/wp\/v2\/product\/2792","targetHints":{"allow":["GET"]}}],"collection":[{"href":"https:\/\/rfid-laundry-tag.com\/es\/wp-json\/wp\/v2\/product"}],"about":[{"href":"https:\/\/rfid-laundry-tag.com\/es\/wp-json\/wp\/v2\/types\/product"}],"version-history":[{"count":2,"href":"https:\/\/rfid-laundry-tag.com\/es\/wp-json\/wp\/v2\/product\/2792\/revisions"}],"predecessor-version":[{"id":2797,"href":"https:\/\/rfid-laundry-tag.com\/es\/wp-json\/wp\/v2\/product\/2792\/revisions\/2797"}],"wp:featuredmedia":[{"embeddable":true,"href":"https:\/\/rfid-laundry-tag.com\/es\/wp-json\/wp\/v2\/media\/2793"}],"wp:attachment":[{"href":"https:\/\/rfid-laundry-tag.com\/es\/wp-json\/wp\/v2\/media?parent=2792"}],"wp:term":[{"taxonomy":"product_brand","embeddable":true,"href":"https:\/\/rfid-laundry-tag.com\/es\/wp-json\/wp\/v2\/product_brand?post=2792"},{"taxonomy":"product_cat","embeddable":true,"href":"https:\/\/rfid-laundry-tag.com\/es\/wp-json\/wp\/v2\/product_cat?post=2792"},{"taxonomy":"product_tag","embeddable":true,"href":"https:\/\/rfid-laundry-tag.com\/es\/wp-json\/wp\/v2\/product_tag?post=2792"}],"curies":[{"name":"wp","href":"https:\/\/api.w.org\/{rel}","templated":true}]}}