{"id":2790,"date":"2024-10-29T10:34:39","date_gmt":"2024-10-29T10:34:39","guid":{"rendered":"https:\/\/rfid-laundry-tag.com\/?post_type=product&#038;p=2790"},"modified":"2024-10-29T10:49:45","modified_gmt":"2024-10-29T10:49:45","slug":"rfid-pet-microchip-implant-capsule","status":"publish","type":"product","link":"https:\/\/rfid-laundry-tag.com\/es\/rfid-pet-microchip-implant-capsule\/","title":{"rendered":"C\u00e1psula de implante de microchip RFID para mascotas"},"content":{"rendered":"<p><span class=\"AnswerParser_TextContainer__z_Iiv\" data-testid=\"youchat-text\"><strong>C\u00e1psula de implante de microchip RFID para mascotas<\/strong>\u00a0ofrece una soluci\u00f3n confiable y eficiente para los due\u00f1os de mascotas que desean realizar un seguimiento de sus animales. Este innovador producto est\u00e1 dise\u00f1ado para proporcionar un m\u00e9todo de identificaci\u00f3n permanente que es seguro y eficaz. Con su tecnolog\u00eda avanzada y materiales de grado m\u00e9dico, este microchip es un elemento indispensable para la tenencia responsable de mascotas.<\/span><\/p>\n<h2 class=\"AnswerParser_AnswerParserH2__SIHnF\">\u00bfPor qu\u00e9 elegir la c\u00e1psula de implante de microchip RFID para mascotas?<\/h2>\n<p><span class=\"AnswerParser_TextContainer__z_Iiv\" data-testid=\"youchat-text\">La c\u00e1psula de implante de microchip RFID para mascotas no es solo un producto; es un compromiso con la seguridad de su mascota. Al implantar este microchip, se asegura de que su mascota pueda ser identificada f\u00e1cilmente si alguna vez se pierde. El microchip es peque\u00f1o, duradero y est\u00e1 hecho de\u00a0<strong>biovidrio<\/strong>, lo que lo hace seguro para la implantaci\u00f3n. Con una variedad de tama\u00f1os disponibles, incluidos\u00a0<strong>1,25 x 7 mm<\/strong>,\u00a0<strong>2*12 mm<\/strong>y adem\u00e1s, se puede utilizar para mascotas de todos los tama\u00f1os, desde peces peque\u00f1os hasta perros grandes.<\/span><\/p>\n<h3 class=\"AnswerParser_AnswerParserH3__Mpe4s\">Beneficios clave:<\/h3>\n<ul class=\"AnswerParser_AnswerParserUnorderedList__P_1FW\">\n<li class=\"AnswerParser_ListItem__XqLOV\" translate=\"yes\"><strong>Identificaci\u00f3n permanente<\/strong>:A diferencia de los collares o las etiquetas, el microchip no se puede perder ni quitar.<\/li>\n<li class=\"AnswerParser_ListItem__XqLOV\" translate=\"yes\"><strong>Esterilizaci\u00f3n de grado m\u00e9dico<\/strong>:Cada c\u00e1psula sufre\u00a0<strong>Esterilizaci\u00f3n de grado m\u00e9dico 100%<\/strong>, garantizando la seguridad durante la implantaci\u00f3n.<\/li>\n<li class=\"AnswerParser_ListItem__XqLOV\" translate=\"yes\"><strong>Caracter\u00edsticas antibacterianas y antial\u00e9rgicas<\/strong>:El chip est\u00e1 dise\u00f1ado para minimizar el riesgo de infecci\u00f3n y reacciones al\u00e9rgicas.<\/li>\n<\/ul>\n<h2 class=\"AnswerParser_AnswerParserH2__SIHnF\">Caracter\u00edsticas del producto<\/h2>\n<h3 class=\"AnswerParser_AnswerParserH3__Mpe4s\">1. Tecnolog\u00eda avanzada<\/h3>\n<p><span class=\"AnswerParser_TextContainer__z_Iiv\" data-testid=\"youchat-text\">La c\u00e1psula de implante de microchip RFID para mascotas funciona a una frecuencia de\u00a0<strong>134,2 kHz<\/strong>, cumpliendo con la\u00a0<strong>ISO11784\/785<\/strong>\u00a0y\u00a0<strong>ISO14443A<\/strong>\u00a0Protocolos. Esto garantiza la compatibilidad con varios lectores RFID, lo que facilita el escaneo y la recuperaci\u00f3n de la informaci\u00f3n de su mascota.<\/span><\/p>\n<h3 class=\"AnswerParser_AnswerParserH3__Mpe4s\">2. Material duradero y seguro<\/h3>\n<p><span class=\"AnswerParser_TextContainer__z_Iiv\" data-testid=\"youchat-text\">Construido a partir de\u00a0<strong>biovidrio<\/strong>El microchip est\u00e1 dise\u00f1ado para soportar los rigores del estilo de vida de un animal.\u00a0<strong>recubrimiento de parileno<\/strong>\u00a0evita la migraci\u00f3n una vez implantado, garantizando que el chip permanezca seguro en su lugar.<\/span><\/p>\n<h3 class=\"AnswerParser_AnswerParserH3__Mpe4s\">3. Opciones de tama\u00f1o<\/h3>\n<p><span class=\"AnswerParser_TextContainer__z_Iiv\" data-testid=\"youchat-text\">Disponible en varios tama\u00f1os, la c\u00e1psula de implante de microchip RFID para mascotas se adapta a diferentes animales:<\/span><\/p>\n<ul class=\"AnswerParser_AnswerParserUnorderedList__P_1FW\">\n<li class=\"AnswerParser_ListItem__XqLOV\" translate=\"yes\"><strong>1,25 x 7 mm<\/strong>:Ideal para mascotas peque\u00f1as como peces y ratones.<\/li>\n<li class=\"AnswerParser_ListItem__XqLOV\" translate=\"yes\"><strong>2*12 mm<\/strong>:Se utiliza com\u00fanmente para perros, gatos y animales m\u00e1s grandes.<\/li>\n<\/ul>\n<h3 class=\"AnswerParser_AnswerParserH3__Mpe4s\">4. F\u00e1cil implantaci\u00f3n<\/h3>\n<p><span class=\"AnswerParser_TextContainer__z_Iiv\" data-testid=\"youchat-text\">El microchip se puede implantar f\u00e1cilmente con una jeringa, lo que hace que el proceso sea r\u00e1pido e indoloro para su mascota.\u00a0<strong>inyector<\/strong>\u00a0Est\u00e1 dise\u00f1ado para la precisi\u00f3n, garantizando que el chip se coloque correctamente.<\/span><\/p>\n<h3 class=\"AnswerParser_AnswerParserH3__Mpe4s\">5. N\u00famero de identificaci\u00f3n programable<\/h3>\n<p><span class=\"AnswerParser_TextContainer__z_Iiv\" data-testid=\"youchat-text\">Cada microchip incluye un n\u00famero de identificaci\u00f3n \u00fanico que se puede programar para vincularlo con la informaci\u00f3n de su mascota, incluidos los antecedentes m\u00e9dicos y los datos del propietario. Esta caracter\u00edstica aumenta las posibilidades de un reencuentro exitoso si su mascota se pierde.<\/span><\/p>\n<h2 class=\"AnswerParser_AnswerParserH2__SIHnF\">Impacto ambiental<\/h2>\n<p><span class=\"AnswerParser_TextContainer__z_Iiv\" data-testid=\"youchat-text\">La c\u00e1psula para implante de microchip RFID para mascotas est\u00e1 dise\u00f1ada teniendo en cuenta la sostenibilidad. Los materiales utilizados son respetuosos con el medio ambiente y el proceso de fabricaci\u00f3n cumple con estrictas normas\u00a0<strong>ISO 9001<\/strong>\u00a0y\u00a0<strong>ISO 14001<\/strong>\u00a0Est\u00e1ndares. Este compromiso con la calidad y la sostenibilidad garantiza que est\u00e1s haciendo una elecci\u00f3n responsable para tu mascota y el planeta.<\/span><\/p>\n<h2 class=\"AnswerParser_AnswerParserH2__SIHnF\">Rese\u00f1as de clientes<\/h2>\n<p><span class=\"AnswerParser_TextContainer__z_Iiv\" data-testid=\"youchat-text\">Muchos due\u00f1os de mascotas han encontrado tranquilidad despu\u00e9s de implantar la c\u00e1psula de microchip RFID para mascotas en sus mascotas. A continuaci\u00f3n, se muestran algunos testimonios:<\/span><\/p>\n<ul class=\"AnswerParser_AnswerParserUnorderedList__P_1FW\">\n<li class=\"AnswerParser_ListItem__XqLOV\" translate=\"yes\"><strong>Sara T.<\/strong>:\u201cEstaba preocupada porque mi gata se perd\u00eda, pero ahora me siento mucho mejor sabiendo que tiene un microchip. \u00a1Es un peque\u00f1o precio a pagar por su seguridad!\u201d<\/li>\n<li class=\"AnswerParser_ListItem__XqLOV\" translate=\"yes\"><strong>Juan D.<\/strong>:\u201cEl proceso de implantaci\u00f3n fue r\u00e1pido y sencillo. Recomiendo encarecidamente este producto a todos los due\u00f1os de mascotas\u201d.<\/li>\n<\/ul>\n<h2 class=\"AnswerParser_AnswerParserH2__SIHnF\">Preguntas frecuentes<\/h2>\n<h3 class=\"AnswerParser_AnswerParserH3__Mpe4s\">\u00bfC\u00f3mo funciona el microchip RFID para mascotas?<\/h3>\n<p><span class=\"AnswerParser_TextContainer__z_Iiv\" data-testid=\"youchat-text\">El microchip utiliza tecnolog\u00eda de identificaci\u00f3n por radiofrecuencia para transmitir el n\u00famero de identificaci\u00f3n \u00fanico de su mascota a un esc\u00e1ner. Esta informaci\u00f3n puede vincularse a sus datos de contacto.<\/span><\/p>\n<h3 class=\"AnswerParser_AnswerParserH3__Mpe4s\">\u00bfEl proceso de implantaci\u00f3n es doloroso para mi mascota?<\/h3>\n<p><span class=\"AnswerParser_TextContainer__z_Iiv\" data-testid=\"youchat-text\">La implantaci\u00f3n es similar a una vacuna de rutina y, por lo general, es r\u00e1pida e indolora. La mayor\u00eda de las mascotas experimentan molestias m\u00ednimas.<\/span><\/p>\n<h3 class=\"AnswerParser_AnswerParserH3__Mpe4s\">\u00bfSe puede quitar el microchip?<\/h3>\n<p><span class=\"AnswerParser_TextContainer__z_Iiv\" data-testid=\"youchat-text\">No, el microchip RFID para mascotas est\u00e1 dise\u00f1ado para ser una forma permanente de identificaci\u00f3n. No se puede quitar una vez implantado.<\/span><\/p>\n<h3 class=\"AnswerParser_AnswerParserH3__Mpe4s\">\u00bfQu\u00e9 pasa si mi mascota se pierde?<\/h3>\n<p><span class=\"AnswerParser_TextContainer__z_Iiv\" data-testid=\"youchat-text\">Si su mascota es encontrada y escaneada, el n\u00famero de identificaci\u00f3n \u00fanico proporcionar\u00e1 acceso a su informaci\u00f3n de contacto, lo que permitir\u00e1 una r\u00e1pida reuni\u00f3n.<\/span><\/p>\n<h2 class=\"AnswerParser_AnswerParserH2__SIHnF\">Conclusi\u00f3n<\/h2>\n<p><span class=\"AnswerParser_TextContainer__z_Iiv\" data-testid=\"youchat-text\">Invertir en el\u00a0<strong>C\u00e1psula de implante de microchip RFID para mascotas<\/strong>\u00a0es un paso proactivo para garantizar la seguridad y el bienestar de su mascota. Con su tecnolog\u00eda avanzada, materiales duraderos y facilidad de uso, este microchip es una herramienta esencial para la tenencia responsable de mascotas. No espere hasta que sea demasiado tarde: asegure el futuro de su mascota hoy con esta soluci\u00f3n de identificaci\u00f3n confiable.<\/span><span class=\"AnswerParser_TextContainer__z_Iiv\" data-testid=\"youchat-text\">Para m\u00e1s informaci\u00f3n o realizar un pedido, por favor, rellene nuestro formulario de consulta. \u00a1Su mascota se merece lo mejor!<\/span><\/p>","protected":false},"excerpt":{"rendered":"<p>La c\u00e1psula de implante de microchip RFID para mascotas ofrece una identificaci\u00f3n animal confiable y humana con un dise\u00f1o de biovidrio duradero, lo que garantiza seguridad y precisi\u00f3n para varias especies.<\/p>","protected":false},"featured_media":2787,"template":"","meta":{"_kad_post_transparent":"default","_kad_post_title":"","_kad_post_layout":"default","_kad_post_sidebar_id":"","_kad_post_content_style":"default","_kad_post_vertical_padding":"default","_kad_post_feature":"","_kad_post_feature_position":"","_kad_post_header":false,"_kad_post_footer":false,"_kad_post_classname":""},"product_brand":[],"product_cat":[54],"product_tag":[327,326,329,328],"class_list":{"0":"post-2790","1":"product","2":"type-product","3":"status-publish","4":"has-post-thumbnail","6":"product_cat-hot-selling-rfid-tags","7":"product_tag-fdx-b-134-2khz-rfid-animal-tag","8":"product_tag-rfid-animal-id-glass-tag","9":"product_tag-rfid-glass-tag-syringe-animal-microchip","10":"product_tag-rfid-pet-microchip-implant-capsule","12":"first","13":"instock","14":"shipping-taxable","15":"product-type-simple","16":"entry","17":"content-bg","18":"loop-entry"},"_links":{"self":[{"href":"https:\/\/rfid-laundry-tag.com\/es\/wp-json\/wp\/v2\/product\/2790","targetHints":{"allow":["GET"]}}],"collection":[{"href":"https:\/\/rfid-laundry-tag.com\/es\/wp-json\/wp\/v2\/product"}],"about":[{"href":"https:\/\/rfid-laundry-tag.com\/es\/wp-json\/wp\/v2\/types\/product"}],"version-history":[{"count":1,"href":"https:\/\/rfid-laundry-tag.com\/es\/wp-json\/wp\/v2\/product\/2790\/revisions"}],"predecessor-version":[{"id":2791,"href":"https:\/\/rfid-laundry-tag.com\/es\/wp-json\/wp\/v2\/product\/2790\/revisions\/2791"}],"wp:featuredmedia":[{"embeddable":true,"href":"https:\/\/rfid-laundry-tag.com\/es\/wp-json\/wp\/v2\/media\/2787"}],"wp:attachment":[{"href":"https:\/\/rfid-laundry-tag.com\/es\/wp-json\/wp\/v2\/media?parent=2790"}],"wp:term":[{"taxonomy":"product_brand","embeddable":true,"href":"https:\/\/rfid-laundry-tag.com\/es\/wp-json\/wp\/v2\/product_brand?post=2790"},{"taxonomy":"product_cat","embeddable":true,"href":"https:\/\/rfid-laundry-tag.com\/es\/wp-json\/wp\/v2\/product_cat?post=2790"},{"taxonomy":"product_tag","embeddable":true,"href":"https:\/\/rfid-laundry-tag.com\/es\/wp-json\/wp\/v2\/product_tag?post=2790"}],"curies":[{"name":"wp","href":"https:\/\/api.w.org\/{rel}","templated":true}]}}