{"id":2784,"date":"2024-10-29T10:04:23","date_gmt":"2024-10-29T10:04:23","guid":{"rendered":"https:\/\/rfid-laundry-tag.com\/?post_type=product&#038;p=2784"},"modified":"2024-10-29T10:32:07","modified_gmt":"2024-10-29T10:32:07","slug":"134-2khz-tube-rfid-glass-tag","status":"publish","type":"product","link":"https:\/\/rfid-laundry-tag.com\/es\/134-2khz-tube-rfid-glass-tag\/","title":{"rendered":"Etiqueta de vidrio RFID de tubo de 134,2 KHz"},"content":{"rendered":"<p><span class=\"AnswerParser_TextContainer__z_Iiv\" data-testid=\"youchat-text\"><strong>Etiqueta de vidrio RFID de tubo de 134,2 KHz<\/strong>\u00a0es una soluci\u00f3n innovadora y confiable para la identificaci\u00f3n y el manejo de animales. Dise\u00f1ada espec\u00edficamente para cumplir con las normas ISO, esta etiqueta de vidrio RFID proporciona un nivel excepcional de precisi\u00f3n y durabilidad, lo que la convierte en una opci\u00f3n ideal para propietarios de mascotas, veterinarios y administradores de ganado. Con su tama\u00f1o compacto y caracter\u00edsticas avanzadas, este producto garantiza un seguimiento e identificaci\u00f3n eficientes de los animales, lo que mejora las pr\u00e1cticas de manejo en varias aplicaciones.<\/span><\/p>\n<h2 class=\"AnswerParser_AnswerParserH2__SIHnF\">Beneficios de la etiqueta de vidrio RFID de tubo de 134,2 KHz<\/h2>\n<p><span class=\"AnswerParser_TextContainer__z_Iiv\" data-testid=\"youchat-text\">Invertir en la etiqueta de vidrio RFID de tubo de 134,2 KHz ofrece numerosas ventajas. Proporciona un m\u00e9todo de identificaci\u00f3n sin fisuras que no solo es eficiente sino tambi\u00e9n humano. La etiqueta est\u00e1 hecha de biovidrio, lo que garantiza que es segura para la implantaci\u00f3n en animales. Su proceso de esterilizaci\u00f3n de grado m\u00e9dico garantiza que cada etiqueta est\u00e9 libre de contaminantes, lo que reduce el riesgo de infecciones. Adem\u00e1s, las caracter\u00edsticas antibacterianas y antial\u00e9rgicas de la etiqueta garantizan que los animales permanezcan c\u00f3modos despu\u00e9s de la implantaci\u00f3n.<\/span><span class=\"AnswerParser_TextContainer__z_Iiv\" data-testid=\"youchat-text\">Esta etiqueta de vidrio RFID est\u00e1 disponible en varios tama\u00f1os (1,25<em>7 mm, 1,4<\/em>8 mm, 2<em>8 mm, 2<\/em>12 mm y 3 x 15 mm), que se adaptan a diferentes especies y tama\u00f1os de animales. Funciona a una frecuencia de trabajo de 134,2 KHz, lo que lo hace adecuado para una amplia gama de aplicaciones, desde el manejo de mascotas hasta el seguimiento del ganado.<\/span><\/p>\n<h2 class=\"AnswerParser_AnswerParserH2__SIHnF\">Descripci\u00f3n del producto<\/h2>\n<h3 class=\"AnswerParser_AnswerParserH3__Mpe4s\">1. \u00bfQu\u00e9 es una etiqueta de vidrio RFID?<\/h3>\n<p><span class=\"AnswerParser_TextContainer__z_Iiv\" data-testid=\"youchat-text\">Las etiquetas de vidrio RFID, tambi\u00e9n conocidas como etiquetas de c\u00e1psula RFID, son peque\u00f1os transpondedores dise\u00f1ados principalmente para la identificaci\u00f3n de animales. Utilizan tecnolog\u00eda de identificaci\u00f3n por radiofrecuencia (RFID) para permitir un seguimiento y una gesti\u00f3n precisos de los animales. La etiqueta de vidrio RFID de tubo de 134,2 KHz est\u00e1 especialmente dise\u00f1ada para cumplir con los protocolos ISO11784\/785 e ISO14443A, lo que garantiza la compatibilidad con varios sistemas RFID.<\/span><\/p>\n<h3 class=\"AnswerParser_AnswerParserH3__Mpe4s\">2. Caracter\u00edsticas principales de la etiqueta RFID para vidrio de 134,2 KHz<\/h3>\n<ul class=\"AnswerParser_AnswerParserUnorderedList__P_1FW\">\n<li class=\"AnswerParser_ListItem__XqLOV\" translate=\"yes\"><strong>Material<\/strong>:La etiqueta de vidrio RFID est\u00e1 hecha de biovidrio, un material duradero y biocompatible que garantiza la seguridad y el bienestar de los animales implantados.<\/li>\n<li class=\"AnswerParser_ListItem__XqLOV\" translate=\"yes\"><strong>Tallas disponibles<\/strong>:La etiqueta se ofrece en varios tama\u00f1os, incluido 1,25<em>7 mm (ideal para mascotas peque\u00f1as), 2<\/em>12 mm (com\u00fanmente utilizado para perros y gatos) y otros tama\u00f1os adecuados para diferentes especies.<\/li>\n<li class=\"AnswerParser_ListItem__XqLOV\" translate=\"yes\"><strong>Frecuencia de trabajo<\/strong>:Esta etiqueta, que funciona a una frecuencia de 134,2 KHz, est\u00e1 dise\u00f1ada para un rendimiento confiable en diversos entornos.<\/li>\n<\/ul>\n<h3 class=\"AnswerParser_AnswerParserH3__Mpe4s\">3. Especificaciones t\u00e9cnicas<\/h3>\n<div class=\"AnswerParser_TableContainer__Erb6v\" data-testid=\"table-container\">\n<table>\n<thead>\n<tr>\n<th style=\"text-align: left;\">Especificaci\u00f3n<\/th>\n<th style=\"text-align: left;\">Detalles<\/th>\n<\/tr>\n<\/thead>\n<tbody>\n<tr>\n<td><strong>Material<\/strong><\/td>\n<td>Biovidrio<\/td>\n<\/tr>\n<tr>\n<td><strong>Tallas disponibles<\/strong><\/td>\n<td>1.25<em>7 mm, 1,4<\/em>8 mm, 2<em>8 mm, 2<\/em>12 mm, 3 x 15 mm<\/td>\n<\/tr>\n<tr>\n<td><strong>Frecuencia de trabajo<\/strong><\/td>\n<td>134,2 kHz, 125 kHz, 13,56 MHz<\/td>\n<\/tr>\n<tr>\n<td><strong>Protocolo<\/strong><\/td>\n<td>ISO11784\/785, ISO14443A<\/td>\n<\/tr>\n<tr>\n<td><strong>Esterilizaci\u00f3n<\/strong><\/td>\n<td>100% Esterilizaci\u00f3n de grado m\u00e9dico<\/td>\n<\/tr>\n<tr>\n<td><strong>Caracter\u00edsticas del chip<\/strong><\/td>\n<td>Antibacteriano, antial\u00e9rgico, antirrechazo.<\/td>\n<\/tr>\n<\/tbody>\n<\/table>\n<\/div>\n<h3 class=\"AnswerParser_AnswerParserH3__Mpe4s\">4. Instrucciones de uso<\/h3>\n<p><span class=\"AnswerParser_TextContainer__z_Iiv\" data-testid=\"youchat-text\">La instalaci\u00f3n de la etiqueta RFID de vidrio de 134,2 KHz es sencilla. Se puede implantar f\u00e1cilmente con una jeringa, lo que la convierte en un procedimiento r\u00e1pido e indoloro para los animales. La etiqueta debe colocarse por v\u00eda subcut\u00e1nea, lo que permite que permanezca en su lugar de forma segura y proporcione una identificaci\u00f3n confiable.<\/span><\/p>\n<h3 class=\"AnswerParser_AnswerParserH3__Mpe4s\">5. Impacto ambiental<\/h3>\n<p><span class=\"AnswerParser_TextContainer__z_Iiv\" data-testid=\"youchat-text\">La etiqueta de vidrio RFID est\u00e1 dise\u00f1ada teniendo en cuenta el m\u00ednimo impacto ambiental. El material de biovidrio es reciclable y el proceso de fabricaci\u00f3n cumple con estrictos est\u00e1ndares ambientales. Adem\u00e1s, las etiquetas se producen bajo las certificaciones ISO 9001 e ISO 14001, lo que garantiza pr\u00e1cticas sustentables durante todo el proceso de producci\u00f3n.<\/span><\/p>\n<h3 class=\"AnswerParser_AnswerParserH3__Mpe4s\">6. Opiniones de clientes<\/h3>\n<p><span class=\"AnswerParser_TextContainer__z_Iiv\" data-testid=\"youchat-text\">Los clientes han elogiado la etiqueta de vidrio RFID de tubo de 134,2 KHz por su fiabilidad y facilidad de uso. Muchos veterinarios la recomiendan para la identificaci\u00f3n de mascotas, destacando su comodidad para los animales y su precisi\u00f3n en el seguimiento. Los ganaderos tambi\u00e9n aprecian su durabilidad y la tranquilidad que proporciona a la hora de gestionar sus reba\u00f1os.<\/span><\/p>\n<h3 class=\"AnswerParser_AnswerParserH3__Mpe4s\">7. Preguntas frecuentes<\/h3>\n<p><span class=\"AnswerParser_TextContainer__z_Iiv\" data-testid=\"youchat-text\"><strong>P: \u00bfCu\u00e1nto dura la etiqueta de vidrio RFID?<\/strong><br \/>\nR: La etiqueta de vidrio RFID est\u00e1 dise\u00f1ada para un uso a largo plazo y, a menudo, dura toda la vida del animal si se implanta correctamente.<\/span><\/p>\n<p><span class=\"AnswerParser_TextContainer__z_Iiv\" data-testid=\"youchat-text\"><strong>P: \u00bfLa etiqueta es segura para todos los animales?<\/strong><br \/>\nR: S\u00ed, el material de biovidrio y los procesos de esterilizaci\u00f3n de grado m\u00e9dico garantizan que sea seguro para todo tipo de animales, incluidas las mascotas y el ganado.<\/span><\/p>\n<p><span class=\"AnswerParser_TextContainer__z_Iiv\" data-testid=\"youchat-text\"><strong>P: \u00bfSe puede leer la etiqueta a distancia?<\/strong><br \/>\nR: S\u00ed, el rango de lectura puede variar seg\u00fan el lector utilizado, pero normalmente permite un escaneo eficiente sin necesidad de contacto directo.<\/span><\/p>\n<h3 class=\"AnswerParser_AnswerParserH3__Mpe4s\">8. Productos relacionados<\/h3>\n<p><span class=\"AnswerParser_TextContainer__z_Iiv\" data-testid=\"youchat-text\">Explore nuestra gama de productos relacionados, incluidas etiquetas RFID, adhesivos RFID y otras soluciones de etiquetado RFID que complementan la etiqueta de vidrio RFID de tubo de 134,2 KHz. Estos productos pueden mejorar sus sistemas de identificaci\u00f3n y optimizar sus procesos de gesti\u00f3n de animales.<\/span><\/p>\n<h3 class=\"AnswerParser_AnswerParserH3__Mpe4s\">9. Conclusi\u00f3n<\/h3>\n<p><span class=\"AnswerParser_TextContainer__z_Iiv\" data-testid=\"youchat-text\">El\u00a0<strong>Etiqueta de vidrio RFID de tubo de 134,2 KHz<\/strong>\u00a0ofrece una soluci\u00f3n superior para la identificaci\u00f3n y el manejo de animales. Con su dise\u00f1o robusto, su funcionamiento eficiente y su aplicaci\u00f3n humanitaria, se erige como una herramienta confiable tanto para los due\u00f1os de mascotas como para los administradores de ganado. Invierta en el futuro del seguimiento y el manejo de animales con esta soluci\u00f3n RFID de vanguardia.<\/span><\/p>","protected":false},"excerpt":{"rendered":"<p>La etiqueta de vidrio RFID de tubo de 134,2 KHz ofrece una identificaci\u00f3n animal confiable y humana con un dise\u00f1o de biovidrio duradero, lo que garantiza seguridad y precisi\u00f3n para varias especies.<\/p>","protected":false},"featured_media":2785,"template":"","meta":{"_kad_post_transparent":"default","_kad_post_title":"","_kad_post_layout":"default","_kad_post_sidebar_id":"","_kad_post_content_style":"default","_kad_post_vertical_padding":"default","_kad_post_feature":"","_kad_post_feature_position":"","_kad_post_header":false,"_kad_post_footer":false,"_kad_post_classname":""},"product_brand":[],"product_cat":[54],"product_tag":[327,326,328],"class_list":{"0":"post-2784","1":"product","2":"type-product","3":"status-publish","4":"has-post-thumbnail","6":"product_cat-hot-selling-rfid-tags","7":"product_tag-fdx-b-134-2khz-rfid-animal-tag","8":"product_tag-rfid-animal-id-glass-tag","9":"product_tag-rfid-pet-microchip-implant-capsule","11":"first","12":"instock","13":"shipping-taxable","14":"product-type-simple","15":"entry","16":"content-bg","17":"loop-entry"},"_links":{"self":[{"href":"https:\/\/rfid-laundry-tag.com\/es\/wp-json\/wp\/v2\/product\/2784","targetHints":{"allow":["GET"]}}],"collection":[{"href":"https:\/\/rfid-laundry-tag.com\/es\/wp-json\/wp\/v2\/product"}],"about":[{"href":"https:\/\/rfid-laundry-tag.com\/es\/wp-json\/wp\/v2\/types\/product"}],"version-history":[{"count":1,"href":"https:\/\/rfid-laundry-tag.com\/es\/wp-json\/wp\/v2\/product\/2784\/revisions"}],"predecessor-version":[{"id":2789,"href":"https:\/\/rfid-laundry-tag.com\/es\/wp-json\/wp\/v2\/product\/2784\/revisions\/2789"}],"wp:featuredmedia":[{"embeddable":true,"href":"https:\/\/rfid-laundry-tag.com\/es\/wp-json\/wp\/v2\/media\/2785"}],"wp:attachment":[{"href":"https:\/\/rfid-laundry-tag.com\/es\/wp-json\/wp\/v2\/media?parent=2784"}],"wp:term":[{"taxonomy":"product_brand","embeddable":true,"href":"https:\/\/rfid-laundry-tag.com\/es\/wp-json\/wp\/v2\/product_brand?post=2784"},{"taxonomy":"product_cat","embeddable":true,"href":"https:\/\/rfid-laundry-tag.com\/es\/wp-json\/wp\/v2\/product_cat?post=2784"},{"taxonomy":"product_tag","embeddable":true,"href":"https:\/\/rfid-laundry-tag.com\/es\/wp-json\/wp\/v2\/product_tag?post=2784"}],"curies":[{"name":"wp","href":"https:\/\/api.w.org\/{rel}","templated":true}]}}