{"id":2775,"date":"2024-10-24T16:17:52","date_gmt":"2024-10-24T16:17:52","guid":{"rendered":"https:\/\/rfid-laundry-tag.com\/?post_type=product&#038;p=2775"},"modified":"2024-10-29T09:32:48","modified_gmt":"2024-10-29T09:32:48","slug":"waterproof-washable-uhf-textile-rfid-laundry-tag-with-hole","status":"publish","type":"product","link":"https:\/\/rfid-laundry-tag.com\/es\/waterproof-washable-uhf-textile-rfid-laundry-tag-with-hole\/","title":{"rendered":"Etiqueta RFID textil UHF lavable e impermeable para lavander\u00eda con orificio"},"content":{"rendered":"<h1><strong>Etiqueta RFID textil UHF lavable e impermeable para lavander\u00eda con orificio<\/strong><\/h1>\n<p><strong>Etiqueta RFID textil UHF lavable a prueba de agua para lavander\u00eda con orificio<\/strong>Un producto revolucionario dise\u00f1ado para mejorar el seguimiento y la gesti\u00f3n de los art\u00edculos de lavander\u00eda. Dise\u00f1ada para ofrecer durabilidad y facilidad de uso, esta etiqueta RFID es fundamental para mantener la eficiencia operativa en diversos entornos, desde lavander\u00edas industriales hasta hospitales y hoteles. Siga leyendo para descubrir los numerosos beneficios de incorporar estas etiquetas a sus operaciones de lavander\u00eda.<\/p>\n<table class=\"all magic-7\">\n<tbody>\n<tr>\n<td colspan=\"1\" rowspan=\"1\">\n<div class=\"magic-8\" data-spm-anchor-id=\"a2700.details.0.i41.3a7a13dayRHcNe\">Est\u00e1ndar RFID:<\/div>\n<\/td>\n<td colspan=\"1\" rowspan=\"1\">\n<div class=\"magic-9\">ISO\/IEC 18000-6 Tipo C (EPC Gen2)<\/div>\n<\/td>\n<\/tr>\n<tr>\n<td colspan=\"1\" rowspan=\"1\">\n<div class=\"magic-8\">Tama\u00f1o y peso:<\/div>\n<\/td>\n<td colspan=\"1\" rowspan=\"1\">\n<div class=\"magic-9\">70\u00d715 mm, 0,7 g<\/div>\n<\/td>\n<\/tr>\n<tr>\n<td colspan=\"1\" rowspan=\"1\">\n<div class=\"magic-8\">Tipo de chip:<\/div>\n<\/td>\n<td colspan=\"1\" rowspan=\"1\">\n<div class=\"magic-9\">C\u00f3digo U NXP 9<\/div>\n<\/td>\n<\/tr>\n<tr>\n<td colspan=\"1\" rowspan=\"1\">\n<div class=\"magic-8\">Memoria EPC:<\/div>\n<\/td>\n<td colspan=\"1\" rowspan=\"1\">\n<div class=\"magic-9\">128 bits<\/div>\n<\/td>\n<\/tr>\n<tr>\n<td colspan=\"1\" rowspan=\"1\">\n<div class=\"magic-8\">Memoria de usuario:<\/div>\n<\/td>\n<td colspan=\"1\" rowspan=\"1\">\n<div class=\"magic-9\">96 bits<\/div>\n<\/td>\n<\/tr>\n<tr>\n<td colspan=\"1\" rowspan=\"1\">\n<div class=\"magic-8\">Rango de lectura (lector fijo):<\/div>\n<\/td>\n<td colspan=\"1\" rowspan=\"1\">\n<div class=\"magic-9\">10 metros<\/div>\n<\/td>\n<\/tr>\n<tr>\n<td colspan=\"1\" rowspan=\"1\">\n<div class=\"magic-8\">Rango de lectura (lector port\u00e1til):<\/div>\n<\/td>\n<td colspan=\"1\" rowspan=\"1\">\n<div class=\"magic-9\">8m<\/div>\n<\/td>\n<\/tr>\n<tr>\n<td colspan=\"1\" rowspan=\"1\">\n<div class=\"magic-8\">Etiquetado:<\/div>\n<\/td>\n<td colspan=\"1\" rowspan=\"1\">\n<div class=\"magic-9\">Costura, termosellado<\/div>\n<\/td>\n<\/tr>\n<tr>\n<td colspan=\"1\" rowspan=\"1\">\n<div class=\"magic-8\">Vida \u00fatil estimada:<\/div>\n<\/td>\n<td colspan=\"1\" rowspan=\"1\">\n<div class=\"magic-9\">200 ciclos de lavado o 3 a\u00f1os, lo que ocurra primero<\/div>\n<\/td>\n<\/tr>\n<tr>\n<td colspan=\"1\" rowspan=\"1\">\n<div class=\"magic-8\">M\u00e9todo de lavado:<\/div>\n<\/td>\n<td colspan=\"1\" rowspan=\"1\">\n<div class=\"magic-9\">Lavander\u00eda, Lavado en seco<\/div>\n<\/td>\n<\/tr>\n<tr>\n<td colspan=\"1\" rowspan=\"1\">\n<div class=\"magic-8\">Presi\u00f3n de extracci\u00f3n de agua:<\/div>\n<\/td>\n<td colspan=\"1\" rowspan=\"1\">\n<div class=\"magic-9\">60 barras<\/div>\n<\/td>\n<\/tr>\n<tr>\n<td colspan=\"1\" rowspan=\"1\">\n<div class=\"magic-8\">Resistencia al agua:<\/div>\n<\/td>\n<td colspan=\"1\" rowspan=\"1\">\n<div class=\"magic-9\">Resistente al agua<\/div>\n<\/td>\n<\/tr>\n<tr>\n<td colspan=\"1\" rowspan=\"1\">\n<div class=\"magic-8\">Resistencia qu\u00edmica:<\/div>\n<\/td>\n<td colspan=\"1\" rowspan=\"1\">\n<div class=\"magic-9\">Detergente, suavizante, lej\u00eda (ox\u00edgeno\/cloro), \u00e1lcali<\/div>\n<\/td>\n<\/tr>\n<tr>\n<td colspan=\"1\" rowspan=\"1\">\n<div class=\"magic-8\">Presecado en Tumbler:<\/div>\n<\/td>\n<td colspan=\"1\" rowspan=\"1\">\n<div class=\"magic-9\">125 \u00baC durante 15-20 minutos<\/div>\n<\/td>\n<\/tr>\n<tr>\n<td colspan=\"1\" rowspan=\"1\">\n<div class=\"magic-8\" data-spm-anchor-id=\"a2700.details.0.i43.3a7a13dayRHcNe\">Temperatura de esterilizaci\u00f3n:<\/div>\n<\/td>\n<td colspan=\"1\" rowspan=\"1\">\n<div class=\"magic-9\">135\u00b0C durante 15-20 minutos<\/div>\n<\/td>\n<\/tr>\n<tr>\n<td colspan=\"1\" rowspan=\"1\">\n<div class=\"magic-8\">Temperatura de lavado:<\/div>\n<\/td>\n<td colspan=\"1\" rowspan=\"1\">\n<div class=\"magic-9\">90 \u00b0C, hasta 15 min.<\/div>\n<\/td>\n<\/tr>\n<tr>\n<td colspan=\"1\" rowspan=\"1\">\n<div class=\"magic-8\">Humedad\/Temperatura de funcionamiento:<\/div>\n<\/td>\n<td colspan=\"1\" rowspan=\"1\">\n<div class=\"magic-9\" data-spm-anchor-id=\"a2700.details.0.i42.3a7a13dayRHcNe\">-20 a 110\u00b0C, 8 a 95%RH<\/div>\n<\/td>\n<\/tr>\n<tr>\n<td colspan=\"1\" rowspan=\"1\">\n<div class=\"magic-8\">Humedad\/Temperatura-Almacenamiento:<\/div>\n<\/td>\n<td colspan=\"1\" rowspan=\"1\">\n<div class=\"magic-9\">-40 a 110\u00b0C, 8 a 95%RH<\/div>\n<\/td>\n<\/tr>\n<\/tbody>\n<\/table>\n<h3>\u00bfPor qu\u00e9 elegir etiquetas RFID textiles UHF para lavander\u00eda, impermeables y lavables?<\/h3>\n<p>Invertir en etiquetas RFID para lavander\u00eda ofrece una multitud de ventajas, lo que permite a las empresas optimizar sus procesos. A continuaci\u00f3n, se indican algunas razones convincentes para considerar la posibilidad de hacerlo.\u00a0<strong>Etiqueta de lavander\u00eda RFID<\/strong>\u00a0Para sus operaciones de lavander\u00eda:<\/p>\n<ul>\n<li><strong>Seguimiento y gesti\u00f3n mejorados:<\/strong>\u00a0Diga adi\u00f3s a los art\u00edculos perdidos o extraviados. La tecnolog\u00eda UHF garantiza que se pueda hacer un seguimiento preciso de cada prenda o ropa de cama, lo que reduce los errores manuales y mejora la gesti\u00f3n del inventario.<\/li>\n<li><strong>Durabilidad y confiabilidad:<\/strong>\u00a0Dise\u00f1adas para soportar rigurosas condiciones de lavander\u00eda, estas etiquetas RFID pueden soportar altas temperaturas y m\u00faltiples ciclos de lavado (hasta 200), lo que las convierte en una soluci\u00f3n ideal para aplicaciones de lavander\u00eda comercial e industrial.<\/li>\n<li><strong>Versatilidad en uso:<\/strong>\u00a0Con la capacidad de ser cosidos o termosellados sobre diversos tejidos, estos\u00a0<strong>etiquetas RFID lavables<\/strong>\u00a0Son perfectos para hoteles, hospitales y cualquier instalaci\u00f3n que requiera una gesti\u00f3n estricta de la ropa de cama.<\/li>\n<\/ul>\n<h3>Caracter\u00edsticas principales de la etiqueta RFID textil UHF para lavander\u00eda, impermeable y lavable<\/h3>\n<h4>1. Tecnolog\u00eda RFID avanzada<\/h4>\n<p>Nuestro\u00a0<strong>Etiquetas RFID para lavander\u00eda<\/strong>\u00a0Cumplen con la norma ISO\/IEC 18000-6 Tipo C (EPC Gen2), lo que garantiza que cumplen con los est\u00e1ndares de la industria en cuanto a rendimiento y confiabilidad. La integraci\u00f3n de tecnolog\u00eda UHF de vanguardia permite una transmisi\u00f3n r\u00e1pida de datos y procesos de seguimiento eficientes.<\/p>\n<h4>2. Tama\u00f1o y peso<\/h4>\n<p>Con dimensiones de\u00a0<strong>70\u00d715 mm<\/strong>\u00a0y un dise\u00f1o liviano de solo\u00a0<strong>0,7 g<\/strong>Estas etiquetas son f\u00e1ciles de incorporar a cualquier prenda sin agregar volumen ni incomodidad. El tama\u00f1o compacto permite una integraci\u00f3n perfecta en varios textiles, ya sea para\u00a0<strong>uniformes, ropa de cama u otros art\u00edculos de lavander\u00eda<\/strong>.<\/p>\n<h4>3. Alto rango de lectura<\/h4>\n<p>El\u00a0<strong>rango de lectura<\/strong>\u00a0es un factor cr\u00edtico para los sistemas RFID efectivos. Nuestras etiquetas pueden lograr un\u00a0<strong>Distancia de lectura de hasta 10 metros con lectores fijos<\/strong>\u00a0y\u00a0<strong>8 metros con lectores port\u00e1tiles<\/strong>Esta gama ampliada optimiza el proceso de seguimiento, lo que permite realizar controles de inventario y una gesti\u00f3n del flujo de trabajo eficientes en entornos de lavander\u00eda con mucho movimiento.<\/p>\n<h4>4. Duradero en condiciones adversas<\/h4>\n<p>Dise\u00f1ados para durar, estos\u00a0<strong>Etiquetas RFID impermeables<\/strong>\u00a0Puede soportar procesos de limpieza rigurosos, que incluyen:<\/p>\n<ul>\n<li><strong>Temperatura de lavado:<\/strong>\u00a0Arriba a\u00a0<strong>90\u00b0C<\/strong>\u00a0durante 15 minutos, garantizando una limpieza profunda.<\/li>\n<li><strong>Temperatura de esterilizaci\u00f3n:<\/strong>\u00a0Capaz de soportar procesos de esterilizaci\u00f3n a\u00a0<strong>135\u00b0C<\/strong>\u00a0durante 15-20 minutos, lo que los hace adecuados para entornos m\u00e9dicos.<\/li>\n<li><strong>Resistencia qu\u00edmica:<\/strong>\u00a0Resistente a los productos qu\u00edmicos comunes del lavado de ropa, como detergentes, suavizantes y blanqueadores, lo que garantiza longevidad y un rendimiento constante.<\/li>\n<\/ul>\n<h4>5. Consideraciones ambientales<\/h4>\n<p>Estas etiquetas est\u00e1n dise\u00f1adas para soportar\u00a0<strong>altas presiones de extracci\u00f3n de agua<\/strong>\u00a0de hasta\u00a0<strong>60 barras<\/strong>, garantizando que sigan siendo funcionales incluso en las condiciones de lavado m\u00e1s exigentes. Los materiales utilizados son respetuosos con el medio ambiente, lo que aumenta a\u00fan m\u00e1s su valor.<\/p>\n<h4>6. Duraci\u00f3n de la vida \u00fatil e instrucciones de uso<\/h4>\n<p>Con una vida \u00fatil estimada de\u00a0<strong>200 ciclos de lavado o 3 a\u00f1os<\/strong>\u00a0(lo que ocurra primero), nuestras etiquetas RFID para lavander\u00eda est\u00e1n dise\u00f1adas para durar. Pueden pasar sin problemas de un entorno de lavander\u00eda a uno de tintorer\u00eda, lo que las hace vers\u00e1tiles para diversas necesidades operativas.<\/p>\n<h3>Productos relacionados<\/h3>\n<p>Para complementar nuestro\u00a0<strong>Etiquetas RFID textiles UHF para lavander\u00eda, impermeables y lavables<\/strong>, considere explorar estos productos relacionados:<\/p>\n<ul>\n<li><strong>Lectores RFID:<\/strong>\u00a0Herramientas esenciales para leer y rastrear de manera eficiente las etiquetas RFID dentro de su operaci\u00f3n.<\/li>\n<li><strong>Suministros para etiquetado:<\/strong>\u00a0Opciones para coser, sellar con calor o colocar etiquetas RFID en diferentes textiles.<\/li>\n<li><strong>Soluciones de software:<\/strong>\u00a0Software de gesti\u00f3n RFID para rastrear el inventario y mejorar su sistema de gesti\u00f3n de lavander\u00eda.<\/li>\n<\/ul>\n<h3>Impacto ambiental y beneficios para la industria<\/h3>\n<ol>\n<li><strong>Reducci\u00f3n de residuos:<\/strong>\u00a0Al rastrear eficazmente la ropa de cama y las prendas, estas etiquetas ayudan a reducir el desperdicio de art\u00edculos perdidos o extraviados, lo que contribuye a pr\u00e1cticas m\u00e1s sustentables en la industria de la lavander\u00eda.<\/li>\n<li><strong>Gesti\u00f3n optimizada de recursos:<\/strong>\u00a0Un seguimiento eficiente permite optimizar las operaciones de lavander\u00eda, garantizando que toda la ropa de cama y las prendas se mantengan en la m\u00e1xima calidad, lo que en \u00faltima instancia extiende su vida \u00fatil y reduce los costos de reemplazo.<\/li>\n<li><strong>Satisfacci\u00f3n del cliente mejorada:<\/strong>\u00a0Una gesti\u00f3n eficaz del inventario significa que los clientes reciben su ropa de cama de manera oportuna y organizada, lo que genera mejores experiencias del cliente en industrias como la hoteler\u00eda y la atenci\u00f3n m\u00e9dica.<\/li>\n<\/ol>\n<h3>Rese\u00f1as y experiencias de clientes<\/h3>\n<p>Nuestros clientes han informado de mejoras significativas en sus operaciones de lavander\u00eda despu\u00e9s de implementar nuestras etiquetas RFID textiles UHF impermeables y lavables. A continuaci\u00f3n, se incluyen algunos testimonios:<\/p>\n<ul>\n<li><strong>\u201cDesde que empezamos a utilizar estas etiquetas RFID para lavander\u00eda, hemos reducido dr\u00e1sticamente el tiempo que pasamos buscando art\u00edculos extraviados. Nuestra eficiencia ha mejorado y nuestro personal puede centrarse en ofrecer un servicio de calidad\u201d.<\/strong>\u00a0dice Linda, gerente de un hotel local.<\/li>\n<li><strong>\u201cLa durabilidad de estas etiquetas ha sido impresionante. Resisten nuestros rigurosos ciclos de lavado y siguen funcionando perfectamente. Las recomiendo encarecidamente para cualquier servicio de lavander\u00eda comercial\u201d.<\/strong>\u00a0afirma Mark, gerente de operaciones en una lavander\u00eda industrial.<\/li>\n<\/ul>\n<h3>Preguntas frecuentes (FAQ)<\/h3>\n<h4>1. \u00bfCu\u00e1l es el rango de temperatura de funcionamiento de estas etiquetas RFID?<\/h4>\n<p>Las etiquetas RFID pueden funcionar dentro de un rango de temperatura de\u00a0<strong>-20 a 110\u00b0C<\/strong>\u00a0y tolerar\u00a0<strong>Humedad relativa de 8 a 95%<\/strong>, garantizando que puedan funcionar en diversos entornos.<\/p>\n<h4>2. \u00bfC\u00f3mo debo colocar las etiquetas de lavander\u00eda RFID en las prendas?<\/h4>\n<p>Las etiquetas se pueden colocar mediante\u00a0<strong>coser o sellar con calor<\/strong>, proporcionando flexibilidad en funci\u00f3n de sus necesidades operativas y tipos de prendas.<\/p>\n<h4>3. \u00bfSe pueden utilizar estas etiquetas para limpieza en seco?<\/h4>\n<p>S\u00ed, estas etiquetas RFID son lo suficientemente vers\u00e1tiles para usarse en ambos\u00a0<strong>Configuraciones de lavander\u00eda y tintorer\u00eda<\/strong>.<\/p>\n<h4>4. \u00bfC\u00f3mo puedo maximizar la vida \u00fatil de mis etiquetas RFID para lavander\u00eda?<\/h4>\n<p>Para garantizar la longevidad, siga las instrucciones de lavado y secado proporcionadas y evite la exposici\u00f3n a productos qu\u00edmicos extremos fuera de los detergentes y suavizantes est\u00e1ndar.<\/p>\n<h3>Conclusi\u00f3n: Transforme la gesti\u00f3n de su lavander\u00eda con tecnolog\u00eda RFID<\/h3>\n<p>El\u00a0<strong>Etiqueta RFID textil UHF lavable e impermeable para lavander\u00eda con orificio<\/strong>\u00a0Es m\u00e1s que un simple accesorio de lavander\u00eda; es una herramienta esencial para la vida moderna.\u00a0<strong>gesti\u00f3n de lavander\u00eda<\/strong>Al invertir en etiquetas duraderas, confiables y f\u00e1ciles de usar, puede agilizar las operaciones, reducir las p\u00e9rdidas y mejorar la eficiencia general de sus servicios de lavander\u00eda.<\/p>","protected":false},"excerpt":{"rendered":"<p>Etiqueta de lavander\u00eda RFID textil UHF lavable a prueba de agua con orificio, dise\u00f1ada para brindar durabilidad y seguimiento eficiente en aplicaciones de lavander\u00eda industrial.<\/p>","protected":false},"featured_media":2776,"template":"","meta":{"_kad_post_transparent":"default","_kad_post_title":"","_kad_post_layout":"default","_kad_post_sidebar_id":"","_kad_post_content_style":"default","_kad_post_vertical_padding":"default","_kad_post_feature":"","_kad_post_feature_position":"","_kad_post_header":false,"_kad_post_footer":false,"_kad_post_classname":""},"product_brand":[],"product_cat":[19],"product_tag":[324,65,30,325],"class_list":{"0":"post-2775","1":"product","2":"type-product","3":"status-publish","4":"has-post-thumbnail","6":"product_cat-textile-rfid-laundry-tag","7":"product_tag-rfid-laundry-tag","8":"product_tag-textile-rfid-laundry-tags","9":"product_tag-uhf-rfid-laundry-tag","10":"product_tag-washable-rfid-laundry-tag","12":"first","13":"instock","14":"featured","15":"shipping-taxable","16":"product-type-simple","17":"entry","18":"content-bg","19":"loop-entry"},"_links":{"self":[{"href":"https:\/\/rfid-laundry-tag.com\/es\/wp-json\/wp\/v2\/product\/2775","targetHints":{"allow":["GET"]}}],"collection":[{"href":"https:\/\/rfid-laundry-tag.com\/es\/wp-json\/wp\/v2\/product"}],"about":[{"href":"https:\/\/rfid-laundry-tag.com\/es\/wp-json\/wp\/v2\/types\/product"}],"version-history":[{"count":3,"href":"https:\/\/rfid-laundry-tag.com\/es\/wp-json\/wp\/v2\/product\/2775\/revisions"}],"predecessor-version":[{"id":2782,"href":"https:\/\/rfid-laundry-tag.com\/es\/wp-json\/wp\/v2\/product\/2775\/revisions\/2782"}],"wp:featuredmedia":[{"embeddable":true,"href":"https:\/\/rfid-laundry-tag.com\/es\/wp-json\/wp\/v2\/media\/2776"}],"wp:attachment":[{"href":"https:\/\/rfid-laundry-tag.com\/es\/wp-json\/wp\/v2\/media?parent=2775"}],"wp:term":[{"taxonomy":"product_brand","embeddable":true,"href":"https:\/\/rfid-laundry-tag.com\/es\/wp-json\/wp\/v2\/product_brand?post=2775"},{"taxonomy":"product_cat","embeddable":true,"href":"https:\/\/rfid-laundry-tag.com\/es\/wp-json\/wp\/v2\/product_cat?post=2775"},{"taxonomy":"product_tag","embeddable":true,"href":"https:\/\/rfid-laundry-tag.com\/es\/wp-json\/wp\/v2\/product_tag?post=2775"}],"curies":[{"name":"wp","href":"https:\/\/api.w.org\/{rel}","templated":true}]}}