{"id":277,"date":"2024-06-26T08:06:00","date_gmt":"2024-06-26T08:06:00","guid":{"rendered":"https:\/\/rfid-laundry-tag.com\/?post_type=product&#038;p=277"},"modified":"2024-06-26T08:06:01","modified_gmt":"2024-06-26T08:06:01","slug":"on-metal-uhf-rfid-sticker","status":"publish","type":"product","link":"https:\/\/rfid-laundry-tag.com\/es\/on-metal-uhf-rfid-sticker\/","title":{"rendered":"Etiqueta RFID UHF en metal"},"content":{"rendered":"<table style=\"border-collapse: collapse; width: 370.82pt;\" border=\"0\" width=\"618\" cellspacing=\"0\" cellpadding=\"0\">\n<tbody>\n<tr style=\"height: 17.40pt;\">\n<td class=\"et2\" style=\"height: 17.40pt; width: 127.80pt;\" width=\"213\" height=\"29\">Nombre del \u00e1rticulo<\/td>\n<td class=\"et3\" style=\"width: 243.00pt;\" width=\"405\">Etiqueta RFID UHF en metal<\/td>\n<\/tr>\n<tr style=\"height: 41.00pt;\">\n<td class=\"et4\" style=\"height: 41.00pt; width: 127.80pt;\" width=\"213\" height=\"68\">Material<\/td>\n<td class=\"et5\" style=\"width: 243.00pt;\" width=\"405\">Papel estucado + espuma EFVA<\/td>\n<\/tr>\n<tr style=\"height: 25.00pt;\">\n<td class=\"et4\" style=\"height: 25.00pt; width: 127.80pt;\" width=\"213\" height=\"41\">Tama\u00f1o<\/td>\n<td class=\"et5\" style=\"width: 243.00pt;\" width=\"405\">90*25*1,2 mm, 60*25*1,2 mm, 70*30, etc.<\/td>\n<\/tr>\n<tr style=\"height: 17.40pt;\">\n<td class=\"et4\" style=\"height: 17.40pt; width: 127.80pt;\" width=\"213\" height=\"29\">Chip<\/td>\n<td class=\"et5\" style=\"width: 243.00pt;\" width=\"405\">Monza R6,U9, etc.<\/td>\n<\/tr>\n<tr style=\"height: 40.00pt;\">\n<td class=\"et4\" style=\"height: 40.00pt; width: 127.80pt;\" width=\"213\" height=\"66\">Protocolo<\/td>\n<td class=\"et5\" style=\"width: 243.00pt;\" width=\"405\">Norma ISO\/IEC 18000-6C<\/td>\n<\/tr>\n<tr style=\"height: 17.40pt;\">\n<td class=\"et4\" style=\"height: 17.40pt; width: 127.80pt;\" width=\"213\" height=\"29\">Frecuencia<\/td>\n<td class=\"et5\" style=\"width: 243.00pt;\" width=\"405\">902-928 MHz<\/td>\n<\/tr>\n<tr style=\"height: 63.00pt;\">\n<td class=\"et4\" style=\"height: 63.00pt; width: 127.80pt;\" width=\"213\" height=\"105\">Personalizaci\u00f3n<\/td>\n<td class=\"et5\" style=\"width: 243.00pt;\" width=\"405\">Impresi\u00f3n y codificaci\u00f3n de logotipos<\/td>\n<\/tr>\n<tr style=\"height: 60.00pt;\">\n<td class=\"et6\" style=\"height: 60.00pt; width: 127.80pt;\" width=\"213\" height=\"100\">Solicitud<\/td>\n<td class=\"et7\" style=\"width: 243.00pt;\" width=\"405\">Estanter\u00eda de almac\u00e9n, activos de TI, contenedores met\u00e1licos, seguimiento de equipos y dispositivos<\/td>\n<\/tr>\n<\/tbody>\n<\/table>\n<p>&nbsp;<\/p>\n<p>Mucho m\u00e1s ligeras, flexibles, imprimibles y vers\u00e1tiles que la mayor\u00eda de las etiquetas RFID de metal duro, estas etiquetas ofrecen todas estas caracter\u00edsticas a un coste considerablemente inferior. Con estas etiquetas RFID antimetal, se garantiza la eficiencia y la asequibilidad sin comprometer el rendimiento.<\/p>\n<div class=\"auto-hide-last-sibling-br paragraph_9dc5f paragraph-element\">La etiqueta RFID imprimible sobre metal ofrece numerosas caracter\u00edsticas notables que la convierten en la opci\u00f3n ideal para diversas aplicaciones:<\/div>\n<ol class=\"auto-hide-last-sibling-br\">\n<li>\n<div class=\"auto-hide-last-sibling-br paragraph_9dc5f paragraph-element\">Rendimiento RFID perfecto en superficies met\u00e1licas: la etiqueta est\u00e1 dise\u00f1ada espec\u00edficamente para proporcionar un rendimiento \u00f3ptimo cuando se adhiere a entidades met\u00e1licas.<\/div>\n<\/li>\n<li>\n<div class=\"auto-hide-last-sibling-br paragraph_9dc5f paragraph-element\">Ultrapeque\u00f1o y ultradelgado: con un grosor de solo 1 mm, la etiqueta RFID es incre\u00edblemente compacta, lo que la hace ideal para la impresi\u00f3n por transferencia t\u00e9rmica.<\/div>\n<\/li>\n<li>\n<div class=\"auto-hide-last-sibling-br paragraph_9dc5f paragraph-element\">Flexibilidad: La etiqueta est\u00e1 dise\u00f1ada para ser flexible, lo que significa que puede adaptarse a superficies curvas sin ning\u00fan problema.<\/div>\n<\/li>\n<li>\n<div class=\"auto-hide-last-sibling-br paragraph_9dc5f paragraph-element\">Largo alcance de lectura: una vez adherida a una superficie met\u00e1lica, la etiqueta cuenta con un impresionante alcance de lectura de hasta 8 metros, lo que ofrece una excelente trazabilidad.<\/div>\n<\/li>\n<li>\n<div class=\"auto-hide-last-sibling-br paragraph_9dc5f paragraph-element\">Soporte de frecuencia: la etiqueta admite frecuencias tanto de la FCC (Comisi\u00f3n Federal de Comunicaciones) como de ETSI (Instituto Europeo de Normas de Telecomunicaciones), lo que la hace adaptable para su uso en varias regiones.<\/div>\n<\/li>\n<li>\n<div class=\"auto-hide-last-sibling-br paragraph_9dc5f paragraph-element\">Protecci\u00f3n superior: con una clasificaci\u00f3n IP68, la etiqueta RFID es resistente al polvo y puede soportar la inmersi\u00f3n en agua, lo que la convierte en una excelente opci\u00f3n para entornos dif\u00edciles o aplicaciones donde es necesaria la resistencia a condiciones adversas.<\/div>\n<\/li>\n<\/ol>\n<div class=\"auto-hide-last-sibling-br paragraph_9dc5f paragraph-element\">Estas caracter\u00edsticas se combinan para hacer de la etiqueta RFID imprimible en metal una herramienta poderosa y vers\u00e1til para rastrear y administrar activos en superficies met\u00e1licas.<\/div>","protected":false},"excerpt":{"rendered":"<div class=\"auto-hide-last-sibling-br paragraph_9dc5f paragraph-element\">La etiqueta UHF antimetal ultradelgada y flexible mide menos de 1,2 mm de espesor. Estas etiquetas ofrecen una soluci\u00f3n confiable para la impresi\u00f3n en el lugar de etiquetas de activos RFID y se pueden imprimir y codificar f\u00e1cilmente con una impresora RFID como SATO CL4NX o Toshiba SX-5. Este tipo de etiqueta RFID es suave y flexible, lo que la hace perfectamente adecuada para superficies met\u00e1licas planas o m\u00ednimamente curvas. Ya sea un activo de TI, un dispositivo m\u00e9dico, una tuber\u00eda de metal o un contenedor de metal, esta etiqueta es la opci\u00f3n ideal. Combina alto rendimiento y rentabilidad en un solo paquete.<\/div>","protected":false},"featured_media":278,"template":"","meta":{"_kad_post_transparent":"default","_kad_post_title":"","_kad_post_layout":"default","_kad_post_sidebar_id":"","_kad_post_content_style":"default","_kad_post_vertical_padding":"default","_kad_post_feature":"","_kad_post_feature_position":"","_kad_post_header":false,"_kad_post_footer":false,"_kad_post_classname":""},"product_brand":[],"product_cat":[54],"product_tag":[105],"class_list":{"0":"post-277","1":"product","2":"type-product","3":"status-publish","4":"has-post-thumbnail","6":"product_cat-hot-selling-rfid-tags","7":"product_tag-on-metal-uhf-rfid-sticker","9":"first","10":"instock","11":"shipping-taxable","12":"product-type-simple","13":"entry","14":"content-bg","15":"loop-entry"},"_links":{"self":[{"href":"https:\/\/rfid-laundry-tag.com\/es\/wp-json\/wp\/v2\/product\/277","targetHints":{"allow":["GET"]}}],"collection":[{"href":"https:\/\/rfid-laundry-tag.com\/es\/wp-json\/wp\/v2\/product"}],"about":[{"href":"https:\/\/rfid-laundry-tag.com\/es\/wp-json\/wp\/v2\/types\/product"}],"version-history":[{"count":0,"href":"https:\/\/rfid-laundry-tag.com\/es\/wp-json\/wp\/v2\/product\/277\/revisions"}],"wp:featuredmedia":[{"embeddable":true,"href":"https:\/\/rfid-laundry-tag.com\/es\/wp-json\/wp\/v2\/media\/278"}],"wp:attachment":[{"href":"https:\/\/rfid-laundry-tag.com\/es\/wp-json\/wp\/v2\/media?parent=277"}],"wp:term":[{"taxonomy":"product_brand","embeddable":true,"href":"https:\/\/rfid-laundry-tag.com\/es\/wp-json\/wp\/v2\/product_brand?post=277"},{"taxonomy":"product_cat","embeddable":true,"href":"https:\/\/rfid-laundry-tag.com\/es\/wp-json\/wp\/v2\/product_cat?post=277"},{"taxonomy":"product_tag","embeddable":true,"href":"https:\/\/rfid-laundry-tag.com\/es\/wp-json\/wp\/v2\/product_tag?post=277"}],"curies":[{"name":"wp","href":"https:\/\/api.w.org\/{rel}","templated":true}]}}